{"id":31566,"date":"2019-03-27T15:41:50","date_gmt":"2019-03-27T18:41:50","guid":{"rendered":"http:\/\/www.riogrande.rs.gov.br\/smed\/?page_id=31566"},"modified":"2019-04-30T15:41:06","modified_gmt":"2019-04-30T18:41:06","slug":"31566-2","status":"publish","type":"page","link":"https:\/\/www.riogrande.rs.gov.br\/smed\/?page_id=31566","title":{"rendered":"Processo Formativo sobre \u201cProdu\u00e7\u00e3o de Material Did\u00e1tico\u201d"},"content":{"rendered":"<hr \/>\n<p>Publicada 30\/04\/2019<\/p>\n<h2>SMEd promoveu 1\u00ba Encontro Formativo do Curso de \u201cProdu\u00e7\u00e3o de Material Did\u00e1tico sobre a cidade do Rio Grande\u201d no dia 23<\/h2>\n\n\t\t<style type=\"text\/css\">\n\t\t\t#gallery-1 {\n\t\t\t\tmargin: auto;\n\t\t\t}\n\t\t\t#gallery-1 .gallery-item {\n\t\t\t\tfloat: left;\n\t\t\t\tmargin-top: 10px;\n\t\t\t\ttext-align: center;\n\t\t\t\twidth: 33%;\n\t\t\t}\n\t\t\t#gallery-1 img {\n\t\t\t\tborder: 2px solid #cfcfcf;\n\t\t\t}\n\t\t\t#gallery-1 .gallery-caption {\n\t\t\t\tmargin-left: 0;\n\t\t\t}\n\t\t\t\/* see gallery_shortcode() in wp-includes\/media.php *\/\n\t\t<\/style>\n\t\t<div id='gallery-1' class='gallery galleryid-31566 gallery-columns-3 gallery-size-thumbnail'><dl class='gallery-item'>\n\t\t\t<dt class='gallery-icon landscape'>\n\t\t\t\t<a href='https:\/\/www.riogrande.rs.gov.br\/smed\/wp-content\/uploads\/2019\/04\/20190430-ped-didatico-image1.jpg' rel=\"lightbox[31566]\"><img loading=\"lazy\" decoding=\"async\" width=\"150\" height=\"150\" src=\"https:\/\/www.riogrande.rs.gov.br\/smed\/wp-content\/uploads\/2019\/04\/20190430-ped-didatico-image1-150x150.jpg\" class=\"attachment-thumbnail size-thumbnail\" alt=\"\" aria-describedby=\"gallery-1-32501\" \/><\/a>\n\t\t\t<\/dt>\n\t\t\t\t<dd class='wp-caption-text gallery-caption' id='gallery-1-32501'>\n\t\t\t\tCr\u00e9dito: Roberton Reis\n\t\t\t\t<\/dd><\/dl><dl class='gallery-item'>\n\t\t\t<dt class='gallery-icon landscape'>\n\t\t\t\t<a href='https:\/\/www.riogrande.rs.gov.br\/smed\/wp-content\/uploads\/2019\/04\/20190430-ped-didatico-image2.jpg' rel=\"lightbox[31566]\"><img loading=\"lazy\" decoding=\"async\" width=\"150\" height=\"150\" src=\"https:\/\/www.riogrande.rs.gov.br\/smed\/wp-content\/uploads\/2019\/04\/20190430-ped-didatico-image2-150x150.jpg\" class=\"attachment-thumbnail size-thumbnail\" alt=\"\" aria-describedby=\"gallery-1-32502\" \/><\/a>\n\t\t\t<\/dt>\n\t\t\t\t<dd class='wp-caption-text gallery-caption' id='gallery-1-32502'>\n\t\t\t\tCr\u00e9dito: Roberton Reis\n\t\t\t\t<\/dd><\/dl><dl class='gallery-item'>\n\t\t\t<dt class='gallery-icon landscape'>\n\t\t\t\t<a href='https:\/\/www.riogrande.rs.gov.br\/smed\/wp-content\/uploads\/2019\/04\/20190430-ped-didatico-image3.jpg' rel=\"lightbox[31566]\"><img loading=\"lazy\" decoding=\"async\" width=\"150\" height=\"150\" src=\"https:\/\/www.riogrande.rs.gov.br\/smed\/wp-content\/uploads\/2019\/04\/20190430-ped-didatico-image3-150x150.jpg\" class=\"attachment-thumbnail size-thumbnail\" alt=\"\" aria-describedby=\"gallery-1-32503\" \/><\/a>\n\t\t\t<\/dt>\n\t\t\t\t<dd class='wp-caption-text gallery-caption' id='gallery-1-32503'>\n\t\t\t\tCr\u00e9dito: Roberton Reis\n\t\t\t\t<\/dd><\/dl><br style=\"clear: both\" \/><dl class='gallery-item'>\n\t\t\t<dt class='gallery-icon landscape'>\n\t\t\t\t<a href='https:\/\/www.riogrande.rs.gov.br\/smed\/wp-content\/uploads\/2019\/04\/20190430-ped-didatico-image4.jpg' rel=\"lightbox[31566]\"><img loading=\"lazy\" decoding=\"async\" width=\"150\" height=\"150\" src=\"https:\/\/www.riogrande.rs.gov.br\/smed\/wp-content\/uploads\/2019\/04\/20190430-ped-didatico-image4-150x150.jpg\" class=\"attachment-thumbnail size-thumbnail\" alt=\"\" aria-describedby=\"gallery-1-32504\" \/><\/a>\n\t\t\t<\/dt>\n\t\t\t\t<dd class='wp-caption-text gallery-caption' id='gallery-1-32504'>\n\t\t\t\tCr\u00e9dito: Roberton Reis\n\t\t\t\t<\/dd><\/dl><dl class='gallery-item'>\n\t\t\t<dt class='gallery-icon landscape'>\n\t\t\t\t<a href='https:\/\/www.riogrande.rs.gov.br\/smed\/wp-content\/uploads\/2019\/04\/20190430-ped-didatico-image5.jpg' rel=\"lightbox[31566]\"><img loading=\"lazy\" decoding=\"async\" width=\"150\" height=\"150\" src=\"https:\/\/www.riogrande.rs.gov.br\/smed\/wp-content\/uploads\/2019\/04\/20190430-ped-didatico-image5-150x150.jpg\" class=\"attachment-thumbnail size-thumbnail\" alt=\"\" aria-describedby=\"gallery-1-32505\" \/><\/a>\n\t\t\t<\/dt>\n\t\t\t\t<dd class='wp-caption-text gallery-caption' id='gallery-1-32505'>\n\t\t\t\tCr\u00e9dito: Roberton Reis\n\t\t\t\t<\/dd><\/dl><dl class='gallery-item'>\n\t\t\t<dt class='gallery-icon landscape'>\n\t\t\t\t<a href='https:\/\/www.riogrande.rs.gov.br\/smed\/wp-content\/uploads\/2019\/04\/20190430-ped-didatico-image6.jpg' rel=\"lightbox[31566]\"><img loading=\"lazy\" decoding=\"async\" width=\"150\" height=\"150\" src=\"https:\/\/www.riogrande.rs.gov.br\/smed\/wp-content\/uploads\/2019\/04\/20190430-ped-didatico-image6-150x150.jpg\" class=\"attachment-thumbnail size-thumbnail\" alt=\"\" aria-describedby=\"gallery-1-32506\" \/><\/a>\n\t\t\t<\/dt>\n\t\t\t\t<dd class='wp-caption-text gallery-caption' id='gallery-1-32506'>\n\t\t\t\tCr\u00e9dito: Roberton Reis\n\t\t\t\t<\/dd><\/dl><br style=\"clear: both\" \/><dl class='gallery-item'>\n\t\t\t<dt class='gallery-icon landscape'>\n\t\t\t\t<a href='https:\/\/www.riogrande.rs.gov.br\/smed\/wp-content\/uploads\/2019\/04\/20190430-ped-didatico-image7.jpg' rel=\"lightbox[31566]\"><img loading=\"lazy\" decoding=\"async\" width=\"150\" height=\"150\" src=\"https:\/\/www.riogrande.rs.gov.br\/smed\/wp-content\/uploads\/2019\/04\/20190430-ped-didatico-image7-150x150.jpg\" class=\"attachment-thumbnail size-thumbnail\" alt=\"\" aria-describedby=\"gallery-1-32507\" \/><\/a>\n\t\t\t<\/dt>\n\t\t\t\t<dd class='wp-caption-text gallery-caption' id='gallery-1-32507'>\n\t\t\t\tCr\u00e9dito: Roberton Reis\n\t\t\t\t<\/dd><\/dl><dl class='gallery-item'>\n\t\t\t<dt class='gallery-icon landscape'>\n\t\t\t\t<a href='https:\/\/www.riogrande.rs.gov.br\/smed\/wp-content\/uploads\/2019\/04\/20190430-ped-didatico-image8.jpg' rel=\"lightbox[31566]\"><img loading=\"lazy\" decoding=\"async\" width=\"150\" height=\"150\" src=\"https:\/\/www.riogrande.rs.gov.br\/smed\/wp-content\/uploads\/2019\/04\/20190430-ped-didatico-image8-150x150.jpg\" class=\"attachment-thumbnail size-thumbnail\" alt=\"\" aria-describedby=\"gallery-1-32508\" \/><\/a>\n\t\t\t<\/dt>\n\t\t\t\t<dd class='wp-caption-text gallery-caption' id='gallery-1-32508'>\n\t\t\t\tCr\u00e9dito: Roberton Reis\n\t\t\t\t<\/dd><\/dl><dl class='gallery-item'>\n\t\t\t<dt class='gallery-icon landscape'>\n\t\t\t\t<a href='https:\/\/www.riogrande.rs.gov.br\/smed\/wp-content\/uploads\/2019\/04\/20190430-ped-didatico-image9.jpg' rel=\"lightbox[31566]\"><img loading=\"lazy\" decoding=\"async\" width=\"150\" height=\"150\" src=\"https:\/\/www.riogrande.rs.gov.br\/smed\/wp-content\/uploads\/2019\/04\/20190430-ped-didatico-image9-150x150.jpg\" class=\"attachment-thumbnail size-thumbnail\" alt=\"\" aria-describedby=\"gallery-1-32509\" \/><\/a>\n\t\t\t<\/dt>\n\t\t\t\t<dd class='wp-caption-text gallery-caption' id='gallery-1-32509'>\n\t\t\t\tCr\u00e9dito: Roberton Reis\n\t\t\t\t<\/dd><\/dl><br style=\"clear: both\" \/>\n\t\t<\/div>\n\n<p style=\"text-align: justify;\">Na tarde do dia <b>23 de abril<\/b>, a Secretaria de Munic\u00edpio da Educa\u00e7\u00e3o de Rio Grande (SMEd), atrav\u00e9s do N\u00facleo dos Anos Iniciais, realizou o primeiro encontro do processo formativo de \u201c<b>Produ\u00e7\u00e3o de Material Did\u00e1tico sobre a cidade do Rio Grande<\/b>\u201d. O encontro, que aconteceu na <strong>Unicesumar<\/strong>, contou com a presen\u00e7a dos(as) Professores(as) das turmas de 4\u00ba ano do Ensino Fundamental da rede p\u00fablica municipal de ensino.<\/p>\n<p style=\"text-align: justify;\">Os encontros do processo formativo ocorrer\u00e3o mensalmente. Ainda haver\u00e1 mais seis encontros, tendo como objetivo ampliar e compartilhar conhecimentos acerca da Cidade, bem como produzir material did\u00e1tico para ser utilizado nas escolas por estudantes e professores(as), potencializando a produ\u00e7\u00e3o de saberes locais e desenvolvendo, assim, o sentimento de pertencimento das crian\u00e7as, jovens e adolescentes \u00e0 sua cidade. O pr\u00f3ximo encontro acontecer\u00e1 no dia <b>21 de maio<\/b>, \u00e0s <b>13h30min<\/b>, na <strong>Unicesumar<\/strong>.<\/p>\n<p style=\"text-align: right;\"><em>SMEd<\/em><br \/>\n<em>Roberton Reis<\/em><br \/>\n<em>Com informa\u00e7\u00f5es do N\u00facleo dos Anos Iniciais<\/em><\/p>\n<hr \/>\n<p>Publicada 16\/04\/2019<\/p>\n<h2>SMEd divulga a Lista dos(as) Professores(as) que participar\u00e3o do Processo Formativo sobre \u201cProdu\u00e7\u00e3o de Material Did\u00e1tico\u201d<\/h2>\n<p style=\"text-align: justify;\">A Secretaria de Munic\u00edpio da Educa\u00e7\u00e3o de Rio Grande (SMEd), atrav\u00e9s do N\u00facleo dos Anos Iniciais, divulga a <a href=\"http:\/\/www.riogrande.rs.gov.br\/smed\/wp-content\/uploads\/2019\/04\/20190416-ped-lista_professores_producao_material.pdf\" target=\"_blank\" rel=\"noopener noreferrer\"><b>Lista<\/b><\/a> com o nome dos(as) Professores(as) que participar\u00e3o do processo formativo de \u201c<b>Produ\u00e7\u00e3o de Material Did\u00e1tico sobre a cidade do Rio Grande<\/b>\u201d, que \u00e9 destinado aos(\u00e0s) Professores(as) de 4\u00ba ano do Ensino Fundamental. A Forma\u00e7\u00e3o ter\u00e1 seu primeiro encontro no dia <b>23 de abril<\/b>, <b>\u00e0s 13h30min<\/b>, na <b>Faculdades Unicesumar<\/b>, que est\u00e1 localizada na rua General Neto, 215.<\/p>\n<p style=\"text-align: right;\"><em>SMEd<\/em><br \/>\n<em>Roberton Reis<\/em><br \/>\n<em>Com informa\u00e7\u00f5es do N\u00facleo dos Anos Iniciais<\/em><\/p>\n<hr \/>\n<p>Publicada 27\/03\/2019<\/p>\n<h2>SMEd promove Processo Formativo sobre \u201cProdu\u00e7\u00e3o de Material Did\u00e1tico\u201d destinado aos(\u00e0s) Professores(as) do 4\u00ba Ano do Ensino Fundamental<\/h2>\n<p style=\"text-align: justify;\">A Secretaria de Munic\u00edpio da Educa\u00e7\u00e3o de Rio Grande (SMEd), atrav\u00e9s do N\u00facleo dos Anos Iniciais, divulga o processo formativo de Produ\u00e7\u00e3o de Material Did\u00e1tico sobre a cidade do Rio Grande, destinado aos(\u00e0s) Professores(as) de 4\u00ba ano do Ensino Fundamental, cujas inscri\u00e7\u00f5es devem ser realizadas no per\u00edodo de <b>1\u00ba a 10 de abril<\/b>, no endere\u00e7o eletr\u00f4nico<a href=\"http:\/\/www.riogrande.rs.gov.br\/smed\" target=\"_blank\" rel=\"noopener noreferrer\"><strong> www.riogrande.rs.gov.br\/smed<\/strong><\/a> Ser\u00e3o ofertadas 30 vagas e, quando as mesmas forem preenchidas, as inscri\u00e7\u00f5es ser\u00e3o finalizadas.<\/p>\n<p style=\"text-align: justify;\">Os encontros formativos acontecer\u00e3o mensalmente, de acordo com o calend\u00e1rio abaixo:<\/p>\n<table border=\"1px\" cellspacing=\"2px\">\n<tbody>\n<tr>\n<td style=\"text-align: justify;\"><b>Dia<\/b><\/td>\n<td style=\"text-align: justify;\"><b>Hor\u00e1rio<\/b><\/td>\n<td style=\"text-align: justify;\"><b>Local<\/b><\/td>\n<\/tr>\n<tr>\n<td style=\"text-align: justify;\"><b>23\/04<\/b><\/td>\n<td style=\"text-align: justify;\" rowspan=\"7\"><b>Das 13h30min \u00e0s 17h<\/b><\/td>\n<td style=\"text-align: justify;\" rowspan=\"7\"><b>Faculdades Unicesumar, Rua General Neto, 215.<\/b><\/td>\n<\/tr>\n<tr>\n<td style=\"text-align: justify;\"><b>21\/05<\/b><\/td>\n<\/tr>\n<tr>\n<td style=\"text-align: justify;\"><b>25\/06<\/b><\/td>\n<\/tr>\n<tr>\n<td style=\"text-align: justify;\"><b>20\/08<\/b><\/td>\n<\/tr>\n<tr>\n<td style=\"text-align: justify;\"><b>24\/09<\/b><\/td>\n<\/tr>\n<tr>\n<td style=\"text-align: justify;\"><b>22\/10<\/b><\/td>\n<\/tr>\n<tr>\n<td style=\"text-align: justify;\"><b>19\/11<\/b><\/td>\n<\/tr>\n<\/tbody>\n<\/table>\n<p style=\"text-align: justify;\">Para realizar a sua inscri\u00e7\u00e3o, acesse <a href=\"https:\/\/docs.google.com\/forms\/d\/18T4D0Hq-tYST1fsHrC-q5FcxmKXhV1ApNLj55RpgAkE\/edit\" target=\"_blank\" rel=\"noopener noreferrer\"><b>aqui<\/b><\/a>, a partir do dia 1\u00ba de abril.<\/p>\n<p>&nbsp;<\/p>\n<p style=\"text-align: right;\"><em>SMEd<\/em><br \/>\n<em>Roberton Reis<\/em><br \/>\n<em>Com informa\u00e7\u00f5es dos N\u00facleo dos Anos Finais<\/em><\/p>\n","protected":false},"excerpt":{"rendered":"<p>Publicada 30\/04\/2019 SMEd promoveu 1\u00ba Encontro Formativo do Curso de \u201cProdu\u00e7\u00e3o de Material Did\u00e1tico sobre a cidade do Rio Grande\u201d no dia 23 Na tarde do dia 23 de abril, a Secretaria de Munic\u00edpio da Educa\u00e7\u00e3o de Rio Grande (SMEd), atrav\u00e9s do N\u00facleo dos Anos Iniciais, realizou o primeiro encontro do processo formativo de \u201cProdu\u00e7\u00e3o [&hellip;]<\/p>\n","protected":false},"author":7,"featured_media":0,"parent":31208,"menu_order":2,"comment_status":"closed","ping_status":"closed","template":"","meta":{"footnotes":""},"class_list":["post-31566","page","type-page","status-publish","hentry"],"_links":{"self":[{"href":"https:\/\/www.riogrande.rs.gov.br\/smed\/index.php?rest_route=\/wp\/v2\/pages\/31566"}],"collection":[{"href":"https:\/\/www.riogrande.rs.gov.br\/smed\/index.php?rest_route=\/wp\/v2\/pages"}],"about":[{"href":"https:\/\/www.riogrande.rs.gov.br\/smed\/index.php?rest_route=\/wp\/v2\/types\/page"}],"author":[{"embeddable":true,"href":"https:\/\/www.riogrande.rs.gov.br\/smed\/index.php?rest_route=\/wp\/v2\/users\/7"}],"replies":[{"embeddable":true,"href":"https:\/\/www.riogrande.rs.gov.br\/smed\/index.php?rest_route=%2Fwp%2Fv2%2Fcomments&post=31566"}],"version-history":[{"count":7,"href":"https:\/\/www.riogrande.rs.gov.br\/smed\/index.php?rest_route=\/wp\/v2\/pages\/31566\/revisions"}],"predecessor-version":[{"id":32513,"href":"https:\/\/www.riogrande.rs.gov.br\/smed\/index.php?rest_route=\/wp\/v2\/pages\/31566\/revisions\/32513"}],"up":[{"embeddable":true,"href":"https:\/\/www.riogrande.rs.gov.br\/smed\/index.php?rest_route=\/wp\/v2\/pages\/31208"}],"wp:attachment":[{"href":"https:\/\/www.riogrande.rs.gov.br\/smed\/index.php?rest_route=%2Fwp%2Fv2%2Fmedia&parent=31566"}],"curies":[{"name":"wp","href":"https:\/\/api.w.org\/{rel}","templated":true}]}}