{"id":31210,"date":"2019-03-08T15:01:18","date_gmt":"2019-03-08T18:01:18","guid":{"rendered":"http:\/\/www.riogrande.rs.gov.br\/smed\/?page_id=31210"},"modified":"2019-05-09T19:44:21","modified_gmt":"2019-05-09T22:44:21","slug":"3a-ommerg","status":"publish","type":"page","link":"https:\/\/www.riogrande.rs.gov.br\/smed\/?page_id=31210","title":{"rendered":"3\u00aa OMMERG"},"content":{"rendered":"<hr \/>\n<p>Publicada 09\/05\/2019<\/p>\n<h2>3\u00aa OMMERG: Prova ser\u00e1 aplicada nesta sexta-feira, 10<\/h2>\n<div id=\"attachment_32775\" style=\"width: 495px\" class=\"wp-caption aligncenter\"><a href=\"http:\/\/www.riogrande.rs.gov.br\/smed\/wp-content\/uploads\/2019\/05\/20190509-ommerg-image1.jpg\" rel=\"lightbox[31210]\"><img loading=\"lazy\" decoding=\"async\" aria-describedby=\"caption-attachment-32775\" class=\"size-medium wp-image-32775\" src=\"http:\/\/www.riogrande.rs.gov.br\/smed\/wp-content\/uploads\/2019\/05\/20190509-ommerg-image1-485x685.jpg\" alt=\"\" width=\"485\" height=\"685\" srcset=\"https:\/\/www.riogrande.rs.gov.br\/smed\/wp-content\/uploads\/2019\/05\/20190509-ommerg-image1.jpg 485w, https:\/\/www.riogrande.rs.gov.br\/smed\/wp-content\/uploads\/2019\/05\/20190509-ommerg-image1-147x207.jpg 147w\" sizes=\"(max-width: 485px) 100vw, 485px\" \/><\/a><p id=\"caption-attachment-32775\" class=\"wp-caption-text\">Divulga\u00e7\u00e3o<\/p><\/div>\n<p style=\"text-align: justify;\">A Secretaria de Munic\u00edpio da Educa\u00e7\u00e3o do Rio Grande (SMEd), atrav\u00e9s da Assessoria de Matem\u00e1tica do N\u00facleo de Ensino Fundamental dos Anos Finais, informa que a prova da \u201c<b>3\u00aa Olimp\u00edada Municipal de Matem\u00e1tica das Escolas do Rio Grande<\/b>\u201d (OMMERG\/2019) ser\u00e1 realizada nesta sexta-feira, dia <b>10 de maio<\/b>, nas escolas da rede p\u00fablica municipal de ensino.<\/p>\n<p style=\"text-align: justify;\">A 3\u00aa OMMERG \u00e9 uma proposta da SMEd, realizada atrav\u00e9s das Escolas Municipais de Ensino Fundamental e destinada aos estudantes da Rede Municipal dos Anos Iniciais (4\u00ba e 5\u00ba Anos), dos Anos Finais do Ensino Fundamental e da Educa\u00e7\u00e3o de Jovens e Adultos. A OMMERG tem por principais objetivos, descobrir e valorizar jovens talentos, reconhecer o trabalho desenvolvido nas escolas e aludir o <b>Dia Nacional da Matem\u00e1tica<\/b>, celebrado em <b>06 de maio<\/b>.<\/p>\n<p style=\"text-align: justify;\">Para acessar o Edital da 3\u00aa OMMERG, acesse <a href=\"http:\/\/www.riogrande.rs.gov.br\/smed\/wp-content\/uploads\/2019\/03\/20190314-regulamento_3_ommerg.pdf\" target=\"_blank\" rel=\"noopener noreferrer\"><b>aqui<\/b><\/a>.<\/p>\n<p>&nbsp;<\/p>\n<p style=\"text-align: right;\"><em>SMEd<\/em><br \/>\n<em>Roberton Reis<\/em><br \/>\n<em>Com informa\u00e7\u00f5es da Assessoria de Matem\u00e1tica<\/em><\/p>\n<hr \/>\n<p>Publicada 03\/04\/2019<\/p>\n<div id=\"attachment_31775\" style=\"width: 495px\" class=\"wp-caption aligncenter\"><a href=\"http:\/\/www.riogrande.rs.gov.br\/smed\/wp-content\/uploads\/2019\/04\/20190403-ped-ommerg-image1.jpg\" rel=\"lightbox[31210]\"><img loading=\"lazy\" decoding=\"async\" aria-describedby=\"caption-attachment-31775\" class=\"size-medium wp-image-31775\" src=\"http:\/\/www.riogrande.rs.gov.br\/smed\/wp-content\/uploads\/2019\/04\/20190403-ped-ommerg-image1-485x685.jpg\" alt=\"\" width=\"485\" height=\"685\" srcset=\"https:\/\/www.riogrande.rs.gov.br\/smed\/wp-content\/uploads\/2019\/04\/20190403-ped-ommerg-image1-485x685.jpg 485w, https:\/\/www.riogrande.rs.gov.br\/smed\/wp-content\/uploads\/2019\/04\/20190403-ped-ommerg-image1-768x1085.jpg 768w, https:\/\/www.riogrande.rs.gov.br\/smed\/wp-content\/uploads\/2019\/04\/20190403-ped-ommerg-image1-147x207.jpg 147w, https:\/\/www.riogrande.rs.gov.br\/smed\/wp-content\/uploads\/2019\/04\/20190403-ped-ommerg-image1.jpg 800w\" sizes=\"(max-width: 485px) 100vw, 485px\" \/><\/a><p id=\"caption-attachment-31775\" class=\"wp-caption-text\">Divulga\u00e7\u00e3o<\/p><\/div>\n<h2>SMEd divulga site da OMMERG<\/h2>\n<p style=\"text-align: justify;\">A Secretaria de Munic\u00edpio da Educa\u00e7\u00e3o de Rio Grande (SMEd), atrav\u00e9s da Assessoria de Matem\u00e1tica do N\u00facleo dos Anos Finais do Ensino Fundamental, divulga o site da Olimp\u00edada Municipal de Matem\u00e1tica das Escolas de Rio Grande (OMMERG), que neste ano est\u00e1 em sua 3\u00aa edi\u00e7\u00e3o: <strong><a href=\"https:\/\/ommergsmed.wixsite.com\/riogrande-rs\" target=\"_blank\" rel=\"noopener noreferrer\">https:\/\/ommergsmed.wixsite.com\/riogrande-rs<\/a><\/strong><\/p>\n<p style=\"text-align: justify;\">Neste espa\u00e7o, podem ser encontradas diversas informa\u00e7\u00f5es relativas \u00e0 Olimp\u00edada, como galeria de fotos, edi\u00e7\u00f5es anteriores da OMMERG, contato, regulamento da 3\u00aa OMMERG e muito mais. \u00c9 importante destacar que o per\u00edodo de inscri\u00e7\u00f5es para a Olimp\u00edada deste ano encerrou no dia 22 de mar\u00e7o. A realiza\u00e7\u00e3o da prova da 3\u00aa OMMERG acontecer\u00e1 no dia 10 de maio.<\/p>\n<p>&nbsp;<\/p>\n<p style=\"text-align: right;\"><em>SMEd<\/em><br \/>\n<em>Roberton Reis<\/em><\/p>\n<hr \/>\n<p>Publicada 14\/03\/2019<\/p>\n<div id=\"attachment_31316\" style=\"width: 495px\" class=\"wp-caption aligncenter\"><a href=\"http:\/\/www.riogrande.rs.gov.br\/smed\/wp-content\/uploads\/2019\/03\/20190314-ped-ommerg-image1.jpg\" rel=\"lightbox[31210]\"><img loading=\"lazy\" decoding=\"async\" aria-describedby=\"caption-attachment-31316\" class=\"size-medium wp-image-31316\" src=\"http:\/\/www.riogrande.rs.gov.br\/smed\/wp-content\/uploads\/2019\/03\/20190314-ped-ommerg-image1-485x685.jpg\" alt=\"\" width=\"485\" height=\"685\" srcset=\"https:\/\/www.riogrande.rs.gov.br\/smed\/wp-content\/uploads\/2019\/03\/20190314-ped-ommerg-image1-485x685.jpg 485w, https:\/\/www.riogrande.rs.gov.br\/smed\/wp-content\/uploads\/2019\/03\/20190314-ped-ommerg-image1-768x1085.jpg 768w, https:\/\/www.riogrande.rs.gov.br\/smed\/wp-content\/uploads\/2019\/03\/20190314-ped-ommerg-image1-147x207.jpg 147w, https:\/\/www.riogrande.rs.gov.br\/smed\/wp-content\/uploads\/2019\/03\/20190314-ped-ommerg-image1.jpg 800w\" sizes=\"(max-width: 485px) 100vw, 485px\" \/><\/a><p id=\"caption-attachment-31316\" class=\"wp-caption-text\">Divulga\u00e7\u00e3o<\/p><\/div>\n<p style=\"text-align: justify;\">A Secretaria de Munic\u00edpio da Educa\u00e7\u00e3o do Rio Grande (SMEd), atrav\u00e9s da Assessoria de Matem\u00e1tica do N\u00facleo de Ensino Fundamental dos Anos Finais, divulga o <b>Edital <\/b>da <b>3\u00aa Olimp\u00edada Municipal de Matem\u00e1tica das Escolas do Rio Grande<\/b>\u201d (OMMERG\/2019) e lembra que o per\u00edodo de inscri\u00e7\u00f5es j\u00e1 iniciou e estender-se-\u00e1 at\u00e9 o dia<b> 22 de mar\u00e7o<\/b>, exclusivamente atrav\u00e9s do site <a href=\"http:\/\/www.riogrande.rs.gov.br\/smed\"><b>http:\/\/www.riogrande.rs.gov.br\/smed<\/b><\/a><\/p>\n<p style=\"text-align: justify;\">A 3\u00aa OMMERG \u00e9 uma proposta da SMEd, realizada atrav\u00e9s das Escolas Municipais de Ensino Fundamental e destinada aos estudantes da Rede Municipal dos Anos Iniciais (4\u00ba e 5\u00ba Anos), dos Anos Finais do Ensino Fundamental e da Educa\u00e7\u00e3o de Jovens e Adultos. A OMMERG tem por principais objetivos, descobrir e valorizar jovens talentos, reconhecer o trabalho desenvolvido nas escolas e aludir o <b>Dia Nacional da Matem\u00e1tica<\/b>, celebrado em <b>06 de maio<\/b>.<\/p>\n<p style=\"text-align: justify;\">Para acessar o Edital da 3\u00aa OMMERG, acesse <a href=\"http:\/\/www.riogrande.rs.gov.br\/smed\/wp-content\/uploads\/2019\/03\/20190314-regulamento_3_ommerg.pdf\" target=\"_blank\" rel=\"noopener noreferrer\"><b>aqui<\/b><\/a>.<\/p>\n<p style=\"text-align: justify;\">Para realizar a inscri\u00e7\u00e3o na 3\u00aa OMMERG, acesse<a href=\"https:\/\/docs.google.com\/forms\/d\/e\/1FAIpQLScIcBVstpFRQVDv48Dj93ufK_KNCdbHJ1_1GqwNvSbbfDy-Lg\/viewform?vc=0&amp;c=0&amp;w=1&amp;fbzx=7180133562298751203\" target=\"_blank\" rel=\"noopener noreferrer\"><b> aqui<\/b><\/a>.<\/p>\n<p style=\"text-align: right;\"><em>SMEd<\/em><br \/>\n<em>Roberton Reis<\/em><br \/>\n<em>Com informa\u00e7\u00f5es da Assessoria de Matem\u00e1tica<\/em><\/p>\n<hr \/>\n<p>Publicada 08\/03\/2019<\/p>\n<h2>Escolas da Rede Municipal j\u00e1 podem realizar a inscri\u00e7\u00e3o na \u201c3\u00aa OMMERG\u201d<\/h2>\n<p>&nbsp;<\/p>\n<p style=\"text-align: justify;\"><span style=\"font-weight: 400;\">A Secretaria de Munic\u00edpio da Educa\u00e7\u00e3o do Rio Grande (SMEd), atrav\u00e9s da Assessoria de Matem\u00e1tica do N\u00facleo de Ensino Fundamental dos Anos Finais, informa que o per\u00edodo de inscri\u00e7\u00f5es para a \u201c<\/span><b>3\u00aa Olimp\u00edada Municipal de Matem\u00e1tica das Escolas do Rio Grande<\/b><span style=\"font-weight: 400;\">\u201d (OMMERG\/2019) j\u00e1 iniciou e estender-se-\u00e1 at\u00e9 o dia<\/span><b> 22 de mar\u00e7o<\/b><span style=\"font-weight: 400;\">, exclusivamente atrav\u00e9s do site \u00a0<\/span><a href=\"http:\/\/www.riogrande.rs.gov.br\/smed\" target=\"_blank\" rel=\"noopener noreferrer\"><span style=\"font-weight: 400;\"><strong>http:\/\/www.riogrande.rs.gov.br\/smed<\/strong><\/span><\/a><\/p>\n<p style=\"text-align: justify;\"><span style=\"font-weight: 400;\">A 3\u00aa OMMERG \u00e9 uma proposta da SMEd, realizada atrav\u00e9s das Escolas Municipais de Ensino Fundamental e destinada aos estudantes da Rede Municipal dos Anos Iniciais (4\u00ba e 5\u00ba Anos), dos Anos Finais do Ensino Fundamental e da Educa\u00e7\u00e3o de Jovens e Adultos. A OMMERG tem por principais objetivos, descobrir e valorizar jovens talentos, reconhecer o trabalho desenvolvido nas escolas e aludir o <\/span><b>Dia Nacional da Matem\u00e1tica<\/b><span style=\"font-weight: 400;\">, celebrado em <\/span><b>06 de maio<\/b><span style=\"font-weight: 400;\">.<\/span><\/p>\n<p style=\"text-align: justify;\"><span style=\"font-weight: 400;\">Para realizar a inscri\u00e7\u00e3o na 3\u00aa OMMERG, acesse<\/span><a href=\"https:\/\/docs.google.com\/forms\/d\/e\/1FAIpQLScIcBVstpFRQVDv48Dj93ufK_KNCdbHJ1_1GqwNvSbbfDy-Lg\/viewform?vc=0&amp;c=0&amp;w=1&amp;fbzx=7180133562298751203\" target=\"_blank\" rel=\"noopener noreferrer\"><b> aqui<\/b><\/a><span style=\"font-weight: 400;\">.<\/span><\/p>\n<p>&nbsp;<\/p>\n<p style=\"text-align: right;\"><em>SMEd<\/em><br \/>\n<em>Roberton Reis<\/em><br \/>\n<em>Com informa\u00e7\u00f5es da Assessoria de Matem\u00e1tica<\/em><\/p>\n","protected":false},"excerpt":{"rendered":"<p>Publicada 09\/05\/2019 3\u00aa OMMERG: Prova ser\u00e1 aplicada nesta sexta-feira, 10 A Secretaria de Munic\u00edpio da Educa\u00e7\u00e3o do Rio Grande (SMEd), atrav\u00e9s da Assessoria de Matem\u00e1tica do N\u00facleo de Ensino Fundamental dos Anos Finais, informa que a prova da \u201c3\u00aa Olimp\u00edada Municipal de Matem\u00e1tica das Escolas do Rio Grande\u201d (OMMERG\/2019) ser\u00e1 realizada nesta sexta-feira, dia 10 [&hellip;]<\/p>\n","protected":false},"author":7,"featured_media":0,"parent":31208,"menu_order":1,"comment_status":"closed","ping_status":"closed","template":"","meta":{"footnotes":""},"class_list":["post-31210","page","type-page","status-publish","hentry"],"_links":{"self":[{"href":"https:\/\/www.riogrande.rs.gov.br\/smed\/index.php?rest_route=\/wp\/v2\/pages\/31210"}],"collection":[{"href":"https:\/\/www.riogrande.rs.gov.br\/smed\/index.php?rest_route=\/wp\/v2\/pages"}],"about":[{"href":"https:\/\/www.riogrande.rs.gov.br\/smed\/index.php?rest_route=\/wp\/v2\/types\/page"}],"author":[{"embeddable":true,"href":"https:\/\/www.riogrande.rs.gov.br\/smed\/index.php?rest_route=\/wp\/v2\/users\/7"}],"replies":[{"embeddable":true,"href":"https:\/\/www.riogrande.rs.gov.br\/smed\/index.php?rest_route=%2Fwp%2Fv2%2Fcomments&post=31210"}],"version-history":[{"count":8,"href":"https:\/\/www.riogrande.rs.gov.br\/smed\/index.php?rest_route=\/wp\/v2\/pages\/31210\/revisions"}],"predecessor-version":[{"id":32777,"href":"https:\/\/www.riogrande.rs.gov.br\/smed\/index.php?rest_route=\/wp\/v2\/pages\/31210\/revisions\/32777"}],"up":[{"embeddable":true,"href":"https:\/\/www.riogrande.rs.gov.br\/smed\/index.php?rest_route=\/wp\/v2\/pages\/31208"}],"wp:attachment":[{"href":"https:\/\/www.riogrande.rs.gov.br\/smed\/index.php?rest_route=%2Fwp%2Fv2%2Fmedia&parent=31210"}],"curies":[{"name":"wp","href":"https:\/\/api.w.org\/{rel}","templated":true}]}}