{"id":29859,"date":"2018-11-16T18:26:33","date_gmt":"2018-11-16T20:26:33","guid":{"rendered":"http:\/\/www.riogrande.rs.gov.br\/smed\/?page_id=29859"},"modified":"2018-11-22T13:36:50","modified_gmt":"2018-11-22T15:36:50","slug":"4o-seminario-municipal-da-eja","status":"publish","type":"page","link":"https:\/\/www.riogrande.rs.gov.br\/smed\/?page_id=29859","title":{"rendered":"4\u00ba Semin\u00e1rio Municipal da EJA"},"content":{"rendered":"<hr \/>\n<p>Publicada 22\/11\/2018<\/p>\n<h2>Per\u00edodo de inscri\u00e7\u00f5es para o 4\u00ba Semin\u00e1rio Municipal da EJA encerra nesta sexta-feira, 23<\/h2>\n<p style=\"text-align: justify;\">A Secretaria de Munic\u00edpio da Educa\u00e7\u00e3o de Rio Grande (SMEd), atrav\u00e9s do N\u00facleo de Educa\u00e7\u00e3o de Jovens e Adultos, promover\u00e1, nos dias <b>27 e 28 de novembro<\/b>,<b> \u00e0s 18h<\/b>, no<b> Audit\u00f3rio da EMEF Cipriano Porto Alegre<\/b>, o \u201c<b>4\u00ba Semin\u00e1rio Municipal da Educa\u00e7\u00e3o de Jovens e Adultos (EJA) \u2013 Relatos de Experi\u00eancia\u201d.<\/b><\/p>\n<p style=\"text-align: justify;\">O Semin\u00e1rio, que est\u00e1 em sua quarta edi\u00e7\u00e3o, ocorre em duas etapas, sendo a primeira composta por um encontro formativo-te\u00f3rico e a segunda pela mostra dos trabalhos e os relatos de experi\u00eancia, momento destinado \u00e0 troca de saberes entre os professores e professoras que comp\u00f5em a Rede Municipal de Educa\u00e7\u00e3o, no \u00e2mbito da EJA.<\/p>\n<p style=\"text-align: justify;\">Para esta segunda etapa, cada participante dever\u00e1 fazer sua inscri\u00e7\u00e3o at\u00e9 dia <b>23 de novembro<\/b>, atrav\u00e9s do site da SMEd (<a href=\"http:\/\/www.riogrande.rs.gov.br\/smed\" target=\"_blank\" rel=\"noopener\"><b>www.riogrande.rs.gov.br\/smed<\/b><\/a>), de acordo com a(s) \u201cModalidade(s) de Inscri\u00e7\u00e3o(\u00f5es)\u201d que ir\u00e1 participar. Destacamos que todas as escolas dever\u00e3o apresentar, pelo menos 01(um) relato na Modalidade \u201cApresenta\u00e7\u00e3o Oral\u201d. Al\u00e9m dessa, estar\u00e1 dispon\u00edvel a possibilidade de inscri\u00e7\u00e3o nas Modalidades <i>banner<\/i>, apresenta\u00e7\u00e3o de v\u00eddeo e exposi\u00e7\u00e3o de trabalhos. Cabe salientar que n\u00e3o h\u00e1 limite de coautoria para cada trabalho. Todos os autores dever\u00e3o realizar sua inscri\u00e7\u00e3o, completando corretamente os dados solicitados no <a href=\"https:\/\/docs.google.com\/forms\/d\/1tB0yj1BxP6Nu4OtT1i4SinFA63oGjfTwW1yLOeGeWNw\/viewform?edit_requested=true\" target=\"_blank\" rel=\"noopener\"><b>formul\u00e1rio<\/b><\/a>.<\/p>\n<p style=\"text-align: justify;\">Clique <a href=\"https:\/\/docs.google.com\/forms\/d\/1tB0yj1BxP6Nu4OtT1i4SinFA63oGjfTwW1yLOeGeWNw\/viewform?edit_requested=true\" target=\"_blank\" rel=\"noopener\"><b>AQUI<\/b><\/a> para fazer a <a href=\"https:\/\/docs.google.com\/forms\/d\/1tB0yj1BxP6Nu4OtT1i4SinFA63oGjfTwW1yLOeGeWNw\/viewform?edit_requested=true\" target=\"_blank\" rel=\"noopener\"><b>inscri\u00e7\u00e3o<\/b><\/a>.<\/p>\n<p>&nbsp;<\/p>\n<p style=\"text-align: right;\"><em>SMEd<\/em><br \/>\n<em>Roberton Reis<\/em><br \/>\n<em>Com informa\u00e7\u00f5es do N\u00facleo da EJA<\/em><\/p>\n<hr \/>\n<p>Publicada 16\/11\/2018<\/p>\n<h2>Per\u00edodo de inscri\u00e7\u00f5es para o 4\u00ba Semin\u00e1rio Municipal da EJA inicia no dia 19<\/h2>\n<p style=\"text-align: justify;\">A Secretaria de Munic\u00edpio da Educa\u00e7\u00e3o de Rio Grande (SMEd), atrav\u00e9s do N\u00facleo de Educa\u00e7\u00e3o de Jovens e Adultos, promover\u00e1, nos dias <b>27 e 28 de novembro<\/b>,<b> \u00e0s 18h<\/b>, no<b> Audit\u00f3rio da EMEF Cipriano Porto Alegre<\/b>, o \u201c<b>4\u00ba Semin\u00e1rio Municipal da Educa\u00e7\u00e3o de Jovens e Adultos (EJA) \u2013 Relatos de Experi\u00eancia\u201d.<\/b><\/p>\n<p style=\"text-align: justify;\">O Semin\u00e1rio, que est\u00e1 em sua quarta edi\u00e7\u00e3o, ocorre em duas etapas, sendo a primeira composta por um encontro formativo-te\u00f3rico e a segunda pela mostra dos trabalhos e os relatos de experi\u00eancia, momento destinado \u00e0 troca de saberes entre os professores e professoras que comp\u00f5em a Rede Municipal de Educa\u00e7\u00e3o, no \u00e2mbito da EJA.<\/p>\n<p style=\"text-align: justify;\">Para esta segunda etapa, cada participante dever\u00e1 fazer sua inscri\u00e7\u00e3o no per\u00edodo de <b>19 a 23 de novembro<\/b>, atrav\u00e9s do site da SMEd (<strong><a href=\"http:\/\/www.riogrande.rs.gov.br\/smed\" target=\"_blank\" rel=\"noopener\">www.riogrande.rs.gov.br\/smed<\/a><\/strong>), de acordo com a(s) \u201cModalidade(s) de Inscri\u00e7\u00e3o\u201d que ir\u00e1 participar. Destacamos que todas as escolas dever\u00e3o apresentar, pelo menos 01 (um) relato na Modalidade \u201cApresenta\u00e7\u00e3o Oral\u201d. Al\u00e9m dessa, estar\u00e1 dispon\u00edvel a possibilidade de inscri\u00e7\u00e3o nas Modalidades <i>banner<\/i>, apresenta\u00e7\u00e3o de v\u00eddeo e exposi\u00e7\u00e3o de trabalhos. Cabe salientar que n\u00e3o h\u00e1 limite de coautoria para cada trabalho. Todos os autores dever\u00e3o realizar sua inscri\u00e7\u00e3o, completando corretamente os dados solicitados no <a href=\"https:\/\/docs.google.com\/forms\/d\/1tB0yj1BxP6Nu4OtT1i4SinFA63oGjfTwW1yLOeGeWNw\/viewform?edit_requested=true\" target=\"_blank\" rel=\"noopener\"><strong>formul\u00e1rio<\/strong><\/a>.<\/p>\n<p>Clique <a href=\"https:\/\/docs.google.com\/forms\/d\/1tB0yj1BxP6Nu4OtT1i4SinFA63oGjfTwW1yLOeGeWNw\/viewform?edit_requested=true\" target=\"_blank\" rel=\"noopener\"><strong>AQUI<\/strong><\/a> para fazer a <a href=\"https:\/\/docs.google.com\/forms\/d\/1tB0yj1BxP6Nu4OtT1i4SinFA63oGjfTwW1yLOeGeWNw\/viewform?edit_requested=true\" target=\"_blank\" rel=\"noopener\"><strong>inscri\u00e7\u00e3o<\/strong><\/a>.<\/p>\n<p style=\"text-align: right;\"><em>SMEd<\/em><br \/>\n<em>Roberton Reis<\/em><br \/>\n<em>Com informa\u00e7\u00f5es do N\u00facleo da EJA<\/em><\/p>\n","protected":false},"excerpt":{"rendered":"<p>Publicada 22\/11\/2018 Per\u00edodo de inscri\u00e7\u00f5es para o 4\u00ba Semin\u00e1rio Municipal da EJA encerra nesta sexta-feira, 23 A Secretaria de Munic\u00edpio da Educa\u00e7\u00e3o de Rio Grande (SMEd), atrav\u00e9s do N\u00facleo de Educa\u00e7\u00e3o de Jovens e Adultos, promover\u00e1, nos dias 27 e 28 de novembro, \u00e0s 18h, no Audit\u00f3rio da EMEF Cipriano Porto Alegre, o \u201c4\u00ba Semin\u00e1rio [&hellip;]<\/p>\n","protected":false},"author":7,"featured_media":0,"parent":25220,"menu_order":17,"comment_status":"closed","ping_status":"closed","template":"","meta":{"footnotes":""},"class_list":["post-29859","page","type-page","status-publish","hentry"],"_links":{"self":[{"href":"https:\/\/www.riogrande.rs.gov.br\/smed\/index.php?rest_route=\/wp\/v2\/pages\/29859"}],"collection":[{"href":"https:\/\/www.riogrande.rs.gov.br\/smed\/index.php?rest_route=\/wp\/v2\/pages"}],"about":[{"href":"https:\/\/www.riogrande.rs.gov.br\/smed\/index.php?rest_route=\/wp\/v2\/types\/page"}],"author":[{"embeddable":true,"href":"https:\/\/www.riogrande.rs.gov.br\/smed\/index.php?rest_route=\/wp\/v2\/users\/7"}],"replies":[{"embeddable":true,"href":"https:\/\/www.riogrande.rs.gov.br\/smed\/index.php?rest_route=%2Fwp%2Fv2%2Fcomments&post=29859"}],"version-history":[{"count":2,"href":"https:\/\/www.riogrande.rs.gov.br\/smed\/index.php?rest_route=\/wp\/v2\/pages\/29859\/revisions"}],"predecessor-version":[{"id":29987,"href":"https:\/\/www.riogrande.rs.gov.br\/smed\/index.php?rest_route=\/wp\/v2\/pages\/29859\/revisions\/29987"}],"up":[{"embeddable":true,"href":"https:\/\/www.riogrande.rs.gov.br\/smed\/index.php?rest_route=\/wp\/v2\/pages\/25220"}],"wp:attachment":[{"href":"https:\/\/www.riogrande.rs.gov.br\/smed\/index.php?rest_route=%2Fwp%2Fv2%2Fmedia&parent=29859"}],"curies":[{"name":"wp","href":"https:\/\/api.w.org\/{rel}","templated":true}]}}