{"id":29377,"date":"2018-10-26T14:49:19","date_gmt":"2018-10-26T16:49:19","guid":{"rendered":"http:\/\/www.riogrande.rs.gov.br\/smed\/?page_id=29377"},"modified":"2018-11-01T14:21:16","modified_gmt":"2018-11-01T16:21:16","slug":"ii-encontro-formativo-da-eja","status":"publish","type":"page","link":"https:\/\/www.riogrande.rs.gov.br\/smed\/?page_id=29377","title":{"rendered":"II Encontro Formativo da EJA"},"content":{"rendered":"<hr \/>\n<p>Publicada 1\u00b0\/11\/2018<\/p>\n<h2>\u201cII Encontro Formativo para Professores(as) da EJA\u201d: inscri\u00e7\u00f5es podem ser realizadas at\u00e9 dia 04<\/h2>\n<p style=\"text-align: justify;\">A Secretaria de Munic\u00edpio da Educa\u00e7\u00e3o de Rio Grande (SMEd), atrav\u00e9s do N\u00facleo da Educa\u00e7\u00e3o de Jovens e Adultos (EJA), informa que o per\u00edodo de inscri\u00e7\u00f5es para o \u201c<b>II Encontro Formativo para os(as) Professores(as) da Educa\u00e7\u00e3o de Jovens e Adultos<\/b>\u201d da rede p\u00fablica municipal de ensino, encerra no pr\u00f3ximo domingo, dia <b>04 de novembro<\/b>.<\/p>\n<p style=\"text-align: justify;\">O Encontro acontecer\u00e1 no dia <b>06 de novembro<\/b>, \u00e0s <b>19h<\/b>, na Escola Municipal de Ensino Fundamental <b>Helena Small<\/b>. Considerando que o Encontro Formativo \u00e9 constitu\u00eddo por seis Oficinas\/Palestras, que ocorrer\u00e3o concomitantemente, cada participante dever\u00e1 fazer sua inscri\u00e7\u00e3o, atrav\u00e9s do site da SMEd (<strong><a href=\"http:\/\/www.riogrande.rs.gov.br\/smed\" target=\"_blank\" rel=\"noopener\">www.riogrande.rs.gov.br\/smed<\/a><\/strong>), indicando em qual deseja participar.<\/p>\n<ul>\n<li style=\"text-align: justify;\"><strong><a href=\"https:\/\/docs.google.com\/forms\/d\/1uzE5hf2p6OnQAqc2T2h2Irg-XJigoXsyJ5ExXeqG0KU\/edit\" target=\"_blank\" rel=\"noopener\">Avalia\u00e7\u00e3o na EJA \u2013 Tania T. Clarindo.<\/a><\/strong><\/li>\n<li style=\"text-align: justify;\"><strong><a href=\"https:\/\/docs.google.com\/forms\/d\/1XWeUHg-hUcYLhCTOHvXzbIrqyRciPUAa5DuDXx5RseU\/edit\" target=\"_blank\" rel=\"noopener\">Depress\u00e3o e uso de drogas \u2013 Dagmar de Oliveira Pardo.<\/a><\/strong><\/li>\n<li style=\"text-align: justify;\"><strong><a href=\"https:\/\/docs.google.com\/forms\/d\/19O5Qac4zffCzSBoKbl4NgUX947YIHw6W35AfbH6sfJk\/edit\" target=\"_blank\" rel=\"noopener\">O v\u00eddeo como tecnologia de aprendizagem na EJA \u2013 Karine Sanchez.<\/a><\/strong><\/li>\n<li style=\"text-align: justify;\"><strong><a href=\"https:\/\/docs.google.com\/forms\/d\/1GEnPyBf69d14i2DTROX4B7q0oA7Y9IpT9HLJNBiSXY0\/edit\" target=\"_blank\" rel=\"noopener\">EJA e o mundo de trabalho \u2013 Fabio Dziekaniak.<\/a><\/strong><\/li>\n<li style=\"text-align: justify;\"><strong><a href=\"https:\/\/docs.google.com\/forms\/d\/1dZ3wpvBuSW6ORGSqltsQC2PZnrzoMyUMRdH5X1IAHnI\/edit\" target=\"_blank\" rel=\"noopener\">Sensibiliza\u00e7\u00e3o e autoestima \u2013 Vivian Moraes e Waleska Kaul.<\/a><\/strong><\/li>\n<li style=\"text-align: justify;\"><a href=\"https:\/\/docs.google.com\/forms\/d\/1Q16KANe4x9CkwtAzK3gLf4xDsj2iraFCQNOQpgPmVmE\/edit\" target=\"_blank\" rel=\"noopener\"><strong>Corpos, g\u00eaneros e sexualidade \u2013 Juliana Lapa Rizza.<\/strong><\/a><\/li>\n<\/ul>\n<p>&nbsp;<\/p>\n<p style=\"text-align: right;\"><em>SMEd<\/em><br \/>\n<em>Roberton Reis<\/em><br \/>\n<em>Com informa\u00e7\u00f5es do N\u00facleo da EJA<\/em><\/p>\n<hr \/>\n<p>Publicada 26\/10\/2018<\/p>\n<h2>SMEd promove \u201cII Encontro Formativo para Professores(as) da EJA\u201d no dia 06 de novembro<\/h2>\n<p style=\"text-align: justify;\">A Secretaria de Munic\u00edpio da Educa\u00e7\u00e3o de Rio Grande (SMEd), atrav\u00e9s do N\u00facleo da Educa\u00e7\u00e3o de Jovens e Adultos (EJA), promover\u00e1, no dia <b>06 de novembro<\/b>, \u00e0s <b>19h<\/b>, na Escola Municipal de Ensino Fundamental <b>Helena Small<\/b>, o \u201c<b>II Encontro Formativo para os(as) Professores(as) da Educa\u00e7\u00e3o de Jovens e Adultos<\/b>\u201d, que atuam nas escolas da rede p\u00fablica municipal de ensino.<\/p>\n<p style=\"text-align: justify;\">Considerando que o Encontro Formativo \u00e9 constitu\u00eddo por seis Oficinas\/Palestras, que ocorrer\u00e3o concomitantemente, cada participante dever\u00e1 fazer sua inscri\u00e7\u00e3o, no per\u00edodo de <b>29 de outubro a 04 de novembro<\/b>, atrav\u00e9s do site da SMEd (<strong><a href=\"http:\/\/www.riogrande.rs.gov.br\/smed\" target=\"_blank\" rel=\"noopener\">www.riogrande.rs.gov.br\/smed<\/a><\/strong>), indicando em qual deseja participar.<\/p>\n<ol>\n<li style=\"text-align: justify;\"><a href=\"https:\/\/docs.google.com\/forms\/d\/1uzE5hf2p6OnQAqc2T2h2Irg-XJigoXsyJ5ExXeqG0KU\/edit\" target=\"_blank\" rel=\"noopener\"><strong>Avalia\u00e7\u00e3o na EJA \u2013 Tania T. Clarindo.<\/strong><\/a><\/li>\n<li style=\"text-align: justify;\"><a href=\"https:\/\/docs.google.com\/forms\/d\/1XWeUHg-hUcYLhCTOHvXzbIrqyRciPUAa5DuDXx5RseU\/edit\" target=\"_blank\" rel=\"noopener\"><strong>Depress\u00e3o e uso de drogas \u2013 Dagmar de Oliveira Pardo.<\/strong><\/a><\/li>\n<li style=\"text-align: justify;\"><a href=\"https:\/\/docs.google.com\/forms\/d\/19O5Qac4zffCzSBoKbl4NgUX947YIHw6W35AfbH6sfJk\/edit\" target=\"_blank\" rel=\"noopener\"><strong>O v\u00eddeo como tecnologia de aprendizagem na EJA \u2013 Karine Sanchez.<\/strong><\/a><\/li>\n<li style=\"text-align: justify;\"><a href=\"https:\/\/docs.google.com\/forms\/d\/1GEnPyBf69d14i2DTROX4B7q0oA7Y9IpT9HLJNBiSXY0\/edit\" target=\"_blank\" rel=\"noopener\"><strong>EJA e o mundo de trabalho \u2013 Fabio Dziekaniak.<\/strong><\/a><\/li>\n<li style=\"text-align: justify;\"><a href=\"https:\/\/docs.google.com\/forms\/d\/1dZ3wpvBuSW6ORGSqltsQC2PZnrzoMyUMRdH5X1IAHnI\/edit\" target=\"_blank\" rel=\"noopener\"><strong>Sensibiliza\u00e7\u00e3o e autoestima \u2013 Vivian Moraes e Waleska Kaul.<\/strong><\/a><\/li>\n<li style=\"text-align: justify;\"><a href=\"https:\/\/docs.google.com\/forms\/d\/1Q16KANe4x9CkwtAzK3gLf4xDsj2iraFCQNOQpgPmVmE\/edit\" target=\"_blank\" rel=\"noopener\"><strong>Corpos, g\u00eaneros e sexualidade \u2013 Juliana Lapa Rizza.<\/strong><\/a><\/li>\n<\/ol>\n<p>&nbsp;<\/p>\n<p style=\"text-align: right;\"><em>SMEd<\/em><br \/>\n<em>Roberton Reis<\/em><br \/>\n<em>Com informa\u00e7\u00f5es do N\u00facleo da EJA<\/em><\/p>\n","protected":false},"excerpt":{"rendered":"<p>Publicada 1\u00b0\/11\/2018 \u201cII Encontro Formativo para Professores(as) da EJA\u201d: inscri\u00e7\u00f5es podem ser realizadas at\u00e9 dia 04 A Secretaria de Munic\u00edpio da Educa\u00e7\u00e3o de Rio Grande (SMEd), atrav\u00e9s do N\u00facleo da Educa\u00e7\u00e3o de Jovens e Adultos (EJA), informa que o per\u00edodo de inscri\u00e7\u00f5es para o \u201cII Encontro Formativo para os(as) Professores(as) da Educa\u00e7\u00e3o de Jovens e [&hellip;]<\/p>\n","protected":false},"author":7,"featured_media":0,"parent":25220,"menu_order":16,"comment_status":"closed","ping_status":"closed","template":"","meta":{"footnotes":""},"class_list":["post-29377","page","type-page","status-publish","hentry"],"_links":{"self":[{"href":"https:\/\/www.riogrande.rs.gov.br\/smed\/index.php?rest_route=\/wp\/v2\/pages\/29377"}],"collection":[{"href":"https:\/\/www.riogrande.rs.gov.br\/smed\/index.php?rest_route=\/wp\/v2\/pages"}],"about":[{"href":"https:\/\/www.riogrande.rs.gov.br\/smed\/index.php?rest_route=\/wp\/v2\/types\/page"}],"author":[{"embeddable":true,"href":"https:\/\/www.riogrande.rs.gov.br\/smed\/index.php?rest_route=\/wp\/v2\/users\/7"}],"replies":[{"embeddable":true,"href":"https:\/\/www.riogrande.rs.gov.br\/smed\/index.php?rest_route=%2Fwp%2Fv2%2Fcomments&post=29377"}],"version-history":[{"count":4,"href":"https:\/\/www.riogrande.rs.gov.br\/smed\/index.php?rest_route=\/wp\/v2\/pages\/29377\/revisions"}],"predecessor-version":[{"id":29524,"href":"https:\/\/www.riogrande.rs.gov.br\/smed\/index.php?rest_route=\/wp\/v2\/pages\/29377\/revisions\/29524"}],"up":[{"embeddable":true,"href":"https:\/\/www.riogrande.rs.gov.br\/smed\/index.php?rest_route=\/wp\/v2\/pages\/25220"}],"wp:attachment":[{"href":"https:\/\/www.riogrande.rs.gov.br\/smed\/index.php?rest_route=%2Fwp%2Fv2%2Fmedia&parent=29377"}],"curies":[{"name":"wp","href":"https:\/\/api.w.org\/{rel}","templated":true}]}}