{"id":291,"date":"2010-12-13T18:50:44","date_gmt":"2010-12-13T20:50:44","guid":{"rendered":"http:\/\/www.w8s.net.br\/labs\/blogsmecrg"},"modified":"2023-05-29T14:32:52","modified_gmt":"2023-05-29T17:32:52","slug":"formacaoassessoramento","status":"publish","type":"page","link":"https:\/\/www.riogrande.rs.gov.br\/smed\/?page_id=291","title":{"rendered":"N\u00facleos Pedag\u00f3gicos"},"content":{"rendered":"<p><!--\n\n\n<p style=\"text-align: justify;\">A Secretaria Municipal de Educa\u00e7\u00e3o e Cultura oferece, atrav\u00e9s de suas Assessorias Pedag\u00f3gicas, acompanhamento e forma\u00e7\u00e3o continuada aos professores e gestores da rede.<\/p>\n\n\n--><\/p>\n","protected":false},"excerpt":{"rendered":"","protected":false},"author":7,"featured_media":0,"parent":40,"menu_order":1,"comment_status":"closed","ping_status":"closed","template":"","meta":{"footnotes":""},"class_list":["post-291","page","type-page","status-publish","hentry"],"_links":{"self":[{"href":"https:\/\/www.riogrande.rs.gov.br\/smed\/index.php?rest_route=\/wp\/v2\/pages\/291"}],"collection":[{"href":"https:\/\/www.riogrande.rs.gov.br\/smed\/index.php?rest_route=\/wp\/v2\/pages"}],"about":[{"href":"https:\/\/www.riogrande.rs.gov.br\/smed\/index.php?rest_route=\/wp\/v2\/types\/page"}],"author":[{"embeddable":true,"href":"https:\/\/www.riogrande.rs.gov.br\/smed\/index.php?rest_route=\/wp\/v2\/users\/7"}],"replies":[{"embeddable":true,"href":"https:\/\/www.riogrande.rs.gov.br\/smed\/index.php?rest_route=%2Fwp%2Fv2%2Fcomments&post=291"}],"version-history":[{"count":6,"href":"https:\/\/www.riogrande.rs.gov.br\/smed\/index.php?rest_route=\/wp\/v2\/pages\/291\/revisions"}],"predecessor-version":[{"id":8910,"href":"https:\/\/www.riogrande.rs.gov.br\/smed\/index.php?rest_route=\/wp\/v2\/pages\/291\/revisions\/8910"}],"up":[{"embeddable":true,"href":"https:\/\/www.riogrande.rs.gov.br\/smed\/index.php?rest_route=\/wp\/v2\/pages\/40"}],"wp:attachment":[{"href":"https:\/\/www.riogrande.rs.gov.br\/smed\/index.php?rest_route=%2Fwp%2Fv2%2Fmedia&parent=291"}],"curies":[{"name":"wp","href":"https:\/\/api.w.org\/{rel}","templated":true}]}}