{"id":28434,"date":"2018-09-13T14:35:40","date_gmt":"2018-09-13T17:35:40","guid":{"rendered":"http:\/\/www.riogrande.rs.gov.br\/smed\/?page_id=28434"},"modified":"2018-10-16T15:11:03","modified_gmt":"2018-10-16T18:11:03","slug":"2a-ommerg","status":"publish","type":"page","link":"https:\/\/www.riogrande.rs.gov.br\/smed\/?page_id=28434","title":{"rendered":"2\u00aa OMMERG"},"content":{"rendered":"<hr \/>\n<p>Publicada 16\/10\/2018<\/p>\n<h2>\u201c2\u00aa OMMERG\u201d: Prova ser\u00e1 aplicada nesta quarta-feira, 17<\/h2>\n<div id=\"attachment_21164\" style=\"width: 495px\" class=\"wp-caption aligncenter\"><a href=\"http:\/\/www.riogrande.rs.gov.br\/smed\/wp-content\/uploads\/2017\/04\/20170420-ped-ommerg-Logo_Olimpiada_de_Matematica.jpg\" rel=\"lightbox[28434]\"><img loading=\"lazy\" decoding=\"async\" aria-describedby=\"caption-attachment-21164\" class=\"size-medium wp-image-21164\" src=\"http:\/\/www.riogrande.rs.gov.br\/smed\/wp-content\/uploads\/2017\/04\/20170420-ped-ommerg-Logo_Olimpiada_de_Matematica-485x758.jpg\" alt=\"\" width=\"485\" height=\"758\" srcset=\"https:\/\/www.riogrande.rs.gov.br\/smed\/wp-content\/uploads\/2017\/04\/20170420-ped-ommerg-Logo_Olimpiada_de_Matematica-485x758.jpg 485w, https:\/\/www.riogrande.rs.gov.br\/smed\/wp-content\/uploads\/2017\/04\/20170420-ped-ommerg-Logo_Olimpiada_de_Matematica-768x1201.jpg 768w, https:\/\/www.riogrande.rs.gov.br\/smed\/wp-content\/uploads\/2017\/04\/20170420-ped-ommerg-Logo_Olimpiada_de_Matematica-132x207.jpg 132w, https:\/\/www.riogrande.rs.gov.br\/smed\/wp-content\/uploads\/2017\/04\/20170420-ped-ommerg-Logo_Olimpiada_de_Matematica.jpg 800w\" sizes=\"(max-width: 485px) 100vw, 485px\" \/><\/a><p id=\"caption-attachment-21164\" class=\"wp-caption-text\">Divulga\u00e7\u00e3o<\/p><\/div>\n<p>&nbsp;<\/p>\n<p style=\"text-align: justify;\">A Secretaria de Munic\u00edpio da Educa\u00e7\u00e3o do Rio Grande (SMEd), atrav\u00e9s da Assessoria de Matem\u00e1tica do N\u00facleo de Ensino Fundamental dos Anos Finais, informa que a prova da \u201c<b>2\u00aa Olimp\u00edada Municipal de Matem\u00e1tica das Escolas do Rio Grande<\/b>\u201d (OMMERG\/2018) ser\u00e1 realizada nesta quarta-feira, dia <b>17 de outubro<\/b>, nas escolas da rede p\u00fablica municipal de ensino.<\/p>\n<p style=\"text-align: justify;\">A 2\u00aa OMMERG \u00e9 uma proposta da SMEd, realizada atrav\u00e9s das Escolas Municipais de Ensino Fundamental e destinada aos estudantes da Rede Municipal do Ensino Fundamental (do 4\u00ba ao 9\u00ba Anos) e da Educa\u00e7\u00e3o de Jovens e Adultos (da 3\u00aa e 4\u00aa Etapas do I Bloco e da 1\u00aa \u00e0 4\u00aa Etapas do II Bloco).<\/p>\n<p style=\"text-align: justify;\">A 2\u00aa Olimp\u00edada Municipal de Matem\u00e1tica das Escolas do Rio Grande \u2013 OMMERG\/2018 faz parte das atividades da Semana Nacional de Ci\u00eancia e Tecnologia (SNCT). Para obter maiores informa\u00e7\u00f5es, acesse o <a href=\"http:\/\/www.riogrande.rs.gov.br\/smed\/wp-content\/uploads\/2018\/10\/20181005-regulamento-2a_ommerg.pdf\" target=\"_blank\" rel=\"noopener\"><b>Regulamento<\/b><\/a> da 2\u00aa Olimp\u00edada Municipal de Matem\u00e1tica das Escolas do Rio Grande.<\/p>\n<p style=\"text-align: right;\"><em>SMEd<\/em><br \/>\n<em>Roberton Reis<\/em><br \/>\n<em>Com informa\u00e7\u00f5es da Assessoria de Matem\u00e1tica<\/em><\/p>\n<hr \/>\n<p>Publicada 05\/10\/2018<\/p>\n<h2>\u201c2\u00aa OMMERG\u201d: Data de realiza\u00e7\u00e3o da Prova foi alterada para o dia 17 de outubro<\/h2>\n<div id=\"attachment_21164\" style=\"width: 495px\" class=\"wp-caption aligncenter\"><a href=\"http:\/\/www.riogrande.rs.gov.br\/smed\/wp-content\/uploads\/2017\/04\/20170420-ped-ommerg-Logo_Olimpiada_de_Matematica.jpg\" rel=\"lightbox[28434]\"><img loading=\"lazy\" decoding=\"async\" aria-describedby=\"caption-attachment-21164\" class=\"size-medium wp-image-21164\" src=\"http:\/\/www.riogrande.rs.gov.br\/smed\/wp-content\/uploads\/2017\/04\/20170420-ped-ommerg-Logo_Olimpiada_de_Matematica-485x758.jpg\" alt=\"\" width=\"485\" height=\"758\" srcset=\"https:\/\/www.riogrande.rs.gov.br\/smed\/wp-content\/uploads\/2017\/04\/20170420-ped-ommerg-Logo_Olimpiada_de_Matematica-485x758.jpg 485w, https:\/\/www.riogrande.rs.gov.br\/smed\/wp-content\/uploads\/2017\/04\/20170420-ped-ommerg-Logo_Olimpiada_de_Matematica-768x1201.jpg 768w, https:\/\/www.riogrande.rs.gov.br\/smed\/wp-content\/uploads\/2017\/04\/20170420-ped-ommerg-Logo_Olimpiada_de_Matematica-132x207.jpg 132w, https:\/\/www.riogrande.rs.gov.br\/smed\/wp-content\/uploads\/2017\/04\/20170420-ped-ommerg-Logo_Olimpiada_de_Matematica.jpg 800w\" sizes=\"(max-width: 485px) 100vw, 485px\" \/><\/a><p id=\"caption-attachment-21164\" class=\"wp-caption-text\">Divulga\u00e7\u00e3o<\/p><\/div>\n<p style=\"text-align: justify;\">A Secretaria de Munic\u00edpio da Educa\u00e7\u00e3o do Rio Grande (SMEd), atrav\u00e9s da Assessoria de Matem\u00e1tica do N\u00facleo de Ensino Fundamental dos Anos Finais, informa que a data de realiza\u00e7\u00e3o da prova da \u201c<b>2\u00aa Olimp\u00edada Municipal de Matem\u00e1tica das Escolas do Rio Grande<\/b>\u201d (OMMERG\/2018) foi transferida para o dia <b>17 de outubro<\/b>, em virtude da Cerim\u00f4nia para os destaques da 13\u00aa OBMEP, que ocorrer\u00e1 no dia 16.<\/p>\n<p style=\"text-align: justify;\"><!--more--><\/p>\n<p style=\"text-align: justify;\">A 2\u00aa OMMERG \u00e9 uma proposta da SMEd, realizada atrav\u00e9s das Escolas Municipais de Ensino Fundamental e destinada aos estudantes da Rede Municipal do Ensino Fundamental (do 4\u00ba ao 9\u00ba Anos) e da Educa\u00e7\u00e3o de Jovens e Adultos (da 3\u00aa e 4\u00aa Etapas do I Bloco e da 1\u00aa \u00e0 4\u00aa Etapas do II Bloco).<\/p>\n<p style=\"text-align: justify;\">Para obter maiores informa\u00e7\u00f5es, acesse o <a href=\"http:\/\/www.riogrande.rs.gov.br\/smed\/wp-content\/uploads\/2018\/10\/20181005-regulamento-2a_ommerg.pdf\" target=\"_blank\" rel=\"noopener\"><b>Regulamento<\/b><\/a> da 2\u00aa Olimp\u00edada Municipal de Matem\u00e1tica das Escolas do Rio Grande.<\/p>\n<p>&nbsp;<\/p>\n<p style=\"text-align: right;\"><em>SMEd<\/em><br \/>\n<em>Roberton Reis<\/em><br \/>\n<em>Com informa\u00e7\u00f5es da Assessoria de Matem\u00e1tica<\/em><\/p>\n<hr \/>\n<p>Publicada 04\/10\/2018<\/p>\n<h2>\u201c2\u00aa OMMERG\u201d: Inscri\u00e7\u00f5es podem ser realizadas at\u00e9 esta sexta-feira, dia 05<\/h2>\n<div id=\"attachment_21164\" style=\"width: 495px\" class=\"wp-caption aligncenter\"><a href=\"http:\/\/www.riogrande.rs.gov.br\/smed\/wp-content\/uploads\/2017\/04\/20170420-ped-ommerg-Logo_Olimpiada_de_Matematica.jpg\" rel=\"lightbox[28434]\"><img loading=\"lazy\" decoding=\"async\" aria-describedby=\"caption-attachment-21164\" class=\"size-medium wp-image-21164\" src=\"http:\/\/www.riogrande.rs.gov.br\/smed\/wp-content\/uploads\/2017\/04\/20170420-ped-ommerg-Logo_Olimpiada_de_Matematica-485x758.jpg\" alt=\"\" width=\"485\" height=\"758\" srcset=\"https:\/\/www.riogrande.rs.gov.br\/smed\/wp-content\/uploads\/2017\/04\/20170420-ped-ommerg-Logo_Olimpiada_de_Matematica-485x758.jpg 485w, https:\/\/www.riogrande.rs.gov.br\/smed\/wp-content\/uploads\/2017\/04\/20170420-ped-ommerg-Logo_Olimpiada_de_Matematica-768x1201.jpg 768w, https:\/\/www.riogrande.rs.gov.br\/smed\/wp-content\/uploads\/2017\/04\/20170420-ped-ommerg-Logo_Olimpiada_de_Matematica-132x207.jpg 132w, https:\/\/www.riogrande.rs.gov.br\/smed\/wp-content\/uploads\/2017\/04\/20170420-ped-ommerg-Logo_Olimpiada_de_Matematica.jpg 800w\" sizes=\"(max-width: 485px) 100vw, 485px\" \/><\/a><p id=\"caption-attachment-21164\" class=\"wp-caption-text\">Divulga\u00e7\u00e3o<\/p><\/div>\n<p style=\"text-align: justify;\">A Secretaria de Munic\u00edpio da Educa\u00e7\u00e3o do Rio Grande (SMEd), atrav\u00e9s da Assessoria de Matem\u00e1tica do N\u00facleo de Ensino Fundamental dos Anos Finais, informa que as inscri\u00e7\u00f5es para a \u201c<b>2\u00aa Olimp\u00edada Municipal de Matem\u00e1tica das Escolas do Rio Grande<\/b>\u201d (OMMERG\/2018) podem ser realizadas at\u00e9 esta sexta-feira, dia 05 de outubro, acessando <a href=\"https:\/\/docs.google.com\/forms\/d\/e\/1FAIpQLSeC8wN4ibYndHw3Za2Z1561QQj9GwrymVt2pWDEGmYP474rhA\/viewform?embedded=true\" target=\"_blank\" rel=\"noopener\"><b>aqui<\/b><\/a>.<\/p>\n<p style=\"text-align: justify;\">A 2\u00aa OMMERG \u00e9 uma proposta da SMEd, realizada atrav\u00e9s das Escolas Municipais de Ensino Fundamental e destinada aos estudantes da Rede Municipal do Ensino Fundamental (do 4\u00ba ao 9\u00ba Anos) e da Educa\u00e7\u00e3o de Jovens e Adultos (da 3\u00aa e 4\u00aa Etapas do I Bloco e da 1\u00aa \u00e0 4\u00aa Etapas do II Bloco). A prova ser\u00e1 realizada no dia <b>16 de outubro<\/b>, como uma das atividades da Semana Nacional de Ci\u00eancia e Tecnologia \u2013 SNCT.<\/p>\n<p style=\"text-align: justify;\">Para obter maiores informa\u00e7\u00f5es, acesse o <a href=\"http:\/\/www.riogrande.rs.gov.br\/smed\/wp-content\/uploads\/2018\/09\/20180913-regulamento_da_2%C2%AA_olimpiada_municipal_de_matematica-2018.pdf\" target=\"_blank\" rel=\"noopener\"><b>Regulamento<\/b><\/a> da 2\u00aa Olimp\u00edada Municipal de Matem\u00e1tica das Escolas do Rio Grande.<\/p>\n<p>&nbsp;<\/p>\n<p style=\"text-align: right;\"><em>SMEd<\/em><br \/>\n<em>Roberton Reis<\/em><br \/>\n<em>Com informa\u00e7\u00f5es da Assessoria de Matem\u00e1tica<\/em><\/p>\n<hr \/>\n<p>Publicada 27\/09\/2018<\/p>\n<h2>Per\u00edodo de inscri\u00e7\u00f5es para a \u201c2\u00aa Olimp\u00edada Municipal de Matem\u00e1tica das Escolas do Rio Grande\u201d encerra no dia 1\u00ba<\/h2>\n<div id=\"attachment_21164\" style=\"width: 495px\" class=\"wp-caption aligncenter\"><a href=\"http:\/\/www.riogrande.rs.gov.br\/smed\/wp-content\/uploads\/2017\/04\/20170420-ped-ommerg-Logo_Olimpiada_de_Matematica.jpg\" rel=\"lightbox[28434]\"><img loading=\"lazy\" decoding=\"async\" aria-describedby=\"caption-attachment-21164\" class=\"size-medium wp-image-21164\" src=\"http:\/\/www.riogrande.rs.gov.br\/smed\/wp-content\/uploads\/2017\/04\/20170420-ped-ommerg-Logo_Olimpiada_de_Matematica-485x758.jpg\" alt=\"\" width=\"485\" height=\"758\" srcset=\"https:\/\/www.riogrande.rs.gov.br\/smed\/wp-content\/uploads\/2017\/04\/20170420-ped-ommerg-Logo_Olimpiada_de_Matematica-485x758.jpg 485w, https:\/\/www.riogrande.rs.gov.br\/smed\/wp-content\/uploads\/2017\/04\/20170420-ped-ommerg-Logo_Olimpiada_de_Matematica-768x1201.jpg 768w, https:\/\/www.riogrande.rs.gov.br\/smed\/wp-content\/uploads\/2017\/04\/20170420-ped-ommerg-Logo_Olimpiada_de_Matematica-132x207.jpg 132w, https:\/\/www.riogrande.rs.gov.br\/smed\/wp-content\/uploads\/2017\/04\/20170420-ped-ommerg-Logo_Olimpiada_de_Matematica.jpg 800w\" sizes=\"(max-width: 485px) 100vw, 485px\" \/><\/a><p id=\"caption-attachment-21164\" class=\"wp-caption-text\">Divulga\u00e7\u00e3o<\/p><\/div>\n<p style=\"text-align: justify;\">A Secretaria de Munic\u00edpio da Educa\u00e7\u00e3o do Rio Grande (SMEd), atrav\u00e9s da Assessoria de Matem\u00e1tica do N\u00facleo de Ensino Fundamental dos Anos Finais, informa \u00e0s escolas da rede p\u00fablica municipal de ensino que o per\u00edodo de inscri\u00e7\u00f5es para a \u201c2<b>\u00aa Olimp\u00edada Municipal de Matem\u00e1tica das Escolas do Rio Grande<\/b>\u201d (OMMERG\/2018) encerra na pr\u00f3xima segunda-feira, dia <b>1\u00ba de outubro<\/b>.<\/p>\n<p style=\"text-align: justify;\">A 2\u00aa OMMERG \u00e9 uma proposta da SMEd, realizada atrav\u00e9s das Escolas Municipais de Ensino Fundamental e destinada aos estudantes da Rede Municipal do Ensino Fundamental (do 4\u00ba ao 9\u00ba Anos) e da Educa\u00e7\u00e3o de Jovens e Adultos (da 3\u00aa e 4\u00aa Etapas do I Bloco e da 1\u00aa \u00e0 4\u00aa Etapas do II Bloco). A prova ser\u00e1 realizada no dia 16 de outubro, como uma das atividades da Semana Nacional de Ci\u00eancia e Tecnologia \u2013 SNCT.<\/p>\n<p style=\"text-align: justify;\">As inscri\u00e7\u00f5es poder\u00e3o ser realizadas clicando <a href=\"https:\/\/docs.google.com\/forms\/d\/e\/1FAIpQLSeC8wN4ibYndHw3Za2Z1561QQj9GwrymVt2pWDEGmYP474rhA\/viewform?embedded=true\" target=\"_blank\" rel=\"noopener\"><b>aqui<\/b><\/a><b>. <\/b>Para obter maiores informa\u00e7\u00f5es, acesse o <a href=\"http:\/\/www.riogrande.rs.gov.br\/smed\/wp-content\/uploads\/2018\/09\/20180913-regulamento_da_2%C2%AA_olimpiada_municipal_de_matematica-2018.pdf\" target=\"_blank\" rel=\"noopener\"><b>Regulamento<\/b><\/a> da \u201c2\u00aa Olimp\u00edada Municipal de Matem\u00e1tica das Escolas do Rio Grande\u201d<\/p>\n<p style=\"text-align: right;\"><em>SMEd<\/em><br \/>\n<em>Roberton Reis<\/em><br \/>\n<em>Com informa\u00e7\u00f5es da Assessoria de Matem\u00e1tica<\/em><\/p>\n<hr \/>\n<p>Publicada 13\/09\/2018<\/p>\n<h2>Escolas da Rede Municipal j\u00e1 podem realizar a inscri\u00e7\u00e3o na \u201c2\u00aa OMMERG\u201d<\/h2>\n<div id=\"attachment_28431\" style=\"width: 396px\" class=\"wp-caption aligncenter\"><a href=\"http:\/\/www.riogrande.rs.gov.br\/smed\/wp-content\/uploads\/2018\/09\/20180913-matematica.png\" rel=\"lightbox[28434]\"><img loading=\"lazy\" decoding=\"async\" aria-describedby=\"caption-attachment-28431\" class=\"size-full wp-image-28431\" src=\"http:\/\/www.riogrande.rs.gov.br\/smed\/wp-content\/uploads\/2018\/09\/20180913-matematica.png\" alt=\"\" width=\"386\" height=\"536\" srcset=\"https:\/\/www.riogrande.rs.gov.br\/smed\/wp-content\/uploads\/2018\/09\/20180913-matematica.png 386w, https:\/\/www.riogrande.rs.gov.br\/smed\/wp-content\/uploads\/2018\/09\/20180913-matematica-149x207.png 149w\" sizes=\"(max-width: 386px) 100vw, 386px\" \/><\/a><p id=\"caption-attachment-28431\" class=\"wp-caption-text\">Divulga\u00e7\u00e3o<\/p><\/div>\n<p style=\"text-align: justify;\">A Secretaria de Munic\u00edpio da Educa\u00e7\u00e3o do Rio Grande (SMEd), atrav\u00e9s da Assessoria de Matem\u00e1tica do N\u00facleo de Ensino Fundamental dos Anos Finais, informa que j\u00e1 est\u00e3o abertas as inscri\u00e7\u00f5es para a \u201c<b>2\u00aa Olimp\u00edada Municipal de Matem\u00e1tica das Escolas do Rio Grande<\/b>\u201d (OMMERG\/2018).<\/p>\n<p style=\"text-align: justify;\">A 2\u00aa OMMERG \u00e9 uma proposta da SMEd, realizada atrav\u00e9s das Escolas Municipais de Ensino Fundamental e destinada aos estudantes da Rede Municipal do Ensino Fundamental (do 4\u00ba ao 9\u00ba Anos) e da Educa\u00e7\u00e3o de Jovens e Adultos (da 3\u00aa e 4\u00aa Etapas do I Bloco e da 1\u00aa \u00e0 4\u00aa Etapas do II Bloco). A prova ser\u00e1 realizada no dia 16 de outubro, como uma das atividades da Semana Nacional de Ci\u00eancia e Tecnologia &#8211; SNCT.<\/p>\n<p style=\"text-align: justify;\">As inscri\u00e7\u00f5es poder\u00e3o ser realizadas at\u00e9 o dia 1\u00ba de outubro, acessando <a href=\"https:\/\/docs.google.com\/forms\/d\/e\/1FAIpQLSeC8wN4ibYndHw3Za2Z1561QQj9GwrymVt2pWDEGmYP474rhA\/viewform?embedded=true\" target=\"_blank\" rel=\"noopener\"><b>aqui<\/b><\/a>. Para obter maiores informa\u00e7\u00f5es, acesse o <a href=\"http:\/\/www.riogrande.rs.gov.br\/smed\/wp-content\/uploads\/2018\/09\/20180913-regulamento_da_2\u00aa_olimpiada_municipal_de_matematica-2018.pdf\" target=\"_blank\" rel=\"noopener\"><b>Regulamento<\/b><\/a> da 2\u00aa Olimp\u00edada Municipal de Matem\u00e1tica das Escolas do Rio Grande.<\/p>\n<p style=\"text-align: right;\"><em>SMEd<\/em><br \/>\n<em>Roberton Reis<\/em><br \/>\n<em>Com informa\u00e7\u00f5es da Assessoria de Matem\u00e1tica<\/em><\/p>\n","protected":false},"excerpt":{"rendered":"<p>Publicada 16\/10\/2018 \u201c2\u00aa OMMERG\u201d: Prova ser\u00e1 aplicada nesta quarta-feira, 17 &nbsp; A Secretaria de Munic\u00edpio da Educa\u00e7\u00e3o do Rio Grande (SMEd), atrav\u00e9s da Assessoria de Matem\u00e1tica do N\u00facleo de Ensino Fundamental dos Anos Finais, informa que a prova da \u201c2\u00aa Olimp\u00edada Municipal de Matem\u00e1tica das Escolas do Rio Grande\u201d (OMMERG\/2018) ser\u00e1 realizada nesta quarta-feira, dia [&hellip;]<\/p>\n","protected":false},"author":7,"featured_media":0,"parent":25220,"menu_order":11,"comment_status":"closed","ping_status":"closed","template":"","meta":{"footnotes":""},"class_list":["post-28434","page","type-page","status-publish","hentry"],"_links":{"self":[{"href":"https:\/\/www.riogrande.rs.gov.br\/smed\/index.php?rest_route=\/wp\/v2\/pages\/28434"}],"collection":[{"href":"https:\/\/www.riogrande.rs.gov.br\/smed\/index.php?rest_route=\/wp\/v2\/pages"}],"about":[{"href":"https:\/\/www.riogrande.rs.gov.br\/smed\/index.php?rest_route=\/wp\/v2\/types\/page"}],"author":[{"embeddable":true,"href":"https:\/\/www.riogrande.rs.gov.br\/smed\/index.php?rest_route=\/wp\/v2\/users\/7"}],"replies":[{"embeddable":true,"href":"https:\/\/www.riogrande.rs.gov.br\/smed\/index.php?rest_route=%2Fwp%2Fv2%2Fcomments&post=28434"}],"version-history":[{"count":10,"href":"https:\/\/www.riogrande.rs.gov.br\/smed\/index.php?rest_route=\/wp\/v2\/pages\/28434\/revisions"}],"predecessor-version":[{"id":29095,"href":"https:\/\/www.riogrande.rs.gov.br\/smed\/index.php?rest_route=\/wp\/v2\/pages\/28434\/revisions\/29095"}],"up":[{"embeddable":true,"href":"https:\/\/www.riogrande.rs.gov.br\/smed\/index.php?rest_route=\/wp\/v2\/pages\/25220"}],"wp:attachment":[{"href":"https:\/\/www.riogrande.rs.gov.br\/smed\/index.php?rest_route=%2Fwp%2Fv2%2Fmedia&parent=28434"}],"curies":[{"name":"wp","href":"https:\/\/api.w.org\/{rel}","templated":true}]}}