{"id":28043,"date":"2018-08-23T21:15:23","date_gmt":"2018-08-24T00:15:23","guid":{"rendered":"http:\/\/www.riogrande.rs.gov.br\/smed\/?page_id=28043"},"modified":"2018-09-14T15:22:44","modified_gmt":"2018-09-14T18:22:44","slug":"6o-seminario-municipal-de-diversidade-e-inclusao","status":"publish","type":"page","link":"https:\/\/www.riogrande.rs.gov.br\/smed\/?page_id=28043","title":{"rendered":"\u201c6\u00ba Semin\u00e1rio Municipal de Diversidade e Inclus\u00e3o\u201d"},"content":{"rendered":"<hr \/>\n<p>Publicada 14\/09\/2018<\/p>\n<h2>\u201c6\u00b0 Semin\u00e1rio Municipal de Diversidade e Inclus\u00e3o\u201d da SMEd \u00e9 destaque de p\u00fablico e agrada os participantes pelas palestras abordadas<\/h2>\n<p>&nbsp;<\/p>\n\n\t\t<style type=\"text\/css\">\n\t\t\t#gallery-1 {\n\t\t\t\tmargin: auto;\n\t\t\t}\n\t\t\t#gallery-1 .gallery-item {\n\t\t\t\tfloat: left;\n\t\t\t\tmargin-top: 10px;\n\t\t\t\ttext-align: center;\n\t\t\t\twidth: 33%;\n\t\t\t}\n\t\t\t#gallery-1 img {\n\t\t\t\tborder: 2px solid #cfcfcf;\n\t\t\t}\n\t\t\t#gallery-1 .gallery-caption {\n\t\t\t\tmargin-left: 0;\n\t\t\t}\n\t\t\t\/* see gallery_shortcode() in wp-includes\/media.php *\/\n\t\t<\/style>\n\t\t<div id='gallery-1' class='gallery galleryid-28043 gallery-columns-3 gallery-size-thumbnail'><dl class='gallery-item'>\n\t\t\t<dt class='gallery-icon landscape'>\n\t\t\t\t<a href='https:\/\/www.riogrande.rs.gov.br\/smed\/wp-content\/uploads\/2018\/09\/20180914-ped-inclusao-image1.jpg' rel=\"lightbox[28043]\"><img loading=\"lazy\" decoding=\"async\" width=\"150\" height=\"150\" src=\"https:\/\/www.riogrande.rs.gov.br\/smed\/wp-content\/uploads\/2018\/09\/20180914-ped-inclusao-image1-150x150.jpg\" class=\"attachment-thumbnail size-thumbnail\" alt=\"\" aria-describedby=\"gallery-1-28502\" \/><\/a>\n\t\t\t<\/dt>\n\t\t\t\t<dd class='wp-caption-text gallery-caption' id='gallery-1-28502'>\n\t\t\t\tCr\u00e9dito: SMEd\n\t\t\t\t<\/dd><\/dl><dl class='gallery-item'>\n\t\t\t<dt class='gallery-icon landscape'>\n\t\t\t\t<a href='https:\/\/www.riogrande.rs.gov.br\/smed\/wp-content\/uploads\/2018\/09\/20180914-ped-inclusao-image2.jpg' rel=\"lightbox[28043]\"><img loading=\"lazy\" decoding=\"async\" width=\"150\" height=\"150\" src=\"https:\/\/www.riogrande.rs.gov.br\/smed\/wp-content\/uploads\/2018\/09\/20180914-ped-inclusao-image2-150x150.jpg\" class=\"attachment-thumbnail size-thumbnail\" alt=\"\" aria-describedby=\"gallery-1-28503\" \/><\/a>\n\t\t\t<\/dt>\n\t\t\t\t<dd class='wp-caption-text gallery-caption' id='gallery-1-28503'>\n\t\t\t\tCr\u00e9dito: SMEd\n\t\t\t\t<\/dd><\/dl><dl class='gallery-item'>\n\t\t\t<dt class='gallery-icon landscape'>\n\t\t\t\t<a href='https:\/\/www.riogrande.rs.gov.br\/smed\/wp-content\/uploads\/2018\/09\/20180914-ped-inclusao-image3.jpg' rel=\"lightbox[28043]\"><img loading=\"lazy\" decoding=\"async\" width=\"150\" height=\"150\" src=\"https:\/\/www.riogrande.rs.gov.br\/smed\/wp-content\/uploads\/2018\/09\/20180914-ped-inclusao-image3-150x150.jpg\" class=\"attachment-thumbnail size-thumbnail\" alt=\"\" aria-describedby=\"gallery-1-28504\" \/><\/a>\n\t\t\t<\/dt>\n\t\t\t\t<dd class='wp-caption-text gallery-caption' id='gallery-1-28504'>\n\t\t\t\tCr\u00e9dito: SMEd\n\t\t\t\t<\/dd><\/dl><br style=\"clear: both\" \/><dl class='gallery-item'>\n\t\t\t<dt class='gallery-icon landscape'>\n\t\t\t\t<a href='https:\/\/www.riogrande.rs.gov.br\/smed\/wp-content\/uploads\/2018\/09\/20180914-ped-inclusao-image4.jpg' rel=\"lightbox[28043]\"><img loading=\"lazy\" decoding=\"async\" width=\"150\" height=\"150\" src=\"https:\/\/www.riogrande.rs.gov.br\/smed\/wp-content\/uploads\/2018\/09\/20180914-ped-inclusao-image4-150x150.jpg\" class=\"attachment-thumbnail size-thumbnail\" alt=\"\" aria-describedby=\"gallery-1-28505\" \/><\/a>\n\t\t\t<\/dt>\n\t\t\t\t<dd class='wp-caption-text gallery-caption' id='gallery-1-28505'>\n\t\t\t\tCr\u00e9dito: SMEd\n\t\t\t\t<\/dd><\/dl><dl class='gallery-item'>\n\t\t\t<dt class='gallery-icon landscape'>\n\t\t\t\t<a href='https:\/\/www.riogrande.rs.gov.br\/smed\/wp-content\/uploads\/2018\/09\/20180914-ped-inclusao-image5.jpg' rel=\"lightbox[28043]\"><img loading=\"lazy\" decoding=\"async\" width=\"150\" height=\"150\" src=\"https:\/\/www.riogrande.rs.gov.br\/smed\/wp-content\/uploads\/2018\/09\/20180914-ped-inclusao-image5-150x150.jpg\" class=\"attachment-thumbnail size-thumbnail\" alt=\"\" aria-describedby=\"gallery-1-28506\" \/><\/a>\n\t\t\t<\/dt>\n\t\t\t\t<dd class='wp-caption-text gallery-caption' id='gallery-1-28506'>\n\t\t\t\tCr\u00e9dito: SMEd\n\t\t\t\t<\/dd><\/dl><dl class='gallery-item'>\n\t\t\t<dt class='gallery-icon landscape'>\n\t\t\t\t<a href='https:\/\/www.riogrande.rs.gov.br\/smed\/wp-content\/uploads\/2018\/09\/20180914-ped-inclusao-image6.jpg' rel=\"lightbox[28043]\"><img loading=\"lazy\" decoding=\"async\" width=\"150\" height=\"150\" src=\"https:\/\/www.riogrande.rs.gov.br\/smed\/wp-content\/uploads\/2018\/09\/20180914-ped-inclusao-image6-150x150.jpg\" class=\"attachment-thumbnail size-thumbnail\" alt=\"\" aria-describedby=\"gallery-1-28507\" \/><\/a>\n\t\t\t<\/dt>\n\t\t\t\t<dd class='wp-caption-text gallery-caption' id='gallery-1-28507'>\n\t\t\t\tCr\u00e9dito: SMEd\n\t\t\t\t<\/dd><\/dl><br style=\"clear: both\" \/><dl class='gallery-item'>\n\t\t\t<dt class='gallery-icon landscape'>\n\t\t\t\t<a href='https:\/\/www.riogrande.rs.gov.br\/smed\/wp-content\/uploads\/2018\/09\/20180914-ped-inclusao-image7.jpg' rel=\"lightbox[28043]\"><img loading=\"lazy\" decoding=\"async\" width=\"150\" height=\"150\" src=\"https:\/\/www.riogrande.rs.gov.br\/smed\/wp-content\/uploads\/2018\/09\/20180914-ped-inclusao-image7-150x150.jpg\" class=\"attachment-thumbnail size-thumbnail\" alt=\"\" aria-describedby=\"gallery-1-28508\" \/><\/a>\n\t\t\t<\/dt>\n\t\t\t\t<dd class='wp-caption-text gallery-caption' id='gallery-1-28508'>\n\t\t\t\tCr\u00e9dito: SMEd\n\t\t\t\t<\/dd><\/dl><dl class='gallery-item'>\n\t\t\t<dt class='gallery-icon landscape'>\n\t\t\t\t<a href='https:\/\/www.riogrande.rs.gov.br\/smed\/wp-content\/uploads\/2018\/09\/20180914-ped-inclusao-image8.jpg' rel=\"lightbox[28043]\"><img loading=\"lazy\" decoding=\"async\" width=\"150\" height=\"150\" src=\"https:\/\/www.riogrande.rs.gov.br\/smed\/wp-content\/uploads\/2018\/09\/20180914-ped-inclusao-image8-150x150.jpg\" class=\"attachment-thumbnail size-thumbnail\" alt=\"\" aria-describedby=\"gallery-1-28509\" \/><\/a>\n\t\t\t<\/dt>\n\t\t\t\t<dd class='wp-caption-text gallery-caption' id='gallery-1-28509'>\n\t\t\t\tCr\u00e9dito: SMEd\n\t\t\t\t<\/dd><\/dl><dl class='gallery-item'>\n\t\t\t<dt class='gallery-icon landscape'>\n\t\t\t\t<a href='https:\/\/www.riogrande.rs.gov.br\/smed\/wp-content\/uploads\/2018\/09\/20180914-ped-inclusao-image9.jpg' rel=\"lightbox[28043]\"><img loading=\"lazy\" decoding=\"async\" width=\"150\" height=\"150\" src=\"https:\/\/www.riogrande.rs.gov.br\/smed\/wp-content\/uploads\/2018\/09\/20180914-ped-inclusao-image9-150x150.jpg\" class=\"attachment-thumbnail size-thumbnail\" alt=\"\" aria-describedby=\"gallery-1-28510\" \/><\/a>\n\t\t\t<\/dt>\n\t\t\t\t<dd class='wp-caption-text gallery-caption' id='gallery-1-28510'>\n\t\t\t\tCr\u00e9dito: SMEd\n\t\t\t\t<\/dd><\/dl><br style=\"clear: both\" \/><dl class='gallery-item'>\n\t\t\t<dt class='gallery-icon landscape'>\n\t\t\t\t<a href='https:\/\/www.riogrande.rs.gov.br\/smed\/wp-content\/uploads\/2018\/09\/20180914-ped-inclusao-image10.jpg' rel=\"lightbox[28043]\"><img loading=\"lazy\" decoding=\"async\" width=\"150\" height=\"150\" src=\"https:\/\/www.riogrande.rs.gov.br\/smed\/wp-content\/uploads\/2018\/09\/20180914-ped-inclusao-image10-150x150.jpg\" class=\"attachment-thumbnail size-thumbnail\" alt=\"\" aria-describedby=\"gallery-1-28511\" \/><\/a>\n\t\t\t<\/dt>\n\t\t\t\t<dd class='wp-caption-text gallery-caption' id='gallery-1-28511'>\n\t\t\t\tCr\u00e9dito: SMEd\n\t\t\t\t<\/dd><\/dl><dl class='gallery-item'>\n\t\t\t<dt class='gallery-icon landscape'>\n\t\t\t\t<a href='https:\/\/www.riogrande.rs.gov.br\/smed\/wp-content\/uploads\/2018\/09\/20180914-ped-inclusao-image11.jpg' rel=\"lightbox[28043]\"><img loading=\"lazy\" decoding=\"async\" width=\"150\" height=\"150\" src=\"https:\/\/www.riogrande.rs.gov.br\/smed\/wp-content\/uploads\/2018\/09\/20180914-ped-inclusao-image11-150x150.jpg\" class=\"attachment-thumbnail size-thumbnail\" alt=\"\" aria-describedby=\"gallery-1-28512\" \/><\/a>\n\t\t\t<\/dt>\n\t\t\t\t<dd class='wp-caption-text gallery-caption' id='gallery-1-28512'>\n\t\t\t\tCr\u00e9dito: SMEd\n\t\t\t\t<\/dd><\/dl><dl class='gallery-item'>\n\t\t\t<dt class='gallery-icon landscape'>\n\t\t\t\t<a href='https:\/\/www.riogrande.rs.gov.br\/smed\/wp-content\/uploads\/2018\/09\/20180914-ped-inclusao-image12.jpg' rel=\"lightbox[28043]\"><img loading=\"lazy\" decoding=\"async\" width=\"150\" height=\"150\" src=\"https:\/\/www.riogrande.rs.gov.br\/smed\/wp-content\/uploads\/2018\/09\/20180914-ped-inclusao-image12-150x150.jpg\" class=\"attachment-thumbnail size-thumbnail\" alt=\"\" aria-describedby=\"gallery-1-28513\" \/><\/a>\n\t\t\t<\/dt>\n\t\t\t\t<dd class='wp-caption-text gallery-caption' id='gallery-1-28513'>\n\t\t\t\tCr\u00e9dito: SMEd\n\t\t\t\t<\/dd><\/dl><br style=\"clear: both\" \/>\n\t\t<\/div>\n\n<p style=\"text-align: justify;\">A Secretaria de Munic\u00edpio da Educa\u00e7\u00e3o de Rio Grande (SMEd), atrav\u00e9s do N\u00facleo de Diversidade e Inclus\u00e3o, promoveu, na \u00faltima segunda-feira, dia <b>10 de setembro<\/b>, nos turnos da manh\u00e3 e da tarde, no Cidec-Sul da Universidade Federal do Rio Grande (Furg), o \u201c<b>6\u00b0 Semin\u00e1rio Municipal de Diversidade e Inclus\u00e3o<\/b>\u201d, o qual contou com a participa\u00e7\u00e3o de professores(as), equipe diretiva e pedag\u00f3gica, monitores(as), familiares e funcion\u00e1rios(as) das escolas da rede p\u00fablica municipal de ensino.<\/p>\n<p style=\"text-align: justify;\">A primeira palestra do Semin\u00e1rio foi proferida pela Doutora em Educa\u00e7\u00e3o pela Universidade Federal de Pelotas, Rita de C\u00e1ssia C\u00f3ssio Rodriguez, que defendeu a tem\u00e1tica do Evento, \u201c<b>Todos Protagonistas da Inclus\u00e3o<\/b>\u201d, destacando a import\u00e2ncia do \u201cpapel\u201d de cada um(a) no cotidiano escolar e do trabalho articulado em rede, no processo inclusivo.<\/p>\n<p style=\"text-align: justify;\">Dando continuidade ao Semin\u00e1rio, abriu-se espa\u00e7o para a apresenta\u00e7\u00e3o da \u201c<b>Cartilha escola para todos: Nanismo<\/b>\u201d, pela m\u00e3e e ativista da causa, V\u00e9lvit Ferreira Severo.<\/p>\n<p style=\"text-align: justify;\">O N\u00facleo de Diversidade e Inclus\u00e3o da SMEd apresentou os avan\u00e7os da rede p\u00fablica municipal de ensino na \u00e1rea da Educa\u00e7\u00e3o Inclusiva, nos \u00faltimos 05 anos, destacando os servi\u00e7os disponibilizados para os estudantes que apresentam Necessidades Educacionais Espec\u00edficas matriculados nas escolas municipais, e o atendimento \u00e0 demanda crescente e significativa que se apresenta. Tamb\u00e9m informou sobre as novas legisla\u00e7\u00f5es federais e municipal, que amparam o trabalho na \u00e1rea.<\/p>\n<p style=\"text-align: justify;\">Acompanhando a Lei Municipal 8.166, de 1\u00ba de novembro de 2017, no turno da tarde tratou-se a tem\u00e1tica Dislexia: O que \u00e9? Como ajudar? Para tratar desse assunto, a palestra ficou a cargo da Neuropsicopedagoga Cl\u00ednica, Eliane Bizarro. \u201c<b>A palestra foi muito esclarecedora e trouxe v\u00e1rias estrat\u00e9gias de flexibiliza\u00e7\u00e3o de curr\u00edculo para atender aos(\u00e0s) estudantes que apresentam o referido transtorno. Os(as) participantes ficaram instigados(as) a querer aprofundar os seus conhecimentos sobre o assunto<\/b>\u201d, destacou a coordena\u00e7\u00e3o do N\u00facleo.<\/p>\n<p style=\"text-align: justify;\">A culmin\u00e2ncia do Semin\u00e1rio aconteceu com a palestra \u201c<b>A import\u00e2ncia das Adequa\u00e7\u00f5es e Adapta\u00e7\u00f5es no Contexto Escolar<\/b>\u201d, desenvolvida pela Psicopedagoga e Especialista em Atendimento Educacional Especializado (AEE), Carla Bel\u00e9m. O ponto alto da palestra foi quando a palestrante compartilhou com o p\u00fablico exemplos de atividades pedag\u00f3gicas adequadas, ilustrando suas reflex\u00f5es.<\/p>\n<p style=\"text-align: justify;\">\u201c<b>O N\u00facleo de Diversidade e Inclus\u00e3o avalia o sucesso do Evento, pontuando dois aspectos relevantes: o n\u00famero expressivo de participantes, sinalizando o desejo da sociedade por fomentar os estudos sobre a Educa\u00e7\u00e3o Especial na perspectiva inclusiva do Munic\u00edpio do Rio Grande; e a disponibiliza\u00e7\u00e3o de um espa\u00e7o para que os familiares pudessem se posicionar frente a este processo, evidenciando o protagonismo de todos(as) na inclus\u00e3o escolar<\/b>\u201d, finalizou Elis\u00e2ngela Macedo, coordenadora do N\u00facleo de Diversidade e Inclus\u00e3o da SMEd.<\/p>\n<p style=\"text-align: right;\"><em>SMEd<\/em><br \/>\n<em>Roberton Reis<\/em><br \/>\n<em>Com informa\u00e7\u00f5es do N\u00facleo de Diversidade e Inclus\u00e3o<\/em><\/p>\n<hr \/>\n<p>Publicada 23\/08\/2018<\/p>\n<h2>Per\u00edodo de inscri\u00e7\u00f5es para o \u201c6\u00ba Semin\u00e1rio Municipal de Diversidade e Inclus\u00e3o\u201d da SMEd j\u00e1 iniciou<\/h2>\n\n\t\t<style type=\"text\/css\">\n\t\t\t#gallery-2 {\n\t\t\t\tmargin: auto;\n\t\t\t}\n\t\t\t#gallery-2 .gallery-item {\n\t\t\t\tfloat: left;\n\t\t\t\tmargin-top: 10px;\n\t\t\t\ttext-align: center;\n\t\t\t\twidth: 50%;\n\t\t\t}\n\t\t\t#gallery-2 img {\n\t\t\t\tborder: 2px solid #cfcfcf;\n\t\t\t}\n\t\t\t#gallery-2 .gallery-caption {\n\t\t\t\tmargin-left: 0;\n\t\t\t}\n\t\t\t\/* see gallery_shortcode() in wp-includes\/media.php *\/\n\t\t<\/style>\n\t\t<div id='gallery-2' class='gallery galleryid-28043 gallery-columns-2 gallery-size-thumbnail'><dl class='gallery-item'>\n\t\t\t<dt class='gallery-icon landscape'>\n\t\t\t\t<a href='https:\/\/www.riogrande.rs.gov.br\/smed\/wp-content\/uploads\/2018\/08\/20180824-inclusao-image1.jpg' rel=\"lightbox[28043]\"><img loading=\"lazy\" decoding=\"async\" width=\"150\" height=\"150\" src=\"https:\/\/www.riogrande.rs.gov.br\/smed\/wp-content\/uploads\/2018\/08\/20180824-inclusao-image1-150x150.jpg\" class=\"attachment-thumbnail size-thumbnail\" alt=\"\" aria-describedby=\"gallery-2-28046\" \/><\/a>\n\t\t\t<\/dt>\n\t\t\t\t<dd class='wp-caption-text gallery-caption' id='gallery-2-28046'>\n\t\t\t\tDivulga\u00e7\u00e3o\n\t\t\t\t<\/dd><\/dl><dl class='gallery-item'>\n\t\t\t<dt class='gallery-icon landscape'>\n\t\t\t\t<a href='https:\/\/www.riogrande.rs.gov.br\/smed\/wp-content\/uploads\/2018\/08\/20180824-inclusao-image2.jpg' rel=\"lightbox[28043]\"><img loading=\"lazy\" decoding=\"async\" width=\"150\" height=\"150\" src=\"https:\/\/www.riogrande.rs.gov.br\/smed\/wp-content\/uploads\/2018\/08\/20180824-inclusao-image2-150x150.jpg\" class=\"attachment-thumbnail size-thumbnail\" alt=\"\" aria-describedby=\"gallery-2-28047\" \/><\/a>\n\t\t\t<\/dt>\n\t\t\t\t<dd class='wp-caption-text gallery-caption' id='gallery-2-28047'>\n\t\t\t\tDivulga\u00e7\u00e3o\n\t\t\t\t<\/dd><\/dl><br style=\"clear: both\" \/>\n\t\t<\/div>\n\n<p style=\"text-align: justify;\">A Secretaria de Munic\u00edpio da Educa\u00e7\u00e3o de Rio Grande (SMEd), atrav\u00e9s do N\u00facleo de Diversidade e Inclus\u00e3o, informa que j\u00e1 est\u00e1 aberto o per\u00edodo de inscri\u00e7\u00f5es para o \u201c<b>6\u00ba Semin\u00e1rio Municipal de Diversidade e Inclus\u00e3o<\/b>\u201d, que acontecer\u00e1 no dia <b>10 de setembro<\/b>, nos turnos da manh\u00e3 (8h \u00e0s 12h) e da tarde (14h \u00e0s 18h), no CIDEC-Sul da FURG.<\/p>\n<p style=\"text-align: justify;\">A 6\u00aa edi\u00e7\u00e3o do Semin\u00e1rio, que ser\u00e1 aberta a toda comunidade escolar: professores(as), equipe diretiva e pedag\u00f3gica, monitores(as), familiares e funcion\u00e1rios(as), traz como tem\u00e1tica #TOD@SPROTAGONISTASDAINCLUSAO, e tem o objetivo de informar e oportunizar reflex\u00f5es e di\u00e1logos acerca da Inclus\u00e3o, com \u00eanfase na diversidade que se apresenta no cotidiano escolar, no curr\u00edculo inclusivo para atender a todos e na import\u00e2ncia do \u201cpapel\u201d de cada um, neste processo em rede.<\/p>\n<p style=\"text-align: justify;\">As inscri\u00e7\u00f5es para o <b>6\u00ba Semin\u00e1rio Municipal de Diversidade e Inclus\u00e3o <\/b>podem ser realizadas at\u00e9 o dia <b>03 de setembro<\/b>, acessando<a href=\"https:\/\/docs.google.com\/forms\/d\/e\/1FAIpQLSc59qUo3bfsTHUhnwNoSO-YmVHOzucjAjaqwUc2wdPl9VBigQ\/viewform?c=0&amp;w=1\" target=\"_blank\" rel=\"noopener\"><b> aqui<\/b><\/a>.<\/p>\n<p>&nbsp;<\/p>\n<p style=\"text-align: right;\"><em>SMEd<\/em><br \/>\n<em>Roberton Reis<\/em><br \/>\n<em>Com informa\u00e7\u00f5es do N\u00facleo de Diversidade e Inclus\u00e3o<\/em><\/p>\n","protected":false},"excerpt":{"rendered":"<p>Publicada 14\/09\/2018 \u201c6\u00b0 Semin\u00e1rio Municipal de Diversidade e Inclus\u00e3o\u201d da SMEd \u00e9 destaque de p\u00fablico e agrada os participantes pelas palestras abordadas &nbsp; A Secretaria de Munic\u00edpio da Educa\u00e7\u00e3o de Rio Grande (SMEd), atrav\u00e9s do N\u00facleo de Diversidade e Inclus\u00e3o, promoveu, na \u00faltima segunda-feira, dia 10 de setembro, nos turnos da manh\u00e3 e da tarde, [&hellip;]<\/p>\n","protected":false},"author":7,"featured_media":0,"parent":25220,"menu_order":9,"comment_status":"closed","ping_status":"closed","template":"","meta":{"footnotes":""},"class_list":["post-28043","page","type-page","status-publish","hentry"],"_links":{"self":[{"href":"https:\/\/www.riogrande.rs.gov.br\/smed\/index.php?rest_route=\/wp\/v2\/pages\/28043"}],"collection":[{"href":"https:\/\/www.riogrande.rs.gov.br\/smed\/index.php?rest_route=\/wp\/v2\/pages"}],"about":[{"href":"https:\/\/www.riogrande.rs.gov.br\/smed\/index.php?rest_route=\/wp\/v2\/types\/page"}],"author":[{"embeddable":true,"href":"https:\/\/www.riogrande.rs.gov.br\/smed\/index.php?rest_route=\/wp\/v2\/users\/7"}],"replies":[{"embeddable":true,"href":"https:\/\/www.riogrande.rs.gov.br\/smed\/index.php?rest_route=%2Fwp%2Fv2%2Fcomments&post=28043"}],"version-history":[{"count":3,"href":"https:\/\/www.riogrande.rs.gov.br\/smed\/index.php?rest_route=\/wp\/v2\/pages\/28043\/revisions"}],"predecessor-version":[{"id":28516,"href":"https:\/\/www.riogrande.rs.gov.br\/smed\/index.php?rest_route=\/wp\/v2\/pages\/28043\/revisions\/28516"}],"up":[{"embeddable":true,"href":"https:\/\/www.riogrande.rs.gov.br\/smed\/index.php?rest_route=\/wp\/v2\/pages\/25220"}],"wp:attachment":[{"href":"https:\/\/www.riogrande.rs.gov.br\/smed\/index.php?rest_route=%2Fwp%2Fv2%2Fmedia&parent=28043"}],"curies":[{"name":"wp","href":"https:\/\/api.w.org\/{rel}","templated":true}]}}