{"id":27838,"date":"2018-08-16T15:02:12","date_gmt":"2018-08-16T18:02:12","guid":{"rendered":"http:\/\/www.riogrande.rs.gov.br\/smed\/?page_id=27838"},"modified":"2018-09-14T15:24:29","modified_gmt":"2018-09-14T18:24:29","slug":"curso-de-violao","status":"publish","type":"page","link":"https:\/\/www.riogrande.rs.gov.br\/smed\/?page_id=27838","title":{"rendered":"Curso de Viol\u00e3o"},"content":{"rendered":"<hr \/>\n<p>Publicada 10\/09\/2018<\/p>\n<h2>Professores da Rede Municipal participam do \u201cCurso de Viol\u00e3o e Musicaliza\u00e7\u00e3o para Professores da Educa\u00e7\u00e3o Infantil\u201d<\/h2>\n\n\t\t<style type=\"text\/css\">\n\t\t\t#gallery-1 {\n\t\t\t\tmargin: auto;\n\t\t\t}\n\t\t\t#gallery-1 .gallery-item {\n\t\t\t\tfloat: left;\n\t\t\t\tmargin-top: 10px;\n\t\t\t\ttext-align: center;\n\t\t\t\twidth: 33%;\n\t\t\t}\n\t\t\t#gallery-1 img {\n\t\t\t\tborder: 2px solid #cfcfcf;\n\t\t\t}\n\t\t\t#gallery-1 .gallery-caption {\n\t\t\t\tmargin-left: 0;\n\t\t\t}\n\t\t\t\/* see gallery_shortcode() in wp-includes\/media.php *\/\n\t\t<\/style>\n\t\t<div id='gallery-1' class='gallery galleryid-27838 gallery-columns-3 gallery-size-thumbnail'><dl class='gallery-item'>\n\t\t\t<dt class='gallery-icon landscape'>\n\t\t\t\t<a href='https:\/\/www.riogrande.rs.gov.br\/smed\/wp-content\/uploads\/2018\/09\/20180910-ped-violao-image1.jpg' rel=\"lightbox[27838]\"><img loading=\"lazy\" decoding=\"async\" width=\"150\" height=\"150\" src=\"https:\/\/www.riogrande.rs.gov.br\/smed\/wp-content\/uploads\/2018\/09\/20180910-ped-violao-image1-150x150.jpg\" class=\"attachment-thumbnail size-thumbnail\" alt=\"\" aria-describedby=\"gallery-1-28368\" \/><\/a>\n\t\t\t<\/dt>\n\t\t\t\t<dd class='wp-caption-text gallery-caption' id='gallery-1-28368'>\n\t\t\t\tCr\u00e9dito: N\u00facleo de Educa\u00e7\u00e3o Infantil\n\t\t\t\t<\/dd><\/dl><dl class='gallery-item'>\n\t\t\t<dt class='gallery-icon landscape'>\n\t\t\t\t<a href='https:\/\/www.riogrande.rs.gov.br\/smed\/wp-content\/uploads\/2018\/09\/20180910-ped-violao-image2.jpg' rel=\"lightbox[27838]\"><img loading=\"lazy\" decoding=\"async\" width=\"150\" height=\"150\" src=\"https:\/\/www.riogrande.rs.gov.br\/smed\/wp-content\/uploads\/2018\/09\/20180910-ped-violao-image2-150x150.jpg\" class=\"attachment-thumbnail size-thumbnail\" alt=\"\" aria-describedby=\"gallery-1-28369\" \/><\/a>\n\t\t\t<\/dt>\n\t\t\t\t<dd class='wp-caption-text gallery-caption' id='gallery-1-28369'>\n\t\t\t\tCr\u00e9dito: N\u00facleo de Educa\u00e7\u00e3o Infantil\n\t\t\t\t<\/dd><\/dl><dl class='gallery-item'>\n\t\t\t<dt class='gallery-icon landscape'>\n\t\t\t\t<a href='https:\/\/www.riogrande.rs.gov.br\/smed\/wp-content\/uploads\/2018\/09\/20180910-ped-violao-image3.jpg' rel=\"lightbox[27838]\"><img loading=\"lazy\" decoding=\"async\" width=\"150\" height=\"150\" src=\"https:\/\/www.riogrande.rs.gov.br\/smed\/wp-content\/uploads\/2018\/09\/20180910-ped-violao-image3-150x150.jpg\" class=\"attachment-thumbnail size-thumbnail\" alt=\"\" aria-describedby=\"gallery-1-28370\" \/><\/a>\n\t\t\t<\/dt>\n\t\t\t\t<dd class='wp-caption-text gallery-caption' id='gallery-1-28370'>\n\t\t\t\tCr\u00e9dito: N\u00facleo de Educa\u00e7\u00e3o Infantil\n\t\t\t\t<\/dd><\/dl><br style=\"clear: both\" \/><dl class='gallery-item'>\n\t\t\t<dt class='gallery-icon landscape'>\n\t\t\t\t<a href='https:\/\/www.riogrande.rs.gov.br\/smed\/wp-content\/uploads\/2018\/09\/20180910-ped-violao-image4.jpg' rel=\"lightbox[27838]\"><img loading=\"lazy\" decoding=\"async\" width=\"150\" height=\"150\" src=\"https:\/\/www.riogrande.rs.gov.br\/smed\/wp-content\/uploads\/2018\/09\/20180910-ped-violao-image4-150x150.jpg\" class=\"attachment-thumbnail size-thumbnail\" alt=\"\" aria-describedby=\"gallery-1-28371\" \/><\/a>\n\t\t\t<\/dt>\n\t\t\t\t<dd class='wp-caption-text gallery-caption' id='gallery-1-28371'>\n\t\t\t\tCr\u00e9dito: N\u00facleo de Educa\u00e7\u00e3o Infantil\n\t\t\t\t<\/dd><\/dl><dl class='gallery-item'>\n\t\t\t<dt class='gallery-icon landscape'>\n\t\t\t\t<a href='https:\/\/www.riogrande.rs.gov.br\/smed\/wp-content\/uploads\/2018\/09\/20180910-ped-violao-image5.jpg' rel=\"lightbox[27838]\"><img loading=\"lazy\" decoding=\"async\" width=\"150\" height=\"150\" src=\"https:\/\/www.riogrande.rs.gov.br\/smed\/wp-content\/uploads\/2018\/09\/20180910-ped-violao-image5-150x150.jpg\" class=\"attachment-thumbnail size-thumbnail\" alt=\"\" aria-describedby=\"gallery-1-28372\" \/><\/a>\n\t\t\t<\/dt>\n\t\t\t\t<dd class='wp-caption-text gallery-caption' id='gallery-1-28372'>\n\t\t\t\tCr\u00e9dito: N\u00facleo de Educa\u00e7\u00e3o Infantil\n\t\t\t\t<\/dd><\/dl><dl class='gallery-item'>\n\t\t\t<dt class='gallery-icon landscape'>\n\t\t\t\t<a href='https:\/\/www.riogrande.rs.gov.br\/smed\/wp-content\/uploads\/2018\/09\/20180910-ped-violao-image6.jpg' rel=\"lightbox[27838]\"><img loading=\"lazy\" decoding=\"async\" width=\"150\" height=\"150\" src=\"https:\/\/www.riogrande.rs.gov.br\/smed\/wp-content\/uploads\/2018\/09\/20180910-ped-violao-image6-150x150.jpg\" class=\"attachment-thumbnail size-thumbnail\" alt=\"\" aria-describedby=\"gallery-1-28373\" \/><\/a>\n\t\t\t<\/dt>\n\t\t\t\t<dd class='wp-caption-text gallery-caption' id='gallery-1-28373'>\n\t\t\t\tCr\u00e9dito: N\u00facleo de Educa\u00e7\u00e3o Infantil\n\t\t\t\t<\/dd><\/dl><br style=\"clear: both\" \/>\n\t\t<\/div>\n\n<p style=\"text-align: justify;\">A Secretaria de Munic\u00edpio da Educa\u00e7\u00e3o de Rio Grande (SMEd), atrav\u00e9s do N\u00facleo de Educa\u00e7\u00e3o Infantil, em parceria com a Faculdade de Educa\u00e7\u00e3o da Universidade Federal de Pelotas (UFPel), deu in\u00edcio, no dia 22 de agosto, aos encontros semanais do \u201c<b>Curso de Viol\u00e3o e Musicaliza\u00e7\u00e3o para Professores(as) da Educa\u00e7\u00e3o Infantil<\/b>\u201d.<\/p>\n<p style=\"text-align: justify;\">O Projeto tem como objetivo contribuir e instrumentalizar o(a) professor(a) no quesito m\u00fasica, para situa\u00e7\u00f5es cotidianas envolvendo a educa\u00e7\u00e3o musical, por meio da utiliza\u00e7\u00e3o do viol\u00e3o como instrumento acompanhador de can\u00e7\u00f5es infantis e populares.<\/p>\n<p style=\"text-align: justify;\">O Curso de Viol\u00e3o e Musicaliza\u00e7\u00e3o para Professores(as) da Educa\u00e7\u00e3o Infantil est\u00e1 sendo ministrado pelo coordenador Prof. Edson Ponick (Licenciado em M\u00fasica, com Mestrado e Doutorado com \u00eanfase em Educa\u00e7\u00e3o), e pela Prof.\u00aa Roberta Domingues (Licenciada em M\u00fasica e Bacharelanda em piano\/UFPel), juntamente com os estudantes do Curso de M\u00fasica da UFPel, Tom\u00e1s Paim Costa, Franco Farias Oliveira, Mauro Atkson e Tamara Insauriaga Bueno.<\/p>\n<p style=\"text-align: justify;\">As Oficinas est\u00e3o acontecendo na Escola Municipal de Ensino Fundamental <b>Helena Small<\/b>, <b>das 19h \u00e0s 21h<\/b>, uma vez por semana. Ao todo, ser\u00e3o 8 encontros consecutivos, sendo que um grupo de professores(as) participa das atividades \u00e0s segundas-feiras e o outro \u00e0s quartas-feiras.<\/p>\n<p style=\"text-align: justify;\">\u201c<b>Os(as) professores(as) est\u00e3o gostando muito dos encontros, registrando o quanto esses momentos s\u00e3o divertidos e prazerosos. Algumas atividades pr\u00e1ticas envolvendo a musicaliza\u00e7\u00e3o infantil j\u00e1 est\u00e3o sendo propostas pelos(as) professores(as) em sala de aula, enriquecendo, assim, as viv\u00eancias e experi\u00eancias das crian\u00e7as na Educa\u00e7\u00e3o Infantil<\/b>\u201d, destacou a coordena\u00e7\u00e3o do N\u00facleo de Educa\u00e7\u00e3o Infantil da SMEd.<\/p>\n<p>&nbsp;<\/p>\n<p style=\"text-align: right;\"><em>SMEd<\/em><br \/>\n<em>Roberton Reis<\/em><br \/>\n<em>Com informa\u00e7\u00f5es do N\u00facleo de Educa\u00e7\u00e3o Infantil<\/em><\/p>\n<hr \/>\n<p>Publicada 21\/08\/2018<\/p>\n<p style=\"text-align: justify;\">A Secretaria de Munic\u00edpio da Educa\u00e7\u00e3o de Rio Grande (SMEd), atrav\u00e9s do N\u00facleo de Educa\u00e7\u00e3o Infantil, em parceria com a Faculdade de Educa\u00e7\u00e3o da Universidade Federal de Pelotas (UFPel), divulga a <a href=\"http:\/\/www.riogrande.rs.gov.br\/smed\/wp-content\/uploads\/2018\/08\/20180821-curso_violao_inscricoes_homologadas.pdf\" target=\"_blank\" rel=\"noopener\"><b>Listagem<\/b><\/a> das 30 inscri\u00e7\u00f5es homologadas para o \u201c<b>Curso de Viol\u00e3o e Musicaliza\u00e7\u00e3o para Professores(as) da Educa\u00e7\u00e3o Infantil<\/b>\u201d.<\/p>\n<p style=\"text-align: justify;\">O Curso ter\u00e1 duas turmas com 15 alunos cada. Os Encontros acontecer\u00e3o na Escola Municipal de Ensino Fundamental <b>Helena Small<\/b> (Rua Bar\u00e3o de Cotegipe, 155), <b>das 19h \u00e0s 21h<\/b>, uma vez por semana, durante 8 encontros consecutivos, sempre \u00e0s segundas ou quartas-feiras. O primeiro Encontro da turma das quartas-feiras acontecer\u00e1 amanh\u00e3, dia <b>22 de agosto<\/b>. J\u00e1 o primeiro Encontro da turma das segundas-feiras ocorrer\u00e1 no dia<b> 27 de agosto<\/b>.<\/p>\n<p style=\"text-align: justify;\">Refor\u00e7amos que \u00e9 requisito obrigat\u00f3rio ter seu pr\u00f3prio viol\u00e3o em todos os encontros.<\/p>\n<p>&nbsp;<\/p>\n<p style=\"text-align: right;\"><em>SMEd<\/em><br \/>\n<em>Roberton Reis<\/em><br \/>\n<em>Com informa\u00e7\u00f5es do N\u00facleo de Educa\u00e7\u00e3o Infantil<\/em><\/p>\n<hr \/>\n<p>Publicada 16\/08\/2018<\/p>\n<h2><strong>SMEd promover\u00e1 &#8220;Curso de Viol\u00e3o e Musicaliza\u00e7\u00e3o para Professores da Educa\u00e7\u00e3o Infantil&#8221;<\/strong><\/h2>\n<p style=\"text-align: justify;\">A Secretaria de Munic\u00edpio da Educa\u00e7\u00e3o de Rio Grande (SMEd), atrav\u00e9s do N\u00facleo de Educa\u00e7\u00e3o Infantil e em parceria com a Faculdade de Educa\u00e7\u00e3o e o Centro de Artes da Universidade Federal de Pelotas, promover\u00e1 \u201c<b>Curso de Viol\u00e3o e Musicaliza\u00e7\u00e3o<\/b>\u201d para Professores da Educa\u00e7\u00e3o Infantil que atuam nas escolas da rede p\u00fablica municipal de ensino.<\/p>\n<p style=\"text-align: justify;\">O Curso tem por objetivo a realiza\u00e7\u00e3o de aulas coletivas b\u00e1sicas de teoria e pr\u00e1tica de viol\u00e3o como instrumento acompanhador de can\u00e7\u00f5es folcl\u00f3ricas e infantis, al\u00e9m de no\u00e7\u00f5es b\u00e1sicas de musicaliza\u00e7\u00e3o e educa\u00e7\u00e3o musical. Ser\u00e3o realizados 8 encontros, com dura\u00e7\u00e3o de 2 horas cada, uma vez por semana, totalizando 16 horas de forma\u00e7\u00e3o, envolvendo atividades de percep\u00e7\u00e3o, aprecia\u00e7\u00e3o, composi\u00e7\u00e3o e desempenho musical. Tamb\u00e9m fazem parte do Curso, 4 horas de atividades complementares. O in\u00edcio do Curso acontecer\u00e1 no dia <b>22 de agosto<\/b>, <b>\u00e0s 19h<\/b>, na <strong>EMEF<\/strong> <b>Helena Small<\/b>, rua Bar\u00e3o de Cotegipe, 155.<\/p>\n<p style=\"text-align: justify;\">Ser\u00e3o disponibilizadas <b>30 vagas<\/b>, exclusivamente para os professores que atuam na Educa\u00e7\u00e3o Infantil. As inscri\u00e7\u00f5es dever\u00e3o ser realizadas atrav\u00e9s do endere\u00e7o eletr\u00f4nico<strong><a href=\"http:\/\/www.riogrande.rs.gov.br\/smed\" target=\"_blank\" rel=\"noopener\"> www.riogrande.rs.gov.br\/smed<\/a><\/strong>, no per\u00edodo de <b>16 a 21 de agosto<\/b>, atrav\u00e9s do <strong><a href=\"https:\/\/docs.google.com\/forms\/d\/e\/1FAIpQLSfLOkzgWGSMlSwUZvIdVlVm3Pfd_qkQ3NCBgAqxwbhj8eyFMw\/viewform\" target=\"_blank\" rel=\"noopener\">link<\/a><br \/>\n<\/strong><\/p>\n<p>&nbsp;<\/p>\n<p style=\"text-align: right;\"><em>SMEd<\/em><br \/>\n<em>Roberton Reis<\/em><br \/>\n<em>Com informa\u00e7\u00f5es do N\u00facleo de Educa\u00e7\u00e3o Infantil<\/em><\/p>\n","protected":false},"excerpt":{"rendered":"<p>Publicada 10\/09\/2018 Professores da Rede Municipal participam do \u201cCurso de Viol\u00e3o e Musicaliza\u00e7\u00e3o para Professores da Educa\u00e7\u00e3o Infantil\u201d A Secretaria de Munic\u00edpio da Educa\u00e7\u00e3o de Rio Grande (SMEd), atrav\u00e9s do N\u00facleo de Educa\u00e7\u00e3o Infantil, em parceria com a Faculdade de Educa\u00e7\u00e3o da Universidade Federal de Pelotas (UFPel), deu in\u00edcio, no dia 22 de agosto, aos [&hellip;]<\/p>\n","protected":false},"author":7,"featured_media":0,"parent":25220,"menu_order":8,"comment_status":"closed","ping_status":"closed","template":"","meta":{"footnotes":""},"class_list":["post-27838","page","type-page","status-publish","hentry"],"_links":{"self":[{"href":"https:\/\/www.riogrande.rs.gov.br\/smed\/index.php?rest_route=\/wp\/v2\/pages\/27838"}],"collection":[{"href":"https:\/\/www.riogrande.rs.gov.br\/smed\/index.php?rest_route=\/wp\/v2\/pages"}],"about":[{"href":"https:\/\/www.riogrande.rs.gov.br\/smed\/index.php?rest_route=\/wp\/v2\/types\/page"}],"author":[{"embeddable":true,"href":"https:\/\/www.riogrande.rs.gov.br\/smed\/index.php?rest_route=\/wp\/v2\/users\/7"}],"replies":[{"embeddable":true,"href":"https:\/\/www.riogrande.rs.gov.br\/smed\/index.php?rest_route=%2Fwp%2Fv2%2Fcomments&post=27838"}],"version-history":[{"count":8,"href":"https:\/\/www.riogrande.rs.gov.br\/smed\/index.php?rest_route=\/wp\/v2\/pages\/27838\/revisions"}],"predecessor-version":[{"id":28517,"href":"https:\/\/www.riogrande.rs.gov.br\/smed\/index.php?rest_route=\/wp\/v2\/pages\/27838\/revisions\/28517"}],"up":[{"embeddable":true,"href":"https:\/\/www.riogrande.rs.gov.br\/smed\/index.php?rest_route=\/wp\/v2\/pages\/25220"}],"wp:attachment":[{"href":"https:\/\/www.riogrande.rs.gov.br\/smed\/index.php?rest_route=%2Fwp%2Fv2%2Fmedia&parent=27838"}],"curies":[{"name":"wp","href":"https:\/\/api.w.org\/{rel}","templated":true}]}}