{"id":27790,"date":"2018-08-13T15:42:18","date_gmt":"2018-08-13T18:42:18","guid":{"rendered":"http:\/\/www.riogrande.rs.gov.br\/smed\/?page_id=27790"},"modified":"2018-08-24T15:38:29","modified_gmt":"2018-08-24T18:38:29","slug":"oficinas-anos-iniciais","status":"publish","type":"page","link":"https:\/\/www.riogrande.rs.gov.br\/smed\/?page_id=27790","title":{"rendered":"Oficinas Anos Iniciais"},"content":{"rendered":"<hr \/>\n<p>Publicada 13\/08\/2018<\/p>\n<h2>SMEd oferece \u201cOficinas\u201d para Professores dos 4\u00ba e 5\u00ba Anos da Rede Municipal<\/h2>\n<p style=\"text-align: justify;\">A Secretaria de Munic\u00edpio da Educa\u00e7\u00e3o de Rio Grande (SMEd), atrav\u00e9s do N\u00facleo dos Anos Iniciais, realizar\u00e1, no dia <b>29 de agosto<\/b>, \u201cOficinas\u201d para os professores que atuam com os 4\u00ba e 5\u00ba Anos nas escolas da rede p\u00fablica municipal de ensino.<\/p>\n<p style=\"text-align: justify;\">Os interessados devem realizar a sua inscri\u00e7\u00e3o no per\u00edodo de <b>13 a 27 de agosto<\/b>, atrav\u00e9s endere\u00e7o eletr\u00f4nico <a href=\"http:\/\/www.riogrande.rs.gov.br\/smed\" target=\"_blank\" rel=\"noopener\"><strong>www.riogrande.rs.gov.br\/smed<\/strong><\/a>, escolhendo uma das oficinas abaixo:<\/p>\n<ul style=\"text-align: justify;\">\n<li>Oficina de Linguagens, <a href=\"https:\/\/docs.google.com\/forms\/d\/1rW3_TTifNBhTfQ88xnO1o4ID5_JHeK03miYMZMkGHD8\/viewform\" target=\"_blank\" rel=\"noopener\"><strong>MANH\u00c3<\/strong><\/a> ou <a href=\"https:\/\/docs.google.com\/forms\/d\/1qee2xXTuyyj4YkKH1YqSDg7FtW07XJDBzBDJwM-qgzM\/viewform\" target=\"_blank\" rel=\"noopener\"><strong>TARDE<\/strong><\/a>;<\/li>\n<li>Oficina de Ci\u00eancias Humanas, <a href=\"https:\/\/docs.google.com\/forms\/d\/e\/1FAIpQLSe-mi1ZV9y-MBLszHcPuV7jwDu3JF28XRaazPxM8iuMuDIsjg\/viewform\" target=\"_blank\" rel=\"noopener\"><strong>MANH\u00c3<\/strong><\/a> ou <a href=\"https:\/\/docs.google.com\/forms\/d\/1KepElLSkFquC1DUpBssgIWWUmqQ6N2Cvsx_rrjBOA1w\/viewform\" target=\"_blank\" rel=\"noopener\"><strong>TARDE<\/strong><\/a>;<\/li>\n<li>Oficina de Ci\u00eancias Naturais, <a href=\"https:\/\/docs.google.com\/forms\/d\/1kZK1AMb3YEycZRsKIraykwRqMgxVhPQ-oCU6sHpImd8\/viewform\" target=\"_blank\" rel=\"noopener\"><strong>MANH\u00c3<\/strong><\/a> ou <a href=\"https:\/\/docs.google.com\/forms\/d\/1DyX80oIWopSJjcVzWIebmH7TXi-Y0B567VSHfiqYMCY\/viewform\" target=\"_blank\" rel=\"noopener\"><strong>TARDE<\/strong><\/a>;<\/li>\n<li>Oficina de Matem\u00e1tica, <a href=\"https:\/\/docs.google.com\/forms\/d\/1s1cVtOG9mWG2_8YAMAV2azC6oWzlR-hzfyZ2nAdMXOs\/viewform\" target=\"_blank\" rel=\"noopener\"><strong>MANH\u00c3<\/strong><\/a> ou <a href=\"https:\/\/docs.google.com\/forms\/d\/1pyAYbYYfpDQlUrOfoRFzGUZ9CErn0Zaw38xhKbtDftQ\/viewform\" target=\"_blank\" rel=\"noopener\"><strong>TARDE<\/strong><\/a>.<\/li>\n<\/ul>\n<p style=\"text-align: justify;\">No momento da inscri\u00e7\u00e3o, deve ser indicado o turno no qual o professor participar\u00e1 da oficina escolhida. Pela manh\u00e3, as oficinas iniciar\u00e3o \u00e0s <b>8h30min<\/b>. \u00c0 tarde, as atividades ter\u00e3o in\u00edcio \u00e0s <b>13h30min<\/b>. O local de realiza\u00e7\u00e3o das oficinas ser\u00e1 divulgado posteriormente.<\/p>\n<p>&nbsp;<\/p>\n<p style=\"text-align: right;\"><em>SMEd<\/em><br \/>\n<em>Roberton Reis<\/em><br \/>\n<em>N\u00facleo dos Anos Iniciais<\/em><\/p>\n","protected":false},"excerpt":{"rendered":"<p>Publicada 13\/08\/2018 SMEd oferece \u201cOficinas\u201d para Professores dos 4\u00ba e 5\u00ba Anos da Rede Municipal A Secretaria de Munic\u00edpio da Educa\u00e7\u00e3o de Rio Grande (SMEd), atrav\u00e9s do N\u00facleo dos Anos Iniciais, realizar\u00e1, no dia 29 de agosto, \u201cOficinas\u201d para os professores que atuam com os 4\u00ba e 5\u00ba Anos nas escolas da rede p\u00fablica municipal [&hellip;]<\/p>\n","protected":false},"author":7,"featured_media":0,"parent":25220,"menu_order":8,"comment_status":"closed","ping_status":"closed","template":"","meta":{"footnotes":""},"class_list":["post-27790","page","type-page","status-publish","hentry"],"_links":{"self":[{"href":"https:\/\/www.riogrande.rs.gov.br\/smed\/index.php?rest_route=\/wp\/v2\/pages\/27790"}],"collection":[{"href":"https:\/\/www.riogrande.rs.gov.br\/smed\/index.php?rest_route=\/wp\/v2\/pages"}],"about":[{"href":"https:\/\/www.riogrande.rs.gov.br\/smed\/index.php?rest_route=\/wp\/v2\/types\/page"}],"author":[{"embeddable":true,"href":"https:\/\/www.riogrande.rs.gov.br\/smed\/index.php?rest_route=\/wp\/v2\/users\/7"}],"replies":[{"embeddable":true,"href":"https:\/\/www.riogrande.rs.gov.br\/smed\/index.php?rest_route=%2Fwp%2Fv2%2Fcomments&post=27790"}],"version-history":[{"count":4,"href":"https:\/\/www.riogrande.rs.gov.br\/smed\/index.php?rest_route=\/wp\/v2\/pages\/27790\/revisions"}],"predecessor-version":[{"id":28051,"href":"https:\/\/www.riogrande.rs.gov.br\/smed\/index.php?rest_route=\/wp\/v2\/pages\/27790\/revisions\/28051"}],"up":[{"embeddable":true,"href":"https:\/\/www.riogrande.rs.gov.br\/smed\/index.php?rest_route=\/wp\/v2\/pages\/25220"}],"wp:attachment":[{"href":"https:\/\/www.riogrande.rs.gov.br\/smed\/index.php?rest_route=%2Fwp%2Fv2%2Fmedia&parent=27790"}],"curies":[{"name":"wp","href":"https:\/\/api.w.org\/{rel}","templated":true}]}}