{"id":27242,"date":"2018-07-04T14:12:44","date_gmt":"2018-07-04T17:12:44","guid":{"rendered":"http:\/\/www.riogrande.rs.gov.br\/smed\/?page_id=27242"},"modified":"2018-08-29T15:20:24","modified_gmt":"2018-08-29T18:20:24","slug":"5o-festival-de-video-estudantil","status":"publish","type":"page","link":"https:\/\/www.riogrande.rs.gov.br\/smed\/?page_id=27242","title":{"rendered":"5\u00ba Festival de V\u00eddeo Estudantil"},"content":{"rendered":"<hr \/>\n<p>Publicada 29\/08\/2018<\/p>\n<h2>\u201c5\u00ba Festival de V\u00eddeo Estudantil do Rio Grande\/RS\u201d: inscri\u00e7\u00f5es encerram na sexta-feira, 31<\/h2>\n<p style=\"text-align: justify;\">A Secretaria de Munic\u00edpio da Educa\u00e7\u00e3o de Rio Grande (SMEd), atrav\u00e9s do N\u00facleo de Tecnologia Municipal (NTM), e em parceria com o Projeto de Extens\u00e3o \u201cOficina de Produ\u00e7\u00e3o Audiovisual nas Escolas\u201c, do Curso de Cinema e Audiovisual da Universidade Federal de Pelotas (UFPel), informa que as inscri\u00e7\u00f5es para o \u201c<b>5\u00ba Festival de V\u00eddeo Estudantil do Rio Grande\/RS<\/b>\u201d podem ser realizadas at\u00e9 a pr\u00f3xima sexta-feira, dia <b>31 de agosto<\/b>.<\/p>\n<p style=\"text-align: justify;\">O Festival de V\u00eddeo Estudantil tem como objetivo motivar a produ\u00e7\u00e3o audiovisual, desenvolvendo a leitura de diversos g\u00eaneros textuais e audiovisuais como atividades pedag\u00f3gicas vinculadas ao curr\u00edculo escolar. Podem participar estudantes da Educa\u00e7\u00e3o Infantil, Ensino Fundamental e Educa\u00e7\u00e3o de Jovens e Adultos (EJA) das escolas da rede p\u00fablica municipal do Rio Grande.<\/p>\n<p style=\"text-align: justify;\">Acesse <a href=\"http:\/\/www.riogrande.rs.gov.br\/smed\/wp-content\/uploads\/2018\/04\/20180427-edital_festival_video.pdf\" target=\"_blank\" rel=\"noopener\"><b>aqui<\/b><\/a> o Edital do <b>5\u00ba Festival de V\u00eddeo Estudantil do Rio Grande\/RS.<\/b><\/p>\n<p>&nbsp;<\/p>\n<p style=\"text-align: right;\"><em>SMEd<\/em><br \/>\n<em>Roberton Reis<\/em><br \/>\n<em>Com informa\u00e7\u00f5es do NTM<\/em><\/p>\n<hr \/>\n<p>Publicada 31\/07\/2018<\/p>\n<h2>2\u00ba Encontro de Forma\u00e7\u00e3o do \u201c5\u00ba Festival de V\u00eddeo Estudantil do Rio Grande\/RS\u201d acontecer\u00e1 no dia 06 de agosto<\/h2>\n<p style=\"text-align: justify;\">A Secretaria de Munic\u00edpio da Educa\u00e7\u00e3o de Rio Grande (SMEd), atrav\u00e9s do N\u00facleo de Tecnologia Municipal (NTM), promover\u00e1, no dia <b>06 de agosto<\/b>, nas depend\u00eancias do N\u00facleo de Tecnologia Municipal, que est\u00e1 localizado na rua Comendador Henrique Pancada, 1027, o <b>2\u00ba Encontro de Forma\u00e7\u00e3o Continuada do<\/b> <b>5\u00ba Festival de V\u00eddeo Estudantil de Rio Grande\/RS<\/b>. Os professores participantes do Festival podem escolher o turno de participa\u00e7\u00e3o: <b>manh\u00e3<\/b>, \u00e0s<b> 9h<\/b>, ou<b> tarde<\/b>, \u00e0s<b> 14h<\/b>.<\/p>\n<p style=\"text-align: justify;\">O objetivo do Festival de V\u00eddeo Estudantil \u00e9 incentivar a produ\u00e7\u00e3o audiovisual, desenvolvendo a leitura de diversos g\u00eaneros textuais e audiovisuais como atividades pedag\u00f3gicas vinculadas ao curr\u00edculo escolar, sendo a culmin\u00e2ncia do mesmo a participa\u00e7\u00e3o na Cerim\u00f4nia de Premia\u00e7\u00e3o do \u201c5\u00ba Festival de V\u00eddeo Estudantil do Rio Grande\/RS\u201d.<\/p>\n<p style=\"text-align: justify;\">O referido Festival \u00e9 uma parceria entre a Secretaria de Munic\u00edpio da Educa\u00e7\u00e3o, atrav\u00e9s do N\u00facleo de Tecnologia Municipal, e o Curso de Cinema e Audiovisual da Universidade Federal de Pelotas (UFPEL). Podem participar desta 5\u00aa edi\u00e7\u00e3o do Festival, estudantes das escolas p\u00fablicas municipais de Rio Grande da Educa\u00e7\u00e3o Infantil, Ensino Fundamental e Educa\u00e7\u00e3o de Jovens e Adultos. Os v\u00eddeos indicados devem ter a orienta\u00e7\u00e3o e supervis\u00e3o de um professor respons\u00e1vel (professor da turma, orientador educacional, coordenador pedag\u00f3gico, professor do projeto).<\/p>\n<p>&nbsp;<\/p>\n<p style=\"text-align: right;\"><em>SMEd<\/em><br \/>\n<em>Roberton Reis<\/em><br \/>\n<em>Com informa\u00e7\u00f5es do NTM<\/em><\/p>\n<p>&nbsp;<\/p>\n<hr \/>\n<p>Publicada 21\/07\/2018<\/p>\n<h2>SMEd prorroga o prazo final de inscri\u00e7\u00e3o no \u201c5\u00ba Festival de V\u00eddeo Estudantil do Rio Grande\/RS\u201d<\/h2>\n<p style=\"text-align: justify;\">A Secretaria de Munic\u00edpio da Educa\u00e7\u00e3o de Rio Grande (SMEd), atrav\u00e9s do N\u00facleo de Tecnologia Municipal (NTM), e em parceria com o Projeto de Extens\u00e3o \u201c<b>Oficina de Produ\u00e7\u00e3o Audiovisual nas Escolas<\/b>\u201c, do Curso de Cinema e Audiovisual da Universidade Federal de Pelotas (UFPel), informa que foi prorrogado para o dia<b> 31 de agosto<\/b> o prazo final de inscri\u00e7\u00e3o para o <b>5\u00ba Festival de V\u00eddeo Estudantil do Rio Grande\/RS<\/b>.<\/p>\n<p style=\"text-align: justify;\">O Festival de V\u00eddeo Estudantil tem como objetivo motivar a produ\u00e7\u00e3o audiovisual, desenvolvendo a leitura de diversos g\u00eaneros textuais e audiovisuais como atividades pedag\u00f3gicas vinculadas ao curr\u00edculo escolar. Podem participar estudantes da Educa\u00e7\u00e3o Infantil, Ensino Fundamental e Educa\u00e7\u00e3o de Jovens e Adultos (EJA) das escolas da rede p\u00fablica municipal do Rio Grande.<\/p>\n<p style=\"text-align: right;\"><em>SMEd<\/em><br \/>\n<em>Roberton Reis<\/em><br \/>\n<em>Com informa\u00e7\u00f5es do NTM<\/em><\/p>\n<hr \/>\n<p>Publicada 20\/07\/2018<\/p>\n<h2>SMEd promover\u00e1 2\u00ba Encontro de Forma\u00e7\u00e3o do \u201c5\u00ba Festival de V\u00eddeo Estudantil do Rio Grande\/RS\u201d no dia 06 de agosto<\/h2>\n<p style=\"text-align: justify;\">A Secretaria de Munic\u00edpio da Educa\u00e7\u00e3o de Rio Grande (SMEd), atrav\u00e9s do N\u00facleo de Tecnologia Municipal (NTM), promover\u00e1, no dia <b>06 de agosto<\/b>, nas depend\u00eancias do N\u00facleo de Tecnologia Municipal, que est\u00e1 localizado na rua Comendador Henrique Pancada, 1027, o <b>2\u00ba Encontro de Forma\u00e7\u00e3o Continuada do<\/b> <b>5\u00ba Festival de V\u00eddeo Estudantil de Rio Grande\/RS<\/b>. Os professores participantes do Festival podem escolher o turno de participa\u00e7\u00e3o: <b>manh\u00e3<\/b>, \u00e0s<b> 9h<\/b>, ou<b> tarde<\/b>, \u00e0s<b> 14h<\/b>.<\/p>\n<p style=\"text-align: justify;\">O referido Festival \u00e9 uma parceria entre a Secretaria de Munic\u00edpio da Educa\u00e7\u00e3o, atrav\u00e9s do N\u00facleo de Tecnologia Municipal, e o Curso de Cinema e Audiovisual da Universidade Federal de Pelotas (UFPEL). Podem participar desta 5\u00aa edi\u00e7\u00e3o do Festival, estudantes das escolas p\u00fablicas municipais de Rio Grande da Educa\u00e7\u00e3o Infantil, Ensino Fundamental e Educa\u00e7\u00e3o de Jovens e Adultos. Os v\u00eddeos indicados devem ter a orienta\u00e7\u00e3o e supervis\u00e3o de um professor respons\u00e1vel (professor da turma, orientador educacional, coordenador pedag\u00f3gico, professor do projeto).<\/p>\n<p style=\"text-align: justify;\">O objetivo do Festival de V\u00eddeo Estudantil \u00e9 incentivar a produ\u00e7\u00e3o audiovisual, desenvolvendo a leitura de diversos g\u00eaneros textuais e audiovisuais como atividades pedag\u00f3gicas vinculadas ao curr\u00edculo escolar, sendo a culmin\u00e2ncia do mesmo a participa\u00e7\u00e3o na Cerim\u00f4nia de Premia\u00e7\u00e3o do \u201c5\u00ba Festival de V\u00eddeo Estudantil do Rio Grande\/RS\u201d.<\/p>\n<p>&nbsp;<\/p>\n<p style=\"text-align: right;\"><em>SMEd<\/em><br \/>\n<em>Roberton Reis<\/em><br \/>\n<em>Com informa\u00e7\u00f5es do NTM<\/em><\/p>\n<hr \/>\n<p>Publicada 27\/04\/2018<\/p>\n<h2>SMEd disponibiliza Edital do \u201c5\u00ba Festival de V\u00eddeo Estudantil do Rio Grande\/RS\u201d<\/h2>\n<p style=\"text-align: justify;\">A Secretaria de Munic\u00edpio da Educa\u00e7\u00e3o de Rio Grande (SMEd), atrav\u00e9s do N\u00facleo de Tecnologia Municipal (NTM), e em parceria com o Projeto de Extens\u00e3o \u201c<b>Oficina de Produ\u00e7\u00e3o Audiovisual nas Escolas<\/b>\u201c, do Curso de Cinema e Audiovisual da Universidade Federal de Pelotas (UFPel), \u00a0disponibiliza o <a href=\"http:\/\/www.riogrande.rs.gov.br\/smed\/wp-content\/uploads\/2018\/04\/20180427-edital_festival_video.pdf\" target=\"_blank\" rel=\"noopener\"><b>Edital<\/b><\/a> do <b>5\u00ba Festival de V\u00eddeo Estudantil do Rio Grande\/RS<\/b>, que ocorrer\u00e1 entre os meses de abril e outubro de 2018.<\/p>\n<p style=\"text-align: justify;\">O Festival de V\u00eddeo Estudantil tem como objetivo motivar a produ\u00e7\u00e3o audiovisual, desenvolvendo a leitura de diversos g\u00eaneros textuais e audiovisuais como atividades pedag\u00f3gicas vinculadas ao curr\u00edculo escolar. Podem participar estudantes da Educa\u00e7\u00e3o Infantil, Ensino Fundamental e Educa\u00e7\u00e3o de Jovens e Adultos (EJA) das escolas da rede p\u00fablica municipal do Rio Grande.<\/p>\n<p style=\"text-align: right;\"><em>SMEd<\/em><br \/>\n<em> Roberton Reis<\/em><br \/>\n<em> Com informa\u00e7\u00f5es do NTM<\/em><\/p>\n","protected":false},"excerpt":{"rendered":"<p>Publicada 29\/08\/2018 \u201c5\u00ba Festival de V\u00eddeo Estudantil do Rio Grande\/RS\u201d: inscri\u00e7\u00f5es encerram na sexta-feira, 31 A Secretaria de Munic\u00edpio da Educa\u00e7\u00e3o de Rio Grande (SMEd), atrav\u00e9s do N\u00facleo de Tecnologia Municipal (NTM), e em parceria com o Projeto de Extens\u00e3o \u201cOficina de Produ\u00e7\u00e3o Audiovisual nas Escolas\u201c, do Curso de Cinema e Audiovisual da Universidade Federal [&hellip;]<\/p>\n","protected":false},"author":7,"featured_media":0,"parent":25220,"menu_order":6,"comment_status":"closed","ping_status":"closed","template":"","meta":{"footnotes":""},"class_list":["post-27242","page","type-page","status-publish","hentry"],"_links":{"self":[{"href":"https:\/\/www.riogrande.rs.gov.br\/smed\/index.php?rest_route=\/wp\/v2\/pages\/27242"}],"collection":[{"href":"https:\/\/www.riogrande.rs.gov.br\/smed\/index.php?rest_route=\/wp\/v2\/pages"}],"about":[{"href":"https:\/\/www.riogrande.rs.gov.br\/smed\/index.php?rest_route=\/wp\/v2\/types\/page"}],"author":[{"embeddable":true,"href":"https:\/\/www.riogrande.rs.gov.br\/smed\/index.php?rest_route=\/wp\/v2\/users\/7"}],"replies":[{"embeddable":true,"href":"https:\/\/www.riogrande.rs.gov.br\/smed\/index.php?rest_route=%2Fwp%2Fv2%2Fcomments&post=27242"}],"version-history":[{"count":6,"href":"https:\/\/www.riogrande.rs.gov.br\/smed\/index.php?rest_route=\/wp\/v2\/pages\/27242\/revisions"}],"predecessor-version":[{"id":28135,"href":"https:\/\/www.riogrande.rs.gov.br\/smed\/index.php?rest_route=\/wp\/v2\/pages\/27242\/revisions\/28135"}],"up":[{"embeddable":true,"href":"https:\/\/www.riogrande.rs.gov.br\/smed\/index.php?rest_route=\/wp\/v2\/pages\/25220"}],"wp:attachment":[{"href":"https:\/\/www.riogrande.rs.gov.br\/smed\/index.php?rest_route=%2Fwp%2Fv2%2Fmedia&parent=27242"}],"curies":[{"name":"wp","href":"https:\/\/api.w.org\/{rel}","templated":true}]}}