{"id":27096,"date":"2018-06-25T18:47:44","date_gmt":"2018-06-25T21:47:44","guid":{"rendered":"http:\/\/www.riogrande.rs.gov.br\/smed\/?page_id=27096"},"modified":"2018-06-25T18:48:13","modified_gmt":"2018-06-25T21:48:13","slug":"encontro-formativo-as-contribuicoes-da-neurociencia-para-a-pratica-pedagogica","status":"publish","type":"page","link":"https:\/\/www.riogrande.rs.gov.br\/smed\/?page_id=27096","title":{"rendered":"Encontro Formativo \u201cAs Contribui\u00e7\u00f5es da Neuroci\u00eancia para a Pr\u00e1tica Pedag\u00f3gica\u201d"},"content":{"rendered":"<p>Publicada 25\/06\/2018<\/p>\n<h2>SMEd divulga Lista com Inscri\u00e7\u00f5es Homologadas para o Encontro Formativo \u201cAs Contribui\u00e7\u00f5es da Neuroci\u00eancia para a Pr\u00e1tica Pedag\u00f3gica\u201d<\/h2>\n<p style=\"text-align: justify;\">A Secretaria de Munic\u00edpio da Educa\u00e7\u00e3o de Rio Grande (SMEd), atrav\u00e9s da Superintend\u00eancia de Gest\u00e3o Pedag\u00f3gica, torna p\u00fablica a rela\u00e7\u00e3o das inscri\u00e7\u00f5es homologadas para o Encontro Formativo \u201c<b>As Contribui\u00e7\u00f5es da Neuroci\u00eancia para a Pr\u00e1tica Pedag\u00f3gica<\/b>\u201d, que acontecer\u00e1 nesta ter\u00e7a-feira, dia <b>26 de junho<\/b>, no <b>Teatro Municipal<\/b>, com a palestra da Prof.\u00aa Dr.\u00aa Fernanda Antoniolo Hammes de Oliveira.<\/p>\n<p style=\"text-align: justify;\">A atividade ter\u00e1 in\u00edcio \u00e0s <b>14h<\/b>, mas a acolhida aos professores(as) ser\u00e1 realizada a partir das <b>13h30min<\/b>. Acesse <a href=\"http:\/\/www.riogrande.rs.gov.br\/smed\/wp-content\/uploads\/2018\/06\/20180625-lista_inscricoes_homologadas_encontro_fomativo_as_contribuicoes_neurociencia_pratica_pedagogica.pdf\" target=\"_blank\" rel=\"noopener\"><strong>aqui<\/strong><\/a> a <a href=\"http:\/\/www.riogrande.rs.gov.br\/smed\/wp-content\/uploads\/2018\/06\/20180625-lista_inscricoes_homologadas_encontro_fomativo_as_contribuicoes_neurociencia_pratica_pedagogica.pdf\" target=\"_blank\" rel=\"noopener\"><strong>Lista com as Inscri\u00e7\u00f5es Homologadas<\/strong><\/a>. Contato atrav\u00e9s do e-mail <a href=\"mailto:nucleoanosiniciaismed@hotmail.com\" target=\"_blank\" rel=\"noopener\"><strong>nucleoanosiniciaismed@hotmail.com<\/strong><\/a><\/p>\n<p style=\"text-align: right;\"><em>SMEd<\/em><\/p>\n<hr \/>\n<p>Publicada 11\/06\/2018<\/p>\n<h2>SMEd promover\u00e1 Encontro Formativo \u201cAs Contribui\u00e7\u00f5es da Neuroci\u00eancia para a Pr\u00e1tica Docente\u201d no dia 26<\/h2>\n<p style=\"text-align: justify;\">A Secretaria de Munic\u00edpio da Educa\u00e7\u00e3o de Rio Grande (SMEd), atrav\u00e9s dos N\u00facleos dos Anos Iniciais e Finais do Ensino Fundamental, promover\u00e1, no dia <b>26 de junho<\/b>, \u00e0s <b>14h<\/b>, no <b>Teatro Municipal<\/b>, Encontro Formativo \u201c<b>As Contribui\u00e7\u00f5es da Neuroci\u00eancia para a Pr\u00e1tica Docente\u201d<\/b>, com a palestra da Prof.\u00aa Dr.\u00aa Fernanda Ant\u00f4nio Oliveira.<\/p>\n<p style=\"text-align: justify;\">Para participar do Encontro, os(as) professores(as) do Ensino Fundamental que atuam nas escolas da rede p\u00fablica municipal de ensino devem realizar a inscri\u00e7\u00e3o, no per\u00edodo <b>de 11 a 21 de junho<\/b>, atrav\u00e9s do site <a href=\"http:\/\/www.riogrande.rs.gov.br\/smed\" target=\"_blank\" rel=\"noopener\"><strong>www.riogrande.rs.gov.br\/smed<\/strong><\/a><\/p>\n<p style=\"text-align: justify;\">As vagas s\u00e3o limitadas e as inscri\u00e7\u00f5es ser\u00e3o encerradas no momento em que as mesmas forem preenchidas. Clique <a href=\"https:\/\/docs.google.com\/forms\/d\/e\/1FAIpQLSdwB44l1PEePdrR-JdkiSSFcNu078Gfg-G_4sBlaxkIhvSHbw\/viewform\" target=\"_blank\" rel=\"noopener\"><strong>AQUI<\/strong><\/a> para fazer a sua inscri\u00e7\u00e3o.<\/p>\n<p>&nbsp;<\/p>\n<p style=\"text-align: right;\"><em>SMEd<\/em><br \/>\n<em>Roberton Reis<\/em><br \/>\n<em>Com informa\u00e7\u00f5es dos N\u00facleos dos Anos Iniciais e Finais do Ensino Fundamental<\/em><\/p>\n","protected":false},"excerpt":{"rendered":"<p>Publicada 25\/06\/2018 SMEd divulga Lista com Inscri\u00e7\u00f5es Homologadas para o Encontro Formativo \u201cAs Contribui\u00e7\u00f5es da Neuroci\u00eancia para a Pr\u00e1tica Pedag\u00f3gica\u201d A Secretaria de Munic\u00edpio da Educa\u00e7\u00e3o de Rio Grande (SMEd), atrav\u00e9s da Superintend\u00eancia de Gest\u00e3o Pedag\u00f3gica, torna p\u00fablica a rela\u00e7\u00e3o das inscri\u00e7\u00f5es homologadas para o Encontro Formativo \u201cAs Contribui\u00e7\u00f5es da Neuroci\u00eancia para a Pr\u00e1tica Pedag\u00f3gica\u201d, [&hellip;]<\/p>\n","protected":false},"author":7,"featured_media":0,"parent":25220,"menu_order":4,"comment_status":"closed","ping_status":"closed","template":"","meta":{"footnotes":""},"class_list":["post-27096","page","type-page","status-publish","hentry"],"_links":{"self":[{"href":"https:\/\/www.riogrande.rs.gov.br\/smed\/index.php?rest_route=\/wp\/v2\/pages\/27096"}],"collection":[{"href":"https:\/\/www.riogrande.rs.gov.br\/smed\/index.php?rest_route=\/wp\/v2\/pages"}],"about":[{"href":"https:\/\/www.riogrande.rs.gov.br\/smed\/index.php?rest_route=\/wp\/v2\/types\/page"}],"author":[{"embeddable":true,"href":"https:\/\/www.riogrande.rs.gov.br\/smed\/index.php?rest_route=\/wp\/v2\/users\/7"}],"replies":[{"embeddable":true,"href":"https:\/\/www.riogrande.rs.gov.br\/smed\/index.php?rest_route=%2Fwp%2Fv2%2Fcomments&post=27096"}],"version-history":[{"count":1,"href":"https:\/\/www.riogrande.rs.gov.br\/smed\/index.php?rest_route=\/wp\/v2\/pages\/27096\/revisions"}],"predecessor-version":[{"id":27098,"href":"https:\/\/www.riogrande.rs.gov.br\/smed\/index.php?rest_route=\/wp\/v2\/pages\/27096\/revisions\/27098"}],"up":[{"embeddable":true,"href":"https:\/\/www.riogrande.rs.gov.br\/smed\/index.php?rest_route=\/wp\/v2\/pages\/25220"}],"wp:attachment":[{"href":"https:\/\/www.riogrande.rs.gov.br\/smed\/index.php?rest_route=%2Fwp%2Fv2%2Fmedia&parent=27096"}],"curies":[{"name":"wp","href":"https:\/\/api.w.org\/{rel}","templated":true}]}}