{"id":2629,"date":"2011-08-31T15:19:39","date_gmt":"2011-08-31T18:19:39","guid":{"rendered":"http:\/\/www.riogrande.rs.gov.br\/smec\/?page_id=2629"},"modified":"2019-11-26T16:18:19","modified_gmt":"2019-11-26T19:18:19","slug":"secretariosas","status":"publish","type":"page","link":"https:\/\/www.riogrande.rs.gov.br\/smed\/?page_id=2629","title":{"rendered":"Secret\u00e1rios(as) anteriores"},"content":{"rendered":"<h1 dir=\"ltr\">SECRET\u00c1RIOS MUNICIPAIS DE EDUCA\u00c7\u00c3O E CULTURA<\/h1>\n<p style=\"text-align: justify;\">A seguir, relacionamos os cidad\u00e3os e cidad\u00e3s que foram Secret\u00e1rios (as) desde que a SMEC foi constitu\u00edda com a configura\u00e7\u00e3o atual. Por este meio, formalizamos, \u00a0a cada um (uma) \u00a0dos (das) ex-Secret\u00e1rios (as) &#8211; a seus familiares ou ex-colaboradores, no caso daqueles que s\u00e3o falecidos -, o convite para que nos brindem com um breve texto informando quais fatos consideram marcantes em suas respectivas gest\u00f5es. Aguardaremos o envio desses textos por 30 dias, a partir de quando, progressivamente, faremos as inser\u00e7\u00f5es dos mesmos nesta se\u00e7\u00e3o do Portal. Acreditamos que tais registros ser\u00e3o refer\u00eancias importantes para a Hist\u00f3ria da Educa\u00e7\u00e3o B\u00e1sica no Munic\u00edpio do Rio Grande.<\/p>\n<ol>\n<li>Prof. Eur\u00edpedes Falc\u00e3o Vieira (1969-1972)<\/li>\n<li>Prof\u00aa Zenir de Souza Braga (1972-1979)<\/li>\n<li>Prof. Hugo Dantas da Silveira (1980-1983)<\/li>\n<li><a href=\"http:\/\/www.riogrande.rs.gov.br\/smed\/wp-content\/uploads\/2011\/12\/20111206-prof_dornelles_gestao.pdf\" target=\"_blank\" rel=\"noopener noreferrer\">Prof. Luiz Arthur Corr\u00eaa Dornelles (1983-1985)<\/a><\/li>\n<li>Prof. M\u00e1rio da Costa Ribeiro (1986-1988)<\/li>\n<li>Prof. Willy Delacoste Guilherme Jaquet (1988)<\/li>\n<li>Prof. Luiz Fernando Minasi (1989)<\/li>\n<li>Prof. Alberto Jos\u00e9 Barutot Meirelles Leite (1989)<\/li>\n<li><a title=\"Profa. Carmen V\u00edrginia Pires de La Torre\" href=\"http:\/\/www.riogrande.rs.gov.br\/smed\/wp-content\/uploads\/2011\/09\/20110930-profa_carmen_virginia_pires_la_torre.pdf\" target=\"_blank\" rel=\"noopener noreferrer\">Prof\u00aa Carmen Virg\u00ednia Pires de La Torre (1989-1996)<\/a><\/li>\n<li>Prof\u00aa Maria Aparecida Reyer (1997-2000)<\/li>\n<li>Prof\u00aa Sonia Mary Tissot (2001-2008)<\/li>\n<li><a href=\"http:\/\/www.riogrande.rs.gov.br\/smed\/wp-content\/uploads\/2012\/05\/ClaudioOmar-Fatosrelevantes.pdf\" target=\"_blank\" rel=\"noopener noreferrer\">Prof. Claudio Omar Iahnke Nunes (1\u00ba\/01\/2009 &#8211; 11\/01\/2012)<\/a><\/li>\n<li>Prof. Luiz Arthur Corr\u00eaa Dornelles (12\/01\/2012 &#8211; 31\/12\/2012)<\/li>\n<li>Prof\u00aa Roberta Monteiro Brodt (01\/01\/2013 a 13\/03\/2013)<\/li>\n<li>Prof. Andr\u00e9 Lemes da Silva (13\/03\/2013 a 02\/04\/2016)<\/li>\n<li>Prof\u00aa Rejane Porto Veleda (03\/04\/2016 a 07\/11\/2016)<\/li>\n<li>Prof. Andr\u00e9 Lemes da Silva (08\/11\/2016 a 31\/12\/2016)<\/li>\n<li>Prof\u00aa Ingrid Elizabeth Wally Jorge (01\/01\/2017 a 18\/03\/2017)<\/li>\n<li>Prof. Andr\u00e9 Lemes da Silva (19\/01\/2017 a 09\/09\/2018)<\/li>\n<li>Prof\u00aa Vanessa Pintanel Dantas da Silva (Secret\u00e1ria atual, desde 10\/09\/2018)<\/li>\n<\/ol>\n<div class=\"yj6qo\"><\/div>\n<div class=\"adL\">Al\u00e9m de textos hist\u00f3ricos, a SMEC publicar\u00e1 outros textos de ex-Secret\u00e1rios(as), como poemas, cr\u00f4nicas, contos e artigos.<\/div>\n<p style=\"text-align: justify;\">Abrindo esta modalidade, publicamos o primeiro desses documentos: o poema <a href=\"http:\/\/www.riogrande.rs.gov.br\/smed\/wp-content\/uploads\/2011\/08\/Prof.Euripedes-Poema-ESPA%C3%87O.pdf\" target=\"_blank\" rel=\"noopener noreferrer\">Espa\u00e7o-Tempo<\/a>\u00a0de autoria do Prof. Eur\u00edpedes Falc\u00e3o Vieira, gentilmente cedido ao Portal SMECNAWEB.<\/p>\n<p style=\"text-align: justify;\">Acrescentamos, hoje, 18\/6\/2012, um artigo do Prof. Eur\u00edpedes Falc\u00e3o Vieira, intitulado <a href=\"http:\/\/www.riogrande.rs.gov.br\/smed\/wp-content\/uploads\/2012\/06\/20120618-a_geografia_atual_euripedes_falcao_vieira.pdf\" target=\"_blank\" rel=\"noopener noreferrer\">A GEOGRAFIA ATUAL<\/a>.<\/p>\n<p style=\"text-align: justify;\">Hoje, 25\/10\/2012, acrescentamos dois novos artigos do Prof. Eur\u00edpedes Falc\u00e3o Vieira, intitulados\u00a0<a href=\"http:\/\/www.riogrande.rs.gov.br\/smed\/wp-content\/uploads\/2012\/10\/20120817-fragmentos-euripedes_falcao_vieira.pdf\" target=\"_blank\" rel=\"noopener noreferrer\">Fragmentos<\/a>\u00a0e <a href=\"http:\/\/www.riogrande.rs.gov.br\/smed\/wp-content\/uploads\/2012\/10\/20120817-pensamentos.pdf\" target=\"_blank\" rel=\"noopener noreferrer\">Pensamentos<\/a>.<\/p>\n<p style=\"text-align: justify;\">Abaixo, \u00a0fotos da inscri\u00e7\u00e3o da Pira da P\u00e1tria, localizada na rua Duque de Caxias, esquina com Marechal Floriano Peixoto, de autoria do Prof. Eur\u00edpedes Falc\u00e3o Vieira. Essa inscri\u00e7\u00e3o partiu de uma solicita\u00e7\u00e3o do Prefeito Cid Scarone Vieira aos Secret\u00e1rios Municipais da \u00e9poca. Uma comiss\u00e3o escolheu o texto do Prof. Eur\u00edpedes Falc\u00e3o Vieira, por\u00e9m, n\u00e3o foi colocado o nome do autor na pedra. Com esse breve coment\u00e1rio e a foto\u00a0 pretendemos resgatar a origem da inscri\u00e7\u00e3o e homenagear o seu autor.<\/p>\n<div id=\"attachment_5064\" style=\"width: 495px\" class=\"wp-caption aligncenter\"><a href=\"http:\/\/www.riogrande.rs.gov.br\/smed\/wp-content\/uploads\/2011\/08\/20121025-pira_da_patria1a.jpg\" rel=\"lightbox[2629]\"><img loading=\"lazy\" decoding=\"async\" aria-describedby=\"caption-attachment-5064\" class=\"size-large wp-image-5064 \" title=\"Pira da P\u00e1tria 1\" src=\"http:\/\/www.riogrande.rs.gov.br\/smed\/wp-content\/uploads\/2011\/08\/20121025-pira_da_patria1a-485x862.jpg\" alt=\"\" width=\"485\" height=\"862\" srcset=\"https:\/\/www.riogrande.rs.gov.br\/smed\/wp-content\/uploads\/2011\/08\/20121025-pira_da_patria1a-485x862.jpg 485w, https:\/\/www.riogrande.rs.gov.br\/smed\/wp-content\/uploads\/2011\/08\/20121025-pira_da_patria1a-116x207.jpg 116w, https:\/\/www.riogrande.rs.gov.br\/smed\/wp-content\/uploads\/2011\/08\/20121025-pira_da_patria1a.jpg 1000w\" sizes=\"(max-width: 485px) 100vw, 485px\" \/><\/a><p id=\"caption-attachment-5064\" class=\"wp-caption-text\">Cr\u00e9dito da imagem: Leandro Padilha Ferreira<\/p><\/div>\n<div id=\"attachment_5065\" style=\"width: 495px\" class=\"wp-caption aligncenter\"><a href=\"http:\/\/www.riogrande.rs.gov.br\/smed\/wp-content\/uploads\/2011\/08\/20121025-pira_da_patria2a.jpg\" rel=\"lightbox[2629]\"><img loading=\"lazy\" decoding=\"async\" aria-describedby=\"caption-attachment-5065\" class=\"size-large wp-image-5065 \" title=\"Pira da P\u00e1tria 2\" src=\"http:\/\/www.riogrande.rs.gov.br\/smed\/wp-content\/uploads\/2011\/08\/20121025-pira_da_patria2a-485x273.jpg\" alt=\"\" width=\"485\" height=\"273\" srcset=\"https:\/\/www.riogrande.rs.gov.br\/smed\/wp-content\/uploads\/2011\/08\/20121025-pira_da_patria2a-485x273.jpg 485w, https:\/\/www.riogrande.rs.gov.br\/smed\/wp-content\/uploads\/2011\/08\/20121025-pira_da_patria2a-367x207.jpg 367w, https:\/\/www.riogrande.rs.gov.br\/smed\/wp-content\/uploads\/2011\/08\/20121025-pira_da_patria2a.jpg 1000w\" sizes=\"(max-width: 485px) 100vw, 485px\" \/><\/a><p id=\"caption-attachment-5065\" class=\"wp-caption-text\">Cr\u00e9dito da imagem: Leandro Padilha Ferreira<\/p><\/div>\n<p style=\"text-align: center;\">\n","protected":false},"excerpt":{"rendered":"<p>SECRET\u00c1RIOS MUNICIPAIS DE EDUCA\u00c7\u00c3O E CULTURA A seguir, relacionamos os cidad\u00e3os e cidad\u00e3s que foram Secret\u00e1rios (as) desde que a SMEC foi constitu\u00edda com a configura\u00e7\u00e3o atual. Por este meio, formalizamos, \u00a0a cada um (uma) \u00a0dos (das) ex-Secret\u00e1rios (as) &#8211; a seus familiares ou ex-colaboradores, no caso daqueles que s\u00e3o falecidos -, o convite para [&hellip;]<\/p>\n","protected":false},"author":7,"featured_media":0,"parent":250,"menu_order":0,"comment_status":"closed","ping_status":"open","template":"","meta":{"footnotes":""},"class_list":["post-2629","page","type-page","status-publish","hentry"],"_links":{"self":[{"href":"https:\/\/www.riogrande.rs.gov.br\/smed\/index.php?rest_route=\/wp\/v2\/pages\/2629"}],"collection":[{"href":"https:\/\/www.riogrande.rs.gov.br\/smed\/index.php?rest_route=\/wp\/v2\/pages"}],"about":[{"href":"https:\/\/www.riogrande.rs.gov.br\/smed\/index.php?rest_route=\/wp\/v2\/types\/page"}],"author":[{"embeddable":true,"href":"https:\/\/www.riogrande.rs.gov.br\/smed\/index.php?rest_route=\/wp\/v2\/users\/7"}],"replies":[{"embeddable":true,"href":"https:\/\/www.riogrande.rs.gov.br\/smed\/index.php?rest_route=%2Fwp%2Fv2%2Fcomments&post=2629"}],"version-history":[{"count":31,"href":"https:\/\/www.riogrande.rs.gov.br\/smed\/index.php?rest_route=\/wp\/v2\/pages\/2629\/revisions"}],"predecessor-version":[{"id":37481,"href":"https:\/\/www.riogrande.rs.gov.br\/smed\/index.php?rest_route=\/wp\/v2\/pages\/2629\/revisions\/37481"}],"up":[{"embeddable":true,"href":"https:\/\/www.riogrande.rs.gov.br\/smed\/index.php?rest_route=\/wp\/v2\/pages\/250"}],"wp:attachment":[{"href":"https:\/\/www.riogrande.rs.gov.br\/smed\/index.php?rest_route=%2Fwp%2Fv2%2Fmedia&parent=2629"}],"curies":[{"name":"wp","href":"https:\/\/api.w.org\/{rel}","templated":true}]}}