{"id":25867,"date":"2018-04-17T14:50:54","date_gmt":"2018-04-17T17:50:54","guid":{"rendered":"http:\/\/www.riogrande.rs.gov.br\/smed\/?page_id=25867"},"modified":"2018-10-17T15:15:44","modified_gmt":"2018-10-17T18:15:44","slug":"projeto-aluno-monitor-2018","status":"publish","type":"page","link":"https:\/\/www.riogrande.rs.gov.br\/smed\/?page_id=25867","title":{"rendered":"Projeto Aluno Monitor 2018"},"content":{"rendered":"<hr \/>\n<p>Publicada 17\/10\/2018<\/p>\n<h2>Cerim\u00f4nia de Formatura do \u201cProjeto Aluno Monitor 2018\u201d acontecer\u00e1 nesta quinta-feira, 18<\/h2>\n<p style=\"text-align: justify;\">A Secretaria de Munic\u00edpio da Educa\u00e7\u00e3o de Rio Grande (SMEd), atrav\u00e9s dos N\u00facleos de Tecnologia Municipal (NTM), de Educa\u00e7\u00e3o Ambiental e Patrimonial, e da Assessoria \u00c9tnico-Racial, informa que a Cerim\u00f4nia de Formatura do \u201c<b>Projeto Aluno Monitor 2018<\/b>\u201d acontecer\u00e1 nesta quinta-feira, dia <b>18 de abril<\/b>, \u00e0s <b>14h<\/b>, no o <b>Sal\u00e3o Nobre<\/b> Deputado Carlos Santos, no pr\u00e9dio da Prefeitura Municipal do Rio Grande.<\/p>\n<p style=\"text-align: justify;\">Neste ano, a tem\u00e1tica abordada pelo Projeto Aluno Monitor, que ao longo de 07 anos de execu\u00e7\u00e3o teve a participa\u00e7\u00e3o de mais de 800 alunos, faz refer\u00eancia aos 15 anos da promulga\u00e7\u00e3o da Lei n\u00ba 10.639\/03, que versa sobre o ensino da Hist\u00f3ria e Cultura Afro-brasileira e africana em todas as escolas, p\u00fablicas e particulares, do Ensino Fundamental at\u00e9 o Ensino M\u00e9dio.<\/p>\n<p style=\"text-align: right;\"><em>SMEd<\/em><br \/>\n<em>Roberton Reis<\/em><\/p>\n<hr \/>\n<p>Publicada 17\/04\/2018<\/p>\n<h2>Per\u00edodo de inscri\u00e7\u00f5es para o \u201cProjeto Aluno Monitor 2018\u201d inicia na pr\u00f3xima quarta-feira, 18<\/h2>\n<p style=\"text-align: justify;\">A Secretaria de Munic\u00edpio da Educa\u00e7\u00e3o de Rio Grande (SMEd), atrav\u00e9s dos N\u00facleos de Tecnologia Municipal (NTM), de Educa\u00e7\u00e3o Ambiental e Patrimonial, e da Assessoria \u00c9tnico-Racial, informa que o per\u00edodo de inscri\u00e7\u00f5es para o \u201c<strong>Projeto Aluno Monitor 2018<\/strong>\u201d inicia na pr\u00f3xima quarta-feira, <strong>18 de abril<\/strong>.<\/p>\n<p>&nbsp;<\/p>\n<p style=\"text-align: justify;\">Neste ano, a tem\u00e1tica abordada pelo Projeto, que ao longo de sete anos de execu\u00e7\u00e3o teve a participa\u00e7\u00e3o de mais de 800 alunos, faz refer\u00eancia aos 15 anos da promulga\u00e7\u00e3o da LEI 10.639\/03, que versa sobre o ensino da hist\u00f3ria e cultura afro-brasileira e africana em todas as escolas, p\u00fablicas e particulares, do ensino fundamental at\u00e9 o ensino m\u00e9dio.<\/p>\n<p style=\"text-align: justify;\">\u201c<strong>Compreendemos que o tema \u00e9 relevante e precisa ser debatido no ambiente escolar, a partir do envolvimento dos alunos em pesquisas que sustentem o debate<\/strong>\u201d, destacou a coordenadora do NTM, Maria de F\u00e1tima Baldez Rodrigues.<\/p>\n<p style=\"text-align: justify;\">As escolas interessadas em desenvolver o Projeto dever\u00e3o realizar a inscri\u00e7\u00e3o no per\u00edodo de 18 de abril a 23 de abril, pelo <strong><a href=\"https:\/\/docs.google.com\/forms\/d\/1OLJX4_CrRMt1wa_yCOXFx2jNfKOWPNIAHyvHzTopR1s\/edit\" target=\"_blank\" rel=\"noopener\">link<\/a>.<\/strong><\/p>\n<p style=\"text-align: right;\"><em>SMEd<\/em><br \/>\n<em> Roberton Reis<\/em><\/p>\n","protected":false},"excerpt":{"rendered":"<p>Publicada 17\/10\/2018 Cerim\u00f4nia de Formatura do \u201cProjeto Aluno Monitor 2018\u201d acontecer\u00e1 nesta quinta-feira, 18 A Secretaria de Munic\u00edpio da Educa\u00e7\u00e3o de Rio Grande (SMEd), atrav\u00e9s dos N\u00facleos de Tecnologia Municipal (NTM), de Educa\u00e7\u00e3o Ambiental e Patrimonial, e da Assessoria \u00c9tnico-Racial, informa que a Cerim\u00f4nia de Formatura do \u201cProjeto Aluno Monitor 2018\u201d acontecer\u00e1 nesta quinta-feira, dia [&hellip;]<\/p>\n","protected":false},"author":7,"featured_media":0,"parent":25220,"menu_order":3,"comment_status":"closed","ping_status":"closed","template":"","meta":{"footnotes":""},"class_list":["post-25867","page","type-page","status-publish","hentry"],"_links":{"self":[{"href":"https:\/\/www.riogrande.rs.gov.br\/smed\/index.php?rest_route=\/wp\/v2\/pages\/25867"}],"collection":[{"href":"https:\/\/www.riogrande.rs.gov.br\/smed\/index.php?rest_route=\/wp\/v2\/pages"}],"about":[{"href":"https:\/\/www.riogrande.rs.gov.br\/smed\/index.php?rest_route=\/wp\/v2\/types\/page"}],"author":[{"embeddable":true,"href":"https:\/\/www.riogrande.rs.gov.br\/smed\/index.php?rest_route=\/wp\/v2\/users\/7"}],"replies":[{"embeddable":true,"href":"https:\/\/www.riogrande.rs.gov.br\/smed\/index.php?rest_route=%2Fwp%2Fv2%2Fcomments&post=25867"}],"version-history":[{"count":2,"href":"https:\/\/www.riogrande.rs.gov.br\/smed\/index.php?rest_route=\/wp\/v2\/pages\/25867\/revisions"}],"predecessor-version":[{"id":29128,"href":"https:\/\/www.riogrande.rs.gov.br\/smed\/index.php?rest_route=\/wp\/v2\/pages\/25867\/revisions\/29128"}],"up":[{"embeddable":true,"href":"https:\/\/www.riogrande.rs.gov.br\/smed\/index.php?rest_route=\/wp\/v2\/pages\/25220"}],"wp:attachment":[{"href":"https:\/\/www.riogrande.rs.gov.br\/smed\/index.php?rest_route=%2Fwp%2Fv2%2Fmedia&parent=25867"}],"curies":[{"name":"wp","href":"https:\/\/api.w.org\/{rel}","templated":true}]}}