{"id":23838,"date":"2017-10-26T15:58:00","date_gmt":"2017-10-26T17:58:00","guid":{"rendered":"http:\/\/www.riogrande.rs.gov.br\/smed\/?page_id=23838"},"modified":"2017-10-26T15:58:06","modified_gmt":"2017-10-26T17:58:06","slug":"1o-festival-danca-estudantes","status":"publish","type":"page","link":"https:\/\/www.riogrande.rs.gov.br\/smed\/?page_id=23838","title":{"rendered":"1\u00ba Festival \u201cDan\u00e7a Estudantes\u201d"},"content":{"rendered":"<p>Publicado 26\/10\/2017<\/p>\n<h2>1\u00aa edi\u00e7\u00e3o do Festival \u201cDan\u00e7a Estudantes\u201d mostrou o talento de estudantes das Redes Municipal, Estadual e Particular do Munic\u00edpio<\/h2>\n\n\t\t<style type=\"text\/css\">\n\t\t\t#gallery-1 {\n\t\t\t\tmargin: auto;\n\t\t\t}\n\t\t\t#gallery-1 .gallery-item {\n\t\t\t\tfloat: left;\n\t\t\t\tmargin-top: 10px;\n\t\t\t\ttext-align: center;\n\t\t\t\twidth: 33%;\n\t\t\t}\n\t\t\t#gallery-1 img {\n\t\t\t\tborder: 2px solid #cfcfcf;\n\t\t\t}\n\t\t\t#gallery-1 .gallery-caption {\n\t\t\t\tmargin-left: 0;\n\t\t\t}\n\t\t\t\/* see gallery_shortcode() in wp-includes\/media.php *\/\n\t\t<\/style>\n\t\t<div id='gallery-1' class='gallery galleryid-23838 gallery-columns-3 gallery-size-thumbnail'><dl class='gallery-item'>\n\t\t\t<dt class='gallery-icon landscape'>\n\t\t\t\t<a href='https:\/\/www.riogrande.rs.gov.br\/smed\/wp-content\/uploads\/2017\/10\/20171026-ped-danca_estudantes-image1.jpg' rel=\"lightbox[23838]\"><img loading=\"lazy\" decoding=\"async\" width=\"150\" height=\"150\" src=\"https:\/\/www.riogrande.rs.gov.br\/smed\/wp-content\/uploads\/2017\/10\/20171026-ped-danca_estudantes-image1-150x150.jpg\" class=\"attachment-thumbnail size-thumbnail\" alt=\"\" aria-describedby=\"gallery-1-23823\" \/><\/a>\n\t\t\t<\/dt>\n\t\t\t\t<dd class='wp-caption-text gallery-caption' id='gallery-1-23823'>\n\t\t\t\tCr\u00e9dito: Marcos Jatahy\n\t\t\t\t<\/dd><\/dl><dl class='gallery-item'>\n\t\t\t<dt class='gallery-icon landscape'>\n\t\t\t\t<a href='https:\/\/www.riogrande.rs.gov.br\/smed\/wp-content\/uploads\/2017\/10\/20171026-ped-danca_estudantes-image2.jpg' rel=\"lightbox[23838]\"><img loading=\"lazy\" decoding=\"async\" width=\"150\" height=\"150\" src=\"https:\/\/www.riogrande.rs.gov.br\/smed\/wp-content\/uploads\/2017\/10\/20171026-ped-danca_estudantes-image2-150x150.jpg\" class=\"attachment-thumbnail size-thumbnail\" alt=\"\" aria-describedby=\"gallery-1-23824\" \/><\/a>\n\t\t\t<\/dt>\n\t\t\t\t<dd class='wp-caption-text gallery-caption' id='gallery-1-23824'>\n\t\t\t\tCr\u00e9dito: Marcos Jatahy\n\t\t\t\t<\/dd><\/dl><dl class='gallery-item'>\n\t\t\t<dt class='gallery-icon landscape'>\n\t\t\t\t<a href='https:\/\/www.riogrande.rs.gov.br\/smed\/wp-content\/uploads\/2017\/10\/20171026-ped-danca_estudantes-image3.jpg' rel=\"lightbox[23838]\"><img loading=\"lazy\" decoding=\"async\" width=\"150\" height=\"150\" src=\"https:\/\/www.riogrande.rs.gov.br\/smed\/wp-content\/uploads\/2017\/10\/20171026-ped-danca_estudantes-image3-150x150.jpg\" class=\"attachment-thumbnail size-thumbnail\" alt=\"\" aria-describedby=\"gallery-1-23825\" \/><\/a>\n\t\t\t<\/dt>\n\t\t\t\t<dd class='wp-caption-text gallery-caption' id='gallery-1-23825'>\n\t\t\t\tCr\u00e9dito: Marcos Jatahy\n\t\t\t\t<\/dd><\/dl><br style=\"clear: both\" \/><dl class='gallery-item'>\n\t\t\t<dt class='gallery-icon landscape'>\n\t\t\t\t<a href='https:\/\/www.riogrande.rs.gov.br\/smed\/wp-content\/uploads\/2017\/10\/20171026-ped-danca_estudantes-image4.jpg' rel=\"lightbox[23838]\"><img loading=\"lazy\" decoding=\"async\" width=\"150\" height=\"150\" src=\"https:\/\/www.riogrande.rs.gov.br\/smed\/wp-content\/uploads\/2017\/10\/20171026-ped-danca_estudantes-image4-150x150.jpg\" class=\"attachment-thumbnail size-thumbnail\" alt=\"\" aria-describedby=\"gallery-1-23826\" \/><\/a>\n\t\t\t<\/dt>\n\t\t\t\t<dd class='wp-caption-text gallery-caption' id='gallery-1-23826'>\n\t\t\t\tCr\u00e9dito: Marcos Jatahy\n\t\t\t\t<\/dd><\/dl><dl class='gallery-item'>\n\t\t\t<dt class='gallery-icon landscape'>\n\t\t\t\t<a href='https:\/\/www.riogrande.rs.gov.br\/smed\/wp-content\/uploads\/2017\/10\/20171026-ped-danca_estudantes-image5.jpg' rel=\"lightbox[23838]\"><img loading=\"lazy\" decoding=\"async\" width=\"150\" height=\"150\" src=\"https:\/\/www.riogrande.rs.gov.br\/smed\/wp-content\/uploads\/2017\/10\/20171026-ped-danca_estudantes-image5-150x150.jpg\" class=\"attachment-thumbnail size-thumbnail\" alt=\"\" aria-describedby=\"gallery-1-23827\" \/><\/a>\n\t\t\t<\/dt>\n\t\t\t\t<dd class='wp-caption-text gallery-caption' id='gallery-1-23827'>\n\t\t\t\tCr\u00e9dito: Marcos Jatahy\n\t\t\t\t<\/dd><\/dl><dl class='gallery-item'>\n\t\t\t<dt class='gallery-icon landscape'>\n\t\t\t\t<a href='https:\/\/www.riogrande.rs.gov.br\/smed\/wp-content\/uploads\/2017\/10\/20171026-ped-danca_estudantes-image6.jpg' rel=\"lightbox[23838]\"><img loading=\"lazy\" decoding=\"async\" width=\"150\" height=\"150\" src=\"https:\/\/www.riogrande.rs.gov.br\/smed\/wp-content\/uploads\/2017\/10\/20171026-ped-danca_estudantes-image6-150x150.jpg\" class=\"attachment-thumbnail size-thumbnail\" alt=\"\" aria-describedby=\"gallery-1-23828\" \/><\/a>\n\t\t\t<\/dt>\n\t\t\t\t<dd class='wp-caption-text gallery-caption' id='gallery-1-23828'>\n\t\t\t\tCr\u00e9dito: Marcos Jatahy\n\t\t\t\t<\/dd><\/dl><br style=\"clear: both\" \/><dl class='gallery-item'>\n\t\t\t<dt class='gallery-icon landscape'>\n\t\t\t\t<a href='https:\/\/www.riogrande.rs.gov.br\/smed\/wp-content\/uploads\/2017\/10\/20171026-ped-danca_estudantes-image7.jpg' rel=\"lightbox[23838]\"><img loading=\"lazy\" decoding=\"async\" width=\"150\" height=\"150\" src=\"https:\/\/www.riogrande.rs.gov.br\/smed\/wp-content\/uploads\/2017\/10\/20171026-ped-danca_estudantes-image7-150x150.jpg\" class=\"attachment-thumbnail size-thumbnail\" alt=\"\" aria-describedby=\"gallery-1-23829\" \/><\/a>\n\t\t\t<\/dt>\n\t\t\t\t<dd class='wp-caption-text gallery-caption' id='gallery-1-23829'>\n\t\t\t\tCr\u00e9dito: Marcos Jatahy\n\t\t\t\t<\/dd><\/dl><dl class='gallery-item'>\n\t\t\t<dt class='gallery-icon landscape'>\n\t\t\t\t<a href='https:\/\/www.riogrande.rs.gov.br\/smed\/wp-content\/uploads\/2017\/10\/20171026-ped-danca_estudantes-image8.jpg' rel=\"lightbox[23838]\"><img loading=\"lazy\" decoding=\"async\" width=\"150\" height=\"150\" src=\"https:\/\/www.riogrande.rs.gov.br\/smed\/wp-content\/uploads\/2017\/10\/20171026-ped-danca_estudantes-image8-150x150.jpg\" class=\"attachment-thumbnail size-thumbnail\" alt=\"\" aria-describedby=\"gallery-1-23830\" \/><\/a>\n\t\t\t<\/dt>\n\t\t\t\t<dd class='wp-caption-text gallery-caption' id='gallery-1-23830'>\n\t\t\t\tCr\u00e9dito: Marcos Jatahy\n\t\t\t\t<\/dd><\/dl><dl class='gallery-item'>\n\t\t\t<dt class='gallery-icon landscape'>\n\t\t\t\t<a href='https:\/\/www.riogrande.rs.gov.br\/smed\/wp-content\/uploads\/2017\/10\/20171026-ped-danca_estudantes-image9.jpg' rel=\"lightbox[23838]\"><img loading=\"lazy\" decoding=\"async\" width=\"150\" height=\"150\" src=\"https:\/\/www.riogrande.rs.gov.br\/smed\/wp-content\/uploads\/2017\/10\/20171026-ped-danca_estudantes-image9-150x150.jpg\" class=\"attachment-thumbnail size-thumbnail\" alt=\"\" aria-describedby=\"gallery-1-23831\" \/><\/a>\n\t\t\t<\/dt>\n\t\t\t\t<dd class='wp-caption-text gallery-caption' id='gallery-1-23831'>\n\t\t\t\tCr\u00e9dito: Marcos Jatahy\n\t\t\t\t<\/dd><\/dl><br style=\"clear: both\" \/><dl class='gallery-item'>\n\t\t\t<dt class='gallery-icon portrait'>\n\t\t\t\t<a href='https:\/\/www.riogrande.rs.gov.br\/smed\/wp-content\/uploads\/2017\/10\/20171026-ped-danca_estudantes-image10.jpg' rel=\"lightbox[23838]\"><img loading=\"lazy\" decoding=\"async\" width=\"150\" height=\"150\" src=\"https:\/\/www.riogrande.rs.gov.br\/smed\/wp-content\/uploads\/2017\/10\/20171026-ped-danca_estudantes-image10-150x150.jpg\" class=\"attachment-thumbnail size-thumbnail\" alt=\"\" aria-describedby=\"gallery-1-23832\" \/><\/a>\n\t\t\t<\/dt>\n\t\t\t\t<dd class='wp-caption-text gallery-caption' id='gallery-1-23832'>\n\t\t\t\tCr\u00e9dito: Marcos Jatahy\n\t\t\t\t<\/dd><\/dl><dl class='gallery-item'>\n\t\t\t<dt class='gallery-icon landscape'>\n\t\t\t\t<a href='https:\/\/www.riogrande.rs.gov.br\/smed\/wp-content\/uploads\/2017\/10\/20171026-ped-danca_estudantes-image11.jpg' rel=\"lightbox[23838]\"><img loading=\"lazy\" decoding=\"async\" width=\"150\" height=\"150\" src=\"https:\/\/www.riogrande.rs.gov.br\/smed\/wp-content\/uploads\/2017\/10\/20171026-ped-danca_estudantes-image11-150x150.jpg\" class=\"attachment-thumbnail size-thumbnail\" alt=\"\" aria-describedby=\"gallery-1-23833\" \/><\/a>\n\t\t\t<\/dt>\n\t\t\t\t<dd class='wp-caption-text gallery-caption' id='gallery-1-23833'>\n\t\t\t\tCr\u00e9dito: Marcos Jatahy\n\t\t\t\t<\/dd><\/dl><dl class='gallery-item'>\n\t\t\t<dt class='gallery-icon landscape'>\n\t\t\t\t<a href='https:\/\/www.riogrande.rs.gov.br\/smed\/wp-content\/uploads\/2017\/10\/20171026-ped-danca_estudantes-image12.jpg' rel=\"lightbox[23838]\"><img loading=\"lazy\" decoding=\"async\" width=\"150\" height=\"150\" src=\"https:\/\/www.riogrande.rs.gov.br\/smed\/wp-content\/uploads\/2017\/10\/20171026-ped-danca_estudantes-image12-150x150.jpg\" class=\"attachment-thumbnail size-thumbnail\" alt=\"\" aria-describedby=\"gallery-1-23834\" \/><\/a>\n\t\t\t<\/dt>\n\t\t\t\t<dd class='wp-caption-text gallery-caption' id='gallery-1-23834'>\n\t\t\t\tCr\u00e9dito: Marcos Jatahy\n\t\t\t\t<\/dd><\/dl><br style=\"clear: both\" \/>\n\t\t<\/div>\n\n<p style=\"text-align: justify;\">Nos dias <b>20 e 21 de outubro<\/b>, a Prefeitura Municipal do Rio Grande, atrav\u00e9s da Secretaria de Munic\u00edpio da Educa\u00e7\u00e3o de Rio Grande (SMEd) e da Escola Municipal de Inicia\u00e7\u00e3o Esportiva Ney Amado Costa, juntamente com a Associa\u00e7\u00e3o Cultural \u201cRio Grande em A\u00e7\u00e3o\u201d, com o apoio do Pra\u00e7a Rio Grande Shopping, promoveu <b>1\u00aa edi\u00e7\u00e3o do Festival \u201cDan\u00e7a Estudantes\u201d<\/b>.<\/p>\n<p style=\"text-align: justify;\">O Festival, que objetivou valorizar, difundir e incentivar o talento dos alunos Rede Municipal, Estadual e Privada de Ensino da cidade do Rio Grande, evidenciando todo o potencial criativo de cada segmento art\u00edstico escolar, contou com a participa\u00e7\u00e3o de cerca de 390 alunos, que promoveram apresenta\u00e7\u00f5es de dan\u00e7a nas modalidades: Hip Hop, Jazz, Estilo Livre, Dan\u00e7as Tradicionalistas e Dan\u00e7a Contempor\u00e2nea.<\/p>\n<p style=\"text-align: justify;\">De acordo com informa\u00e7\u00f5es da organiza\u00e7\u00e3o do Festival, ao todo, foram apresentadas 57 coreografias durante os dois dias de Festival, que foram analisadas e avaliadas pela Comiss\u00e3o de Jurados, formada por professores e profissionais na \u00e1rea da Dan\u00e7a. Participaram do evento as seguintes escolas: EMEF Altamir de Lacerda; EMEF Anselmo Dias Lopes; EMEF Cidade do Rio Grande; EMEF Rui Poester Peixoto; EMEF Peixoto Primo; EMEF Wanda Rocha; EMEF Fran\u00e7a Pinto; EMEF Crist\u00f3v\u00e3o Pereira de Abreu; EMEF Sant&#8217;Ana; EMEF Maria da Gra\u00e7a Reyes; EMEF Dolores Garcia; EMEF Ana N\u00e9ri; EMEF em TI Prof. Valdir Castro; EEEM Lorea Pinto; EMIE Ney Amado Costa e Col\u00e9gio Marista S\u00e3o Francisco.<\/p>\n<p style=\"text-align: justify;\"><b>\u201cA 1\u00aa edi\u00e7\u00e3o do Festival Dan\u00e7a Estudantes envolveu Escolas Municipais, Estaduais e Particulares de Ensino da cidade do Rio Grande em apresenta\u00e7\u00f5es de dan\u00e7as de diversos ritmos e cores. S\u00e3o as nossas Escolas ComVida espalhando sua diversidade, construindo cidadania para al\u00e9m dos seus muros e contagiando toda a cidade em mais uma iniciativa da nossa Secretaria da Educa\u00e7\u00e3o para homenagem aos 280 anos do nosso Munic\u00edpio\u201d<\/b>, destacou Andr\u00e9 Lemes da Silva, secret\u00e1rio de Munic\u00edpio da Educa\u00e7\u00e3o.<\/p>\n<p>&nbsp;<\/p>\n<p style=\"text-align: right;\"><em>SMEd<\/em><br \/>\n<em> Roberton Reis<\/em><\/p>\n<hr \/>\n<p>Publicado 03\/10\/2017<\/p>\n<h2>Per\u00edodo de inscri\u00e7\u00f5es para o 1\u00ba Festival \u201cDan\u00e7a Estudantes\u201d vai at\u00e9 dia 13 de outubro<\/h2>\n<div id=\"attachment_23477\" style=\"width: 495px\" class=\"wp-caption aligncenter\"><a href=\"http:\/\/www.riogrande.rs.gov.br\/smed\/wp-content\/uploads\/2017\/10\/20171003-ped-festival-image1.jpg\" rel=\"lightbox[23838]\"><img loading=\"lazy\" decoding=\"async\" aria-describedby=\"caption-attachment-23477\" class=\"size-medium wp-image-23477\" src=\"http:\/\/www.riogrande.rs.gov.br\/smed\/wp-content\/uploads\/2017\/10\/20171003-ped-festival-image1-485x686.jpg\" alt=\"\" width=\"485\" height=\"686\" srcset=\"https:\/\/www.riogrande.rs.gov.br\/smed\/wp-content\/uploads\/2017\/10\/20171003-ped-festival-image1-485x686.jpg 485w, https:\/\/www.riogrande.rs.gov.br\/smed\/wp-content\/uploads\/2017\/10\/20171003-ped-festival-image1-768x1087.jpg 768w, https:\/\/www.riogrande.rs.gov.br\/smed\/wp-content\/uploads\/2017\/10\/20171003-ped-festival-image1-146x207.jpg 146w, https:\/\/www.riogrande.rs.gov.br\/smed\/wp-content\/uploads\/2017\/10\/20171003-ped-festival-image1.jpg 800w\" sizes=\"(max-width: 485px) 100vw, 485px\" \/><\/a><p id=\"caption-attachment-23477\" class=\"wp-caption-text\">Divulga\u00e7\u00e3o<\/p><\/div>\n<p style=\"text-align: justify;\">A Prefeitura Municipal do Rio Grande, atrav\u00e9s da Secretaria de Munic\u00edpio da Educa\u00e7\u00e3o de Rio Grande (SMEd) e da Escola Municipal de Inicia\u00e7\u00e3o Esportiva Ney Amado Costa, juntamente com a Associa\u00e7\u00e3o Cultural \u201cRio Grande em A\u00e7\u00e3o\u201d, com o apoio do Pra\u00e7a Rio Grande Shopping, promover\u00e1, nos dias <b>20 e 21 de outubro<\/b>, <b>das 15h \u00e0s 18h<\/b>, a <b>1\u00aa edi\u00e7\u00e3o do Festival \u201cDan\u00e7a Estudantes\u201d<\/b>.<\/p>\n<p style=\"text-align: justify;\"><!--more--><\/p>\n<p style=\"text-align: justify;\">O Festival objetiva valorizar, difundir e incentivar o talento dos alunos das escolas da educa\u00e7\u00e3o b\u00e1sica da cidade do Rio Grande, evidenciando todo o potencial criativo de cada segmento art\u00edstico escolar, visto que a Dan\u00e7a \u00e9 um instrumento de suma import\u00e2ncia para o desenvolvimento sociocultural, contribuindo no processo de constru\u00e7\u00e3o do conhecimento de forma significativa.<\/p>\n<p style=\"text-align: justify;\">O evento trata-se de uma mostra de Dan\u00e7a competitiva, a qual promover\u00e1 o interc\u00e2mbio desta Arte e proporcionar\u00e1 a troca de experi\u00eancias entre alunos e professores que tiverem o interesse em apresentar suas composi\u00e7\u00f5es coreogr\u00e1ficas.<\/p>\n<p style=\"text-align: justify;\">Para obter maiores informa\u00e7\u00f5es sobre o 1\u00ba Festival Dan\u00e7a Estudantes, acesse o <a href=\"http:\/\/www.riogrande.rs.gov.br\/smed\/wp-content\/uploads\/2017\/10\/20171003-danca_estudantes_regulamento_modificado-3.pdf\" target=\"_blank\" rel=\"noopener\"><b>Regulamento<\/b><\/a>. Para realizar a inscri\u00e7\u00e3o no Festival, acesse a <a href=\"http:\/\/www.riogrande.rs.gov.br\/smed\/wp-content\/uploads\/2017\/10\/20171003-danca_estudantes_ficha-insc-3.pdf\" target=\"_blank\" rel=\"noopener\"><b>Ficha de Inscri\u00e7\u00e3o<\/b><\/a>.<\/p>\n<p style=\"text-align: right;\"><em>SMEd<\/em><br \/>\n<em> Roberton Reis<\/em><\/p>\n","protected":false},"excerpt":{"rendered":"<p>Publicado 26\/10\/2017 1\u00aa edi\u00e7\u00e3o do Festival \u201cDan\u00e7a Estudantes\u201d mostrou o talento de estudantes das Redes Municipal, Estadual e Particular do Munic\u00edpio Nos dias 20 e 21 de outubro, a Prefeitura Municipal do Rio Grande, atrav\u00e9s da Secretaria de Munic\u00edpio da Educa\u00e7\u00e3o de Rio Grande (SMEd) e da Escola Municipal de Inicia\u00e7\u00e3o Esportiva Ney Amado Costa, [&hellip;]<\/p>\n","protected":false},"author":7,"featured_media":0,"parent":21088,"menu_order":5,"comment_status":"closed","ping_status":"closed","template":"","meta":{"footnotes":""},"class_list":["post-23838","page","type-page","status-publish","hentry"],"_links":{"self":[{"href":"https:\/\/www.riogrande.rs.gov.br\/smed\/index.php?rest_route=\/wp\/v2\/pages\/23838"}],"collection":[{"href":"https:\/\/www.riogrande.rs.gov.br\/smed\/index.php?rest_route=\/wp\/v2\/pages"}],"about":[{"href":"https:\/\/www.riogrande.rs.gov.br\/smed\/index.php?rest_route=\/wp\/v2\/types\/page"}],"author":[{"embeddable":true,"href":"https:\/\/www.riogrande.rs.gov.br\/smed\/index.php?rest_route=\/wp\/v2\/users\/7"}],"replies":[{"embeddable":true,"href":"https:\/\/www.riogrande.rs.gov.br\/smed\/index.php?rest_route=%2Fwp%2Fv2%2Fcomments&post=23838"}],"version-history":[{"count":1,"href":"https:\/\/www.riogrande.rs.gov.br\/smed\/index.php?rest_route=\/wp\/v2\/pages\/23838\/revisions"}],"predecessor-version":[{"id":23839,"href":"https:\/\/www.riogrande.rs.gov.br\/smed\/index.php?rest_route=\/wp\/v2\/pages\/23838\/revisions\/23839"}],"up":[{"embeddable":true,"href":"https:\/\/www.riogrande.rs.gov.br\/smed\/index.php?rest_route=\/wp\/v2\/pages\/21088"}],"wp:attachment":[{"href":"https:\/\/www.riogrande.rs.gov.br\/smed\/index.php?rest_route=%2Fwp%2Fv2%2Fmedia&parent=23838"}],"curies":[{"name":"wp","href":"https:\/\/api.w.org\/{rel}","templated":true}]}}