{"id":23261,"date":"2017-09-22T12:42:12","date_gmt":"2017-09-22T15:42:12","guid":{"rendered":"http:\/\/www.riogrande.rs.gov.br\/smed\/?page_id=23261"},"modified":"2018-06-04T15:21:32","modified_gmt":"2018-06-04T18:21:32","slug":"edital-para-a-eleicao-de-diretores-e-vice-diretores-das-escolas-da-rede-municipal-2017","status":"publish","type":"page","link":"https:\/\/www.riogrande.rs.gov.br\/smed\/?page_id=23261","title":{"rendered":"Elei\u00e7\u00e3o de Diretores e Vice-diretores das Escolas da Rede Municipal 2017"},"content":{"rendered":"<hr \/>\n<p>Publicado 14\/11\/2017<\/p>\n<h2 class=\"art-postheader\">Resultado Final do Processo Eleitoral 2017 para Escolha dos Diretores das Escolas da Rede P\u00fablica Municipal de Ensino de Rio Grande<\/h2>\n<div id=\"attachment_24146\" style=\"width: 495px\" class=\"wp-caption aligncenter\"><a href=\"http:\/\/www.riogrande.rs.gov.br\/smed\/wp-content\/uploads\/2017\/11\/20171114-chapas_eleitas2.pdf\" target=\"_blank\" rel=\"noopener\"><img loading=\"lazy\" decoding=\"async\" aria-describedby=\"caption-attachment-24146\" class=\"size-medium wp-image-24146\" src=\"http:\/\/www.riogrande.rs.gov.br\/smed\/wp-content\/uploads\/2017\/11\/20171114-eleicoes-2017-485x303.jpg\" alt=\"\" width=\"485\" height=\"303\" srcset=\"https:\/\/www.riogrande.rs.gov.br\/smed\/wp-content\/uploads\/2017\/11\/20171114-eleicoes-2017-485x303.jpg 485w, https:\/\/www.riogrande.rs.gov.br\/smed\/wp-content\/uploads\/2017\/11\/20171114-eleicoes-2017-768x480.jpg 768w, https:\/\/www.riogrande.rs.gov.br\/smed\/wp-content\/uploads\/2017\/11\/20171114-eleicoes-2017-331x207.jpg 331w, https:\/\/www.riogrande.rs.gov.br\/smed\/wp-content\/uploads\/2017\/11\/20171114-eleicoes-2017.jpg 800w\" sizes=\"(max-width: 485px) 100vw, 485px\" \/><\/a><p id=\"caption-attachment-24146\" class=\"wp-caption-text\">Divulga\u00e7\u00e3o<\/p><\/div>\n<p style=\"text-align: justify;\">Clique <a href=\"http:\/\/www.riogrande.rs.gov.br\/smed\/wp-content\/uploads\/2017\/11\/20171114-chapas_eleitas2.pdf\" target=\"_blank\" rel=\"noopener\"><strong>Aqui<\/strong><\/a> para ver a lista.<\/p>\n<p style=\"text-align: right;\"><em>SMEd<\/em><\/p>\n<hr \/>\n<p>Publicado 24\/10\/2017<\/p>\n<h2>Comiss\u00e3o Eleitoral Central divulga as Chapas Homologadas para a Elei\u00e7\u00e3o Direta Uninominal para Diretores e Vice-Diretores das Escolas da Rede P\u00fablica Municipal de Ensino do Rio Grande &#8211; 2017<\/h2>\n<div id=\"attachment_23749\" style=\"width: 495px\" class=\"wp-caption aligncenter\"><a href=\"http:\/\/www.riogrande.rs.gov.br\/smed\/wp-content\/uploads\/2017\/10\/20171025-processo_eleicao_2017_revisado.pdf\" target=\"_blank\" rel=\"noopener\"><img loading=\"lazy\" decoding=\"async\" aria-describedby=\"caption-attachment-23749\" class=\"size-medium wp-image-23749\" src=\"http:\/\/www.riogrande.rs.gov.br\/smed\/wp-content\/uploads\/2017\/10\/20171024-eleicao-485x315.jpg\" alt=\"\" width=\"485\" height=\"315\" srcset=\"https:\/\/www.riogrande.rs.gov.br\/smed\/wp-content\/uploads\/2017\/10\/20171024-eleicao-485x315.jpg 485w, https:\/\/www.riogrande.rs.gov.br\/smed\/wp-content\/uploads\/2017\/10\/20171024-eleicao-768x498.jpg 768w, https:\/\/www.riogrande.rs.gov.br\/smed\/wp-content\/uploads\/2017\/10\/20171024-eleicao-319x207.jpg 319w, https:\/\/www.riogrande.rs.gov.br\/smed\/wp-content\/uploads\/2017\/10\/20171024-eleicao.jpg 1227w\" sizes=\"(max-width: 485px) 100vw, 485px\" \/><\/a><p id=\"caption-attachment-23749\" class=\"wp-caption-text\">Divulga\u00e7\u00e3o<\/p><\/div>\n<p>&nbsp;<\/p>\n<p style=\"text-align: justify;\">Para ver a lista de Chapas Homologadas, clique <a href=\"http:\/\/www.riogrande.rs.gov.br\/smed\/wp-content\/uploads\/2017\/10\/20171025-processo_eleicao_2017_revisado.pdf\" target=\"_blank\" rel=\"noopener\"><strong>AQUI<\/strong><\/a><\/p>\n<p style=\"text-align: right;\"><em>SMEd<\/em>.<\/p>\n<hr \/>\n<p>Publicado 13\/09\/2017<\/p>\n<h2>Edital para a Elei\u00e7\u00e3o de Diretores e Vice-diretores das Escolas da Rede Municipal 2017<\/h2>\n<div id=\"attachment_23095\" style=\"width: 495px\" class=\"wp-caption aligncenter\"><a href=\"http:\/\/www.riogrande.rs.gov.br\/smed\/wp-content\/uploads\/2017\/09\/20170913-edital_de_eleicao_diretores_pub.pdf\" target=\"_blank\" rel=\"noopener\"><img loading=\"lazy\" decoding=\"async\" aria-describedby=\"caption-attachment-23095\" class=\"size-medium wp-image-23095\" src=\"http:\/\/www.riogrande.rs.gov.br\/smed\/wp-content\/uploads\/2017\/09\/20170913-edital_de_eleicao_diretores_pub-0-485x686.jpg\" alt=\"\" width=\"485\" height=\"686\" srcset=\"https:\/\/www.riogrande.rs.gov.br\/smed\/wp-content\/uploads\/2017\/09\/20170913-edital_de_eleicao_diretores_pub-0-485x686.jpg 485w, https:\/\/www.riogrande.rs.gov.br\/smed\/wp-content\/uploads\/2017\/09\/20170913-edital_de_eleicao_diretores_pub-0-146x207.jpg 146w, https:\/\/www.riogrande.rs.gov.br\/smed\/wp-content\/uploads\/2017\/09\/20170913-edital_de_eleicao_diretores_pub-0.jpg 595w\" sizes=\"(max-width: 485px) 100vw, 485px\" \/><\/a><p id=\"caption-attachment-23095\" class=\"wp-caption-text\">Edital<\/p><\/div>\n<p style=\"text-align: justify;\">Clique <a href=\"http:\/\/www.riogrande.rs.gov.br\/smed\/wp-content\/uploads\/2017\/09\/20170913-edital_de_eleicao_diretores_pub.pdf\" target=\"_blank\" rel=\"noopener\"><strong>AQUI<\/strong><\/a> para ver o Edital.<\/p>\n<p style=\"text-align: justify;\">Para maiores informa\u00e7\u00f5es e esclarecimentos adicionais sobre o pleito, entre em contato com a Comiss\u00e3o Eleitoral pelo e-mail: <strong><a href=\"mailto:comissaoeleitoraldirecao@gmail.com\" target=\"_blank\" rel=\"noopener\">comissaoeleitoraldirecao@<wbr \/>gmail.com<\/a><\/strong><\/p>\n<p style=\"text-align: right;\"><em>SMEd<\/em><\/p>\n","protected":false},"excerpt":{"rendered":"<p>Publicado 14\/11\/2017 Resultado Final do Processo Eleitoral 2017 para Escolha dos Diretores das Escolas da Rede P\u00fablica Municipal de Ensino de Rio Grande Clique Aqui para ver a lista. SMEd Publicado 24\/10\/2017 Comiss\u00e3o Eleitoral Central divulga as Chapas Homologadas para a Elei\u00e7\u00e3o Direta Uninominal para Diretores e Vice-Diretores das Escolas da Rede P\u00fablica Municipal de [&hellip;]<\/p>\n","protected":false},"author":7,"featured_media":0,"parent":21088,"menu_order":4,"comment_status":"closed","ping_status":"closed","template":"","meta":{"footnotes":""},"class_list":["post-23261","page","type-page","status-publish","hentry"],"_links":{"self":[{"href":"https:\/\/www.riogrande.rs.gov.br\/smed\/index.php?rest_route=\/wp\/v2\/pages\/23261"}],"collection":[{"href":"https:\/\/www.riogrande.rs.gov.br\/smed\/index.php?rest_route=\/wp\/v2\/pages"}],"about":[{"href":"https:\/\/www.riogrande.rs.gov.br\/smed\/index.php?rest_route=\/wp\/v2\/types\/page"}],"author":[{"embeddable":true,"href":"https:\/\/www.riogrande.rs.gov.br\/smed\/index.php?rest_route=\/wp\/v2\/users\/7"}],"replies":[{"embeddable":true,"href":"https:\/\/www.riogrande.rs.gov.br\/smed\/index.php?rest_route=%2Fwp%2Fv2%2Fcomments&post=23261"}],"version-history":[{"count":7,"href":"https:\/\/www.riogrande.rs.gov.br\/smed\/index.php?rest_route=\/wp\/v2\/pages\/23261\/revisions"}],"predecessor-version":[{"id":26747,"href":"https:\/\/www.riogrande.rs.gov.br\/smed\/index.php?rest_route=\/wp\/v2\/pages\/23261\/revisions\/26747"}],"up":[{"embeddable":true,"href":"https:\/\/www.riogrande.rs.gov.br\/smed\/index.php?rest_route=\/wp\/v2\/pages\/21088"}],"wp:attachment":[{"href":"https:\/\/www.riogrande.rs.gov.br\/smed\/index.php?rest_route=%2Fwp%2Fv2%2Fmedia&parent=23261"}],"curies":[{"name":"wp","href":"https:\/\/api.w.org\/{rel}","templated":true}]}}