{"id":23175,"date":"2017-09-15T15:49:58","date_gmt":"2017-09-15T18:49:58","guid":{"rendered":"http:\/\/www.riogrande.rs.gov.br\/smed\/?page_id=23175"},"modified":"2018-03-22T19:29:15","modified_gmt":"2018-03-22T22:29:15","slug":"23175-2","status":"publish","type":"page","link":"https:\/\/www.riogrande.rs.gov.br\/smed\/?page_id=23175","title":{"rendered":"Edital de Sele\u00e7\u00e3o P\u00fablica para Professores Formadores Locais do PNAIC"},"content":{"rendered":"<p>Publicado 22\/03\/2018<\/p>\n<p style=\"text-align: justify;\">A Comiss\u00e3o Interna para An\u00e1lise de Sele\u00e7\u00e3o P\u00fablica para o PNAIC\/2017 realiza o 5\u00b0 chamamento de suplentes da <a href=\"http:\/\/www.riogrande.rs.gov.br\/smed\/wp-content\/uploads\/2018\/03\/20180322-pnaic_chamamento.pdf\" target=\"_blank\" rel=\"noopener\"><b>lista de classifica\u00e7\u00e3o<\/b><\/a> para Formadores Locais no segmento da Educa\u00e7\u00e3o Infantil.<\/p>\n<p style=\"text-align: right;\"><em>SMEd<\/em><\/p>\n<hr \/>\n<p>Publicado 08\/12\/2017<\/p>\n<p style=\"text-align: justify;\">A Comiss\u00e3o Interna para An\u00e1lise de Sele\u00e7\u00e3o P\u00fablica para o PNAIC\/2017 realiza o 4\u00b0 chamamento de suplentes da <a href=\"http:\/\/www.riogrande.rs.gov.br\/smed\/wp-content\/uploads\/2017\/12\/20171208-4\u00ba_chamamento_de_candidatos_do_pnaic.pdf\" target=\"_blank\" rel=\"noopener\"><b>lista de classifica\u00e7\u00e3o<\/b><\/a> para Formadores Locais no segmento da Educa\u00e7\u00e3o Infantil e no Ciclo da Alfabetiza\u00e7\u00e3o.<\/p>\n<p>&nbsp;<\/p>\n<p style=\"text-align: right;\"><em>SMEd<\/em><\/p>\n<hr \/>\n<p>Publicado 01\/12\/2017<\/p>\n<p style=\"text-align: justify;\">A Secretaria de Munic\u00edpio da Educa\u00e7\u00e3o de Rio Grande (SMEd), atrav\u00e9s da coordena\u00e7\u00e3o Local do Pacto Nacional pela Alfabetiza\u00e7\u00e3o na Idade Certa (PNAIC), informa que na pr\u00f3xima ter\u00e7a-feira, dia 05 de dezembro, \u00e0s 17h30min, acontecer\u00e1, no Sobrado dos Azulejos, que est\u00e1 localizado na rua Marechal Floriano Peixoto, 103, reuni\u00e3o para os formadores locais do PNAIC 2017\/2018.<\/p>\n<p>&nbsp;<\/p>\n<p style=\"text-align: right;\"><em>SMEd<\/em><br \/>\n<em> Roberton Reis<\/em><\/p>\n<hr \/>\n<p>Publicado 27\/11\/2017<\/p>\n<p style=\"text-align: justify;\">A Comiss\u00e3o Interna para An\u00e1lise de Sele\u00e7\u00e3o P\u00fablica para o PNAIC\/2017 realiza o chamamento de suplentes da <a href=\"http:\/\/www.riogrande.rs.gov.br\/smed\/wp-content\/uploads\/2017\/11\/20171127-3\u00ba_chamamento_de_candidatos_do_pnaic.pdf\" target=\"_blank\" rel=\"noopener\"><b>lista de classifica\u00e7\u00e3o<\/b><\/a> para Formadores Locais no segmento da Educa\u00e7\u00e3o Infantil e no Ciclo da Alfabetiza\u00e7\u00e3o.<\/p>\n<p style=\"text-align: right;\"><i>SMEd<\/i><\/p>\n<hr \/>\n<p>Publicado 07\/11\/2017<\/p>\n<p style=\"text-align: justify;\">A Comiss\u00e3o Interna para An\u00e1lise de Sele\u00e7\u00e3o P\u00fablica para o PNAIC\/2017 realiza o chamamento de suplentes da <a href=\"http:\/\/www.riogrande.rs.gov.br\/smed\/wp-content\/uploads\/2017\/11\/20171107-chamamento_pnaic2.pdf\" target=\"_blank\" rel=\"noopener\"><b>lista de classifica\u00e7\u00e3o<\/b><\/a> para Formadores Locais no segmento da Educa\u00e7\u00e3o Infantil e no Ciclo da Alfabetiza\u00e7\u00e3o.<\/p>\n<p>&nbsp;<\/p>\n<p style=\"text-align: right;\"><em>SMEd<\/em><\/p>\n<hr \/>\n<p>Publicado 22\/09\/2017<\/p>\n<h3>Resultado da lista de classifica\u00e7\u00e3o para Formadores Locais do PNAIC\/2017<\/h3>\n<p style=\"text-align: justify;\">A Comiss\u00e3o Interna para An\u00e1lise de Sele\u00e7\u00e3o P\u00fablica para o PNAIC\/2017 divulga o resultado da <strong><a href=\"http:\/\/www.riogrande.rs.gov.br\/smed\/wp-content\/uploads\/2017\/09\/20170922-listagem_classificacao_inscricoes_homologadas.pdf\" target=\"_blank\" rel=\"noopener\">lista de classifica\u00e7\u00e3o<\/a><\/strong> para Formadores Locais no \u00e2mbito do Pacto Nacional pela Alfabetiza\u00e7\u00e3o na Idade Certa &#8211; PNAIC e do Programa Novo Mais Educa\u00e7\u00e3o \u2013 PNME.<\/p>\n<p style=\"text-align: right;\"><em>SMEd<\/em><\/p>\n<hr \/>\n<p>Publicado 15\/09\/2017<\/p>\n<h3>COMUNICADO N\u00ba 001<\/h3>\n<div id=\"attachment_23180\" style=\"width: 495px\" class=\"wp-caption aligncenter\"><a href=\"http:\/\/www.riogrande.rs.gov.br\/smed\/wp-content\/uploads\/2017\/09\/20170915-comunicado_001.pdf\"><img loading=\"lazy\" decoding=\"async\" aria-describedby=\"caption-attachment-23180\" class=\"size-medium wp-image-23180\" src=\"http:\/\/www.riogrande.rs.gov.br\/smed\/wp-content\/uploads\/2017\/09\/20170915-comunicado_001-485x686.jpg\" alt=\"\" width=\"485\" height=\"686\" srcset=\"https:\/\/www.riogrande.rs.gov.br\/smed\/wp-content\/uploads\/2017\/09\/20170915-comunicado_001-485x686.jpg 485w, https:\/\/www.riogrande.rs.gov.br\/smed\/wp-content\/uploads\/2017\/09\/20170915-comunicado_001-146x207.jpg 146w, https:\/\/www.riogrande.rs.gov.br\/smed\/wp-content\/uploads\/2017\/09\/20170915-comunicado_001.jpg 595w\" sizes=\"(max-width: 485px) 100vw, 485px\" \/><\/a><p id=\"caption-attachment-23180\" class=\"wp-caption-text\">Comunicado<\/p><\/div>\n<p>Para ver a vers\u00e3o em PDF clique <a href=\"http:\/\/www.riogrande.rs.gov.br\/smed\/wp-content\/uploads\/2017\/09\/20170915-comunicado_001.pdf\" target=\"_blank\" rel=\"noopener\"><strong>AQUI<\/strong><\/a>.<\/p>\n<hr \/>\n<p>Publicado 08\/09\/2017<\/p>\n<h3>Edital de Sele\u00e7\u00e3o P\u00fablica para Professores Formadores Locais do PNAIC<\/h3>\n<div id=\"attachment_23036\" style=\"width: 495px\" class=\"wp-caption aligncenter\"><a href=\"http:\/\/www.riogrande.rs.gov.br\/smed\/wp-content\/uploads\/2017\/09\/20170908-edital_de_selecao_timbre-0.jpg\" rel=\"lightbox[23175]\"><img loading=\"lazy\" decoding=\"async\" aria-describedby=\"caption-attachment-23036\" class=\"size-medium wp-image-23036\" src=\"http:\/\/www.riogrande.rs.gov.br\/smed\/wp-content\/uploads\/2017\/09\/20170908-edital_de_selecao_timbre-0-485x686.jpg\" alt=\"\" width=\"485\" height=\"686\" srcset=\"https:\/\/www.riogrande.rs.gov.br\/smed\/wp-content\/uploads\/2017\/09\/20170908-edital_de_selecao_timbre-0-485x686.jpg 485w, https:\/\/www.riogrande.rs.gov.br\/smed\/wp-content\/uploads\/2017\/09\/20170908-edital_de_selecao_timbre-0-146x207.jpg 146w, https:\/\/www.riogrande.rs.gov.br\/smed\/wp-content\/uploads\/2017\/09\/20170908-edital_de_selecao_timbre-0.jpg 595w\" sizes=\"(max-width: 485px) 100vw, 485px\" \/><\/a><p id=\"caption-attachment-23036\" class=\"wp-caption-text\">Edital<\/p><\/div>\n<p style=\"text-align: justify;\">A Secretaria de Munic\u00edpio da Educa\u00e7\u00e3o do Rio Grande (SMEd), no uso de suas atribui\u00e7\u00f5es, divulga as inscri\u00e7\u00f5es para o processo de sele\u00e7\u00e3o de Professores Formadores Locais para atuar no Pacto Nacional pela Alfabetiza\u00e7\u00e3o na Idade Certa (PNAIC), com v\u00ednculo de Tutores\/Bolsistas\/SEB\/MEC\/FNDE.<\/p>\n<p style=\"text-align: justify;\">Os profissionais atuar\u00e3o junto aos Professores de Pr\u00e9-escola, aos Professores alfabetizadores, aos mediadores e articuladores do Programa Novo Mais Educa\u00e7\u00e3o e aos Coordenadores Pedag\u00f3gicos das Redes Municipal e Estadual de Ensino, conforme institu\u00eddo atrav\u00e9s da Portaria n\u00ba 826 de 07\/07\/2017, do Gabinete do Ministro da Educa\u00e7\u00e3o, que disp\u00f5e sobre o PNAIC, diretrizes gerais e a a\u00e7\u00e3o de forma\u00e7\u00e3o no \u00e2mbito do Programa Novo Mais Educa\u00e7\u00e3o -PNME.<\/p>\n<p style=\"text-align: justify;\">As inscri\u00e7\u00f5es ocorrer\u00e3o nos dias 11, 12 e 13 de setembro, das 14h \u00e0s 18h, na Secretaria de Munic\u00edpio da Educa\u00e7\u00e3o. O Processo de Sele\u00e7\u00e3o dos Professores Formadores Locais ser\u00e1 regido pelas regras estabelecidas no <a href=\"http:\/\/www.riogrande.rs.gov.br\/smed\/wp-content\/uploads\/2017\/09\/20170908-edital_de_selecao_timbre.pdf\" target=\"_blank\" rel=\"noopener\"><strong>Edital 001\/2017<\/strong><\/a> e executado pela Coordena\u00e7\u00e3o Local do PNAIC, conforme determina o Artigo 24 da Portaria n\u00ba 826 de 07\/07\/2017.<\/p>\n<p style=\"text-align: right;\"><em>SMEd<\/em><\/p>\n","protected":false},"excerpt":{"rendered":"<p>Publicado 22\/03\/2018 A Comiss\u00e3o Interna para An\u00e1lise de Sele\u00e7\u00e3o P\u00fablica para o PNAIC\/2017 realiza o 5\u00b0 chamamento de suplentes da lista de classifica\u00e7\u00e3o para Formadores Locais no segmento da Educa\u00e7\u00e3o Infantil. SMEd Publicado 08\/12\/2017 A Comiss\u00e3o Interna para An\u00e1lise de Sele\u00e7\u00e3o P\u00fablica para o PNAIC\/2017 realiza o 4\u00b0 chamamento de suplentes da lista de classifica\u00e7\u00e3o [&hellip;]<\/p>\n","protected":false},"author":7,"featured_media":0,"parent":21088,"menu_order":1,"comment_status":"closed","ping_status":"closed","template":"","meta":{"footnotes":""},"class_list":["post-23175","page","type-page","status-publish","hentry"],"_links":{"self":[{"href":"https:\/\/www.riogrande.rs.gov.br\/smed\/index.php?rest_route=\/wp\/v2\/pages\/23175"}],"collection":[{"href":"https:\/\/www.riogrande.rs.gov.br\/smed\/index.php?rest_route=\/wp\/v2\/pages"}],"about":[{"href":"https:\/\/www.riogrande.rs.gov.br\/smed\/index.php?rest_route=\/wp\/v2\/types\/page"}],"author":[{"embeddable":true,"href":"https:\/\/www.riogrande.rs.gov.br\/smed\/index.php?rest_route=\/wp\/v2\/users\/7"}],"replies":[{"embeddable":true,"href":"https:\/\/www.riogrande.rs.gov.br\/smed\/index.php?rest_route=%2Fwp%2Fv2%2Fcomments&post=23175"}],"version-history":[{"count":13,"href":"https:\/\/www.riogrande.rs.gov.br\/smed\/index.php?rest_route=\/wp\/v2\/pages\/23175\/revisions"}],"predecessor-version":[{"id":25339,"href":"https:\/\/www.riogrande.rs.gov.br\/smed\/index.php?rest_route=\/wp\/v2\/pages\/23175\/revisions\/25339"}],"up":[{"embeddable":true,"href":"https:\/\/www.riogrande.rs.gov.br\/smed\/index.php?rest_route=\/wp\/v2\/pages\/21088"}],"wp:attachment":[{"href":"https:\/\/www.riogrande.rs.gov.br\/smed\/index.php?rest_route=%2Fwp%2Fv2%2Fmedia&parent=23175"}],"curies":[{"name":"wp","href":"https:\/\/api.w.org\/{rel}","templated":true}]}}