{"id":2278,"date":"2011-07-16T08:42:07","date_gmt":"2011-07-16T11:42:07","guid":{"rendered":"http:\/\/www.riogrande.rs.gov.br\/smec\/?page_id=2278"},"modified":"2021-04-12T17:13:18","modified_gmt":"2021-04-12T20:13:18","slug":"institucional","status":"publish","type":"page","link":"https:\/\/www.riogrande.rs.gov.br\/smed\/?page_id=2278","title":{"rendered":"Conselhos"},"content":{"rendered":"<p id=\"internal-source-marker_0.1994723760144138\" dir=\"ltr\" style=\"text-align: justify;\">Neste espa\u00e7o encontram-se as p\u00e1ginas dos Conselhos Municipais relacionados \u00e0 SMEd.<\/p>\n<ul>\n<li><a href=\"http:\/\/www.riogrande.rs.gov.br\/smed\/?page_id=3571\" target=\"_blank\" rel=\"noopener\">Conselho Municipal de Educa\u00e7\u00e3o;<\/a><\/li>\n<li><a href=\"http:\/\/www.riogrande.rs.gov.br\/smed\/?page_id=3766\" target=\"_blank\" rel=\"noopener\">Conselho de Acompanhamento Social do FUNDEB (pode-se adotar a sigla &#8220;CACS FUNDEB&#8221;);<\/a><\/li>\n<li><a href=\"http:\/\/www.riogrande.rs.gov.br\/smed\/?page_id=9695\" target=\"_blank\" rel=\"noopener\">Conselho de Alimenta\u00e7\u00e3o Escolar<\/a>.<\/li>\n<\/ul>\n<p dir=\"ltr\" style=\"text-align: justify;\">Sugerimos que a p\u00e1gina de cada conselho apresente as seguintes informa\u00e7\u00f5es:<\/p>\n<ol>\n<li>Compet\u00eancias do respectivo Conselho;<\/li>\n<li>Composi\u00e7\u00e3o do Conselho: Presidente, Vice-Presidente, Secret\u00e1rio e demais membros;<\/li>\n<li>Mandato dos conselheiros atuais;<\/li>\n<li>Resolu\u00e7\u00f5es e outros diplomas legais emanados pelo respectivo Conselho;<\/li>\n<li>\u201cLink\u201d ou \u201cRSS\u201d para o respectivo Conselho Nacional (se existir);<\/li>\n<li>Agenda de reuni\u00f5es ordin\u00e1rias e local onde se realizam;<\/li>\n<li>Dire\u00e7\u00e3o (CEP, rua, n\u00ba, telefone, e-mail para contato).<\/li>\n<\/ol>\n<p dir=\"ltr\" style=\"text-align: justify;\">Esse elenco de t\u00f3picos n\u00e3o \u00e9 r\u00edgido, podendo ser ajustado \u00e0s caracter\u00edsticas de cada Conselho, a crit\u00e9rio do mesmo.<\/p>\n","protected":false},"excerpt":{"rendered":"<p>Neste espa\u00e7o encontram-se as p\u00e1ginas dos Conselhos Municipais relacionados \u00e0 SMEd. Conselho Municipal de Educa\u00e7\u00e3o; Conselho de Acompanhamento Social do FUNDEB (pode-se adotar a sigla &#8220;CACS FUNDEB&#8221;); Conselho de Alimenta\u00e7\u00e3o Escolar. Sugerimos que a p\u00e1gina de cada conselho apresente as seguintes informa\u00e7\u00f5es: Compet\u00eancias do respectivo Conselho; Composi\u00e7\u00e3o do Conselho: Presidente, Vice-Presidente, Secret\u00e1rio e demais membros; [&hellip;]<\/p>\n","protected":false},"author":7,"featured_media":0,"parent":0,"menu_order":3,"comment_status":"closed","ping_status":"open","template":"","meta":{"footnotes":""},"class_list":["post-2278","page","type-page","status-publish","hentry"],"_links":{"self":[{"href":"https:\/\/www.riogrande.rs.gov.br\/smed\/index.php?rest_route=\/wp\/v2\/pages\/2278"}],"collection":[{"href":"https:\/\/www.riogrande.rs.gov.br\/smed\/index.php?rest_route=\/wp\/v2\/pages"}],"about":[{"href":"https:\/\/www.riogrande.rs.gov.br\/smed\/index.php?rest_route=\/wp\/v2\/types\/page"}],"author":[{"embeddable":true,"href":"https:\/\/www.riogrande.rs.gov.br\/smed\/index.php?rest_route=\/wp\/v2\/users\/7"}],"replies":[{"embeddable":true,"href":"https:\/\/www.riogrande.rs.gov.br\/smed\/index.php?rest_route=%2Fwp%2Fv2%2Fcomments&post=2278"}],"version-history":[{"count":17,"href":"https:\/\/www.riogrande.rs.gov.br\/smed\/index.php?rest_route=\/wp\/v2\/pages\/2278\/revisions"}],"predecessor-version":[{"id":40090,"href":"https:\/\/www.riogrande.rs.gov.br\/smed\/index.php?rest_route=\/wp\/v2\/pages\/2278\/revisions\/40090"}],"wp:attachment":[{"href":"https:\/\/www.riogrande.rs.gov.br\/smed\/index.php?rest_route=%2Fwp%2Fv2%2Fmedia&parent=2278"}],"curies":[{"name":"wp","href":"https:\/\/api.w.org\/{rel}","templated":true}]}}