{"id":21090,"date":"2017-04-10T15:44:28","date_gmt":"2017-04-10T18:44:28","guid":{"rendered":"http:\/\/www.riogrande.rs.gov.br\/smed\/?page_id=21090"},"modified":"2017-04-22T17:05:37","modified_gmt":"2017-04-22T20:05:37","slug":"21090-2","status":"publish","type":"page","link":"https:\/\/www.riogrande.rs.gov.br\/smed\/?page_id=21090","title":{"rendered":"1\u00aa OMMERG &#8211; 2017"},"content":{"rendered":"<div id=\"attachment_21164\" style=\"width: 495px\" class=\"wp-caption aligncenter\"><a href=\"http:\/\/www.riogrande.rs.gov.br\/smed\/wp-content\/uploads\/2017\/04\/20170420-ped-ommerg-Logo_Olimpiada_de_Matematica.jpg\" rel=\"lightbox[21090]\"><img loading=\"lazy\" decoding=\"async\" aria-describedby=\"caption-attachment-21164\" class=\"size-medium wp-image-21164\" src=\"http:\/\/www.riogrande.rs.gov.br\/smed\/wp-content\/uploads\/2017\/04\/20170420-ped-ommerg-Logo_Olimpiada_de_Matematica-485x758.jpg\" alt=\"\" width=\"485\" height=\"758\" srcset=\"https:\/\/www.riogrande.rs.gov.br\/smed\/wp-content\/uploads\/2017\/04\/20170420-ped-ommerg-Logo_Olimpiada_de_Matematica-485x758.jpg 485w, https:\/\/www.riogrande.rs.gov.br\/smed\/wp-content\/uploads\/2017\/04\/20170420-ped-ommerg-Logo_Olimpiada_de_Matematica-768x1201.jpg 768w, https:\/\/www.riogrande.rs.gov.br\/smed\/wp-content\/uploads\/2017\/04\/20170420-ped-ommerg-Logo_Olimpiada_de_Matematica-132x207.jpg 132w, https:\/\/www.riogrande.rs.gov.br\/smed\/wp-content\/uploads\/2017\/04\/20170420-ped-ommerg-Logo_Olimpiada_de_Matematica.jpg 800w\" sizes=\"(max-width: 485px) 100vw, 485px\" \/><\/a><p id=\"caption-attachment-21164\" class=\"wp-caption-text\">Arte-Final: Giovani Marques Sequeira (GABEX\/PMRG)<\/p><\/div>\n<p style=\"text-align: justify;\">A Secretaria de Munic\u00edpio da Educa\u00e7\u00e3o do Rio Grande (SMEd), a fim de incentivar e promover o estudo da Matem\u00e1tica entre estudantes dos Anos Finais do Ensino Fundamental e da Educa\u00e7\u00e3o de Jovens e Adultos (EJA) da Rede Municipal, bem como contribuir para a melhoria da qualidade da Educa\u00e7\u00e3o B\u00e1sica, identificar e reconhecer jovens talentos, al\u00e9m de celebrar o <b>Dia Nacional da Matem\u00e1tica<\/b>, realizar\u00e1 a <a href=\"https:\/\/docs.google.com\/forms\/d\/e\/1FAIpQLSeC8wN4ibYndHw3Za2Z1561QQj9GwrymVt2pWDEGmYP474rhA\/formResponse\" target=\"_blank\" rel=\"noopener noreferrer\"><b>1\u00aa Olimp\u00edada Municipal de Matem\u00e1tica das Escolas do Rio Grande<\/b> <\/a>(OMMERG\/2017).<\/p>\n<p style=\"text-align: justify;\">As <a href=\"https:\/\/docs.google.com\/forms\/d\/e\/1FAIpQLSeC8wN4ibYndHw3Za2Z1561QQj9GwrymVt2pWDEGmYP474rhA\/formResponse\" target=\"_blank\" rel=\"noopener noreferrer\"><b>inscri\u00e7\u00f5es<\/b><\/a> dever\u00e3o ser realizadas pelo site:<strong> <a href=\"http:\/\/www.riogrande.rs.gov.br\/smed\" target=\"_blank\" rel=\"noopener noreferrer\">www.riogrande.rs.gov.br\/smed<\/a><\/strong>, no per\u00edodo de <b>10 a 28 de abril<\/b>. A prova ser\u00e1 realizada no dia <b>05 de maio<\/b>, v\u00e9spera do Dia Nacional da Matem\u00e1tica. No dia <b>08 de agosto<\/b>, haver\u00e1 uma homenagem em reconhecimento aos estudantes que se destacaram na 1\u00aa OMMERG\/2017. Nesse dia, os tr\u00eas primeiros colocados no n\u00edvel 1 e os tr\u00eas primeiros colocados no n\u00edvel 2, de cada escola participante, receber\u00e3o uma medalha da SMEd.<\/p>\n<p style=\"text-align: justify;\">\u201c<b>O principal objetivo dessa Olimp\u00edada \u00e9 provocar os estudantes, oportunizando quest\u00f5es desafiadoras e permitindo a cria\u00e7\u00e3o de diferentes estrat\u00e9gias para a sua solu\u00e7\u00e3o, al\u00e9m de divulgar o Dia Nacional da Matem\u00e1tica. Tamb\u00e9m gostaria de destacar que, mais importante do que a coloca\u00e7\u00e3o do estudante na <\/b><b>OMMERG\/2017<\/b><b>, \u00e9 o processo de aprendizagem e o desenvolvimento do racioc\u00ednio l\u00f3gico nos estudantes. Como j\u00e1 disse a Prof.\u00aa Dr.\u00aa Mauren Porci\u00fancula Moreira da Silva, \u2018numa corrida, sempre haver\u00e1 atletas que se destacar\u00e3o, por chegar primeiro, mas o exerc\u00edcio da corrida \u00e9 igualmente importante para todos\u2019. <\/b><b>Portanto, contamos com a participa\u00e7\u00e3o das escolas da Rede Municipal<\/b>\u201d, destacou a assessora de Matem\u00e1tica da SMEd, Leila de Souza Mello.<\/p>\n<p style=\"text-align: justify;\">Para obter maiores informa\u00e7\u00f5es, acesse o <a href=\"http:\/\/www.riogrande.rs.gov.br\/smed\/wp-content\/uploads\/2017\/04\/20170710-regulamento_da_1\u00aa_olimpiada_municipal_de_matematica-2017.pdf\" target=\"_blank\" rel=\"noopener noreferrer\"><strong>Regulamento<\/strong><\/a> da <span id=\"m_-7331908956196885189gmail-docs-internal-guid-1b16cc50-5925-57bd-b042-f3782d459662\">1\u00aa Olimp\u00edada Municipal de Matem\u00e1tica das Escolas do Rio Grande.<\/span><\/p>\n<p>&nbsp;<\/p>\n<p style=\"text-align: right;\"><em>SMEd<\/em><br \/>\n<em> Roberton Reis<\/em><br \/>\n<em> Com informa\u00e7\u00f5es da Assessoria de Matem\u00e1tica<\/em><\/p>\n","protected":false},"excerpt":{"rendered":"<p>A Secretaria de Munic\u00edpio da Educa\u00e7\u00e3o do Rio Grande (SMEd), a fim de incentivar e promover o estudo da Matem\u00e1tica entre estudantes dos Anos Finais do Ensino Fundamental e da Educa\u00e7\u00e3o de Jovens e Adultos (EJA) da Rede Municipal, bem como contribuir para a melhoria da qualidade da Educa\u00e7\u00e3o B\u00e1sica, identificar e reconhecer jovens talentos, [&hellip;]<\/p>\n","protected":false},"author":7,"featured_media":0,"parent":21088,"menu_order":0,"comment_status":"closed","ping_status":"closed","template":"","meta":{"footnotes":""},"class_list":["post-21090","page","type-page","status-publish","hentry"],"_links":{"self":[{"href":"https:\/\/www.riogrande.rs.gov.br\/smed\/index.php?rest_route=\/wp\/v2\/pages\/21090"}],"collection":[{"href":"https:\/\/www.riogrande.rs.gov.br\/smed\/index.php?rest_route=\/wp\/v2\/pages"}],"about":[{"href":"https:\/\/www.riogrande.rs.gov.br\/smed\/index.php?rest_route=\/wp\/v2\/types\/page"}],"author":[{"embeddable":true,"href":"https:\/\/www.riogrande.rs.gov.br\/smed\/index.php?rest_route=\/wp\/v2\/users\/7"}],"replies":[{"embeddable":true,"href":"https:\/\/www.riogrande.rs.gov.br\/smed\/index.php?rest_route=%2Fwp%2Fv2%2Fcomments&post=21090"}],"version-history":[{"count":4,"href":"https:\/\/www.riogrande.rs.gov.br\/smed\/index.php?rest_route=\/wp\/v2\/pages\/21090\/revisions"}],"predecessor-version":[{"id":21175,"href":"https:\/\/www.riogrande.rs.gov.br\/smed\/index.php?rest_route=\/wp\/v2\/pages\/21090\/revisions\/21175"}],"up":[{"embeddable":true,"href":"https:\/\/www.riogrande.rs.gov.br\/smed\/index.php?rest_route=\/wp\/v2\/pages\/21088"}],"wp:attachment":[{"href":"https:\/\/www.riogrande.rs.gov.br\/smed\/index.php?rest_route=%2Fwp%2Fv2%2Fmedia&parent=21090"}],"curies":[{"name":"wp","href":"https:\/\/api.w.org\/{rel}","templated":true}]}}