{"id":18606,"date":"2016-06-08T16:26:26","date_gmt":"2016-06-08T19:26:26","guid":{"rendered":"http:\/\/www.riogrande.rs.gov.br\/smed\/?page_id=18606"},"modified":"2016-06-16T19:16:08","modified_gmt":"2016-06-16T22:16:08","slug":"inscricoes-para-o-vii-comed","status":"publish","type":"page","link":"https:\/\/www.riogrande.rs.gov.br\/smed\/?page_id=18606","title":{"rendered":"Inscri\u00e7\u00f5es para o 7\u00ba COMED: Avan\u00e7os e Desafios do Sistema Municipal de Ensino"},"content":{"rendered":"<div id=\"attachment_18754\" style=\"width: 495px\" class=\"wp-caption aligncenter\"><a href=\"http:\/\/www.riogrande.rs.gov.br\/smed\/wp-content\/uploads\/2016\/06\/20160616-logo-logo_comed5_escolhido_1.jpg\" rel=\"lightbox[18606]\"><img loading=\"lazy\" decoding=\"async\" aria-describedby=\"caption-attachment-18754\" class=\"size-medium wp-image-18754\" src=\"http:\/\/www.riogrande.rs.gov.br\/smed\/wp-content\/uploads\/2016\/06\/20160616-logo-logo_comed5_escolhido_1-485x593.jpg\" alt=\"Divulga\u00e7\u00e3o\" width=\"485\" height=\"593\" srcset=\"https:\/\/www.riogrande.rs.gov.br\/smed\/wp-content\/uploads\/2016\/06\/20160616-logo-logo_comed5_escolhido_1-485x593.jpg 485w, https:\/\/www.riogrande.rs.gov.br\/smed\/wp-content\/uploads\/2016\/06\/20160616-logo-logo_comed5_escolhido_1-768x939.jpg 768w, https:\/\/www.riogrande.rs.gov.br\/smed\/wp-content\/uploads\/2016\/06\/20160616-logo-logo_comed5_escolhido_1-169x207.jpg 169w, https:\/\/www.riogrande.rs.gov.br\/smed\/wp-content\/uploads\/2016\/06\/20160616-logo-logo_comed5_escolhido_1.jpg 800w\" sizes=\"(max-width: 485px) 100vw, 485px\" \/><\/a><p id=\"caption-attachment-18754\" class=\"wp-caption-text\">Divulga\u00e7\u00e3o<\/p><\/div>\n<p>Para realizar a inscri\u00e7\u00e3o, clique no formul\u00e1rio adequado.<\/p>\n<p><a href=\"http:\/\/www.riogrande.rs.gov.br\/smed\/wp-content\/uploads\/2016\/06\/20160608-vii_comed_planilha_delegados.pdf\" target=\"_blank\"><strong>Veja o n\u00famero de delegados(as) por Escola.<\/strong><\/a><\/p>\n<p><a href=\"https:\/\/docs.google.com\/forms\/d\/1hRQ8DL_RYBbPEILK_1olxMi28hcVdBHEmo4cZlDpK8s\/viewform\" target=\"_blank\"><strong>Trabalhadores(as) em Educa\u00e7\u00e3o<\/strong><\/a><\/p>\n<p><a href=\"https:\/\/docs.google.com\/forms\/d\/1R2qbm3HozcBOctzKHVHdwbWwRmNlYO7_lAzNm8rUY1I\/viewform\" target=\"_blank\"><strong>Pais\/Respons\u00e1veis<\/strong><\/a><\/p>\n<p><a href=\"https:\/\/docs.google.com\/forms\/d\/1X0c2t_5M9bAwVv7x-SY9gALgNrLIjdWYmLvH8-JlBe8\/viewform\" target=\"_blank\"><strong>Estudantes<\/strong><\/a><\/p>\n<p><a href=\"https:\/\/docs.google.com\/forms\/d\/19nAzJ2wEyk9djq4KPk54kDu165hSVkoTyEMad2IXNGQ\/viewform\" target=\"_blank\"><strong>Outros Participantes<\/strong><\/a><\/p>\n","protected":false},"excerpt":{"rendered":"<p>Para realizar a inscri\u00e7\u00e3o, clique no formul\u00e1rio adequado. Veja o n\u00famero de delegados(as) por Escola. Trabalhadores(as) em Educa\u00e7\u00e3o Pais\/Respons\u00e1veis Estudantes Outros Participantes<\/p>\n","protected":false},"author":7,"featured_media":0,"parent":18584,"menu_order":0,"comment_status":"closed","ping_status":"closed","template":"","meta":{"footnotes":""},"class_list":["post-18606","page","type-page","status-publish","hentry"],"_links":{"self":[{"href":"https:\/\/www.riogrande.rs.gov.br\/smed\/index.php?rest_route=\/wp\/v2\/pages\/18606"}],"collection":[{"href":"https:\/\/www.riogrande.rs.gov.br\/smed\/index.php?rest_route=\/wp\/v2\/pages"}],"about":[{"href":"https:\/\/www.riogrande.rs.gov.br\/smed\/index.php?rest_route=\/wp\/v2\/types\/page"}],"author":[{"embeddable":true,"href":"https:\/\/www.riogrande.rs.gov.br\/smed\/index.php?rest_route=\/wp\/v2\/users\/7"}],"replies":[{"embeddable":true,"href":"https:\/\/www.riogrande.rs.gov.br\/smed\/index.php?rest_route=%2Fwp%2Fv2%2Fcomments&post=18606"}],"version-history":[{"count":5,"href":"https:\/\/www.riogrande.rs.gov.br\/smed\/index.php?rest_route=\/wp\/v2\/pages\/18606\/revisions"}],"predecessor-version":[{"id":18756,"href":"https:\/\/www.riogrande.rs.gov.br\/smed\/index.php?rest_route=\/wp\/v2\/pages\/18606\/revisions\/18756"}],"up":[{"embeddable":true,"href":"https:\/\/www.riogrande.rs.gov.br\/smed\/index.php?rest_route=\/wp\/v2\/pages\/18584"}],"wp:attachment":[{"href":"https:\/\/www.riogrande.rs.gov.br\/smed\/index.php?rest_route=%2Fwp%2Fv2%2Fmedia&parent=18606"}],"curies":[{"name":"wp","href":"https:\/\/api.w.org\/{rel}","templated":true}]}}