{"id":18584,"date":"2016-06-07T15:50:47","date_gmt":"2016-06-07T18:50:47","guid":{"rendered":"http:\/\/www.riogrande.rs.gov.br\/smed\/?page_id=18584"},"modified":"2023-05-25T13:57:50","modified_gmt":"2023-05-25T16:57:50","slug":"7o-comed","status":"publish","type":"page","link":"https:\/\/www.riogrande.rs.gov.br\/smed\/?page_id=18584","title":{"rendered":"7\u00ba COMED: Avan\u00e7os e Desafios do Sistema Municipal de Ensino"},"content":{"rendered":"<p>&nbsp;<\/p>\n<div id=\"attachment_19009\" style=\"width: 495px\" class=\"wp-caption aligncenter\"><a href=\"http:\/\/www.riogrande.rs.gov.br\/smed\/wp-content\/uploads\/2016\/06\/20160630-ped-abertura-image00.jpg\" rel=\"lightbox[18584]\"><img loading=\"lazy\" decoding=\"async\" aria-describedby=\"caption-attachment-19009\" class=\"size-medium wp-image-19009\" src=\"http:\/\/www.riogrande.rs.gov.br\/smed\/wp-content\/uploads\/2016\/06\/20160630-ped-abertura-image00-485x323.jpg\" alt=\"Divulga\u00e7\u00e3o\" width=\"485\" height=\"323\" srcset=\"https:\/\/www.riogrande.rs.gov.br\/smed\/wp-content\/uploads\/2016\/06\/20160630-ped-abertura-image00-485x323.jpg 485w, https:\/\/www.riogrande.rs.gov.br\/smed\/wp-content\/uploads\/2016\/06\/20160630-ped-abertura-image00-768x512.jpg 768w, https:\/\/www.riogrande.rs.gov.br\/smed\/wp-content\/uploads\/2016\/06\/20160630-ped-abertura-image00-311x207.jpg 311w, https:\/\/www.riogrande.rs.gov.br\/smed\/wp-content\/uploads\/2016\/06\/20160630-ped-abertura-image00.jpg 800w\" sizes=\"(max-width: 485px) 100vw, 485px\" \/><\/a><p id=\"caption-attachment-19009\" class=\"wp-caption-text\">Divulga\u00e7\u00e3o<\/p><\/div>\n<div id=\"attachment_18869\" style=\"width: 495px\" class=\"wp-caption aligncenter\"><a href=\"http:\/\/www.riogrande.rs.gov.br\/smed\/wp-content\/uploads\/2016\/06\/20160623-ped-programacao_comed-image00.jpg\" rel=\"lightbox[18584]\"><img loading=\"lazy\" decoding=\"async\" aria-describedby=\"caption-attachment-18869\" class=\"size-medium wp-image-18869\" src=\"http:\/\/www.riogrande.rs.gov.br\/smed\/wp-content\/uploads\/2016\/06\/20160623-ped-programacao_comed-image00-485x347.jpg\" alt=\"Divulga\u00e7\u00e3o\" width=\"485\" height=\"347\" srcset=\"https:\/\/www.riogrande.rs.gov.br\/smed\/wp-content\/uploads\/2016\/06\/20160623-ped-programacao_comed-image00-485x347.jpg 485w, https:\/\/www.riogrande.rs.gov.br\/smed\/wp-content\/uploads\/2016\/06\/20160623-ped-programacao_comed-image00-768x549.jpg 768w, https:\/\/www.riogrande.rs.gov.br\/smed\/wp-content\/uploads\/2016\/06\/20160623-ped-programacao_comed-image00-290x207.jpg 290w, https:\/\/www.riogrande.rs.gov.br\/smed\/wp-content\/uploads\/2016\/06\/20160623-ped-programacao_comed-image00.jpg 800w\" sizes=\"(max-width: 485px) 100vw, 485px\" \/><\/a><p id=\"caption-attachment-18869\" class=\"wp-caption-text\">Divulga\u00e7\u00e3o<\/p><\/div>\n<div id=\"attachment_18864\" style=\"width: 495px\" class=\"wp-caption aligncenter\"><a href=\"http:\/\/www.riogrande.rs.gov.br\/smed\/wp-content\/uploads\/2016\/06\/20160623-ped-comed-image00.jpg\" rel=\"lightbox[18584]\"><img loading=\"lazy\" decoding=\"async\" aria-describedby=\"caption-attachment-18864\" class=\"size-medium wp-image-18864\" src=\"http:\/\/www.riogrande.rs.gov.br\/smed\/wp-content\/uploads\/2016\/06\/20160623-ped-comed-image00-485x692.jpg\" alt=\"Divulga\u00e7\u00e3o\" width=\"485\" height=\"692\" srcset=\"https:\/\/www.riogrande.rs.gov.br\/smed\/wp-content\/uploads\/2016\/06\/20160623-ped-comed-image00-485x692.jpg 485w, https:\/\/www.riogrande.rs.gov.br\/smed\/wp-content\/uploads\/2016\/06\/20160623-ped-comed-image00-768x1096.jpg 768w, https:\/\/www.riogrande.rs.gov.br\/smed\/wp-content\/uploads\/2016\/06\/20160623-ped-comed-image00-145x207.jpg 145w, https:\/\/www.riogrande.rs.gov.br\/smed\/wp-content\/uploads\/2016\/06\/20160623-ped-comed-image00.jpg 800w\" sizes=\"(max-width: 485px) 100vw, 485px\" \/><\/a><p id=\"caption-attachment-18864\" class=\"wp-caption-text\">Divulga\u00e7\u00e3o<\/p><\/div>\n<div id=\"attachment_18754\" style=\"width: 495px\" class=\"wp-caption aligncenter\"><a href=\"http:\/\/www.riogrande.rs.gov.br\/smed\/wp-content\/uploads\/2016\/06\/20160616-logo-logo_comed5_escolhido_1.jpg\" rel=\"lightbox[18584]\"><img loading=\"lazy\" decoding=\"async\" aria-describedby=\"caption-attachment-18754\" class=\"size-medium wp-image-18754\" src=\"http:\/\/www.riogrande.rs.gov.br\/smed\/wp-content\/uploads\/2016\/06\/20160616-logo-logo_comed5_escolhido_1-485x593.jpg\" alt=\"Divulga\u00e7\u00e3o\" width=\"485\" height=\"593\" srcset=\"https:\/\/www.riogrande.rs.gov.br\/smed\/wp-content\/uploads\/2016\/06\/20160616-logo-logo_comed5_escolhido_1-485x593.jpg 485w, https:\/\/www.riogrande.rs.gov.br\/smed\/wp-content\/uploads\/2016\/06\/20160616-logo-logo_comed5_escolhido_1-768x939.jpg 768w, https:\/\/www.riogrande.rs.gov.br\/smed\/wp-content\/uploads\/2016\/06\/20160616-logo-logo_comed5_escolhido_1-169x207.jpg 169w, https:\/\/www.riogrande.rs.gov.br\/smed\/wp-content\/uploads\/2016\/06\/20160616-logo-logo_comed5_escolhido_1.jpg 800w\" sizes=\"(max-width: 485px) 100vw, 485px\" \/><\/a><p id=\"caption-attachment-18754\" class=\"wp-caption-text\">Divulga\u00e7\u00e3o<\/p><\/div>\n<h2 style=\"text-align: justify;\">7\u00ba Congresso Municipal de Educa\u00e7\u00e3o &#8211; COMED: Avan\u00e7os e Desafios do Sistema Municipal de Ensino<\/h2>\n<p style=\"text-align: justify;\"><span style=\"font-weight: 400;\">Com o tema <strong>Avan\u00e7os e Desafios do Sistema Municipal de Ensino<\/strong>, o <strong>7\u00ba<\/strong><\/span><b>\u00a0Congresso Municipal de Educa\u00e7\u00e3o &#8211; COMED\u00a0<\/b><span style=\"font-weight: 400;\">configura-se, como previsto em <a href=\"http:\/\/www.riogrande.rs.gov.br\/smec\/wp-content\/uploads\/2010\/12\/lei_5332-1999-sistema_municipal_de_ensino.pdf\" target=\"_blank\" rel=\"noopener\"><strong>Lei Municipal 5.332\/1999<\/strong><\/a>, um espa\u00e7o aberto ao debate, que busca priorizar o di\u00e1logo de tem\u00e1ticas, as quais envolvam e condicionem a qualidade da Rede Municipal de Educa\u00e7\u00e3o.<\/span><\/p>\n<p style=\"text-align: justify;\"><span style=\"font-weight: 400;\">Artigo 6\u00ba: \u201cFica institu\u00eddo o Congresso Municipal de Educa\u00e7\u00e3o como f\u00f3rum de fomento e discuss\u00e3o dos princ\u00edpios norteadores das a\u00e7\u00f5es das escolas do munic\u00edpio, com edi\u00e7\u00e3o bianual.\u201d<\/span><\/p>\n<p style=\"text-align: justify;\"><span style=\"font-weight: 400;\">Para tanto, se faz necess\u00e1rio que a comunidade escolar conhe\u00e7a como se configura o Sistema e os documentos que orientam e dimensionam as pol\u00edticas p\u00fablicas da educa\u00e7\u00e3o do nosso munic\u00edpio:<\/span><\/p>\n<p style=\"text-align: justify;\"><a href=\"http:\/\/www.riogrande.rs.gov.br\/smec\/wp-content\/uploads\/2010\/12\/lei_5332-1999-sistema_municipal_de_ensino.pdf\" target=\"_blank\" rel=\"noopener\"><strong>Lei do Sistema Municipal de Educa\u00e7\u00e3o &#8211; Lei 5.332\/1999<\/strong><\/a><\/p>\n<p style=\"text-align: justify;\"><a href=\"http:\/\/www.riogrande.rs.gov.br\/pagina\/arquivos\/lei\/lei_7.911_-_plano_municipal_de_educacao.pdf\" target=\"_blank\" rel=\"noopener\"><strong>Lei do Plano Municipal de Educa\u00e7\u00e3o \u2013 Lei 7.911\/2015<\/strong><\/a><\/p>\n<p style=\"text-align: justify;\"><a href=\"http:\/\/www.riogrande.rs.gov.br\/smed\/?page_id=13998\" target=\"_blank\" rel=\"noopener\"><strong>Plano Municipal de Educa\u00e7\u00e3o<\/strong><\/a><\/p>\n<p style=\"text-align: justify;\"><span style=\"font-weight: 400;\">Os eixos elencados para o <strong>7\u00ba\u00a0COMED<\/strong> foram definidos para potencializar e qualificar as discuss\u00f5es, prevendo a conson\u00e2ncia com os referidos documentos balizadores.<\/span><\/p>\n<p style=\"text-align: justify;\"><b>Eixo 1 &#8211; Estruturantes para garantia da educa\u00e7\u00e3o b\u00e1sica de qualidade.<\/b><\/p>\n<p style=\"text-align: justify;\"><span style=\"font-weight: 400;\">Refere-se ao respeito \u00e0 qualidade, ao acesso, \u00e0 universaliza\u00e7\u00e3o da alfabetiza\u00e7\u00e3o e \u00e0 amplia\u00e7\u00e3o da escolaridade e das oportunidades educacionais. Incidindo, dentro do PME, \u00e0s seguintes: Meta 1; Meta 2; Meta 5 , Meta 6, Meta 7, Meta 9 e Meta 10.<\/span><\/p>\n<p style=\"text-align: justify;\"><span style=\"font-weight: 400;\">No<strong> 7\u00ba\u00a0COMED<\/strong>, esse Eixo ser\u00e1 disposto em dois espa\u00e7os de discuss\u00e3o: SALA 1 &#8211; ir\u00e1 centrar-se sobre avan\u00e7os e desafios referentes \u00e0 Educa\u00e7\u00e3o Infantil, Anos Iniciais e Educa\u00e7\u00e3o do Campo. SALA 2 &#8211; ser\u00e1 organizada atendendo aos Anos Finais, \u00e0 EJA e \u00e0 Educa\u00e7\u00e3o Integral e Complementar.<\/span><\/p>\n<p style=\"text-align: justify;\"><b>Eixo 2 &#8211; Redu\u00e7\u00e3o das desigualdades e valoriza\u00e7\u00e3o das diferen\u00e7as<\/b><\/p>\n<p style=\"text-align: justify;\"><span style=\"font-weight: 400;\">Configura-se como os caminhos imprescind\u00edveis para a equidade, o respeito \u00e0 diversidade e \u00e0 constru\u00e7\u00e3o de uma escola inclusiva. Esse eixo tem como base as seguintes Metas: Meta 4 e Meta 8, estando dividido em duas salas: SALA 3 \u2013 ir\u00e1 trabalhar a Educa\u00e7\u00e3o Inclusiva, onde o eixo de discuss\u00e3o ser\u00e1 Educa\u00e7\u00e3o Especial. SALA 4\u00a0\u2013 ter\u00e1 como ponto central as quest\u00f5es referentes \u00e0 valoriza\u00e7\u00e3o das diferen\u00e7as, tratando sobre assuntos relacionados \u00e0 Educa\u00e7\u00e3o das Rela\u00e7\u00f5es \u00c9tnico-Raciais, \u00e0 Educa\u00e7\u00e3o das Rela\u00e7\u00f5es de G\u00eanero e Diversidade Sexual, bem como \u00e0 Educa\u00e7\u00e3o em Direitos Humanos.<\/span><\/p>\n<p style=\"text-align: justify;\"><b>Eixo 3 &#8211; Forma\u00e7\u00e3o dos profissionais da educa\u00e7\u00e3o<\/b><\/p>\n<p style=\"text-align: justify;\"><span style=\"font-weight: 400;\">Trata-se da import\u00e2ncia de pensarmos os processos formativos fomentados e organizados pela Rede Municipal de Educa\u00e7\u00e3o, bem como valorizar as escolas para construir seus espa\u00e7os e processos de reflex\u00e3o sobre a pr\u00e1tica pedag\u00f3gica, os quais visem \u00e0 supera\u00e7\u00e3o qualitativa das condi\u00e7\u00f5es da educa\u00e7\u00e3o. Aponta como subs\u00eddios as Metas 15 e16. Assim, como o Plano de A\u00e7\u00e3o Formativo desenvolvido pelo grupo docente nas escolas.<\/span><\/p>\n<p style=\"text-align: justify;\"><b>Eixo 4 &#8211; Gest\u00e3o Democr\u00e1tica e Projeto de Escola<\/b><\/p>\n<p style=\"text-align: justify;\"><span style=\"font-weight: 400;\">Trata-se de fomentar discuss\u00f5es sobre a ger\u00eancia de processos e estrat\u00e9gias de participa\u00e7\u00e3o da comunidade escolar de forma democr\u00e1tica na escola p\u00fablica. Objetiva a constru\u00e7\u00e3o coletiva de um projeto pedag\u00f3gico, atendendo as especificidades e as demandas de cada institui\u00e7\u00e3o, buscando coer\u00eancia na luta pela qualidade da a\u00e7\u00e3o educativa escolar. Pode-se utilizar como refer\u00eancia a Meta 19.<\/span><\/p>\n<p style=\"text-align: justify;\"><b>Eixo 5 &#8211; Financiamento da Educa\u00e7\u00e3o e Valoriza\u00e7\u00e3o profissional<\/b><\/p>\n<p style=\"text-align: justify;\"><span style=\"font-weight: 400;\">Refere-se \u00e0 necessidade do financiamento da educa\u00e7\u00e3o para a elabora\u00e7\u00e3o de a\u00e7\u00f5es que corroborem para o cumprimento das metas do Plano Municipal de Educa\u00e7\u00e3o, pois ao ter um Plano de Carreira integrado ao processo formativo, sal\u00e1rios atrativos, condi\u00e7\u00f5es de trabalho adequadas, processos de forma\u00e7\u00e3o inicial e continuada, como formas criteriosas de sele\u00e7\u00e3o, consequentemente mais ampliadas ser\u00e3o as perspectivas da equidade na oferta educacional. As principais Metas s\u00e3o: Meta 17; Meta 18; Meta 20.<\/span><\/p>\n<p style=\"text-align: justify;\"><span style=\"font-weight: 400;\">Vale ressaltar que o <strong>7\u00ba\u00a0COMED: Avan\u00e7os e Desafios do Sistema Municipal de Ensino<\/strong> configura-se como um importante momento de repensarmos nossas a\u00e7\u00f5es educativas. \u00c9 a oportunidade de cada escola constituir uma avalia\u00e7\u00e3o coletiva dos principais avan\u00e7os do grupo docente, suas a\u00e7\u00f5es e realiza\u00e7\u00f5es, discutindo e dimensionando os desafios que ter\u00e3o que ser enfrentados, questionando:<\/span> <span style=\"font-weight: 400;\">Como podemos pensar e repensar a pr\u00e1tica do educador e da gest\u00e3o escolar frente aos desafios (medos, inseguran\u00e7a, desassossegos) vividos na escola? Quais os desafios que estamos enfrentando na caminhada pela qualidade da educa\u00e7\u00e3o na nossa escola? Quais espa\u00e7os formativos e de di\u00e1logo estamos construindo no cotidiano escolar?<\/span><\/p>\n<p style=\"text-align: right;\"><em>SMEd<\/em><\/p>\n<hr \/>\n<h2>7\u00ba\u00a0COMED: Desafios e Avan\u00e7os do Sistema Municipal de Ensino<\/h2>\n<p style=\"text-align: justify;\"><em>08\/06\/2016<\/em><\/p>\n<p style=\"text-align: justify;\"><span style=\"font-weight: 400;\">O <strong>7\u00ba<\/strong><\/span><b>\u00a0Congresso Municipal de Educa\u00e7\u00e3o<\/b><span style=\"font-weight: 400;\"> \u2013 <strong>COMED<\/strong>, que ser\u00e1 realizado nos dias <\/span><b>05 e 06 de julho<\/b><span style=\"font-weight: 400;\">, no <\/span><b>CIDEC\/FURG<\/b><span style=\"font-weight: 400;\">, representa um momento importante para a rede municipal de educa\u00e7\u00e3o avaliar o <\/span><b>Sistema de Ensino<\/b><span style=\"font-weight: 400;\">, seus avan\u00e7os e desafios. Um espa\u00e7o coletivo de discuss\u00f5es e encaminhamentos que balizam as pol\u00edticas p\u00fablicas da educa\u00e7\u00e3o da nossa Cidade.<\/span><\/p>\n<p style=\"text-align: justify;\"><span style=\"font-weight: 400;\">Para qualificar as discuss\u00f5es, o Congresso contar\u00e1 com palestras, mesas e salas, estruturadas a partir dos seguintes eixos tem\u00e1ticos:<\/span><\/p>\n<ul style=\"text-align: justify;\">\n<li style=\"font-weight: 400;\"><b>Estruturantes para garantia da Educa\u00e7\u00e3o B\u00e1sica de qualidade; <\/b><\/li>\n<li style=\"font-weight: 400;\"><b>Redu\u00e7\u00e3o das desigualdades e valoriza\u00e7\u00e3o das diferen\u00e7as; <\/b><\/li>\n<li style=\"font-weight: 400;\"><b>Forma\u00e7\u00e3o dos profissionais da Educa\u00e7\u00e3o;<\/b><\/li>\n<li style=\"font-weight: 400;\"><b>Gest\u00e3o Democr\u00e1tica e Projeto de Escola;<\/b><\/li>\n<li style=\"font-weight: 400;\"><b>Financiamento da Educa\u00e7\u00e3o e valoriza\u00e7\u00e3o profissional.<\/b><\/li>\n<\/ul>\n<p style=\"text-align: justify;\">Tais eixos foram elencados tendo como base o <a href=\"http:\/\/www.riogrande.rs.gov.br\/smed\/?page_id=13998\" target=\"_blank\" rel=\"noopener\"><strong>Plano Municipal de Educa\u00e7\u00e3o<\/strong><\/a>, <a href=\"http:\/\/www.riogrande.rs.gov.br\/pagina\/arquivos\/lei\/lei_7.911_-_plano_municipal_de_educacao.pdf\" target=\"_blank\" rel=\"noopener\"><strong>Lei 7.911\/2015<\/strong><\/a>. Esse documento, juntamente com a <a href=\"http:\/\/www.riogrande.rs.gov.br\/smec\/wp-content\/uploads\/2010\/12\/lei_5332-1999-sistema_municipal_de_ensino.pdf\" target=\"_blank\" rel=\"noopener\"><strong>Lei 5.332\/99<\/strong><\/a>, que regulamenta o Sistema Municipal de Ensino, s\u00e3o textos refer\u00eancia para pensar a\u00e7\u00f5es que qualifiquem a Rede Municipal de Educa\u00e7\u00e3o.<\/p>\n<p style=\"text-align: justify;\"><span style=\"font-weight: 400;\">O per\u00edodo de inscri\u00e7\u00f5es para as escolas indicarem os seus delegados<\/span> <span style=\"font-weight: 400;\">inicia no dia <\/span><b>08 de junho<\/b><span style=\"font-weight: 400;\"> e vai at\u00e9 o dia <\/span><b>24 de junho<\/b><span style=\"font-weight: 400;\"> de 2016. Essa delega\u00e7\u00e3o, composta por trabalhadores(as) em educa\u00e7\u00e3o, pais\/respons\u00e1veis e alunos(as), juntamente com os gestores escolares, que s\u00e3o delegados natos, possuem a responsabilidade de trazer para o VII COMED as principais ideias de sua comunidade escolar para as salas tem\u00e1ticas em que ir\u00e3o participar.<\/span><\/p>\n<p style=\"text-align: justify;\"><a href=\"http:\/\/www.riogrande.rs.gov.br\/smed\/wp-content\/uploads\/2016\/06\/20160608-vii_comed_planilha_delegados.pdf\" target=\"_blank\" rel=\"noopener\"><b>Veja o n\u00famero de Delegados por escola.<\/b><\/a><\/p>\n<p style=\"text-align: justify;\"><span style=\"font-weight: 400;\">No momento da inscri\u00e7\u00e3o, dever\u00e1 ser indicada a sala tem\u00e1tica em que o delegado participar\u00e1, conforme as op\u00e7\u00f5es abaixo:<\/span><\/p>\n<ul style=\"text-align: justify;\">\n<li><b>SALA 1<\/b><span style=\"font-weight: 400;\"> &#8211; Estruturantes para garantia da Educa\u00e7\u00e3o B\u00e1sica de qualidade (Educa\u00e7\u00e3o Infantil, Anos Iniciais e Educa\u00e7\u00e3o do Campo);<\/span><\/li>\n<li><b>SALA 2<\/b><span style=\"font-weight: 400;\"> &#8211; Estruturantes para garantia da Educa\u00e7\u00e3o B\u00e1sica de qualidade (Anos Finais, EJA e Educa\u00e7\u00e3o Integral e Complementar);<\/span><\/li>\n<li><b>SALA 3<\/b><span style=\"font-weight: 400;\"> &#8211; Redu\u00e7\u00e3o das desigualdades e valoriza\u00e7\u00e3o das diferen\u00e7as (Educa\u00e7\u00e3o Inclusiva\/Educa\u00e7\u00e3o Especial);<\/span><\/li>\n<li><b>SALA 4<\/b><span style=\"font-weight: 400;\"> &#8211; Redu\u00e7\u00e3o das desigualdades e valoriza\u00e7\u00e3o das diferen\u00e7as (Educa\u00e7\u00e3o Inclusiva\/Educa\u00e7\u00e3o das Rela\u00e7\u00f5es \u00c9tnico-Raciais, Educa\u00e7\u00e3o das Rela\u00e7\u00f5es de G\u00eanero e Diversidade Sexual, Educa\u00e7\u00e3o em Direitos Humanos);<\/span><\/li>\n<li><b>SALA 5<\/b><span style=\"font-weight: 400;\"> &#8211; Forma\u00e7\u00e3o dos profissionais da Educa\u00e7\u00e3o;<\/span><\/li>\n<li><b>SALA 6<\/b><span style=\"font-weight: 400;\"> &#8211; Gest\u00e3o Democr\u00e1tica e Projeto de Escola;<\/span><\/li>\n<li><b>SALA 7<\/b><span style=\"font-weight: 400;\"> &#8211; Financiamento da Educa\u00e7\u00e3o e valoriza\u00e7\u00e3o profissional.<\/span><\/li>\n<\/ul>\n<h3 style=\"text-align: justify;\"><span style=\"font-weight: 400;\">Clique <\/span><a href=\"http:\/\/www.riogrande.rs.gov.br\/smed\/?page_id=18606\" target=\"_blank\" rel=\"noopener\"><strong>aqui<\/strong><\/a><span style=\"font-weight: 400;\"> para a sua inscri\u00e7\u00e3o.<\/span><\/h3>\n<h3 style=\"text-align: justify;\"><b>Pr\u00e9 &#8211; COMED<\/b><\/h3>\n<p style=\"text-align: justify;\"><span style=\"font-weight: 400;\">O Pr\u00e9 &#8211; COMED ser\u00e1 realizado durante os meses de junho e julho em todas as escolas municipais, tornando-se um espa\u00e7o democr\u00e1tico para a comunidade escolar discutir os avan\u00e7os e desafios da Educa\u00e7\u00e3o no Sistema Municipal de Ensino e apontar proposi\u00e7\u00f5es que dar\u00e3o subs\u00eddios para a participa\u00e7\u00e3o dos delegados, indicados pelas escolas, no VII COMED. <\/span><span style=\"font-weight: 400;\">Os delegados possuem a responsabilidade de apontar as principais ideias da comunidade escolar com rela\u00e7\u00e3o ao tema da Sala em que ir\u00e3o participar.<\/span><\/p>\n<p style=\"text-align: justify;\"><span style=\"font-weight: 400;\">S\u00e3o indicados os s\u00e1bados letivos <\/span><b>18 de junho<\/b><span style=\"font-weight: 400;\"> e <\/span><b>02 de julho <\/b><span style=\"font-weight: 400;\">para que essa discuss\u00e3o seja realizada com todos os segmentos que participam dos processos educativos: pais\/respons\u00e1veis, professores(as), estudantes e funcion\u00e1rios(as) da rede municipal.<\/span><\/p>\n<p style=\"text-align: right;\"><em>SMEd<\/em><\/p>\n","protected":false},"excerpt":{"rendered":"<p>&nbsp; 7\u00ba Congresso Municipal de Educa\u00e7\u00e3o &#8211; COMED: Avan\u00e7os e Desafios do Sistema Municipal de Ensino Com o tema Avan\u00e7os e Desafios do Sistema Municipal de Ensino, o 7\u00ba\u00a0Congresso Municipal de Educa\u00e7\u00e3o &#8211; COMED\u00a0configura-se, como previsto em Lei Municipal 5.332\/1999, um espa\u00e7o aberto ao debate, que busca priorizar o di\u00e1logo de tem\u00e1ticas, as quais envolvam [&hellip;]<\/p>\n","protected":false},"author":7,"featured_media":0,"parent":44429,"menu_order":1,"comment_status":"closed","ping_status":"closed","template":"","meta":{"footnotes":""},"class_list":["post-18584","page","type-page","status-publish","hentry"],"_links":{"self":[{"href":"https:\/\/www.riogrande.rs.gov.br\/smed\/index.php?rest_route=\/wp\/v2\/pages\/18584"}],"collection":[{"href":"https:\/\/www.riogrande.rs.gov.br\/smed\/index.php?rest_route=\/wp\/v2\/pages"}],"about":[{"href":"https:\/\/www.riogrande.rs.gov.br\/smed\/index.php?rest_route=\/wp\/v2\/types\/page"}],"author":[{"embeddable":true,"href":"https:\/\/www.riogrande.rs.gov.br\/smed\/index.php?rest_route=\/wp\/v2\/users\/7"}],"replies":[{"embeddable":true,"href":"https:\/\/www.riogrande.rs.gov.br\/smed\/index.php?rest_route=%2Fwp%2Fv2%2Fcomments&post=18584"}],"version-history":[{"count":23,"href":"https:\/\/www.riogrande.rs.gov.br\/smed\/index.php?rest_route=\/wp\/v2\/pages\/18584\/revisions"}],"predecessor-version":[{"id":44431,"href":"https:\/\/www.riogrande.rs.gov.br\/smed\/index.php?rest_route=\/wp\/v2\/pages\/18584\/revisions\/44431"}],"up":[{"embeddable":true,"href":"https:\/\/www.riogrande.rs.gov.br\/smed\/index.php?rest_route=\/wp\/v2\/pages\/44429"}],"wp:attachment":[{"href":"https:\/\/www.riogrande.rs.gov.br\/smed\/index.php?rest_route=%2Fwp%2Fv2%2Fmedia&parent=18584"}],"curies":[{"name":"wp","href":"https:\/\/api.w.org\/{rel}","templated":true}]}}