{"id":13361,"date":"2015-05-11T15:09:59","date_gmt":"2015-05-11T18:09:59","guid":{"rendered":"http:\/\/www.riogrande.rs.gov.br\/smed\/?page_id=13361"},"modified":"2015-05-11T15:37:20","modified_gmt":"2015-05-11T18:37:20","slug":"forum-127-anos-pos-abolicao","status":"publish","type":"page","link":"https:\/\/www.riogrande.rs.gov.br\/smed\/?page_id=13361","title":{"rendered":"F\u00f3rum 127 anos P\u00f3s-aboli\u00e7\u00e3o"},"content":{"rendered":"<p><a href=\"http:\/\/www.riogrande.rs.gov.br\/smed\/wp-content\/uploads\/2015\/04\/20150417-ped-forum_13_maio-image00.jpg\" rel=\"lightbox[13361]\"><img loading=\"lazy\" decoding=\"async\" class=\"aligncenter size-medium wp-image-13059\" src=\"http:\/\/www.riogrande.rs.gov.br\/smed\/wp-content\/uploads\/2015\/04\/20150417-ped-forum_13_maio-image00-485x364.jpg\" alt=\" \" width=\"485\" height=\"364\" srcset=\"https:\/\/www.riogrande.rs.gov.br\/smed\/wp-content\/uploads\/2015\/04\/20150417-ped-forum_13_maio-image00-485x364.jpg 485w, https:\/\/www.riogrande.rs.gov.br\/smed\/wp-content\/uploads\/2015\/04\/20150417-ped-forum_13_maio-image00-276x207.jpg 276w, https:\/\/www.riogrande.rs.gov.br\/smed\/wp-content\/uploads\/2015\/04\/20150417-ped-forum_13_maio-image00.jpg 800w\" sizes=\"(max-width: 485px) 100vw, 485px\" \/><\/a><\/p>\n<h2>As inscri\u00e7\u00f5es devem ser feitas atrav\u00e9s do email: <a href=\"mailto:assessoriaetnicorracial@yahoo.com.br\" target=\"_blank\">assessoriaetnicorracial@yahoo.<wbr \/>com.br<\/a><\/h2>\n<p style=\"text-align: right;\"><em>SMEd<\/em><br \/>\n<em> N\u00facleo dos Anos Finais<\/em><br \/>\n<em> Assessoria das Rela\u00e7\u00f5es \u00c9tnico-raciais<\/em><\/p>\n<p>&nbsp;<\/p>\n","protected":false},"excerpt":{"rendered":"<p>As inscri\u00e7\u00f5es devem ser feitas atrav\u00e9s do email: assessoriaetnicorracial@yahoo.com.br SMEd N\u00facleo dos Anos Finais Assessoria das Rela\u00e7\u00f5es \u00c9tnico-raciais &nbsp;<\/p>\n","protected":false},"author":7,"featured_media":0,"parent":13363,"menu_order":6,"comment_status":"closed","ping_status":"open","template":"","meta":{"footnotes":""},"class_list":["post-13361","page","type-page","status-publish","hentry"],"_links":{"self":[{"href":"https:\/\/www.riogrande.rs.gov.br\/smed\/index.php?rest_route=\/wp\/v2\/pages\/13361"}],"collection":[{"href":"https:\/\/www.riogrande.rs.gov.br\/smed\/index.php?rest_route=\/wp\/v2\/pages"}],"about":[{"href":"https:\/\/www.riogrande.rs.gov.br\/smed\/index.php?rest_route=\/wp\/v2\/types\/page"}],"author":[{"embeddable":true,"href":"https:\/\/www.riogrande.rs.gov.br\/smed\/index.php?rest_route=\/wp\/v2\/users\/7"}],"replies":[{"embeddable":true,"href":"https:\/\/www.riogrande.rs.gov.br\/smed\/index.php?rest_route=%2Fwp%2Fv2%2Fcomments&post=13361"}],"version-history":[{"count":1,"href":"https:\/\/www.riogrande.rs.gov.br\/smed\/index.php?rest_route=\/wp\/v2\/pages\/13361\/revisions"}],"predecessor-version":[{"id":13362,"href":"https:\/\/www.riogrande.rs.gov.br\/smed\/index.php?rest_route=\/wp\/v2\/pages\/13361\/revisions\/13362"}],"up":[{"embeddable":true,"href":"https:\/\/www.riogrande.rs.gov.br\/smed\/index.php?rest_route=\/wp\/v2\/pages\/13363"}],"wp:attachment":[{"href":"https:\/\/www.riogrande.rs.gov.br\/smed\/index.php?rest_route=%2Fwp%2Fv2%2Fmedia&parent=13361"}],"curies":[{"name":"wp","href":"https:\/\/api.w.org\/{rel}","templated":true}]}}