{"id":12827,"date":"2015-04-07T16:30:13","date_gmt":"2015-04-07T19:30:13","guid":{"rendered":"http:\/\/www.riogrande.rs.gov.br\/smed\/?page_id=12827"},"modified":"2015-05-11T15:38:05","modified_gmt":"2015-05-11T18:38:05","slug":"oficina-de-producao-textual","status":"publish","type":"page","link":"https:\/\/www.riogrande.rs.gov.br\/smed\/?page_id=12827","title":{"rendered":"Oficina de Produ\u00e7\u00e3o Textual"},"content":{"rendered":"<h1 style=\"text-align: center;\">VAGAS ESGOTADAS<br \/>\n<a href=\"http:\/\/www.riogrande.rs.gov.br\/smed\/wp-content\/uploads\/2015\/04\/20150407-ped-oficina_producao_textual-image00.jpg\" rel=\"lightbox[12827]\"><img loading=\"lazy\" decoding=\"async\" class=\"aligncenter size-medium wp-image-12824\" src=\"http:\/\/www.riogrande.rs.gov.br\/smed\/wp-content\/uploads\/2015\/04\/20150407-ped-oficina_producao_textual-image00-485x364.jpg\" alt=\" \" width=\"485\" height=\"364\" srcset=\"https:\/\/www.riogrande.rs.gov.br\/smed\/wp-content\/uploads\/2015\/04\/20150407-ped-oficina_producao_textual-image00-485x364.jpg 485w, https:\/\/www.riogrande.rs.gov.br\/smed\/wp-content\/uploads\/2015\/04\/20150407-ped-oficina_producao_textual-image00-276x207.jpg 276w, https:\/\/www.riogrande.rs.gov.br\/smed\/wp-content\/uploads\/2015\/04\/20150407-ped-oficina_producao_textual-image00.jpg 800w\" sizes=\"(max-width: 485px) 100vw, 485px\" \/><\/a><\/h1>\n<p style=\"text-align: justify;\">A Secretaria de Munic\u00edpio da Educa\u00e7\u00e3o do Rio Grande (SMEd), atrav\u00e9s do <b>N\u00facleo dos Anos Finais <\/b>do Ensino Fundamental, realizar\u00e1 no dia <b>29 de abril<\/b> a Oficina <b>Propostas de Produ\u00e7\u00e3o Textual e Crit\u00e9rios de Avalia\u00e7\u00e3o de Textos<\/b>, com a Prof.\u00aa Cristiane Fuzer.<\/p>\n<p>Na Oficina, que acontecer\u00e1 no Audit\u00f3rio de Centro de Forma\u00e7\u00e3o para a Diversidade Cultural e Inclus\u00e3o <b>Escola Viva<\/b>, localizada na Av. Portugal, 38, das <b>8h \u00e0s 12h<\/b>, a Prof.\u00aa Cristiane trabalhar\u00e1 com o grupo de professores que atuam do 6\u00ba ao 9\u00ba ano do Ensino Fundamental das escolas da rede p\u00fablica municipal de ensino.<\/p>\n<p style=\"text-align: justify;\">Cristiane Fuzer \u00e9 professora-Adjunta do Departamento de Letras Vern\u00e1culas e do Programa de P\u00f3s-Gradua\u00e7\u00e3o em Letras da Universidade Federal de Santa Maria (UFSM). al\u00e9m de \u00a0Coordenadora do projeto de extens\u00e3o e ensino Ateli\u00ea de Textos.<\/p>\n<p style=\"text-align: justify;\">Durante a Oficina, ser\u00e3o apresentadas possibilidades de elabora\u00e7\u00e3o de propostas de produ\u00e7\u00e3o textual na perspectiva de g\u00eaneros textuais, compat\u00edveis com os Par\u00e2metros Curriculares Nacionais para os Anos Finais do Ensino Fundamental.<\/p>\n<p style=\"text-align: justify;\">Na sequ\u00eancia, ser\u00e3o discutidos crit\u00e9rios de avalia\u00e7\u00e3o de textos pertinentes ao processo de ensino e aprendizagem da escrita nessa inst\u00e2ncia da educa\u00e7\u00e3o b\u00e1sica.<\/p>\n<p style=\"text-align: justify;\">O per\u00edodo de inscri\u00e7\u00e3o <b>inicia no dia 08 de abril<\/b>, a partir das <b>13h30<\/b>, e <b>encerra no dia 28 de abri<\/b>l, \u00e0s <b>19h<\/b>. As inscri\u00e7\u00f5es ser\u00e3o feitas no site da SMEd (<a href=\"http:\/\/www.riogrande.rs.gov.br\/smed\">www.riogrande.rs.gov.br\/smed<\/a>). Ser\u00e3o ofertadas <b>40 vagas<\/b>.<\/p>\n<p style=\"text-align: right;\"><em>SMEd<\/em><br \/>\n<em> Roberton Reis<\/em><\/p>\n<h3 style=\"text-align: center;\"><a href=\"https:\/\/docs.google.com\/forms\/d\/1ayuuwcvaV8SaBHc0j0L5T3bS_Wb1AAWi4HnmEjYm-6Y\/edit#\" target=\"_blank\">Clique <strong>aqui<\/strong> para realizar a sua inscri\u00e7\u00e3o.<\/a><\/h3>\n<p style=\"text-align: right;\">\n","protected":false},"excerpt":{"rendered":"<p>VAGAS ESGOTADAS A Secretaria de Munic\u00edpio da Educa\u00e7\u00e3o do Rio Grande (SMEd), atrav\u00e9s do N\u00facleo dos Anos Finais do Ensino Fundamental, realizar\u00e1 no dia 29 de abril a Oficina Propostas de Produ\u00e7\u00e3o Textual e Crit\u00e9rios de Avalia\u00e7\u00e3o de Textos, com a Prof.\u00aa Cristiane Fuzer. Na Oficina, que acontecer\u00e1 no Audit\u00f3rio de Centro de Forma\u00e7\u00e3o para [&hellip;]<\/p>\n","protected":false},"author":7,"featured_media":0,"parent":13363,"menu_order":7,"comment_status":"closed","ping_status":"open","template":"","meta":{"footnotes":""},"class_list":["post-12827","page","type-page","status-publish","hentry"],"_links":{"self":[{"href":"https:\/\/www.riogrande.rs.gov.br\/smed\/index.php?rest_route=\/wp\/v2\/pages\/12827"}],"collection":[{"href":"https:\/\/www.riogrande.rs.gov.br\/smed\/index.php?rest_route=\/wp\/v2\/pages"}],"about":[{"href":"https:\/\/www.riogrande.rs.gov.br\/smed\/index.php?rest_route=\/wp\/v2\/types\/page"}],"author":[{"embeddable":true,"href":"https:\/\/www.riogrande.rs.gov.br\/smed\/index.php?rest_route=\/wp\/v2\/users\/7"}],"replies":[{"embeddable":true,"href":"https:\/\/www.riogrande.rs.gov.br\/smed\/index.php?rest_route=%2Fwp%2Fv2%2Fcomments&post=12827"}],"version-history":[{"count":5,"href":"https:\/\/www.riogrande.rs.gov.br\/smed\/index.php?rest_route=\/wp\/v2\/pages\/12827\/revisions"}],"predecessor-version":[{"id":12938,"href":"https:\/\/www.riogrande.rs.gov.br\/smed\/index.php?rest_route=\/wp\/v2\/pages\/12827\/revisions\/12938"}],"up":[{"embeddable":true,"href":"https:\/\/www.riogrande.rs.gov.br\/smed\/index.php?rest_route=\/wp\/v2\/pages\/13363"}],"wp:attachment":[{"href":"https:\/\/www.riogrande.rs.gov.br\/smed\/index.php?rest_route=%2Fwp%2Fv2%2Fmedia&parent=12827"}],"curies":[{"name":"wp","href":"https:\/\/api.w.org\/{rel}","templated":true}]}}