{"id":12713,"date":"2015-03-27T21:03:35","date_gmt":"2015-03-28T00:03:35","guid":{"rendered":"http:\/\/www.riogrande.rs.gov.br\/smed\/?page_id=12713"},"modified":"2015-05-11T15:32:47","modified_gmt":"2015-05-11T18:32:47","slug":"inscricoes-para-ebahl-22015","status":"publish","type":"page","link":"https:\/\/www.riogrande.rs.gov.br\/smed\/?page_id=12713","title":{"rendered":"Inscri\u00e7\u00f5es para EBAHL 2\/2015"},"content":{"rendered":"<p style=\"text-align: center;\"><b>PREFEITURA MUNICIPAL DO RIO GRANDE<\/b><\/p>\n<p style=\"text-align: center;\"><b>SECRETARIA DE MUNIC\u00cdPIO DA EDUCA\u00c7\u00c3O<\/b><\/p>\n<p style=\"text-align: center;\"><b>EDITAL DE CHAMADA P\u00daBLICA PARA PREENCHIMENTO DE VAGAS NA ESCOLA DE BELAS ARTES HEITOR DE LEMOS \u2013 N\u00ba 02\/2015<\/b><\/p>\n<p style=\"text-align: justify;\">A Prefeitura Municipal do Rio Grande, atrav\u00e9s da Secretaria de Munic\u00edpio da Educa\u00e7\u00e3o, abre vagas para os interessados em cursar as seguintes modalidades na Escola de Belas Artes Heitor de Lemos:<\/p>\n<table border=\"1\" cellpadding=\"5\">\n<tbody>\n<tr>\n<td><b>Curso<\/b><\/td>\n<td><b>Turno<\/b><\/td>\n<td><b>Vagas<\/b><\/td>\n<td><b>Observa\u00e7\u00f5es<\/b><\/td>\n<\/tr>\n<tr>\n<td>Ballet Preparat\u00f3rio<\/td>\n<td>Manh\u00e3<\/td>\n<td>05<\/td>\n<td>06 anos completos at\u00e9 31\/12\/2014<\/td>\n<\/tr>\n<tr>\n<td>Ballet Preparat\u00f3rio<\/td>\n<td>Vespertino<\/td>\n<td>05<\/td>\n<td>06 anos completos at\u00e9 31\/12\/2014<\/td>\n<\/tr>\n<tr>\n<td>Dan\u00e7a do Ventre<\/td>\n<td>Noite<\/td>\n<td>08<\/td>\n<td>Os candidatos dever\u00e3o ter a idade m\u00ednima de 14 anos (curso com dura\u00e7\u00e3o de 01 semestre)<\/td>\n<\/tr>\n<tr>\n<td>Sapateado<\/td>\n<td>Vespertino<\/td>\n<td>05<\/td>\n<td>Os candidatos dever\u00e3o ter a idade de 08 a 13 anos<\/td>\n<\/tr>\n<tr>\n<td>T\u00e9cnica vocal<\/td>\n<td>Tarde<\/td>\n<td>03<\/td>\n<td>Os candidatos dever\u00e3o ter a idade m\u00ednima de 15 anos<\/td>\n<\/tr>\n<tr>\n<td>Pintura em Porcelana a 150\u00ba<\/td>\n<td>Manh\u00e3<\/td>\n<td>04<\/td>\n<td>Os candidatos dever\u00e3o ter a idade m\u00ednima de 15 anos<\/td>\n<\/tr>\n<tr>\n<td>Tecelagem<\/td>\n<td>Manh\u00e3<\/td>\n<td>03<\/td>\n<td>Os candidatos dever\u00e3o ter a idade m\u00ednima de 15 anos<\/td>\n<\/tr>\n<tr>\n<td>Pintura a l\u00e1pis de cor<\/td>\n<td>Manh\u00e3<\/td>\n<td>06<\/td>\n<td>Os candidatos dever\u00e3o ter a idade m\u00ednima de 15 anos<\/td>\n<\/tr>\n<tr>\n<td>Teatro<\/td>\n<td>Manh\u00e3<\/td>\n<td>05<\/td>\n<td>Os candidatos dever\u00e3o ter a idade m\u00ednima de 09 anos<\/td>\n<\/tr>\n<tr>\n<td>Teatro<\/td>\n<td>Tarde<\/td>\n<td>05<\/td>\n<td>Os candidatos dever\u00e3o ter a idade m\u00ednima de 09 anos<\/td>\n<\/tr>\n<tr>\n<td>Teatro<\/td>\n<td>Noite<\/td>\n<td>05<\/td>\n<td>Os candidatos dever\u00e3o ter a idade m\u00ednima de 15 anos<\/td>\n<\/tr>\n<tr>\n<td>Hist\u00f3ria Instrumental da Arte e da Cultura<\/td>\n<td>Vespertino<\/td>\n<td>10<\/td>\n<td>O aluno dever\u00e1 ter conclu\u00eddo o Ensino M\u00e9dio ou estar cursando o mesmo<\/td>\n<\/tr>\n<\/tbody>\n<\/table>\n<p><strong><strong>\u00a0<\/strong><\/strong><\/p>\n<p><b>Observa\u00e7\u00f5es<\/b><\/p>\n<ol>\n<li>Para todas as modalidades a sele\u00e7\u00e3o ser\u00e1 feita atrav\u00e9s de <b>teste de aptid\u00e3o<\/b>.<\/li>\n<\/ol>\n<p style=\"text-align: justify;\">Os interessados em concorrer a uma das vagas devem fazer sua inscri\u00e7\u00e3o no site da Secretaria de Munic\u00edpio da Educa\u00e7\u00e3o (<a href=\"http:\/\/www.riogrande.rs.gov.br\/smed\"><b>www.riogrande.rs.gov.br\/smed<\/b><\/a>), no per\u00edodo de <b>30 de mar\u00e7o de 2015, \u00e0s 15h, at\u00e9 06 de abril de 2015, \u00e0s 22h<\/b>.<\/p>\n<p style=\"text-align: justify;\">As inscri\u00e7\u00f5es devem obedecer \u00e0 faixa et\u00e1ria indicada em cada modalidade; a idade ser\u00e1 comprovada no momento da matr\u00edcula, mediante apresenta\u00e7\u00e3o da Certid\u00e3o de Nascimento ou Carteira de Identidade. Caso o candidato tenha idade incompat\u00edvel com a indicada no edital, esta inscri\u00e7\u00e3o n\u00e3o ter\u00e1 validade.<\/p>\n<p><strong><strong>\u00a0<\/strong><\/strong><\/p>\n<p><b>Cronograma<\/b><\/p>\n<table border=\"1\" cellpadding=\"5\">\n<tbody>\n<tr>\n<td><b>Atividade<\/b><\/td>\n<td><b>Data<\/b><\/td>\n<td><b>Local<\/b><\/td>\n<\/tr>\n<tr>\n<td>Inscri\u00e7\u00f5es<\/td>\n<td>De 30 de mar\u00e7o \u00e0s 15h a 06 de abril \u00e0s 22h.<\/td>\n<td>Site da SMEd (<a href=\"http:\/\/www.riogrande.rs.gov.br\/smed\">www.riogrande.rs.gov.br\/smed<\/a>)<\/td>\n<\/tr>\n<tr>\n<td>Teste de aptid\u00e3o<\/td>\n<td>08 de abril, \u00e0s 18h<\/td>\n<td>EBAHL<\/td>\n<\/tr>\n<tr>\n<td>Resultado da sele\u00e7\u00e3o<\/td>\n<td>10 de abril<\/td>\n<td>Site da SMEd (<a href=\"http:\/\/www.riogrande.rs.gov.br\/smed\">www.riogrande.rs.gov.br\/smed<\/a>)<\/td>\n<\/tr>\n<tr>\n<td>Matr\u00edculas<\/td>\n<td>13 de abril, das 8h \u00e0s 20h<\/td>\n<td>EBAHL<\/td>\n<\/tr>\n<\/tbody>\n<\/table>\n<p style=\"text-align: justify;\"><b>Observa\u00e7\u00e3o: O aluno que n\u00e3o comparecer na data da matr\u00edcula, perder\u00e1 o direito \u00e0 vaga, sendo chamado o candidato seguinte pela ordem da lista de espera.<\/b><\/p>\n<p style=\"text-align: center;\">Escola de Belas Artes Heitor de Lemos, na Rua Jockey Clube, n\u00ba 194.<\/p>\n<p style=\"text-align: center;\"><strong><strong>\u00a0<\/strong><\/strong><\/p>\n<p style=\"text-align: center;\"><b><i>Beatriz Batezat<\/i><\/b><\/p>\n<p style=\"text-align: center;\"><i>Diretora da Escola de Belas Artes Heitor de Lemos<\/i><\/p>\n<hr \/>\n<p style=\"text-align: center;\"><strong><a href=\"http:\/\/www.riogrande.rs.gov.br\/smed\/wp-content\/uploads\/2015\/04\/20150327-edital_2_2015_belas_artes.pdf\" target=\"_blank\">Para ver o Edital em PDF clique AQUI.<\/a><\/strong><\/p>\n<p style=\"text-align: center;\"><strong><a href=\"https:\/\/docs.google.com\/forms\/d\/1jEX5YTcevGB56qIoCjXMl15lEbOLMxjl605CLBTLV5k\/viewform\" target=\"_blank\">Para fazer a sua inscri\u00e7\u00e3o clique AQUI.<\/a><\/strong><\/p>\n<hr \/>\n<h1 style=\"text-align: center;\"><a href=\"http:\/\/www.riogrande.rs.gov.br\/smed\/wp-content\/uploads\/2015\/04\/20150409-selecionados_teste_aptidao_belas_artes.pdf\" target=\"_blank\"><strong>Lista de candidatos selecionados<\/strong><\/a><\/h1>\n","protected":false},"excerpt":{"rendered":"<p>PREFEITURA MUNICIPAL DO RIO GRANDE SECRETARIA DE MUNIC\u00cdPIO DA EDUCA\u00c7\u00c3O EDITAL DE CHAMADA P\u00daBLICA PARA PREENCHIMENTO DE VAGAS NA ESCOLA DE BELAS ARTES HEITOR DE LEMOS \u2013 N\u00ba 02\/2015 A Prefeitura Municipal do Rio Grande, atrav\u00e9s da Secretaria de Munic\u00edpio da Educa\u00e7\u00e3o, abre vagas para os interessados em cursar as seguintes modalidades na Escola de [&hellip;]<\/p>\n","protected":false},"author":7,"featured_media":0,"parent":13363,"menu_order":3,"comment_status":"closed","ping_status":"open","template":"","meta":{"footnotes":""},"class_list":["post-12713","page","type-page","status-publish","hentry"],"_links":{"self":[{"href":"https:\/\/www.riogrande.rs.gov.br\/smed\/index.php?rest_route=\/wp\/v2\/pages\/12713"}],"collection":[{"href":"https:\/\/www.riogrande.rs.gov.br\/smed\/index.php?rest_route=\/wp\/v2\/pages"}],"about":[{"href":"https:\/\/www.riogrande.rs.gov.br\/smed\/index.php?rest_route=\/wp\/v2\/types\/page"}],"author":[{"embeddable":true,"href":"https:\/\/www.riogrande.rs.gov.br\/smed\/index.php?rest_route=\/wp\/v2\/users\/7"}],"replies":[{"embeddable":true,"href":"https:\/\/www.riogrande.rs.gov.br\/smed\/index.php?rest_route=%2Fwp%2Fv2%2Fcomments&post=12713"}],"version-history":[{"count":8,"href":"https:\/\/www.riogrande.rs.gov.br\/smed\/index.php?rest_route=\/wp\/v2\/pages\/12713\/revisions"}],"predecessor-version":[{"id":12909,"href":"https:\/\/www.riogrande.rs.gov.br\/smed\/index.php?rest_route=\/wp\/v2\/pages\/12713\/revisions\/12909"}],"up":[{"embeddable":true,"href":"https:\/\/www.riogrande.rs.gov.br\/smed\/index.php?rest_route=\/wp\/v2\/pages\/13363"}],"wp:attachment":[{"href":"https:\/\/www.riogrande.rs.gov.br\/smed\/index.php?rest_route=%2Fwp%2Fv2%2Fmedia&parent=12713"}],"curies":[{"name":"wp","href":"https:\/\/api.w.org\/{rel}","templated":true}]}}