{"id":12654,"date":"2015-03-27T16:18:50","date_gmt":"2015-03-27T19:18:50","guid":{"rendered":"http:\/\/www.riogrande.rs.gov.br\/smed\/?page_id=12654"},"modified":"2015-03-27T16:50:53","modified_gmt":"2015-03-27T19:50:53","slug":"poemas-de-lourdes-luciana-m-sampaio","status":"publish","type":"page","link":"https:\/\/www.riogrande.rs.gov.br\/smed\/?page_id=12654","title":{"rendered":"Poemas de Lourdes Luciana M. Sampaio"},"content":{"rendered":"<pre><strong>Ser pedagoga...<\/strong>\r\n\u00a0\r\nSer pedagoga \u00e9 aventurar-se no universo da inf\u00e2ncia.\r\n\u00c9 ter a oportunidade de\u00a0sorrir sem medo,\r\nde entregar o cora\u00e7\u00e3o e de dar as m\u00e3os para estes\r\npequenos humanos.\r\nOra ajudando a saltar desafios,\r\nora voando de carona com as asas da imagina\u00e7\u00e3o\r\nque s\u00f3 os infantes tem antes da perda legitimada\r\npelas grades curriculares.\r\nA sala de aula precisa ser janela para o mundo,\r\nromper as paredes territoriais e abrir as cortinas que\r\nimpedem a luz de entrar.\r\n\u00c9 preciso sacudir o mofo das repeti\u00e7\u00f5es.\r\nTirar o p\u00f3 dos sonhos adormecidos.\r\nReavivar a raz\u00e3o do ser docente.\r\nRelembrar a ess\u00eancia existencial da escola.\r\nRecordar as juras de formatura.\r\nRasgar os cadernos, perder livros,\r\nconstruir caminhos novos.\r\nSer pedagoga \u00e9 andar de pernas de pau\r\npara vislumbrar o horizonte ut\u00f3pico\r\nsem o qual o homem nunca teria navegado!\r\n\u00c9 aprender a nadar nas nuvens,\r\nandar nas \u00e1guas e voar pela terra\r\nsem correntes conteudistas\r\nou cadeias metodol\u00f3gicas.\r\nSimplesmente livre para ser\r\ne fazer o melhor, feliz por existir\r\ne ser o que cada dia lhe falar\r\na rota de voo de seu pr\u00f3prio cora\u00e7\u00e3o.\r\n<\/pre>\n<p>&nbsp;<\/p>\n<pre><strong>-Eu tenho nome sabia<\/strong>\r\n\u00a0\r\nGuri, guria.\r\nMenino, menina, mo\u00e7o, mo\u00e7a.\r\nTu a\u00ed. Ei. Coisinha.\r\nNeguinho\u201d, \u201cneguinha\u201d.\r\nPolaco, alem\u00e3o, \u201clorinho\u201d, \u201clorinha\u201d.\r\n\u201c\u00d4 do bon\u00e9\u201d.\r\nN\u00e3o d\u00e1 para aguentar.\r\nN\u00e3o sou coisa, \r\nnem cara e nem dos \u201cmeu\u201d ou das \u201cminha\u201d.\r\nSou gente, humano, pessoa.\r\nTenho nome, sabia?\r\nSe voc\u00ea perguntar eu digo.\r\n\u00c9 meu nome que me faz quem sou, \r\nque j\u00e1 conta parte da minha hist\u00f3ria.\r\n\u00c9 ele que me apresenta e me representa \r\ncomo cidad\u00e3o.\r\nA partir dele vem meu primeiro documento: \r\na certid\u00e3o de nascimento.\r\nEnt\u00e3o, se quer falar comigo, \r\nme chamar ou perguntar alguma coisa, \r\nprimeiro pergunta meu nome.\r\nEnt\u00e3o, vou poder perguntar o teu.\r\nE assim a gente vai se aproximar, \r\nconversar e quem sabe fazer mais um amigo ou amiga.\r\n<\/pre>\n<hr \/>\n<div style=\"text-align: right;\"><span style=\"color: #000000;\"><em>Meu nome \u00e9 Lourdes Luciana M. Sampaio e atualmente trabalho no N\u00facleo de Alimenta\u00e7\u00e3o Escolar, pela SMEd, e acredito que o ato de escrever permite conhecer melhor o pr\u00f3prio ser, permitindo um vir a ser melhor em cada novo amanhecer.<\/em><\/span><\/div>\n","protected":false},"excerpt":{"rendered":"<p>Ser pedagoga&#8230; \u00a0 Ser pedagoga \u00e9 aventurar-se no universo da inf\u00e2ncia. \u00c9 ter a oportunidade de\u00a0sorrir sem medo, de entregar o cora\u00e7\u00e3o e de dar as m\u00e3os para estes pequenos humanos. Ora ajudando a saltar desafios, ora voando de carona com as asas da imagina\u00e7\u00e3o que s\u00f3 os infantes tem antes da perda legitimada pelas [&hellip;]<\/p>\n","protected":false},"author":7,"featured_media":0,"parent":4014,"menu_order":3,"comment_status":"closed","ping_status":"open","template":"","meta":{"footnotes":""},"class_list":["post-12654","page","type-page","status-publish","hentry"],"_links":{"self":[{"href":"https:\/\/www.riogrande.rs.gov.br\/smed\/index.php?rest_route=\/wp\/v2\/pages\/12654"}],"collection":[{"href":"https:\/\/www.riogrande.rs.gov.br\/smed\/index.php?rest_route=\/wp\/v2\/pages"}],"about":[{"href":"https:\/\/www.riogrande.rs.gov.br\/smed\/index.php?rest_route=\/wp\/v2\/types\/page"}],"author":[{"embeddable":true,"href":"https:\/\/www.riogrande.rs.gov.br\/smed\/index.php?rest_route=\/wp\/v2\/users\/7"}],"replies":[{"embeddable":true,"href":"https:\/\/www.riogrande.rs.gov.br\/smed\/index.php?rest_route=%2Fwp%2Fv2%2Fcomments&post=12654"}],"version-history":[{"count":14,"href":"https:\/\/www.riogrande.rs.gov.br\/smed\/index.php?rest_route=\/wp\/v2\/pages\/12654\/revisions"}],"predecessor-version":[{"id":12673,"href":"https:\/\/www.riogrande.rs.gov.br\/smed\/index.php?rest_route=\/wp\/v2\/pages\/12654\/revisions\/12673"}],"up":[{"embeddable":true,"href":"https:\/\/www.riogrande.rs.gov.br\/smed\/index.php?rest_route=\/wp\/v2\/pages\/4014"}],"wp:attachment":[{"href":"https:\/\/www.riogrande.rs.gov.br\/smed\/index.php?rest_route=%2Fwp%2Fv2%2Fmedia&parent=12654"}],"curies":[{"name":"wp","href":"https:\/\/api.w.org\/{rel}","templated":true}]}}