{"id":12519,"date":"2015-03-19T16:25:54","date_gmt":"2015-03-19T19:25:54","guid":{"rendered":"http:\/\/www.riogrande.rs.gov.br\/smed\/?page_id=12519"},"modified":"2015-05-11T15:36:18","modified_gmt":"2015-05-11T18:36:18","slug":"oficina-de-matematica-anos-iniciais-e-anos-finais","status":"publish","type":"page","link":"https:\/\/www.riogrande.rs.gov.br\/smed\/?page_id=12519","title":{"rendered":"Oficina de Matem\u00e1tica Anos Iniciais e Anos Finais"},"content":{"rendered":"<p style=\"text-align: justify;\"><a href=\"http:\/\/www.riogrande.rs.gov.br\/smed\/wp-content\/uploads\/2015\/03\/20150319-ped-oficina_anos_iniciais_finais-image00.jpg\" rel=\"lightbox[12519]\"><img loading=\"lazy\" decoding=\"async\" class=\"aligncenter size-medium wp-image-12512\" src=\"http:\/\/www.riogrande.rs.gov.br\/smed\/wp-content\/uploads\/2015\/03\/20150319-ped-oficina_anos_iniciais_finais-image00-485x364.jpg\" alt=\" \" width=\"485\" height=\"364\" srcset=\"https:\/\/www.riogrande.rs.gov.br\/smed\/wp-content\/uploads\/2015\/03\/20150319-ped-oficina_anos_iniciais_finais-image00-485x364.jpg 485w, https:\/\/www.riogrande.rs.gov.br\/smed\/wp-content\/uploads\/2015\/03\/20150319-ped-oficina_anos_iniciais_finais-image00-276x207.jpg 276w, https:\/\/www.riogrande.rs.gov.br\/smed\/wp-content\/uploads\/2015\/03\/20150319-ped-oficina_anos_iniciais_finais-image00.jpg 800w\" sizes=\"(max-width: 485px) 100vw, 485px\" \/><\/a><\/p>\n<p style=\"text-align: justify;\">A Secretaria de Munic\u00edpio da Educa\u00e7\u00e3o do Rio Grande (SMEd), atrav\u00e9s da parceria entre os <b>N\u00facleos dos Anos Iniciais e Anos Finais<\/b> do Ensino Fundamental, realizar\u00e1 nos dias <b>09 e 10 de abril<\/b>, a <b>Oficina<\/b> <b>Matem\u00e1tica: Construir, Compreender e Aprender<\/b>, com a professora, psicopedagoga, escritora e matem\u00e1tica Luzia Faraco Ramos.<\/p>\n<p style=\"text-align: justify;\">Autora de diversos livros, tais como \u201c<b>Caramelos da Alegria<\/b>\u201d, \u201c<b>E eles queriam contar<\/b>\u201d, a professora Luzia trabalha com quest\u00f5es que auxiliam na constru\u00e7\u00e3o do pensamento l\u00f3gico-matem\u00e1tico de crian\u00e7as e jovens, atrav\u00e9s da capacita\u00e7\u00e3o, aperfei\u00e7oamento, atualiza\u00e7\u00e3o e, principalmente, com a instrumentaliza\u00e7\u00e3o dos educadores. Atrav\u00e9s de oficinas pr\u00e1ticas, a Matem\u00e1tica \u00e9 de certa maneira simplificada, tornando-a acess\u00edvel, prazerosa e, principalmente, funcional. As atividades ser\u00e3o realizadas no <b>Audit\u00f3rio da Escola Municipal de Ensino Fundamental Helena Small, <\/b>localizada na <strong>Rua Bar\u00e3o de Cotegipe, 155, Centro<\/strong>.<\/p>\n<p style=\"text-align: justify;\">No dia <b>09 de abril<\/b>, das <b>17h \u00e0s 20h<\/b>, a Prof.\u00aa Luzia trabalhar\u00e1 com o grupo de professores que atuam nas turmas de <b>1\u00ba ao 5\u00ba ano do Ensino Fundamental<\/b>. A Oficina abordar\u00e1 a constru\u00e7\u00e3o do Sistema de Numera\u00e7\u00e3o Decimal, pr\u00e9-requisito para as t\u00e9cnicas operat\u00f3rias e para o c\u00e1lculo mental, al\u00e9m da simplifica\u00e7\u00e3o funcional das tabuadas, utilizando materiais concretos.<\/p>\n<p style=\"text-align: justify;\">J\u00e1 no dia <b>10 de abril<\/b>, das <strong>8h<\/strong> <strong>\u00e0s<\/strong> <strong>12h<\/strong>, o grupo de professores de Matem\u00e1tica dos Anos Finais (<b>6\u00ba ao 9\u00ba ano<\/b>) trabalhar\u00e3o com as quest\u00f5es da multiplica\u00e7\u00e3o, relacionadas ao conceito dos m\u00faltiplos e das express\u00f5es num\u00e9ricas, al\u00e9m da constru\u00e7\u00e3o concreta, simplifica\u00e7\u00e3o, equival\u00eancia e opera\u00e7\u00f5es com fra\u00e7\u00f5es. Tamb\u00e9m ser\u00e1 trabalhado o uso do Material Dourado como recurso de estrutura\u00e7\u00e3o, representa\u00e7\u00e3o e opera\u00e7\u00f5es dos N\u00fameros Decimais.<\/p>\n<p style=\"text-align: justify;\">O <b>per\u00edodo de inscri\u00e7\u00f5es<\/b> inicia no dia<b> 23 de mar\u00e7o<\/b>, a partir das <b>13h30<\/b>, <b>encerrando<\/b> no dia <b>06 de abril<\/b>, \u00e0s <b>19h<\/b>. As inscri\u00e7\u00f5es ser\u00e3o feitas no site da SMEd (<strong><a href=\"http:\/\/www.riogrande.rs.gov.br\/smed\">www.riogrande.rs.gov.br\/smed<\/a><\/strong>).<\/p>\n<p style=\"text-align: justify;\">Ser\u00e3o ofertadas <b>40 vagas para a Oficina do dia 09 de abril <\/b>(Professores dos Anos Iniciais) e <b>40 vagas para a Oficina do dia 10 de abril<\/b> (Professores de Matem\u00e1tica dos Anos Finais).<\/p>\n<p style=\"text-align: right;\"><em>SMEd<\/em><br \/>\n<em> N\u00facleo dos Anos Iniciais<\/em><br \/>\n<em> N\u00facleo dos Anos Finais<\/em><\/p>\n<hr \/>\n<p style=\"text-align: center;\">Clique em um dos <em>links<\/em> abaixo para fazer a sua inscri\u00e7\u00e3o:<\/p>\n<h1 style=\"text-align: center;\"><a href=\"https:\/\/docs.google.com\/forms\/d\/1TAWGIx3bvpIv91o6QVwyCMDAkj3iw-RhY9d4_acrxLs\/closedform\" target=\"_blank\"><strong>ANOS INICIAIS<\/strong><\/a><\/h1>\n<h1 style=\"text-align: center;\"><a href=\"https:\/\/docs.google.com\/forms\/d\/1Azzek8cHmZCCU03IwS6y8sFMu6YUKaOlNcKijp-3UgI\/closedform\" target=\"_blank\"><strong> ANOS FINAIS<\/strong><\/a><\/h1>\n","protected":false},"excerpt":{"rendered":"<p>A Secretaria de Munic\u00edpio da Educa\u00e7\u00e3o do Rio Grande (SMEd), atrav\u00e9s da parceria entre os N\u00facleos dos Anos Iniciais e Anos Finais do Ensino Fundamental, realizar\u00e1 nos dias 09 e 10 de abril, a Oficina Matem\u00e1tica: Construir, Compreender e Aprender, com a professora, psicopedagoga, escritora e matem\u00e1tica Luzia Faraco Ramos. Autora de diversos livros, tais [&hellip;]<\/p>\n","protected":false},"author":7,"featured_media":0,"parent":13363,"menu_order":4,"comment_status":"closed","ping_status":"open","template":"","meta":{"footnotes":""},"class_list":["post-12519","page","type-page","status-publish","hentry"],"_links":{"self":[{"href":"https:\/\/www.riogrande.rs.gov.br\/smed\/index.php?rest_route=\/wp\/v2\/pages\/12519"}],"collection":[{"href":"https:\/\/www.riogrande.rs.gov.br\/smed\/index.php?rest_route=\/wp\/v2\/pages"}],"about":[{"href":"https:\/\/www.riogrande.rs.gov.br\/smed\/index.php?rest_route=\/wp\/v2\/types\/page"}],"author":[{"embeddable":true,"href":"https:\/\/www.riogrande.rs.gov.br\/smed\/index.php?rest_route=\/wp\/v2\/users\/7"}],"replies":[{"embeddable":true,"href":"https:\/\/www.riogrande.rs.gov.br\/smed\/index.php?rest_route=%2Fwp%2Fv2%2Fcomments&post=12519"}],"version-history":[{"count":4,"href":"https:\/\/www.riogrande.rs.gov.br\/smed\/index.php?rest_route=\/wp\/v2\/pages\/12519\/revisions"}],"predecessor-version":[{"id":13373,"href":"https:\/\/www.riogrande.rs.gov.br\/smed\/index.php?rest_route=\/wp\/v2\/pages\/12519\/revisions\/13373"}],"up":[{"embeddable":true,"href":"https:\/\/www.riogrande.rs.gov.br\/smed\/index.php?rest_route=\/wp\/v2\/pages\/13363"}],"wp:attachment":[{"href":"https:\/\/www.riogrande.rs.gov.br\/smed\/index.php?rest_route=%2Fwp%2Fv2%2Fmedia&parent=12519"}],"curies":[{"name":"wp","href":"https:\/\/api.w.org\/{rel}","templated":true}]}}