{"id":12378,"date":"2015-03-09T15:39:09","date_gmt":"2015-03-09T18:39:09","guid":{"rendered":"http:\/\/www.riogrande.rs.gov.br\/smed\/?page_id=12378"},"modified":"2015-05-11T15:31:58","modified_gmt":"2015-05-11T18:31:58","slug":"edital-de-inscricoes-para-escola-de-belas-artes-heitor-de-lemos-12015","status":"publish","type":"page","link":"https:\/\/www.riogrande.rs.gov.br\/smed\/?page_id=12378","title":{"rendered":"Inscri\u00e7\u00f5es para EBAHL 1\/2015"},"content":{"rendered":"<p style=\"text-align: center;\"><strong>Atualiza\u00e7\u00e3o 20\/03\/2015<\/strong><br \/>\nRela\u00e7\u00e3o de Selecionados no teste de aptid\u00e3o: <a href=\"http:\/\/www.riogrande.rs.gov.br\/smed\/wp-content\/uploads\/2015\/03\/20150319B-relacao_selecionados_teste_aptidao_belas_artes.pdf\" target=\"_blank\"><strong>Clique aqui<\/strong><\/a>.<\/p>\n<p style=\"text-align: center;\">As matr\u00edculas ocorrer\u00e3o dia 24\/03,\u00a0das 8h \u00e0s 20h, na Escola de Belas Artes Heitor de Lemos, na Rua Jockey Clube, n\u00ba 194.<\/p>\n<p style=\"text-align: center;\"><b>Observa\u00e7\u00e3o: O aluno que n\u00e3o comparecer na data da matr\u00edcula, perder\u00e1 o direito \u00e0 vaga, sendo chamado o candidato seguinte pela ordem da lista de espera.<\/b><\/p>\n<hr \/>\n<p style=\"text-align: center;\" align=\"center\"><strong>Atualiza\u00e7\u00e3o 17\/03\/2015<\/strong><\/p>\n<p style=\"text-align: justify;\" align=\"center\">Inscri\u00e7\u00f5es encerradas. Os candidatos inscritos dever\u00e3o comparecer \u00e0 sede da Escola de Belas Artes no dia 18 \u00e0s 18h para o teste de aptid\u00e3o.<\/p>\n<hr \/>\n<p style=\"text-align: center;\" align=\"center\"><span style=\"color: #666666;\"><span style=\"font-size: medium;\"><b>PREFEITURA MUNICIPAL DO RIO GRANDE<\/b><\/span><\/span><\/p>\n<p style=\"text-align: center;\" align=\"center\"><span style=\"color: #666666;\"><span style=\"font-size: medium;\"><b>SECRETARIA DE MUNIC\u00cdPIO DA EDUCA\u00c7\u00c3O<\/b><\/span><\/span><\/p>\n<p style=\"text-align: center;\" align=\"center\"><span style=\"color: #666666;\"><span style=\"font-size: medium;\"><b>EDITAL DE CHAMADA P\u00daBLICA PARA PREENCHIMENTO DE VAGAS NA ESCOLA DE BELAS ARTES HEITOR DE LEMOS \u2013 N\u00ba 01\/2015<\/b><\/span><\/span><\/p>\n<p style=\"text-align: justify;\" align=\"justify\"><span style=\"color: #666666;\">A Prefeitura Municipal do Rio Grande, atrav\u00e9s da Secretaria de Munic\u00edpio da Educa\u00e7\u00e3o, abre vagas para os interessados em cursar as seguintes modalidades na Escola de Belas Artes Heitor de Lemos:<\/span><\/p>\n<table border=\"1\" width=\"90%\" cellspacing=\"0\" cellpadding=\"8\">\n<colgroup>\n<col width=\"145\" \/>\n<col width=\"174\" \/>\n<col width=\"63\" \/>\n<col width=\"298\" \/> <\/colgroup>\n<tbody>\n<tr valign=\"top\">\n<td width=\"145\">\n<p align=\"center\"><strong>Curso<\/strong><\/p>\n<\/td>\n<td>\n<p align=\"center\"><strong>Turno<\/strong><\/p>\n<\/td>\n<td>\n<p align=\"center\"><strong>Vagas<\/strong><\/p>\n<\/td>\n<td>\n<p align=\"center\"><strong>Observa\u00e7\u00f5es<\/strong><\/p>\n<\/td>\n<\/tr>\n<tr valign=\"top\">\n<td colspan=\"4\">\n<p align=\"center\"><strong>ARTES C\u00caNICAS<\/strong><\/p>\n<\/td>\n<\/tr>\n<tr valign=\"top\">\n<td>\n<p align=\"left\">Teatro<\/p>\n<\/td>\n<td>\n<p align=\"left\">Manh\u00e3<\/p>\n<\/td>\n<td>\n<p align=\"left\">05<\/p>\n<\/td>\n<td>\n<p align=\"left\">(a partir dos 09 anos)<\/p>\n<\/td>\n<\/tr>\n<tr valign=\"top\">\n<td>\n<p align=\"left\">Teatro<\/p>\n<\/td>\n<td>\n<p align=\"left\">Tarde<\/p>\n<\/td>\n<td>\n<p align=\"left\">05<\/p>\n<\/td>\n<td>\n<p align=\"left\">(a partir dos 09 anos)<\/p>\n<\/td>\n<\/tr>\n<tr valign=\"top\">\n<td>\n<p align=\"left\">Teatro<\/p>\n<\/td>\n<td>\n<p align=\"left\">Noite<\/p>\n<\/td>\n<td>\n<p align=\"left\">05<\/p>\n<\/td>\n<td>\n<p align=\"left\">Adultos<\/p>\n<\/td>\n<\/tr>\n<tr valign=\"top\">\n<td colspan=\"4\">\n<p align=\"center\"><strong>ARTES PL\u00c1STICAS<\/strong><\/p>\n<\/td>\n<\/tr>\n<tr valign=\"top\">\n<td>\n<p align=\"left\">Escolinha de Arte<\/p>\n<\/td>\n<td>\n<p align=\"left\">Manh\u00e3<\/p>\n<\/td>\n<td>\n<p align=\"left\">03<\/p>\n<\/td>\n<td>\n<p align=\"left\">N\u00edvel I (06 a 12 anos)<\/p>\n<\/td>\n<\/tr>\n<tr valign=\"top\">\n<td>\n<p align=\"left\">Escolinha de Arte<\/p>\n<\/td>\n<td>\n<p align=\"left\">Tarde<\/p>\n<\/td>\n<td>\n<p align=\"left\">03<\/p>\n<\/td>\n<td>\n<p align=\"left\">N\u00edvel I (06 a 12 anos)<\/p>\n<\/td>\n<\/tr>\n<tr valign=\"top\">\n<td>\n<p align=\"left\">Escolinha de Arte<\/p>\n<\/td>\n<td>\n<p align=\"left\">Manh\u00e3<\/p>\n<\/td>\n<td>\n<p align=\"left\">05<\/p>\n<\/td>\n<td>\n<p align=\"left\">Laborat\u00f3rio I (13 a 14 anos)<\/p>\n<\/td>\n<\/tr>\n<tr valign=\"top\">\n<td>\n<p align=\"left\">Escolinha de Arte<\/p>\n<\/td>\n<td>\n<p align=\"left\">Tarde<\/p>\n<\/td>\n<td>\n<p align=\"left\">05<\/p>\n<\/td>\n<td>\n<p align=\"left\">Laborat\u00f3rio I (13 a 14 anos)<\/p>\n<\/td>\n<\/tr>\n<tr valign=\"top\">\n<td>\n<p align=\"left\">Pintura em Porcelana<\/p>\n<\/td>\n<td>\n<p align=\"left\">Manh\u00e3<\/p>\n<\/td>\n<td>\n<p align=\"left\">08<\/p>\n<\/td>\n<td>\n<p align=\"left\">Adultos (pintura em porcelana a 150\u00b0 com dura\u00e7\u00e3o de 01 ano)<\/p>\n<\/td>\n<\/tr>\n<tr valign=\"top\">\n<td>\n<p align=\"left\">Pintura a L\u00e1pis de Cor<\/p>\n<\/td>\n<td>\n<p align=\"left\">Manh\u00e3<\/p>\n<\/td>\n<td>\n<p align=\"left\">08<\/p>\n<\/td>\n<td>\n<p align=\"left\">Adultos (com dura\u00e7\u00e3o de 01 ano)<\/p>\n<\/td>\n<\/tr>\n<tr valign=\"top\">\n<td>\n<p align=\"left\">Artes Pl\u00e1sticas<\/p>\n<\/td>\n<td>\n<p align=\"left\">Vespertino<\/p>\n<\/td>\n<td>\n<p align=\"left\">08<\/p>\n<\/td>\n<td>\n<p align=\"left\">Adultos (com dura\u00e7\u00e3o de 03 anos)<\/p>\n<\/td>\n<\/tr>\n<tr valign=\"top\">\n<td>\n<p align=\"left\">Tecelagem<\/p>\n<\/td>\n<td>\n<p align=\"left\">Manh\u00e3<\/p>\n<\/td>\n<td>\n<p align=\"left\">06<\/p>\n<\/td>\n<td>\n<p align=\"left\">Curso com dura\u00e7\u00e3o de 01 ano para adultos (tear de pente)<\/p>\n<\/td>\n<\/tr>\n<tr valign=\"top\">\n<td colspan=\"4\">\n<p align=\"center\"><strong>M\u00daSICA<\/strong><\/p>\n<\/td>\n<\/tr>\n<tr valign=\"top\">\n<td>\n<p align=\"left\">Violino<\/p>\n<\/td>\n<td>\n<p align=\"left\">Manh\u00e3<\/p>\n<\/td>\n<td>\n<p align=\"left\">02<\/p>\n<\/td>\n<td>\n<p align=\"left\">(a partir dos 09 anos)<\/p>\n<\/td>\n<\/tr>\n<tr valign=\"top\">\n<td>\n<p align=\"left\">Violino<\/p>\n<\/td>\n<td>\n<p align=\"left\">Vespertino<\/p>\n<\/td>\n<td>\n<p align=\"left\">02<\/p>\n<\/td>\n<td>\n<p align=\"left\">(a partir dos 09 anos)<\/p>\n<\/td>\n<\/tr>\n<tr valign=\"top\">\n<td>\n<p align=\"left\">Viol\u00e3o<\/p>\n<\/td>\n<td>\n<p align=\"left\">Tarde<\/p>\n<\/td>\n<td>\n<p align=\"left\">01<\/p>\n<\/td>\n<td>\n<p align=\"left\">(a partir dos 09 anos)<\/p>\n<\/td>\n<\/tr>\n<\/tbody>\n<\/table>\n<p align=\"justify\"><span style=\"color: #666666;\"><span style=\"font-size: large;\"><b>Observa\u00e7\u00f5es<\/b><\/span><\/span><\/p>\n<ol>\n<li>\n<p align=\"justify\"><span style=\"color: #666666;\">Para todas as modalidades a sele\u00e7\u00e3o ser\u00e1 feita atrav\u00e9s de <\/span><span style=\"color: #666666;\"><b>teste de aptid\u00e3o<\/b><\/span><span style=\"color: #666666;\">.<\/span><\/p>\n<\/li>\n<li>\n<p align=\"justify\"><span style=\"color: #666666;\">Os alunos selecionados para os cursos da \u00e1rea de m\u00fasica dever\u00e3o ter disponibilidade de hor\u00e1rio para frequentar as aulas de Teoria e Solfejo.<\/span><\/p>\n<\/li>\n<\/ol>\n<p align=\"justify\"><span style=\"color: #666666;\">Os interessados em concorrer a uma das vagas devem fazer sua inscri\u00e7\u00e3o no site da Secretaria de Munic\u00edpio da Educa\u00e7\u00e3o (<\/span><span style=\"color: #004d85;\"><b><a href=\"http:\/\/www.riogrande.rs.gov.br\/smed\">www<\/a><a href=\"http:\/\/www.riogrande.rs.gov.br\/smed\">.<\/a><a href=\"http:\/\/www.riogrande.rs.gov.br\/smed\">riogrande<\/a><a href=\"http:\/\/www.riogrande.rs.gov.br\/smed\">.<\/a><a href=\"http:\/\/www.riogrande.rs.gov.br\/smed\">rs<\/a><a href=\"http:\/\/www.riogrande.rs.gov.br\/smed\">.<\/a><a href=\"http:\/\/www.riogrande.rs.gov.br\/smed\">gov<\/a><a href=\"http:\/\/www.riogrande.rs.gov.br\/smed\">.<\/a><a href=\"http:\/\/www.riogrande.rs.gov.br\/smed\">br<\/a><a href=\"http:\/\/www.riogrande.rs.gov.br\/smed\">\/<\/a><a href=\"http:\/\/www.riogrande.rs.gov.br\/smed\">smed<\/a><\/b><\/span><span style=\"color: #666666;\">), no per\u00edodo de <\/span><span style=\"color: #666666;\"><b>10 de mar\u00e7o de 2015 \u00e0s 22h, at\u00e9 16 de mar\u00e7o de 2015 \u00e0s 22h<\/b><\/span><span style=\"color: #666666;\">.<\/span><\/p>\n<p align=\"justify\"><span style=\"color: #666666;\">As inscri\u00e7\u00f5es devem obedecer \u00e0 faixa et\u00e1ria indicada em cada modalidade; a idade ser\u00e1 comprovada no momento da matr\u00edcula, mediante apresenta\u00e7\u00e3o da Certid\u00e3o de Nascimento ou Carteira de Identidade. Caso o candidato tenha idade incompat\u00edvel com a indicada no edital, esta inscri\u00e7\u00e3o n\u00e3o ter\u00e1 validade. <\/span><\/p>\n<p align=\"justify\"><span style=\"color: #666666;\"><span style=\"font-size: large;\"><b>Cronograma<\/b><\/span><\/span><\/p>\n<table border=\"1\" width=\"80%\" cellspacing=\"0\" cellpadding=\"8\">\n<colgroup>\n<col width=\"231\" \/>\n<col width=\"233\" \/>\n<col width=\"231\" \/> <\/colgroup>\n<tbody>\n<tr valign=\"top\">\n<td>\n<p align=\"center\"><strong>Atividade<\/strong><\/p>\n<\/td>\n<td>\n<p align=\"center\"><strong>Data<\/strong><\/p>\n<\/td>\n<td>\n<p align=\"center\"><strong>Local<\/strong><\/p>\n<\/td>\n<\/tr>\n<tr valign=\"top\">\n<td>\n<p align=\"left\">Inscri\u00e7\u00f5es<\/p>\n<\/td>\n<td>\n<p align=\"left\">De 10 de mar\u00e7o \u00e0s 7h a 16 de mar\u00e7o \u00e0s 22h.<\/p>\n<\/td>\n<td>\n<p align=\"left\">Site da SMEd (<a href=\"http:\/\/www.riogrande.rs.gov.br\/smed\">www<\/a><a href=\"http:\/\/www.riogrande.rs.gov.br\/smed\">.<\/a><a href=\"http:\/\/www.riogrande.rs.gov.br\/smed\">riogrande<\/a><a href=\"http:\/\/www.riogrande.rs.gov.br\/smed\">.<\/a><a href=\"http:\/\/www.riogrande.rs.gov.br\/smed\">rs<\/a><a href=\"http:\/\/www.riogrande.rs.gov.br\/smed\">.<\/a><a href=\"http:\/\/www.riogrande.rs.gov.br\/smed\">gov<\/a><a href=\"http:\/\/www.riogrande.rs.gov.br\/smed\">.<\/a><a href=\"http:\/\/www.riogrande.rs.gov.br\/smed\">br<\/a><a href=\"http:\/\/www.riogrande.rs.gov.br\/smed\">\/<\/a><a href=\"http:\/\/www.riogrande.rs.gov.br\/smed\">smed<\/a>)<\/p>\n<\/td>\n<\/tr>\n<tr valign=\"top\">\n<td>\n<p align=\"left\">Teste de aptid\u00e3o<\/p>\n<\/td>\n<td>\n<p align=\"left\">18 de mar\u00e7o, \u00e0s 18h<\/p>\n<\/td>\n<td>\n<p align=\"left\">EBAHL<\/p>\n<\/td>\n<\/tr>\n<tr valign=\"top\">\n<td>\n<p align=\"left\">Resultado da sele\u00e7\u00e3o<\/p>\n<\/td>\n<td>\n<p align=\"left\">20 de mar\u00e7o<\/p>\n<\/td>\n<td>\n<p align=\"left\">Site da SMEd (<a href=\"http:\/\/www.riogrande.rs.gov.br\/smed\">www<\/a><a href=\"http:\/\/www.riogrande.rs.gov.br\/smed\">.<\/a><a href=\"http:\/\/www.riogrande.rs.gov.br\/smed\">riogrande<\/a><a href=\"http:\/\/www.riogrande.rs.gov.br\/smed\">.<\/a><a href=\"http:\/\/www.riogrande.rs.gov.br\/smed\">rs<\/a><a href=\"http:\/\/www.riogrande.rs.gov.br\/smed\">.<\/a><a href=\"http:\/\/www.riogrande.rs.gov.br\/smed\">gov<\/a><a href=\"http:\/\/www.riogrande.rs.gov.br\/smed\">.<\/a><a href=\"http:\/\/www.riogrande.rs.gov.br\/smed\">br<\/a><a href=\"http:\/\/www.riogrande.rs.gov.br\/smed\">\/<\/a><a href=\"http:\/\/www.riogrande.rs.gov.br\/smed\">smed<\/a>)<\/p>\n<\/td>\n<\/tr>\n<tr valign=\"top\">\n<td>\n<p align=\"left\">Matr\u00edculas<\/p>\n<\/td>\n<td>\n<p align=\"left\">24 de mar\u00e7o, das 8h \u00e0s 20h<\/p>\n<\/td>\n<td>\n<p align=\"left\">EBAHL<\/p>\n<\/td>\n<\/tr>\n<\/tbody>\n<\/table>\n<p align=\"justify\"><span style=\"color: #666666;\"><span style=\"text-decoration: underline;\"><b>Observa\u00e7\u00e3o: O aluno que n\u00e3o comparecer na data da matr\u00edcula, perder\u00e1 o direito \u00e0 vaga, sendo chamado o candidato seguinte pela ordem da lista de espera.<\/b><\/span><\/span><\/p>\n<p align=\"center\"><span style=\"color: #666666;\">Escola de Belas Artes Heitor de Lemos, na Rua Jockey Clube, n\u00ba 194.<\/span><\/p>\n<p align=\"center\"><span style=\"color: #666666;\"><i><b>Beatriz Batezat<\/b><\/i><\/span><\/p>\n<p align=\"center\"><span style=\"color: #666666;\"><i>Diretora da Escola de Belas Artes Heitor de Lemos<\/i><\/span><\/p>\n<p style=\"text-align: left;\" align=\"center\">Clique <a href=\"http:\/\/www.riogrande.rs.gov.br\/smed\/wp-content\/uploads\/2015\/03\/20150309-belas_artes_edital.pdf\" target=\"_blank\"><strong>AQUI<\/strong><\/a> para ver o edital em PDF.<\/p>\n<p style=\"text-align: left;\" align=\"center\">Clique <a href=\"https:\/\/docs.google.com\/forms\/d\/1B_-PNRZgzkHbpzlMbiLPrmkPVDxKM7ZCK4sWa0GjnSk\/closedform\" target=\"_blank\"><strong>AQUI<\/strong><\/a> para fazer a sua inscri\u00e7\u00e3o.<\/p>\n","protected":false},"excerpt":{"rendered":"<p>Atualiza\u00e7\u00e3o 20\/03\/2015 Rela\u00e7\u00e3o de Selecionados no teste de aptid\u00e3o: Clique aqui. As matr\u00edculas ocorrer\u00e3o dia 24\/03,\u00a0das 8h \u00e0s 20h, na Escola de Belas Artes Heitor de Lemos, na Rua Jockey Clube, n\u00ba 194. Observa\u00e7\u00e3o: O aluno que n\u00e3o comparecer na data da matr\u00edcula, perder\u00e1 o direito \u00e0 vaga, sendo chamado o candidato seguinte pela ordem [&hellip;]<\/p>\n","protected":false},"author":7,"featured_media":0,"parent":13363,"menu_order":2,"comment_status":"closed","ping_status":"open","template":"","meta":{"footnotes":""},"class_list":["post-12378","page","type-page","status-publish","hentry"],"_links":{"self":[{"href":"https:\/\/www.riogrande.rs.gov.br\/smed\/index.php?rest_route=\/wp\/v2\/pages\/12378"}],"collection":[{"href":"https:\/\/www.riogrande.rs.gov.br\/smed\/index.php?rest_route=\/wp\/v2\/pages"}],"about":[{"href":"https:\/\/www.riogrande.rs.gov.br\/smed\/index.php?rest_route=\/wp\/v2\/types\/page"}],"author":[{"embeddable":true,"href":"https:\/\/www.riogrande.rs.gov.br\/smed\/index.php?rest_route=\/wp\/v2\/users\/7"}],"replies":[{"embeddable":true,"href":"https:\/\/www.riogrande.rs.gov.br\/smed\/index.php?rest_route=%2Fwp%2Fv2%2Fcomments&post=12378"}],"version-history":[{"count":15,"href":"https:\/\/www.riogrande.rs.gov.br\/smed\/index.php?rest_route=\/wp\/v2\/pages\/12378\/revisions"}],"predecessor-version":[{"id":12527,"href":"https:\/\/www.riogrande.rs.gov.br\/smed\/index.php?rest_route=\/wp\/v2\/pages\/12378\/revisions\/12527"}],"up":[{"embeddable":true,"href":"https:\/\/www.riogrande.rs.gov.br\/smed\/index.php?rest_route=\/wp\/v2\/pages\/13363"}],"wp:attachment":[{"href":"https:\/\/www.riogrande.rs.gov.br\/smed\/index.php?rest_route=%2Fwp%2Fv2%2Fmedia&parent=12378"}],"curies":[{"name":"wp","href":"https:\/\/api.w.org\/{rel}","templated":true}]}}