{"id":1106,"date":"2011-04-20T12:35:45","date_gmt":"2011-04-20T15:35:45","guid":{"rendered":"http:\/\/192.168.0.165\/smec\/?page_id=1106"},"modified":"2014-06-16T15:41:14","modified_gmt":"2014-06-16T18:41:14","slug":"ensino-fundamental-dos-9-anos","status":"publish","type":"page","link":"https:\/\/www.riogrande.rs.gov.br\/smed\/?page_id=1106","title":{"rendered":"Ensino Fundamental de 9 anos"},"content":{"rendered":"<p>CONSELHO NACIONAL DE EDUCA\u00c7\u00c3O<\/p>\n<p>C\u00c2MARA DE EDUCA\u00c7\u00c3O B\u00c1SICA<\/p>\n<p><a href=\"http:\/\/www.riogrande.rs.gov.br\/smed\/wp-content\/uploads\/2011\/04\/resolucao_7_de_14_dezembro_2010.pdf\" target=\"_blank\">RESOLU\u00c7\u00c3O N\u00ba <strong>7<\/strong>, DE 14 DE DEZEMBRO DE 2010<\/a><\/p>\n","protected":false},"excerpt":{"rendered":"<p>CONSELHO NACIONAL DE EDUCA\u00c7\u00c3O C\u00c2MARA DE EDUCA\u00c7\u00c3O B\u00c1SICA RESOLU\u00c7\u00c3O N\u00ba 7, DE 14 DE DEZEMBRO DE 2010<\/p>\n","protected":false},"author":7,"featured_media":0,"parent":5943,"menu_order":0,"comment_status":"closed","ping_status":"open","template":"","meta":{"footnotes":""},"class_list":["post-1106","page","type-page","status-publish","hentry"],"_links":{"self":[{"href":"https:\/\/www.riogrande.rs.gov.br\/smed\/index.php?rest_route=\/wp\/v2\/pages\/1106"}],"collection":[{"href":"https:\/\/www.riogrande.rs.gov.br\/smed\/index.php?rest_route=\/wp\/v2\/pages"}],"about":[{"href":"https:\/\/www.riogrande.rs.gov.br\/smed\/index.php?rest_route=\/wp\/v2\/types\/page"}],"author":[{"embeddable":true,"href":"https:\/\/www.riogrande.rs.gov.br\/smed\/index.php?rest_route=\/wp\/v2\/users\/7"}],"replies":[{"embeddable":true,"href":"https:\/\/www.riogrande.rs.gov.br\/smed\/index.php?rest_route=%2Fwp%2Fv2%2Fcomments&post=1106"}],"version-history":[{"count":28,"href":"https:\/\/www.riogrande.rs.gov.br\/smed\/index.php?rest_route=\/wp\/v2\/pages\/1106\/revisions"}],"predecessor-version":[{"id":10352,"href":"https:\/\/www.riogrande.rs.gov.br\/smed\/index.php?rest_route=\/wp\/v2\/pages\/1106\/revisions\/10352"}],"up":[{"embeddable":true,"href":"https:\/\/www.riogrande.rs.gov.br\/smed\/index.php?rest_route=\/wp\/v2\/pages\/5943"}],"wp:attachment":[{"href":"https:\/\/www.riogrande.rs.gov.br\/smed\/index.php?rest_route=%2Fwp%2Fv2%2Fmedia&parent=1106"}],"curies":[{"name":"wp","href":"https:\/\/api.w.org\/{rel}","templated":true}]}}