{"id":10453,"date":"2014-06-25T18:23:03","date_gmt":"2014-06-25T21:23:03","guid":{"rendered":"http:\/\/www.riogrande.rs.gov.br\/smed\/?page_id=10453"},"modified":"2014-06-27T15:15:17","modified_gmt":"2014-06-27T18:15:17","slug":"oficinas-julho-2014","status":"publish","type":"page","link":"https:\/\/www.riogrande.rs.gov.br\/smed\/?page_id=10453","title":{"rendered":"Oficinas Julho 2014"},"content":{"rendered":"<h1>Educa\u00e7\u00e3o Infantil: Curta, dialogue e compartilhe<\/h1>\n<p style=\"text-align: justify;\">A Secretaria de Munic\u00edpio da Educa\u00e7\u00e3o de Rio Grande (SMEd), por meio do N\u00facleo de Educa\u00e7\u00e3o Infantil, promove, no dia <strong>5 de Julho de 2014<\/strong>, o <strong>3\u00ba Ciclo de Oficinas Te\u00f3rico-pr\u00e1ticas para Forma\u00e7\u00e3o dos Professores da Educa\u00e7\u00e3o Infantil das escolas da rede p\u00fablica municipal de ensino.<\/strong><\/p>\n<p style=\"text-align: justify;\">O professor dever\u00e1 escolher <strong>uma<\/strong> das oficinas e preencher o formul\u00e1rio correspondente, atrav\u00e9s dos <em>links<\/em> abaixo. Ap\u00f3s realizar sua inscri\u00e7\u00e3o, o professor dever\u00e1 <strong>aguardar a confirma\u00e7\u00e3o<\/strong> por e-mail, pois cada oficina disponibilizar\u00e1 somente <strong>50 vagas<\/strong>.<\/p>\n<p style=\"text-align: justify;\"><strong>Importante<\/strong>: favor preencher o formul\u00e1rio com o seu <strong>e-mail pessoal<\/strong>, pois ser\u00e1 atrav\u00e9s deste que confirmaremos sua inscri\u00e7\u00e3o.<\/p>\n<p style=\"text-align: justify;\">No dia 5 de julho ser\u00e3o realizadas, concomitantemente, <strong>4 oficinas<\/strong>, as quais acontecer\u00e3o nas escolas da rede municipal.<\/p>\n<p><strong>In\u00edcio das inscri\u00e7\u00f5es: 29 de junho, \u00e0s 14h<\/strong><br \/>\n<strong> Encerramento das inscri\u00e7\u00f5es: 3 de Julho, \u00e0s 18h<\/strong><\/p>\n<h1>Oficina 1<\/h1>\n<p><strong>As linguagens na Educa\u00e7\u00e3o Infantil<\/strong><br \/>\nOficineiros: N\u00facleo de Estudo e Pesquisa em Educa\u00e7\u00e3o da Inf\u00e2ncia &#8211; NEPE\/FURG.<br \/>\nLocal: EMEI Tia Luizinha<br \/>\nEnd: Rua Pandi\u00e1 Cal\u00f3geras, 898, Bairro S\u00e3o Jo\u00e3o.<br \/>\nDia: 5\/7\/2014, \u00e0s 08h30<br \/>\nInscreva-se <strong><a href=\"https:\/\/docs.google.com\/forms\/d\/1mMG0NsFXtof7blVi-ZqchBdHQ_yV2IhhnYPwpQyMLUo\/edit\" target=\"_blank\">aqui<\/a>.<\/strong><\/p>\n<h1>Oficina 2<\/h1>\n<p><strong>O Uso do V\u00eddeo na Educa\u00e7\u00e3o Infantil<\/strong><br \/>\nOficineiro: Prof. Dr. Cl\u00e1udio Tarouco de Azevedo &#8211; FURG<br \/>\nLocal: EMEF Helena Small<br \/>\nEnd: Rua Bar\u00e3o de Cotegipe, 155, Bairro Centro.<br \/>\nDia: 5\/7\/2014, \u00e0s 8h30<br \/>\nSugest\u00e3o de materiais para essa oficina:<\/p>\n<ul>\n<li>C\u00e2meras digitais ou similares.<\/li>\n<\/ul>\n<p>Inscreva-se <strong><a href=\"https:\/\/docs.google.com\/forms\/d\/1wp4g71zjnAeTi8sVGBTUogtZKroTldlr33ocAgipRvU\/edit\" target=\"_blank\">aqui<\/a>.<\/strong><\/p>\n<h1>Oficina 3<\/h1>\n<p><strong>Corpos, G\u00eaneros e Sexualidades: discutindo possibilidades para a Educa\u00e7\u00e3o Infantil<\/strong><br \/>\nOficineiro: Grupo de Pesquisa Sexualidade e Escola &#8211; GESE\/FURG<br \/>\nLocal: EMEF Viriato Corr\u00eaa<br \/>\nEnd: Rua Almirante Barroso, 433, Bairro Get\u00falio Vargas.<br \/>\nDia: 5\/7\/2014, \u00e0s 8h30<br \/>\nInscreva-se <strong><a href=\"https:\/\/docs.google.com\/forms\/d\/15AUzQa6SsJc5TVMOn-nWARWxqXBRmY-A3hJrSZljk4U\/edit\" target=\"_blank\">aqui<\/a>.<\/strong><\/p>\n<h1>Oficina 4<\/h1>\n<p><strong>Brincadeiras Musicais na Educa\u00e7\u00e3o Infantil<\/strong><br \/>\nOficineiro: Prof. Rodrigo Xavier (Pelotas)<br \/>\nLocal: EMEI Vila da Quinta<br \/>\nEnd: Rua Jo\u00e3o Moreira, 204, Vila da Quinta.<br \/>\nDia 5\/7\/2014, \u00e0s 8h30<br \/>\nSugest\u00f5es de materiais para essa oficina:<\/p>\n<ul>\n<li>30 cm de cano de PVC (aqueles de encanamento de \u00e1gua ou esgoto, branco). Pode ser de 100, 150 ou 200 mm (de prefer\u00eancia lixado, sem arestas ou rebarbas);<\/li>\n<li>12 cm de cano de PVC de 25 mm (de prefer\u00eancia lixado, sem arestas ou rebarbas);<\/li>\n<li>1 rolinho de fita adesiva (durex), pode ser colorido ou transparente.<\/li>\n<\/ul>\n<p>Inscreva-se <strong><a href=\"https:\/\/docs.google.com\/forms\/d\/1VKr38lPxblJKnxg9kSSeX2F0WzV-HUiUSWwuv1Y5oN8\/edit\" target=\"_blank\">aqui<\/a>.<\/strong><\/p>\n","protected":false},"excerpt":{"rendered":"<p>Educa\u00e7\u00e3o Infantil: Curta, dialogue e compartilhe A Secretaria de Munic\u00edpio da Educa\u00e7\u00e3o de Rio Grande (SMEd), por meio do N\u00facleo de Educa\u00e7\u00e3o Infantil, promove, no dia 5 de Julho de 2014, o 3\u00ba Ciclo de Oficinas Te\u00f3rico-pr\u00e1ticas para Forma\u00e7\u00e3o dos Professores da Educa\u00e7\u00e3o Infantil das escolas da rede p\u00fablica municipal de ensino. O professor dever\u00e1 [&hellip;]<\/p>\n","protected":false},"author":7,"featured_media":0,"parent":445,"menu_order":4,"comment_status":"closed","ping_status":"open","template":"","meta":{"footnotes":""},"class_list":["post-10453","page","type-page","status-publish","hentry"],"_links":{"self":[{"href":"https:\/\/www.riogrande.rs.gov.br\/smed\/index.php?rest_route=\/wp\/v2\/pages\/10453"}],"collection":[{"href":"https:\/\/www.riogrande.rs.gov.br\/smed\/index.php?rest_route=\/wp\/v2\/pages"}],"about":[{"href":"https:\/\/www.riogrande.rs.gov.br\/smed\/index.php?rest_route=\/wp\/v2\/types\/page"}],"author":[{"embeddable":true,"href":"https:\/\/www.riogrande.rs.gov.br\/smed\/index.php?rest_route=\/wp\/v2\/users\/7"}],"replies":[{"embeddable":true,"href":"https:\/\/www.riogrande.rs.gov.br\/smed\/index.php?rest_route=%2Fwp%2Fv2%2Fcomments&post=10453"}],"version-history":[{"count":8,"href":"https:\/\/www.riogrande.rs.gov.br\/smed\/index.php?rest_route=\/wp\/v2\/pages\/10453\/revisions"}],"predecessor-version":[{"id":10480,"href":"https:\/\/www.riogrande.rs.gov.br\/smed\/index.php?rest_route=\/wp\/v2\/pages\/10453\/revisions\/10480"}],"up":[{"embeddable":true,"href":"https:\/\/www.riogrande.rs.gov.br\/smed\/index.php?rest_route=\/wp\/v2\/pages\/445"}],"wp:attachment":[{"href":"https:\/\/www.riogrande.rs.gov.br\/smed\/index.php?rest_route=%2Fwp%2Fv2%2Fmedia&parent=10453"}],"curies":[{"name":"wp","href":"https:\/\/api.w.org\/{rel}","templated":true}]}}