{"id":739,"date":"2020-04-03T14:04:34","date_gmt":"2020-04-03T17:04:34","guid":{"rendered":"http:\/\/www.riogrande.rs.gov.br\/corona\/?page_id=739"},"modified":"2020-04-03T15:02:16","modified_gmt":"2020-04-03T18:02:16","slug":"noticias","status":"publish","type":"page","link":"https:\/\/www.riogrande.rs.gov.br\/corona\/noticias\/","title":{"rendered":"Not\u00edcias"},"content":{"rendered":"\t\t<div data-elementor-type=\"wp-page\" data-elementor-id=\"739\" class=\"elementor elementor-739\" data-elementor-settings=\"[]\">\n\t\t\t<div class=\"elementor-inner\">\n\t\t\t\t<div class=\"elementor-section-wrap\">\n\t\t\t\t\t\t\t<section class=\"elementor-element elementor-element-b52774a elementor-section-boxed elementor-section-height-default elementor-section-height-default elementor-section elementor-top-section\" data-id=\"b52774a\" data-element_type=\"section\">\n\t\t\t\t\t\t<div class=\"elementor-container elementor-column-gap-default\">\n\t\t\t\t<div class=\"elementor-row\">\n\t\t\t\t<div class=\"elementor-element elementor-element-73932a2 elementor-column elementor-col-100 elementor-top-column\" data-id=\"73932a2\" data-element_type=\"column\">\n\t\t\t<div class=\"elementor-column-wrap  elementor-element-populated\">\n\t\t\t\t\t<div class=\"elementor-widget-wrap\">\n\t\t\t\t<div class=\"elementor-element elementor-element-91c914a elementor-widget elementor-widget-shortcode\" data-id=\"91c914a\" data-element_type=\"widget\" data-widget_type=\"shortcode.default\">\n\t\t\t\t<div class=\"elementor-widget-container\">\n\t\t\t\t\t<div class=\"elementor-shortcode\"><div class=\"wp-rss-template-container\" data-wpra-template=\"default\" data-template-ctx=\"eyJmZWVkcyI6ImNvcm9uYS1wcmVmZWl0dXJhLWRvLXJpby1ncmFuZGUifQ==\">\n    <div class=\"wp-rss-aggregator wpra-list-template  \" data-page=\"1\">\n    \n    \n<ul class=\"wpra-item-list rss-aggregator wpra-item-list--bullets wpra-item-list--default\"\n    start=\"1\">\n                        <li class=\"wpra-item feed-item \">\n            \n            \n\n    <a  href=\"https:\/\/www.riogrande.rs.gov.br\/pagina\/boletins-epidemiologicos-da-covid-19-e-dengue-sao-divulgados-pela-sms\/\" target=\"_blank\" rel=\"nofollow\" class=\"\">Boletins epidemiol\u00f3gicos da Covid-19 e Dengue s\u00e3o divulgados pela SMS<\/a>\n\n\n\n\n\n\n<div class=\"wprss-feed-meta\">\n            <span class=\"feed-source\">\n            Fonte:\n\n                            Corona \u2013 Prefeitura do Rio Grande\n                    <\/span>\n    \n            <span class=\"feed-date\">\n            Publicado em 06-06-2023\n        <\/span>\n    \n    <\/div>\n\n\n\n\n\n            \n        <\/li>\n                    <li class=\"wpra-item feed-item \">\n            \n            \n\n    <a  href=\"https:\/\/www.riogrande.rs.gov.br\/pagina\/boletim-da-covid-19-rio-grande-6-de-junho-de-2023\/\" target=\"_blank\" rel=\"nofollow\" class=\"\">Boletim da Covid-19 \u2013 Rio Grande \u2013 6 de junho de 2023<\/a>\n\n\n\n\n\n\n<div class=\"wprss-feed-meta\">\n            <span class=\"feed-source\">\n            Fonte:\n\n                            Corona \u2013 Prefeitura do Rio Grande\n                    <\/span>\n    \n            <span class=\"feed-date\">\n            Publicado em 06-06-2023\n        <\/span>\n    \n    <\/div>\n\n\n\n\n\n            \n        <\/li>\n                    <li class=\"wpra-item feed-item \">\n            \n            \n\n    <a  href=\"https:\/\/www.riogrande.rs.gov.br\/pagina\/programacao-para-vacinar-contra-gripe-influenza-e-covid-19-e-divulgada-pela-saude\/\" target=\"_blank\" rel=\"nofollow\" class=\"\">Programa\u00e7\u00e3o para vacinar contra gripe Influenza e Covid-19 \u00e9 divulgada pela Sa\u00fade<\/a>\n\n\n\n\n\n\n<div class=\"wprss-feed-meta\">\n            <span class=\"feed-source\">\n            Fonte:\n\n                            Corona \u2013 Prefeitura do Rio Grande\n                    <\/span>\n    \n            <span class=\"feed-date\">\n            Publicado em 05-06-2023\n        <\/span>\n    \n    <\/div>\n\n\n\n\n\n            \n        <\/li>\n                    <li class=\"wpra-item feed-item \">\n            \n            \n\n    <a  href=\"https:\/\/www.riogrande.rs.gov.br\/pagina\/boletim-da-covid-19-rio-grande-2-de-junho-de-2023\/\" target=\"_blank\" rel=\"nofollow\" class=\"\">Boletim da Covid-19 \u2013 Rio Grande \u2013 2 de junho de 2023<\/a>\n\n\n\n\n\n\n<div class=\"wprss-feed-meta\">\n            <span class=\"feed-source\">\n            Fonte:\n\n                            Corona \u2013 Prefeitura do Rio Grande\n                    <\/span>\n    \n            <span class=\"feed-date\">\n            Publicado em 02-06-2023\n        <\/span>\n    \n    <\/div>\n\n\n\n\n\n            \n        <\/li>\n                    <li class=\"wpra-item feed-item \">\n            \n            \n\n    <a  href=\"https:\/\/www.riogrande.rs.gov.br\/pagina\/vacinacao-contra-a-gripe-influenza-e-covid-19-continua-no-sabado\/\" target=\"_blank\" rel=\"nofollow\" class=\"\">Vacina\u00e7\u00e3o contra a gripe Influenza e Covid-19 continua no s\u00e1bado<\/a>\n\n\n\n\n\n\n<div class=\"wprss-feed-meta\">\n            <span class=\"feed-source\">\n            Fonte:\n\n                            Corona \u2013 Prefeitura do Rio Grande\n                    <\/span>\n    \n            <span class=\"feed-date\">\n            Publicado em 01-06-2023\n        <\/span>\n    \n    <\/div>\n\n\n\n\n\n            \n        <\/li>\n                    <li class=\"wpra-item feed-item \">\n            \n            \n\n    <a  href=\"https:\/\/www.riogrande.rs.gov.br\/pagina\/boletim-da-covid-19-rio-grande-31-de-maio-de-2023\/\" target=\"_blank\" rel=\"nofollow\" class=\"\">Boletim da Covid-19 \u2013 Rio Grande \u2013 31 de maio de 2023<\/a>\n\n\n\n\n\n\n<div class=\"wprss-feed-meta\">\n            <span class=\"feed-source\">\n            Fonte:\n\n                            Corona \u2013 Prefeitura do Rio Grande\n                    <\/span>\n    \n            <span class=\"feed-date\">\n            Publicado em 31-05-2023\n        <\/span>\n    \n    <\/div>\n\n\n\n\n\n            \n        <\/li>\n                    <li class=\"wpra-item feed-item \">\n            \n            \n\n    <a  href=\"https:\/\/www.riogrande.rs.gov.br\/pagina\/boletim-da-covid-19-rio-grande-30-de-maio-de-2023\/\" target=\"_blank\" rel=\"nofollow\" class=\"\">Boletim da Covid-19 \u2013 Rio Grande \u2013 30 de maio de 2023<\/a>\n\n\n\n\n\n\n<div class=\"wprss-feed-meta\">\n            <span class=\"feed-source\">\n            Fonte:\n\n                            Corona \u2013 Prefeitura do Rio Grande\n                    <\/span>\n    \n            <span class=\"feed-date\">\n            Publicado em 30-05-2023\n        <\/span>\n    \n    <\/div>\n\n\n\n\n\n            \n        <\/li>\n                    <li class=\"wpra-item feed-item \">\n            \n            \n\n    <a  href=\"https:\/\/www.riogrande.rs.gov.br\/pagina\/boletim-da-covid-19-rio-grande-29-de-maio-de-2023\/\" target=\"_blank\" rel=\"nofollow\" class=\"\">Boletim da Covid-19 \u2013 Rio Grande \u2013 29 de maio de 2023<\/a>\n\n\n\n\n\n\n<div class=\"wprss-feed-meta\">\n            <span class=\"feed-source\">\n            Fonte:\n\n                            Corona \u2013 Prefeitura do Rio Grande\n                    <\/span>\n    \n            <span class=\"feed-date\">\n            Publicado em 29-05-2023\n        <\/span>\n    \n    <\/div>\n\n\n\n\n\n            \n        <\/li>\n                    <li class=\"wpra-item feed-item \">\n            \n            \n\n    <a  href=\"https:\/\/www.riogrande.rs.gov.br\/pagina\/sabado-pela-manha-tem-vacinacao-em-rio-grande\/\" target=\"_blank\" rel=\"nofollow\" class=\"\">S\u00e1bado pela manh\u00e3 tem vacina\u00e7\u00e3o em Rio Grande<\/a>\n\n\n\n\n\n\n<div class=\"wprss-feed-meta\">\n            <span class=\"feed-source\">\n            Fonte:\n\n                            Corona \u2013 Prefeitura do Rio Grande\n                    <\/span>\n    \n            <span class=\"feed-date\">\n            Publicado em 26-05-2023\n        <\/span>\n    \n    <\/div>\n\n\n\n\n\n            \n        <\/li>\n                    <li class=\"wpra-item feed-item \">\n            \n            \n\n    <a  href=\"https:\/\/www.riogrande.rs.gov.br\/pagina\/boletim-da-covid-19-rio-grande-26-de-maio-de-2023\/\" target=\"_blank\" rel=\"nofollow\" class=\"\">Boletim da Covid-19 \u2013 Rio Grande \u2013 26 de maio de 2023<\/a>\n\n\n\n\n\n\n<div class=\"wprss-feed-meta\">\n            <span class=\"feed-source\">\n            Fonte:\n\n                            Corona \u2013 Prefeitura do Rio Grande\n                    <\/span>\n    \n            <span class=\"feed-date\">\n            Publicado em 26-05-2023\n        <\/span>\n    \n    <\/div>\n\n\n\n\n\n            \n        <\/li>\n                    <li class=\"wpra-item feed-item \">\n            \n            \n\n    <a  href=\"https:\/\/www.riogrande.rs.gov.br\/pagina\/boletim-da-covid-19-rio-grande-23-de-maio-de-2023\/\" target=\"_blank\" rel=\"nofollow\" class=\"\">Boletim da Covid-19 \u2013 Rio Grande \u2013 23 de maio de 2023<\/a>\n\n\n\n\n\n\n<div class=\"wprss-feed-meta\">\n            <span class=\"feed-source\">\n            Fonte:\n\n                            Corona \u2013 Prefeitura do Rio Grande\n                    <\/span>\n    \n            <span class=\"feed-date\">\n            Publicado em 23-05-2023\n        <\/span>\n    \n    <\/div>\n\n\n\n\n\n            \n        <\/li>\n                    <li class=\"wpra-item feed-item \">\n            \n            \n\n    <a  href=\"https:\/\/www.riogrande.rs.gov.br\/pagina\/boletim-da-covid-19-rio-grande-22-de-maio-de-2023\/\" target=\"_blank\" rel=\"nofollow\" class=\"\">Boletim da Covid-19 \u2013 Rio Grande \u2013 22 de maio de 2023<\/a>\n\n\n\n\n\n\n<div class=\"wprss-feed-meta\">\n            <span class=\"feed-source\">\n            Fonte:\n\n                            Corona \u2013 Prefeitura do Rio Grande\n                    <\/span>\n    \n            <span class=\"feed-date\">\n            Publicado em 22-05-2023\n        <\/span>\n    \n    <\/div>\n\n\n\n\n\n            \n        <\/li>\n                    <li class=\"wpra-item feed-item \">\n            \n            \n\n    <a  href=\"https:\/\/www.riogrande.rs.gov.br\/pagina\/confira-a-programacao-do-dia-d-de-multivacinacao-neste-sabado\/\" target=\"_blank\" rel=\"nofollow\" class=\"\">Confira a programa\u00e7\u00e3o do Dia D de multivacina\u00e7\u00e3o neste s\u00e1bado<\/a>\n\n\n\n\n\n\n<div class=\"wprss-feed-meta\">\n            <span class=\"feed-source\">\n            Fonte:\n\n                            Corona \u2013 Prefeitura do Rio Grande\n                    <\/span>\n    \n            <span class=\"feed-date\">\n            Publicado em 19-05-2023\n        <\/span>\n    \n    <\/div>\n\n\n\n\n\n            \n        <\/li>\n                    <li class=\"wpra-item feed-item \">\n            \n            \n\n    <a  href=\"https:\/\/www.riogrande.rs.gov.br\/pagina\/boletim-da-covid-19-rio-grande-19-de-maio-de-2023\/\" target=\"_blank\" rel=\"nofollow\" class=\"\">Boletim da Covid-19 \u2013 Rio Grande \u2013 19 de maio de 2023<\/a>\n\n\n\n\n\n\n<div class=\"wprss-feed-meta\">\n            <span class=\"feed-source\">\n            Fonte:\n\n                            Corona \u2013 Prefeitura do Rio Grande\n                    <\/span>\n    \n            <span class=\"feed-date\">\n            Publicado em 19-05-2023\n        <\/span>\n    \n    <\/div>\n\n\n\n\n\n            \n        <\/li>\n                    <li class=\"wpra-item feed-item \">\n            \n            \n\n    <a  href=\"https:\/\/www.riogrande.rs.gov.br\/pagina\/boletim-da-covid-19-rio-grande-18-de-maio-de-2023\/\" target=\"_blank\" rel=\"nofollow\" class=\"\">Boletim da Covid-19 \u2013 Rio Grande \u2013 18 de maio de 2023<\/a>\n\n\n\n\n\n\n<div class=\"wprss-feed-meta\">\n            <span class=\"feed-source\">\n            Fonte:\n\n                            Corona \u2013 Prefeitura do Rio Grande\n                    <\/span>\n    \n            <span class=\"feed-date\">\n            Publicado em 18-05-2023\n        <\/span>\n    \n    <\/div>\n\n\n\n\n\n            \n        <\/li>\n        <\/ul>\n\n        \n<\/div>\n\n<\/div>\n<\/div>\n\t\t\t\t<\/div>\n\t\t\t\t<\/div>\n\t\t\t\t\t\t<\/div>\n\t\t\t<\/div>\n\t\t<\/div>\n\t\t\t\t\t\t<\/div>\n\t\t\t<\/div>\n\t\t<\/section>\n\t\t\t\t\t\t<\/div>\n\t\t\t<\/div>\n\t\t<\/div>\n\t\t","protected":false},"excerpt":{"rendered":"","protected":false},"author":16,"featured_media":0,"parent":0,"menu_order":0,"comment_status":"closed","ping_status":"closed","template":"","meta":[],"categories":[],"_links":{"self":[{"href":"https:\/\/www.riogrande.rs.gov.br\/corona\/wp-json\/wp\/v2\/pages\/739"}],"collection":[{"href":"https:\/\/www.riogrande.rs.gov.br\/corona\/wp-json\/wp\/v2\/pages"}],"about":[{"href":"https:\/\/www.riogrande.rs.gov.br\/corona\/wp-json\/wp\/v2\/types\/page"}],"author":[{"embeddable":true,"href":"https:\/\/www.riogrande.rs.gov.br\/corona\/wp-json\/wp\/v2\/users\/16"}],"replies":[{"embeddable":true,"href":"https:\/\/www.riogrande.rs.gov.br\/corona\/wp-json\/wp\/v2\/comments?post=739"}],"version-history":[{"count":0,"href":"https:\/\/www.riogrande.rs.gov.br\/corona\/wp-json\/wp\/v2\/pages\/739\/revisions"}],"wp:attachment":[{"href":"https:\/\/www.riogrande.rs.gov.br\/corona\/wp-json\/wp\/v2\/media?parent=739"}],"wp:term":[{"taxonomy":"category","embeddable":true,"href":"https:\/\/www.riogrande.rs.gov.br\/corona\/wp-json\/wp\/v2\/categories?post=739"}],"curies":[{"name":"wp","href":"https:\/\/api.w.org\/{rel}","templated":true}]}}