{"id":137595,"date":"2020-04-15T12:55:25","date_gmt":"2020-04-15T15:55:25","guid":{"rendered":"http:\/\/www.riogrande.rs.gov.br\/corona\/?page_id=137595"},"modified":"2021-03-29T23:04:00","modified_gmt":"2021-03-30T02:04:00","slug":"rede-acolher","status":"publish","type":"page","link":"https:\/\/www.riogrande.rs.gov.br\/corona\/rede-acolher\/","title":{"rendered":"Rede Acolher"},"content":{"rendered":"\t\t<div data-elementor-type=\"wp-page\" data-elementor-id=\"137595\" class=\"elementor elementor-137595\" data-elementor-settings=\"[]\">\n\t\t\t<div class=\"elementor-inner\">\n\t\t\t\t<div class=\"elementor-section-wrap\">\n\t\t\t\t\t\t\t<section class=\"elementor-element elementor-element-7b0ded8 elementor-section-boxed elementor-section-height-default elementor-section-height-default elementor-section elementor-top-section\" data-id=\"7b0ded8\" data-element_type=\"section\">\n\t\t\t\t\t\t<div class=\"elementor-container elementor-column-gap-default\">\n\t\t\t\t<div class=\"elementor-row\">\n\t\t\t\t<div class=\"elementor-element elementor-element-32982d1 elementor-column elementor-col-100 elementor-top-column\" data-id=\"32982d1\" data-element_type=\"column\">\n\t\t\t<div class=\"elementor-column-wrap  elementor-element-populated\">\n\t\t\t\t\t<div class=\"elementor-widget-wrap\">\n\t\t\t\t<div class=\"elementor-element elementor-element-497c520 elementor-widget elementor-widget-heading\" data-id=\"497c520\" data-element_type=\"widget\" data-widget_type=\"heading.default\">\n\t\t\t\t<div class=\"elementor-widget-container\">\n\t\t\t<h2 class=\"elementor-heading-title elementor-size-default\">Disque Acolher<\/h2>\t\t<\/div>\n\t\t\t\t<\/div>\n\t\t\t\t<div class=\"elementor-element elementor-element-375b1d2 elementor-widget elementor-widget-image\" data-id=\"375b1d2\" data-element_type=\"widget\" data-widget_type=\"image.default\">\n\t\t\t\t<div class=\"elementor-widget-container\">\n\t\t\t\t\t<div class=\"elementor-image\">\n\t\t\t\t\t\t\t\t\t\t<img width=\"640\" height=\"292\" src=\"https:\/\/www.riogrande.rs.gov.br\/corona\/wp-content\/uploads\/2020\/04\/diskAcolher-1.png\" class=\"attachment-large size-large\" alt=\"\" loading=\"lazy\" srcset=\"https:\/\/www.riogrande.rs.gov.br\/corona\/wp-content\/uploads\/2020\/04\/diskAcolher-1.png 713w, https:\/\/www.riogrande.rs.gov.br\/corona\/wp-content\/uploads\/2020\/04\/diskAcolher-1-300x137.png 300w\" sizes=\"(max-width: 640px) 100vw, 640px\" \/>\t\t\t\t\t\t\t\t\t\t\t<\/div>\n\t\t\t\t<\/div>\n\t\t\t\t<\/div>\n\t\t\t\t\t\t<\/div>\n\t\t\t<\/div>\n\t\t<\/div>\n\t\t\t\t\t\t<\/div>\n\t\t\t<\/div>\n\t\t<\/section>\n\t\t\t\t<section class=\"elementor-element elementor-element-2fa6182 elementor-section-boxed elementor-section-height-default elementor-section-height-default elementor-section elementor-top-section\" data-id=\"2fa6182\" data-element_type=\"section\">\n\t\t\t\t\t\t<div class=\"elementor-container elementor-column-gap-default\">\n\t\t\t\t<div class=\"elementor-row\">\n\t\t\t\t<div class=\"elementor-element elementor-element-8c137c9 elementor-column elementor-col-50 elementor-top-column\" data-id=\"8c137c9\" data-element_type=\"column\">\n\t\t\t<div class=\"elementor-column-wrap  elementor-element-populated\">\n\t\t\t\t\t<div class=\"elementor-widget-wrap\">\n\t\t\t\t<div class=\"elementor-element elementor-element-5635681 elementor-align-center elementor-widget elementor-widget-button\" data-id=\"5635681\" data-element_type=\"widget\" data-widget_type=\"button.default\">\n\t\t\t\t<div class=\"elementor-widget-container\">\n\t\t\t\t\t<div class=\"elementor-button-wrapper\">\n\t\t\t<a href=\"https:\/\/www.riogrande.rs.gov.br\/corona\/wp-content\/uploads\/2020\/04\/26.04A\u00c7\u00d5ES-REDE-ACOLHER.pdf\" class=\"elementor-button-link elementor-button elementor-size-sm\" role=\"button\">\n\t\t\t\t\t\t<span class=\"elementor-button-content-wrapper\">\n\t\t\t\t\t\t<span class=\"elementor-button-text\">Presta\u00e7\u00e3o de Contas<\/span>\n\t\t<\/span>\n\t\t\t\t\t<\/a>\n\t\t<\/div>\n\t\t\t\t<\/div>\n\t\t\t\t<\/div>\n\t\t\t\t\t\t<\/div>\n\t\t\t<\/div>\n\t\t<\/div>\n\t\t\t\t<div class=\"elementor-element elementor-element-24fa81b elementor-column elementor-col-50 elementor-top-column\" data-id=\"24fa81b\" data-element_type=\"column\">\n\t\t\t<div class=\"elementor-column-wrap  elementor-element-populated\">\n\t\t\t\t\t<div class=\"elementor-widget-wrap\">\n\t\t\t\t<div class=\"elementor-element elementor-element-a1f333c elementor-align-center elementor-widget elementor-widget-button\" data-id=\"a1f333c\" data-element_type=\"widget\" data-widget_type=\"button.default\">\n\t\t\t\t<div class=\"elementor-widget-container\">\n\t\t\t\t\t<div class=\"elementor-button-wrapper\">\n\t\t\t<a href=\"https:\/\/www.riogrande.rs.gov.br\/corona\/wp-content\/uploads\/2020\/04\/Material-explicativo-Rede-Acolher-9.pdf\" class=\"elementor-button-link elementor-button elementor-size-sm\" role=\"button\">\n\t\t\t\t\t\t<span class=\"elementor-button-content-wrapper\">\n\t\t\t\t\t\t<span class=\"elementor-button-text\">Material Explicativo<\/span>\n\t\t<\/span>\n\t\t\t\t\t<\/a>\n\t\t<\/div>\n\t\t\t\t<\/div>\n\t\t\t\t<\/div>\n\t\t\t\t\t\t<\/div>\n\t\t\t<\/div>\n\t\t<\/div>\n\t\t\t\t\t\t<\/div>\n\t\t\t<\/div>\n\t\t<\/section>\n\t\t\t\t<section class=\"elementor-element elementor-element-3451e50 elementor-section-boxed elementor-section-height-default elementor-section-height-default elementor-section elementor-top-section\" data-id=\"3451e50\" data-element_type=\"section\">\n\t\t\t\t\t\t<div class=\"elementor-container elementor-column-gap-default\">\n\t\t\t\t<div class=\"elementor-row\">\n\t\t\t\t<div class=\"elementor-element elementor-element-e800584 elementor-column elementor-col-100 elementor-top-column\" data-id=\"e800584\" data-element_type=\"column\">\n\t\t\t<div class=\"elementor-column-wrap  elementor-element-populated\">\n\t\t\t\t\t<div class=\"elementor-widget-wrap\">\n\t\t\t\t<div class=\"elementor-element elementor-element-8674f8b elementor-widget elementor-widget-text-editor\" data-id=\"8674f8b\" data-element_type=\"widget\" data-widget_type=\"text-editor.default\">\n\t\t\t\t<div class=\"elementor-widget-container\">\n\t\t\t\t\t<div class=\"elementor-text-editor elementor-clearfix\"><p style=\"box-sizing: inherit; margin: 7.98438px; padding-right: 7.98438px; padding-left: 7.98438px; color: #404040; text-align: justify;\">O Disque Acolher da prefeitura agora conta com mais um n\u00famero para o refor\u00e7o na demanda de liga\u00e7\u00f5es. Agora a popula\u00e7\u00e3o pode entrar em contato atrav\u00e9s do telefone&nbsp;<span style=\"box-sizing: inherit; font-weight: bolder;\">0800 642 6050<\/span>. O n\u00famero de&nbsp;<em style=\"box-sizing: inherit;\">Whatsapp<\/em>, anteriormente divulgado nos nossos outros materiais, travou e n\u00e3o est\u00e1 mais em opera\u00e7\u00e3o, devido \u00e0 grande quantidade de mensagens recebidas.<\/p>\n<p style=\"box-sizing: inherit; margin: 7.98438px; padding-right: 7.98438px; padding-left: 7.98438px; color: #404040; text-align: justify;\">O Disque Acolher \u00e9 um servi\u00e7o disponibilizado pela prefeitura, dentro da Rede Acolher, que, entre outras situa\u00e7\u00f5es, esclarece d\u00favidas da comunidade sobre como ter acesso \u00e0s pol\u00edticas p\u00fablicas de assist\u00eancia social e informa\u00e7\u00f5es sobre os procedimentos para o recebimento de cestas b\u00e1sicas e utens\u00edlios de primeira necessidade.<\/p>\n<p style=\"box-sizing: inherit; margin: 7.98438px; padding-right: 7.98438px; padding-left: 7.98438px; color: #404040; text-align: justify;\"><img loading=\"lazy\" class=\"size-medium wp-image-133563 alignright\" src=\"https:\/\/www.riogrande.rs.gov.br\/corona\/wp-content\/uploads\/2020\/03\/IMG-20200325-WA0014-1-300x225.jpg\" alt=\"\" width=\"300\" height=\"225\" srcset=\"https:\/\/www.riogrande.rs.gov.br\/corona\/wp-content\/uploads\/2020\/03\/IMG-20200325-WA0014-1-300x225.jpg 300w, https:\/\/www.riogrande.rs.gov.br\/corona\/wp-content\/uploads\/2020\/03\/IMG-20200325-WA0014-1-1024x768.jpg 1024w, https:\/\/www.riogrande.rs.gov.br\/corona\/wp-content\/uploads\/2020\/03\/IMG-20200325-WA0014-1-768x576.jpg 768w, https:\/\/www.riogrande.rs.gov.br\/corona\/wp-content\/uploads\/2020\/03\/IMG-20200325-WA0014-1-640x480.jpg 640w, https:\/\/www.riogrande.rs.gov.br\/corona\/wp-content\/uploads\/2020\/03\/IMG-20200325-WA0014-1-80x60.jpg 80w, https:\/\/www.riogrande.rs.gov.br\/corona\/wp-content\/uploads\/2020\/03\/IMG-20200325-WA0014-1.jpg 1280w\" sizes=\"(max-width: 300px) 100vw, 300px\" \/>A Rede Acolher \u00e9 uma estrat\u00e9gia conjunta de enfrentamento ao coronav\u00edrus implantada pela prefeitura, institui\u00e7\u00f5es privadas do munic\u00edpio, institui\u00e7\u00f5es de ensino, organiza\u00e7\u00f5es religiosas, ONGs, entidades de assist\u00eancia social e For\u00e7as Armadas. O objetivo \u00e9 fornecer suporte \u00e0 camada mais vulner\u00e1vel da popula\u00e7\u00e3o registradas junto ao Cadastro \u00danico, comunidades ind\u00edgenas, migrantes e pessoas em situa\u00e7\u00e3o de rua.<\/p>\n<p style=\"box-sizing: inherit; margin: 7.98438px; padding-right: 7.98438px; padding-left: 7.98438px; color: #404040; text-align: justify;\">Atrav\u00e9s de um grande fluxo de trabalho, estas institui\u00e7\u00f5es trabalham unidas na angaria\u00e7\u00e3o de recursos, alimentos e utens\u00edlios de higiene para a doa\u00e7\u00e3o \u00e0s fam\u00edlias que mais precisam.<\/p><\/div>\n\t\t\t\t<\/div>\n\t\t\t\t<\/div>\n\t\t\t\t\t\t<\/div>\n\t\t\t<\/div>\n\t\t<\/div>\n\t\t\t\t\t\t<\/div>\n\t\t\t<\/div>\n\t\t<\/section>\n\t\t\t\t<section class=\"elementor-element elementor-element-ef8c6a7 elementor-section-boxed elementor-section-height-default elementor-section-height-default elementor-section elementor-top-section\" data-id=\"ef8c6a7\" data-element_type=\"section\">\n\t\t\t\t\t\t<div class=\"elementor-container elementor-column-gap-default\">\n\t\t\t\t<div class=\"elementor-row\">\n\t\t\t\t<div class=\"elementor-element elementor-element-1abfd89 elementor-column elementor-col-100 elementor-top-column\" data-id=\"1abfd89\" data-element_type=\"column\">\n\t\t\t<div class=\"elementor-column-wrap  elementor-element-populated\">\n\t\t\t\t\t<div class=\"elementor-widget-wrap\">\n\t\t\t\t<div class=\"elementor-element elementor-element-971200c elementor-widget elementor-widget-text-editor\" data-id=\"971200c\" data-element_type=\"widget\" data-widget_type=\"text-editor.default\">\n\t\t\t\t<div class=\"elementor-widget-container\">\n\t\t\t\t\t<div class=\"elementor-text-editor elementor-clearfix\"><p style=\"text-align: justify;\"><span style=\"color: #404040;\"><img loading=\"lazy\" class=\"size-medium wp-image-133561 alignleft\" src=\"https:\/\/www.riogrande.rs.gov.br\/corona\/wp-content\/uploads\/2020\/03\/IMG-20200325-WA0012-1-300x225.jpg\" alt=\"\" width=\"300\" height=\"225\" srcset=\"https:\/\/www.riogrande.rs.gov.br\/corona\/wp-content\/uploads\/2020\/03\/IMG-20200325-WA0012-1-300x225.jpg 300w, https:\/\/www.riogrande.rs.gov.br\/corona\/wp-content\/uploads\/2020\/03\/IMG-20200325-WA0012-1-1024x768.jpg 1024w, https:\/\/www.riogrande.rs.gov.br\/corona\/wp-content\/uploads\/2020\/03\/IMG-20200325-WA0012-1-768x576.jpg 768w, https:\/\/www.riogrande.rs.gov.br\/corona\/wp-content\/uploads\/2020\/03\/IMG-20200325-WA0012-1-640x480.jpg 640w, https:\/\/www.riogrande.rs.gov.br\/corona\/wp-content\/uploads\/2020\/03\/IMG-20200325-WA0012-1-80x60.jpg 80w, https:\/\/www.riogrande.rs.gov.br\/corona\/wp-content\/uploads\/2020\/03\/IMG-20200325-WA0012-1.jpg 1280w\" sizes=\"(max-width: 300px) 100vw, 300px\" \/>No Centro Municipal de Eventos a Rede Acolher montou a \u201cOpera\u00e7\u00e3o Acolhida\u201d, onde a popula\u00e7\u00e3o em situa\u00e7\u00e3o de rua est\u00e1 sendo assistida. As pessoas que buscam pelo local tem acesso a refei\u00e7\u00f5es di\u00e1rias. Os espa\u00e7os para higieniza\u00e7\u00e3o, banho, dormit\u00f3rio (100 camas) e lazer est\u00e3o sob orienta\u00e7\u00e3o de profissionais da sa\u00fade para que obede\u00e7am aos protocolos de cuidado exigidos pela Organiza\u00e7\u00e3o Mundial da Sa\u00fade (OMS) afim de evitar contamina\u00e7\u00e3o e propaga\u00e7\u00e3o do novo coronav\u00edrus.<\/span><\/p><p>\u00a0<\/p><\/div>\n\t\t\t\t<\/div>\n\t\t\t\t<\/div>\n\t\t\t\t\t\t<\/div>\n\t\t\t<\/div>\n\t\t<\/div>\n\t\t\t\t\t\t<\/div>\n\t\t\t<\/div>\n\t\t<\/section>\n\t\t\t\t<section class=\"elementor-element elementor-element-71ffed3 elementor-section-boxed elementor-section-height-default elementor-section-height-default elementor-section elementor-top-section\" data-id=\"71ffed3\" data-element_type=\"section\">\n\t\t\t\t\t\t<div class=\"elementor-container elementor-column-gap-default\">\n\t\t\t\t<div class=\"elementor-row\">\n\t\t\t\t<div class=\"elementor-element elementor-element-c570d64 elementor-column elementor-col-100 elementor-top-column\" data-id=\"c570d64\" data-element_type=\"column\">\n\t\t\t<div class=\"elementor-column-wrap  elementor-element-populated\">\n\t\t\t\t\t<div class=\"elementor-widget-wrap\">\n\t\t\t\t<div class=\"elementor-element elementor-element-12efe03 elementor-tabs-view-horizontal elementor-widget elementor-widget-tabs\" data-id=\"12efe03\" data-element_type=\"widget\" data-widget_type=\"tabs.default\">\n\t\t\t\t<div class=\"elementor-widget-container\">\n\t\t\t\t\t<div class=\"elementor-tabs\" role=\"tablist\">\n\t\t\t<div class=\"elementor-tabs-wrapper\">\n\t\t\t\t\t\t\t\t\t<div id=\"elementor-tab-title-1981\" class=\"elementor-tab-title elementor-tab-desktop-title\" data-tab=\"1\" role=\"tab\" aria-controls=\"elementor-tab-content-1981\"><a href=\"\">Locais para Doa\u00e7\u00e3o<\/a><\/div>\n\t\t\t\t\t\t\t<\/div>\n\t\t\t<div class=\"elementor-tabs-content-wrapper\">\n\t\t\t\t\t\t\t\t\t<div class=\"elementor-tab-title elementor-tab-mobile-title\" data-tab=\"1\" role=\"tab\">Locais para Doa\u00e7\u00e3o<\/div>\n\t\t\t\t\t<div id=\"elementor-tab-content-1981\" class=\"elementor-tab-content elementor-clearfix\" data-tab=\"1\" role=\"tabpanel\" aria-labelledby=\"elementor-tab-title-1981\"><p>A popula\u00e7\u00e3o pode contribuir com a Rede Acolher de outras formas. Pode ser doando donativos, alimentos, roupas, cama, toalhas e materiais de higiene; e tamb\u00e9m pode ser se tornando um volunt\u00e1rio (aqueles que n\u00e3o pertencem ao grupo de risco) no abrigo do <a href=\"http:\/\/www.riogrande.rs.gov.br\/operacao-acolhimento-inicia-no-centro-de-eventos\/\">Centro de Eventos<\/a>.<\/p><p>Para o recebimento de doa\u00e7\u00f5es f\u00edsicas a Rede Acolher est\u00e1 estruturada da seguinte forma:<\/p><table class=\"tg\"><tbody><tr><th class=\"tg-9wq8\" colspan=\"4\"><span style=\"font-weight: bold;\">REDE ACOLHER \u2013 Locais de Recebimento de Doa\u00e7\u00f5es<\/span><\/th><\/tr><tr><td class=\"tg-uzvj\">Doa\u00e7\u00e3o<\/td><td class=\"tg-uzvj\">\u00d3rg\u00e3o<\/td><td class=\"tg-uzvj\">Endere\u00e7o<\/td><td class=\"tg-7btt\">Dias e Hor\u00e1rios<\/td><\/tr><tr><td class=\"tg-efol\">Materiais de<br \/>limpeza e higiene<\/td><td class=\"tg-roi2\">Defesa Civil<\/td><td class=\"tg-roi2\">Buarque de<br \/>Macedo (antiga<br \/>esta\u00e7\u00e3o ferrovi\u00e1ria)<\/td><td class=\"tg-34fe\">Seg. a Sex.<br \/>08h \u00e0s 17h<\/td><\/tr><tr><td class=\"tg-uzvj\">Alimentos n\u00e3o<br \/>perec\u00edveis<\/td><td class=\"tg-9wq8\">Supermercados<\/td><td class=\"tg-9wq8\">Toda Rede de<br \/>Supermercados<\/td><td class=\"tg-c3ow\">Todos os dias<br \/>(hor\u00e1rio de<br \/>funcionamento dos<br \/>supermercados)<\/td><\/tr><tr><td class=\"tg-efol\">Vestu\u00e1rio, roupa<br \/>de cama e banho<\/td><td class=\"tg-roi2\">Banco Municipal<br \/>do Vestu\u00e1rio<\/td><td class=\"tg-roi2\">Armaz\u00e9m A-2 do<br \/>Porto Velho, na<br \/>Rua Riachuelo<\/td><td class=\"tg-34fe\">Seg. a Qui.<br \/>08h30min \u00e0s 12h<\/td><\/tr><\/tbody><\/table><\/div>\n\t\t\t\t\t\t\t<\/div>\n\t\t<\/div>\n\t\t\t\t<\/div>\n\t\t\t\t<\/div>\n\t\t\t\t\t\t<\/div>\n\t\t\t<\/div>\n\t\t<\/div>\n\t\t\t\t\t\t<\/div>\n\t\t\t<\/div>\n\t\t<\/section>\n\t\t\t\t<section class=\"elementor-element elementor-element-11f1f04 elementor-section-boxed elementor-section-height-default elementor-section-height-default elementor-section elementor-top-section\" data-id=\"11f1f04\" data-element_type=\"section\">\n\t\t\t\t\t\t<div class=\"elementor-container elementor-column-gap-default\">\n\t\t\t\t<div class=\"elementor-row\">\n\t\t\t\t<div class=\"elementor-element elementor-element-af04103 elementor-column elementor-col-100 elementor-top-column\" data-id=\"af04103\" data-element_type=\"column\">\n\t\t\t<div class=\"elementor-column-wrap  elementor-element-populated\">\n\t\t\t\t\t<div class=\"elementor-widget-wrap\">\n\t\t\t\t<div class=\"elementor-element elementor-element-c004f0f elementor-align-center elementor-widget elementor-widget-global elementor-global-135220 elementor-widget-button\" data-id=\"c004f0f\" data-element_type=\"widget\" data-widget_type=\"button.default\">\n\t\t\t\t<div class=\"elementor-widget-container\">\n\t\t\t\t\t<div class=\"elementor-button-wrapper\">\n\t\t\t<a href=\"https:\/\/www.riogrande.rs.gov.br\/corona\/\" class=\"elementor-button-link elementor-button elementor-size-xs\" role=\"button\">\n\t\t\t\t\t\t<span class=\"elementor-button-content-wrapper\">\n\t\t\t\t\t\t<span class=\"elementor-button-text\">Retornar para o Portal Coronav\u00edrus<\/span>\n\t\t<\/span>\n\t\t\t\t\t<\/a>\n\t\t<\/div>\n\t\t\t\t<\/div>\n\t\t\t\t<\/div>\n\t\t\t\t\t\t<\/div>\n\t\t\t<\/div>\n\t\t<\/div>\n\t\t\t\t\t\t<\/div>\n\t\t\t<\/div>\n\t\t<\/section>\n\t\t\t\t\t\t<\/div>\n\t\t\t<\/div>\n\t\t<\/div>\n\t\t","protected":false},"excerpt":{"rendered":"<p>Disque Acolher Presta\u00e7\u00e3o de Contas Material Explicativo O Disque Acolher da prefeitura agora conta com mais um n\u00famero para o refor\u00e7o na demanda de liga\u00e7\u00f5es. Agora a popula\u00e7\u00e3o pode entrar em contato atrav\u00e9s do telefone&nbsp;0800 642 6050. O n\u00famero de&nbsp;Whatsapp, anteriormente divulgado nos nossos outros materiais, travou e n\u00e3o est\u00e1 mais em opera\u00e7\u00e3o, devido \u00e0 [&hellip;]<\/p>\n","protected":false},"author":4,"featured_media":0,"parent":0,"menu_order":0,"comment_status":"closed","ping_status":"closed","template":"","meta":[],"categories":[],"_links":{"self":[{"href":"https:\/\/www.riogrande.rs.gov.br\/corona\/wp-json\/wp\/v2\/pages\/137595"}],"collection":[{"href":"https:\/\/www.riogrande.rs.gov.br\/corona\/wp-json\/wp\/v2\/pages"}],"about":[{"href":"https:\/\/www.riogrande.rs.gov.br\/corona\/wp-json\/wp\/v2\/types\/page"}],"author":[{"embeddable":true,"href":"https:\/\/www.riogrande.rs.gov.br\/corona\/wp-json\/wp\/v2\/users\/4"}],"replies":[{"embeddable":true,"href":"https:\/\/www.riogrande.rs.gov.br\/corona\/wp-json\/wp\/v2\/comments?post=137595"}],"version-history":[{"count":2,"href":"https:\/\/www.riogrande.rs.gov.br\/corona\/wp-json\/wp\/v2\/pages\/137595\/revisions"}],"predecessor-version":[{"id":387951,"href":"https:\/\/www.riogrande.rs.gov.br\/corona\/wp-json\/wp\/v2\/pages\/137595\/revisions\/387951"}],"wp:attachment":[{"href":"https:\/\/www.riogrande.rs.gov.br\/corona\/wp-json\/wp\/v2\/media?parent=137595"}],"wp:term":[{"taxonomy":"category","embeddable":true,"href":"https:\/\/www.riogrande.rs.gov.br\/corona\/wp-json\/wp\/v2\/categories?post=137595"}],"curies":[{"name":"wp","href":"https:\/\/api.w.org\/{rel}","templated":true}]}}