{"id":136329,"date":"2020-04-07T00:36:43","date_gmt":"2020-04-07T03:36:43","guid":{"rendered":"http:\/\/www.riogrande.rs.gov.br\/corona\/?page_id=136329"},"modified":"2020-04-07T12:08:19","modified_gmt":"2020-04-07T15:08:19","slug":"cursos","status":"publish","type":"page","link":"https:\/\/www.riogrande.rs.gov.br\/corona\/cursos\/","title":{"rendered":"Cursos"},"content":{"rendered":"\t\t<div data-elementor-type=\"wp-page\" data-elementor-id=\"136329\" class=\"elementor elementor-136329\" data-elementor-settings=\"[]\">\n\t\t\t<div class=\"elementor-inner\">\n\t\t\t\t<div class=\"elementor-section-wrap\">\n\t\t\t\t\t\t\t<section class=\"elementor-element elementor-element-4dea6e1 elementor-section-boxed elementor-section-height-default elementor-section-height-default elementor-section elementor-top-section\" data-id=\"4dea6e1\" data-element_type=\"section\">\n\t\t\t\t\t\t<div class=\"elementor-container elementor-column-gap-default\">\n\t\t\t\t<div class=\"elementor-row\">\n\t\t\t\t<div class=\"elementor-element elementor-element-8123700 elementor-column elementor-col-100 elementor-top-column\" data-id=\"8123700\" data-element_type=\"column\">\n\t\t\t<div class=\"elementor-column-wrap  elementor-element-populated\">\n\t\t\t\t\t<div class=\"elementor-widget-wrap\">\n\t\t\t\t<div class=\"elementor-element elementor-element-1cc3c5a elementor-widget elementor-widget-heading\" data-id=\"1cc3c5a\" data-element_type=\"widget\" data-widget_type=\"heading.default\">\n\t\t\t\t<div class=\"elementor-widget-container\">\n\t\t\t<h2 class=\"elementor-heading-title elementor-size-xl\">Cursos Gratuitos<\/h2>\t\t<\/div>\n\t\t\t\t<\/div>\n\t\t\t\t\t\t<\/div>\n\t\t\t<\/div>\n\t\t<\/div>\n\t\t\t\t\t\t<\/div>\n\t\t\t<\/div>\n\t\t<\/section>\n\t\t\t\t<section class=\"elementor-element elementor-element-a416d99 elementor-section-boxed elementor-section-height-default elementor-section-height-default elementor-section elementor-top-section\" data-id=\"a416d99\" data-element_type=\"section\">\n\t\t\t\t\t\t<div class=\"elementor-container elementor-column-gap-default\">\n\t\t\t\t<div class=\"elementor-row\">\n\t\t\t\t<div class=\"elementor-element elementor-element-0fdbd62 elementor-column elementor-col-100 elementor-top-column\" data-id=\"0fdbd62\" data-element_type=\"column\">\n\t\t\t<div class=\"elementor-column-wrap  elementor-element-populated\">\n\t\t\t\t\t<div class=\"elementor-widget-wrap\">\n\t\t\t\t<div class=\"elementor-element elementor-element-de05d8e elementor-widget elementor-widget-text-editor\" data-id=\"de05d8e\" data-element_type=\"widget\" data-widget_type=\"text-editor.default\">\n\t\t\t\t<div class=\"elementor-widget-container\">\n\t\t\t\t\t<div class=\"elementor-text-editor elementor-clearfix\"><p><b>Cursos gratuitos para a forma\u00e7\u00e3o pessoal, profissional e acad\u00eamica<\/b><\/p><\/div>\n\t\t\t\t<\/div>\n\t\t\t\t<\/div>\n\t\t\t\t\t\t<\/div>\n\t\t\t<\/div>\n\t\t<\/div>\n\t\t\t\t\t\t<\/div>\n\t\t\t<\/div>\n\t\t<\/section>\n\t\t\t\t<section class=\"elementor-element elementor-element-c663642 elementor-section-boxed elementor-section-height-default elementor-section-height-default elementor-section elementor-top-section\" data-id=\"c663642\" data-element_type=\"section\">\n\t\t\t\t\t\t<div class=\"elementor-container elementor-column-gap-default\">\n\t\t\t\t<div class=\"elementor-row\">\n\t\t\t\t<div class=\"elementor-element elementor-element-bf982d4 elementor-column elementor-col-100 elementor-top-column\" data-id=\"bf982d4\" data-element_type=\"column\">\n\t\t\t<div class=\"elementor-column-wrap  elementor-element-populated\">\n\t\t\t\t\t<div class=\"elementor-widget-wrap\">\n\t\t\t\t<div class=\"elementor-element elementor-element-f0e9c31 elementor-widget elementor-widget-text-editor\" data-id=\"f0e9c31\" data-element_type=\"widget\" data-widget_type=\"text-editor.default\">\n\t\t\t\t<div class=\"elementor-widget-container\">\n\t\t\t\t\t<div class=\"elementor-text-editor elementor-clearfix\"><p>Aqui voc\u00ea encontra alguns recursos para sua capacita\u00e7\u00e3o selecionados que podem ser \u00fateis durante este per\u00edodo de isolamento social.<\/p><\/div>\n\t\t\t\t<\/div>\n\t\t\t\t<\/div>\n\t\t\t\t\t\t<\/div>\n\t\t\t<\/div>\n\t\t<\/div>\n\t\t\t\t\t\t<\/div>\n\t\t\t<\/div>\n\t\t<\/section>\n\t\t\t\t<section class=\"elementor-element elementor-element-606c458 elementor-section-boxed elementor-section-height-default elementor-section-height-default elementor-section elementor-top-section\" data-id=\"606c458\" data-element_type=\"section\">\n\t\t\t\t\t\t<div class=\"elementor-container elementor-column-gap-default\">\n\t\t\t\t<div class=\"elementor-row\">\n\t\t\t\t<div class=\"elementor-element elementor-element-0c709d5 elementor-column elementor-col-25 elementor-top-column\" data-id=\"0c709d5\" data-element_type=\"column\">\n\t\t\t<div class=\"elementor-column-wrap  elementor-element-populated\">\n\t\t\t\t\t<div class=\"elementor-widget-wrap\">\n\t\t\t\t<div class=\"elementor-element elementor-element-55d6e9d elementor-position-top elementor-vertical-align-top elementor-widget elementor-widget-image-box\" data-id=\"55d6e9d\" data-element_type=\"widget\" data-widget_type=\"image-box.default\">\n\t\t\t\t<div class=\"elementor-widget-container\">\n\t\t\t<div class=\"elementor-image-box-wrapper\"><figure class=\"elementor-image-box-img\"><a href=\"https:\/\/www.sebrae.com.br\/sites\/PortalSebrae\/cursosonline\" target=\"_blank\"><img width=\"300\" height=\"146\" src=\"https:\/\/www.riogrande.rs.gov.br\/corona\/wp-content\/uploads\/2020\/04\/sebrae.png\" class=\"attachment-full size-full\" alt=\"\" loading=\"lazy\" \/><\/a><\/figure><div class=\"elementor-image-box-content\"><p class=\"elementor-image-box-description\">Oferece mais de 85 cursos a dist\u00e2ncia gratuitamente, pensados de acordo com a necessidade do empres\u00e1rio e atualizados conforme as inova\u00e7\u00f5es no mercado. <\/p><\/div><\/div>\t\t<\/div>\n\t\t\t\t<\/div>\n\t\t\t\t\t\t<\/div>\n\t\t\t<\/div>\n\t\t<\/div>\n\t\t\t\t<div class=\"elementor-element elementor-element-72d7d03 elementor-column elementor-col-25 elementor-top-column\" data-id=\"72d7d03\" data-element_type=\"column\">\n\t\t\t<div class=\"elementor-column-wrap  elementor-element-populated\">\n\t\t\t\t\t<div class=\"elementor-widget-wrap\">\n\t\t\t\t<div class=\"elementor-element elementor-element-b811c8e elementor-position-top elementor-vertical-align-top elementor-widget elementor-widget-image-box\" data-id=\"b811c8e\" data-element_type=\"widget\" data-widget_type=\"image-box.default\">\n\t\t\t\t<div class=\"elementor-widget-container\">\n\t\t\t<div class=\"elementor-image-box-wrapper\"><figure class=\"elementor-image-box-img\"><a href=\"https:\/\/www.senairs.org.br\/cursos-ead-do-senai\" target=\"_blank\"><img width=\"300\" height=\"146\" src=\"https:\/\/www.riogrande.rs.gov.br\/corona\/wp-content\/uploads\/2020\/04\/senai.png\" class=\"attachment-full size-full\" alt=\"\" loading=\"lazy\" \/><\/a><\/figure><div class=\"elementor-image-box-content\"><p class=\"elementor-image-box-description\">Cursos que visam desenvolver as compet\u00eancias t\u00e9cnicas e pessoais mais procuradas pelos empregadores, em todas as \u00e1reas da ind\u00fastria.<\/p><\/div><\/div>\t\t<\/div>\n\t\t\t\t<\/div>\n\t\t\t\t\t\t<\/div>\n\t\t\t<\/div>\n\t\t<\/div>\n\t\t\t\t<div class=\"elementor-element elementor-element-d56f475 elementor-column elementor-col-25 elementor-top-column\" data-id=\"d56f475\" data-element_type=\"column\">\n\t\t\t<div class=\"elementor-column-wrap  elementor-element-populated\">\n\t\t\t\t\t<div class=\"elementor-widget-wrap\">\n\t\t\t\t<div class=\"elementor-element elementor-element-92d38bb elementor-position-top elementor-vertical-align-top elementor-widget elementor-widget-image-box\" data-id=\"92d38bb\" data-element_type=\"widget\" data-widget_type=\"image-box.default\">\n\t\t\t\t<div class=\"elementor-widget-container\">\n\t\t\t<div class=\"elementor-image-box-wrapper\"><figure class=\"elementor-image-box-img\"><a href=\"https:\/\/www.coursera.org\/\" target=\"_blank\"><img width=\"300\" height=\"146\" src=\"https:\/\/www.riogrande.rs.gov.br\/corona\/wp-content\/uploads\/2020\/04\/coursera.png\" class=\"attachment-full size-full\" alt=\"\" loading=\"lazy\" \/><\/a><\/figure><div class=\"elementor-image-box-content\"><p class=\"elementor-image-box-description\">Plataforma em portugu\u00eas de acesso gratuito a cursos de v\u00e1rias universidades renomadas como Stanford e Imperial College-London. <\/p><\/div><\/div>\t\t<\/div>\n\t\t\t\t<\/div>\n\t\t\t\t\t\t<\/div>\n\t\t\t<\/div>\n\t\t<\/div>\n\t\t\t\t<div class=\"elementor-element elementor-element-3add473 elementor-column elementor-col-25 elementor-top-column\" data-id=\"3add473\" data-element_type=\"column\">\n\t\t\t<div class=\"elementor-column-wrap  elementor-element-populated\">\n\t\t\t\t\t<div class=\"elementor-widget-wrap\">\n\t\t\t\t<div class=\"elementor-element elementor-element-e534d8d elementor-position-top elementor-vertical-align-top elementor-widget elementor-widget-image-box\" data-id=\"e534d8d\" data-element_type=\"widget\" data-widget_type=\"image-box.default\">\n\t\t\t\t<div class=\"elementor-widget-container\">\n\t\t\t<div class=\"elementor-image-box-wrapper\"><figure class=\"elementor-image-box-img\"><a href=\"https:\/\/lumina.ufrgs.br\/\" target=\"_blank\"><img width=\"300\" height=\"146\" src=\"https:\/\/www.riogrande.rs.gov.br\/corona\/wp-content\/uploads\/2020\/04\/lumina.png\" class=\"attachment-full size-full\" alt=\"\" loading=\"lazy\" \/><\/a><\/figure><div class=\"elementor-image-box-content\"><p class=\"elementor-image-box-description\">Plataforma organizada pela UFRGS, com cursos de tem\u00e1tica variada.<\/p><\/div><\/div>\t\t<\/div>\n\t\t\t\t<\/div>\n\t\t\t\t\t\t<\/div>\n\t\t\t<\/div>\n\t\t<\/div>\n\t\t\t\t\t\t<\/div>\n\t\t\t<\/div>\n\t\t<\/section>\n\t\t\t\t<section class=\"elementor-element elementor-element-b480289 elementor-section-boxed elementor-section-height-default elementor-section-height-default elementor-section elementor-top-section\" data-id=\"b480289\" data-element_type=\"section\">\n\t\t\t\t\t\t<div class=\"elementor-container elementor-column-gap-default\">\n\t\t\t\t<div class=\"elementor-row\">\n\t\t\t\t<div class=\"elementor-element elementor-element-a469708 elementor-column elementor-col-25 elementor-top-column\" data-id=\"a469708\" data-element_type=\"column\">\n\t\t\t<div class=\"elementor-column-wrap  elementor-element-populated\">\n\t\t\t\t\t<div class=\"elementor-widget-wrap\">\n\t\t\t\t<div class=\"elementor-element elementor-element-19e2821 elementor-position-top elementor-vertical-align-top elementor-widget elementor-widget-image-box\" data-id=\"19e2821\" data-element_type=\"widget\" data-widget_type=\"image-box.default\">\n\t\t\t\t<div class=\"elementor-widget-container\">\n\t\t\t<div class=\"elementor-image-box-wrapper\"><figure class=\"elementor-image-box-img\"><a href=\"http:\/\/eaulas.usp.br\/portal\/home\" target=\"_blank\"><img width=\"300\" height=\"146\" src=\"https:\/\/www.riogrande.rs.gov.br\/corona\/wp-content\/uploads\/2020\/04\/usp.png\" class=\"attachment-full size-full\" alt=\"\" loading=\"lazy\" \/><\/a><\/figure><div class=\"elementor-image-box-content\"><p class=\"elementor-image-box-description\">Servi\u00e7o web que permite acesso a conte\u00fados educacionais, do ensino m\u00e9dio \u00e0 p\u00f3s-gradua\u00e7\u00e3o, em m\u00eddia digital, produzidos ou apoiados pela Universidade de S\u00e3o Paulo.<\/p><\/div><\/div>\t\t<\/div>\n\t\t\t\t<\/div>\n\t\t\t\t\t\t<\/div>\n\t\t\t<\/div>\n\t\t<\/div>\n\t\t\t\t<div class=\"elementor-element elementor-element-1ad3974 elementor-column elementor-col-25 elementor-top-column\" data-id=\"1ad3974\" data-element_type=\"column\">\n\t\t\t<div class=\"elementor-column-wrap  elementor-element-populated\">\n\t\t\t\t\t<div class=\"elementor-widget-wrap\">\n\t\t\t\t<div class=\"elementor-element elementor-element-e1fe3fc elementor-position-top elementor-vertical-align-top elementor-widget elementor-widget-image-box\" data-id=\"e1fe3fc\" data-element_type=\"widget\" data-widget_type=\"image-box.default\">\n\t\t\t\t<div class=\"elementor-widget-container\">\n\t\t\t<div class=\"elementor-image-box-wrapper\"><figure class=\"elementor-image-box-img\"><a href=\"https:\/\/play.veduca.org\/\" target=\"_blank\"><img width=\"300\" height=\"146\" src=\"https:\/\/www.riogrande.rs.gov.br\/corona\/wp-content\/uploads\/2020\/04\/veduca.png\" class=\"attachment-full size-full\" alt=\"\" loading=\"lazy\" \/><\/a><\/figure><div class=\"elementor-image-box-content\"><p class=\"elementor-image-box-description\">Diversos professores da USP oferecem cursos on-line de direito, economia, geografia, ci\u00eancias, hist\u00f3ria e pol\u00edtica, para seu desenvolvimento pessoal e profissional, gratuitos ou pagos.<\/p><\/div><\/div>\t\t<\/div>\n\t\t\t\t<\/div>\n\t\t\t\t\t\t<\/div>\n\t\t\t<\/div>\n\t\t<\/div>\n\t\t\t\t<div class=\"elementor-element elementor-element-28ce8ba elementor-column elementor-col-25 elementor-top-column\" data-id=\"28ce8ba\" data-element_type=\"column\">\n\t\t\t<div class=\"elementor-column-wrap  elementor-element-populated\">\n\t\t\t\t\t<div class=\"elementor-widget-wrap\">\n\t\t\t\t<div class=\"elementor-element elementor-element-c996480 elementor-position-top elementor-vertical-align-top elementor-widget elementor-widget-image-box\" data-id=\"c996480\" data-element_type=\"widget\" data-widget_type=\"image-box.default\">\n\t\t\t\t<div class=\"elementor-widget-container\">\n\t\t\t<div class=\"elementor-image-box-wrapper\"><figure class=\"elementor-image-box-img\"><a href=\"https:\/\/educacao-executiva.fgv.br\/cursos\/online\" target=\"_blank\"><img width=\"298\" height=\"145\" src=\"https:\/\/www.riogrande.rs.gov.br\/corona\/wp-content\/uploads\/2020\/04\/fgv.png\" class=\"attachment-full size-full\" alt=\"\" loading=\"lazy\" \/><\/a><\/figure><div class=\"elementor-image-box-content\"><p class=\"elementor-image-box-description\">Cursos gratuitos para desenvolvimento profissional em economia, finan\u00e7as, neg\u00f3cios e direito.<\/p><\/div><\/div>\t\t<\/div>\n\t\t\t\t<\/div>\n\t\t\t\t\t\t<\/div>\n\t\t\t<\/div>\n\t\t<\/div>\n\t\t\t\t<div class=\"elementor-element elementor-element-d27e326 elementor-column elementor-col-25 elementor-top-column\" data-id=\"d27e326\" data-element_type=\"column\">\n\t\t\t<div class=\"elementor-column-wrap  elementor-element-populated\">\n\t\t\t\t\t<div class=\"elementor-widget-wrap\">\n\t\t\t\t<div class=\"elementor-element elementor-element-cd0941a elementor-position-top elementor-vertical-align-top elementor-widget elementor-widget-image-box\" data-id=\"cd0941a\" data-element_type=\"widget\" data-widget_type=\"image-box.default\">\n\t\t\t\t<div class=\"elementor-widget-container\">\n\t\t\t<div class=\"elementor-image-box-wrapper\"><figure class=\"elementor-image-box-img\"><a href=\"https:\/\/www.udemy.com\/courses\/search\/?q=cursos%20gratuitos&amp;src=sac&amp;kw=gratuito \" target=\"_blank\"><img width=\"298\" height=\"145\" src=\"https:\/\/www.riogrande.rs.gov.br\/corona\/wp-content\/uploads\/2020\/04\/udemy.png\" class=\"attachment-full size-full\" alt=\"\" loading=\"lazy\" \/><\/a><\/figure><div class=\"elementor-image-box-content\"><p class=\"elementor-image-box-description\">Cursos gratuitos em in\u00fameras \u00e1reas.<\/p><\/div><\/div>\t\t<\/div>\n\t\t\t\t<\/div>\n\t\t\t\t\t\t<\/div>\n\t\t\t<\/div>\n\t\t<\/div>\n\t\t\t\t\t\t<\/div>\n\t\t\t<\/div>\n\t\t<\/section>\n\t\t\t\t<section class=\"elementor-element elementor-element-96ed1a4 elementor-section-boxed elementor-section-height-default elementor-section-height-default elementor-section elementor-top-section\" data-id=\"96ed1a4\" data-element_type=\"section\">\n\t\t\t\t\t\t<div class=\"elementor-container elementor-column-gap-default\">\n\t\t\t\t<div class=\"elementor-row\">\n\t\t\t\t<div class=\"elementor-element elementor-element-aac7a0a elementor-column elementor-col-100 elementor-top-column\" data-id=\"aac7a0a\" data-element_type=\"column\">\n\t\t\t<div class=\"elementor-column-wrap  elementor-element-populated\">\n\t\t\t\t\t<div class=\"elementor-widget-wrap\">\n\t\t\t\t<div class=\"elementor-element elementor-element-0e02ec6 elementor-widget elementor-widget-spacer\" data-id=\"0e02ec6\" data-element_type=\"widget\" data-widget_type=\"spacer.default\">\n\t\t\t\t<div class=\"elementor-widget-container\">\n\t\t\t\t\t<div class=\"elementor-spacer\">\n\t\t\t<div class=\"elementor-spacer-inner\"><\/div>\n\t\t<\/div>\n\t\t\t\t<\/div>\n\t\t\t\t<\/div>\n\t\t\t\t<div class=\"elementor-element elementor-element-966dd35 elementor-align-center elementor-widget elementor-widget-global elementor-global-135220 elementor-widget-button\" data-id=\"966dd35\" data-element_type=\"widget\" data-widget_type=\"button.default\">\n\t\t\t\t<div class=\"elementor-widget-container\">\n\t\t\t\t\t<div class=\"elementor-button-wrapper\">\n\t\t\t<a href=\"https:\/\/www.riogrande.rs.gov.br\/corona\/\" class=\"elementor-button-link elementor-button elementor-size-xs\" role=\"button\">\n\t\t\t\t\t\t<span class=\"elementor-button-content-wrapper\">\n\t\t\t\t\t\t<span class=\"elementor-button-text\">Retornar para o Portal Coronav\u00edrus<\/span>\n\t\t<\/span>\n\t\t\t\t\t<\/a>\n\t\t<\/div>\n\t\t\t\t<\/div>\n\t\t\t\t<\/div>\n\t\t\t\t\t\t<\/div>\n\t\t\t<\/div>\n\t\t<\/div>\n\t\t\t\t\t\t<\/div>\n\t\t\t<\/div>\n\t\t<\/section>\n\t\t\t\t\t\t<\/div>\n\t\t\t<\/div>\n\t\t<\/div>\n\t\t","protected":false},"excerpt":{"rendered":"<p>Cursos Gratuitos Cursos gratuitos para a forma\u00e7\u00e3o pessoal, profissional e acad\u00eamica Aqui voc\u00ea encontra alguns recursos para sua capacita\u00e7\u00e3o selecionados que podem ser \u00fateis durante este per\u00edodo de isolamento social. Oferece mais de 85 cursos a dist\u00e2ncia gratuitamente, pensados de acordo com a necessidade do empres\u00e1rio e atualizados conforme as inova\u00e7\u00f5es no mercado. Cursos que [&hellip;]<\/p>\n","protected":false},"author":4,"featured_media":0,"parent":0,"menu_order":0,"comment_status":"closed","ping_status":"closed","template":"","meta":[],"categories":[],"_links":{"self":[{"href":"https:\/\/www.riogrande.rs.gov.br\/corona\/wp-json\/wp\/v2\/pages\/136329"}],"collection":[{"href":"https:\/\/www.riogrande.rs.gov.br\/corona\/wp-json\/wp\/v2\/pages"}],"about":[{"href":"https:\/\/www.riogrande.rs.gov.br\/corona\/wp-json\/wp\/v2\/types\/page"}],"author":[{"embeddable":true,"href":"https:\/\/www.riogrande.rs.gov.br\/corona\/wp-json\/wp\/v2\/users\/4"}],"replies":[{"embeddable":true,"href":"https:\/\/www.riogrande.rs.gov.br\/corona\/wp-json\/wp\/v2\/comments?post=136329"}],"version-history":[{"count":0,"href":"https:\/\/www.riogrande.rs.gov.br\/corona\/wp-json\/wp\/v2\/pages\/136329\/revisions"}],"wp:attachment":[{"href":"https:\/\/www.riogrande.rs.gov.br\/corona\/wp-json\/wp\/v2\/media?parent=136329"}],"wp:term":[{"taxonomy":"category","embeddable":true,"href":"https:\/\/www.riogrande.rs.gov.br\/corona\/wp-json\/wp\/v2\/categories?post=136329"}],"curies":[{"name":"wp","href":"https:\/\/api.w.org\/{rel}","templated":true}]}}